{"id":8659,"date":"2021-06-15T14:29:48","date_gmt":"2021-06-15T12:29:48","guid":{"rendered":"https:\/\/fge.swebwp.oci.eu\/?page_id=8659"},"modified":"2021-07-20T14:57:51","modified_gmt":"2021-07-20T12:57:51","slug":"die-krankenversicherung","status":"publish","type":"page","link":"https:\/\/fge.swebwp.oci.eu\/de\/startseite\/grenzganger\/deutschland-luxemburg\/sozialversicherung\/die-krankenversicherung\/","title":{"rendered":"Die Krankenversicherung"},"content":{"rendered":"\n<p>Jeder Arbeitnehmer (Nichtselbstst\u00e4ndige) wird vom Arbeitgeber&nbsp;<strong>binnen 8 Tagen beim<\/strong>&nbsp;\u201eCentre Commun de S\u00e9curit\u00e9 Sociale\u201c (Zentralstelle f\u00fcr Soziale Sicherheit) gemeldet. Ein Grenzg\u00e4nger erh\u00e4lt dann eine Sozialversicherungskarte mit der Meldenummer in Luxemburg.<\/p>\n\n\n\n<h5 class=\"wp-block-heading\"><strong>In der Krankenversicherung gibt es zwei Leistungsarten:<\/strong><\/h5>\n\n\n\n<ul class=\"wp-block-list\"><li><strong>Sachleistungen:&nbsp;<\/strong>dies sind zahn\u00e4rztliche, medizinische Leistungen, Krankenhausbehandlungen, Medikamente, &#8230;<\/li><\/ul>\n\n\n\n<p>Sachleistungen&nbsp;<strong>k\u00f6nnen Grenzg\u00e4nger und ihre Mitversicherten sowohl in Deutschland als auch in Luxemburg &nbsp;beanspruchen&nbsp;<\/strong>(vorausgesetzt die unten beschriebenen Formalit\u00e4ten werden eingehalten). In diesem Fall erhalten Versicherte Leistungen nach der Gesetzgebung des Landes, in dem die Leistung erbracht wird.<\/p>\n\n\n\n<ul class=\"wp-block-list\"><li><strong>Geldleistungen:&nbsp;<\/strong>dabei handelt es sich um Geldleistungen, die im Falle der Erkrankung gezahlt werden.<\/li><\/ul>\n\n\n\n<p>Geldleistungen im Falle der Abwesenheit wegen Krankheit oder Unfall, die nicht berufsbedingt sind,&nbsp;<strong>werden von der zust\u00e4ndigen Stelle des Arbeitslandes erbracht (Krankenkasse), auch hier m\u00fcssen bestimmte Formalit\u00e4ten eingehalten werden<\/strong>.<\/p>\n","protected":false},"excerpt":{"rendered":"<p>Jeder Arbeitnehmer (Nichtselbstst\u00e4ndige) wird vom Arbeitgeber&nbsp;binnen 8 Tagen beim&nbsp;\u201eCentre Commun de S\u00e9curit\u00e9 Sociale\u201c (Zentralstelle f\u00fcr Soziale Sicherheit) gemeldet. Ein Grenzg\u00e4nger erh\u00e4lt dann eine Sozialversicherungskarte mit der Meldenummer in Luxemburg. In der Krankenversicherung gibt es zwei Leistungsarten: Sachleistungen:&nbsp;dies sind zahn\u00e4rztliche, medizinische Leistungen, Krankenhausbehandlungen, Medikamente, &#8230; Sachleistungen&nbsp;k\u00f6nnen Grenzg\u00e4nger und ihre Mitversicherten sowohl in Deutschland als auch in [&hellip;]<\/p>\n","protected":false},"author":7,"featured_media":9900,"parent":8556,"menu_order":5,"comment_status":"closed","ping_status":"closed","template":"","meta":{"inline_featured_image":false,"footnotes":""},"frge_profile":[],"class_list":["post-8659","page","type-page","status-publish","has-post-thumbnail","hentry"],"yoast_head":"<!-- This site is optimized with the Yoast SEO plugin v25.0 - https:\/\/yoast.com\/wordpress\/plugins\/seo\/ -->\n<title>Die Krankenversicherung - Frontaliers Grand Est<\/title>\n<meta name=\"robots\" content=\"noindex, follow, max-snippet:-1, max-image-preview:large, max-video-preview:-1\" \/>\n<meta property=\"og:locale\" content=\"de_DE\" \/>\n<meta property=\"og:type\" content=\"article\" \/>\n<meta property=\"og:title\" content=\"Die Krankenversicherung - Frontaliers Grand Est\" \/>\n<meta property=\"og:description\" content=\"Jeder Arbeitnehmer (Nichtselbstst\u00e4ndige) wird vom Arbeitgeber&nbsp;binnen 8 Tagen beim&nbsp;\u201eCentre Commun de S\u00e9curit\u00e9 Sociale\u201c (Zentralstelle f\u00fcr Soziale Sicherheit) gemeldet. Ein Grenzg\u00e4nger erh\u00e4lt dann eine Sozialversicherungskarte mit der Meldenummer in Luxemburg. In der Krankenversicherung gibt es zwei Leistungsarten: Sachleistungen:&nbsp;dies sind zahn\u00e4rztliche, medizinische Leistungen, Krankenhausbehandlungen, Medikamente, &#8230; Sachleistungen&nbsp;k\u00f6nnen Grenzg\u00e4nger und ihre Mitversicherten sowohl in Deutschland als auch in [&hellip;]\" \/>\n<meta property=\"og:url\" content=\"https:\/\/fge.swebwp.oci.eu\/de\/startseite\/grenzganger\/deutschland-luxemburg\/sozialversicherung\/die-krankenversicherung\/\" \/>\n<meta property=\"og:site_name\" content=\"Frontaliers Grand Est\" \/>\n<meta property=\"article:modified_time\" content=\"2021-07-20T12:57:51+00:00\" \/>\n<meta property=\"og:image\" content=\"https:\/\/fge.swebwp.oci.eu\/wp-content\/uploads\/2021\/07\/Maladies-et-soins-1-scaled.jpg\" \/>\n\t<meta property=\"og:image:width\" content=\"2560\" \/>\n\t<meta property=\"og:image:height\" content=\"1823\" \/>\n\t<meta property=\"og:image:type\" content=\"image\/jpeg\" \/>\n<meta name=\"twitter:card\" content=\"summary_large_image\" \/>\n<meta name=\"twitter:label1\" content=\"Gesch\u00e4tzte Lesezeit\" \/>\n\t<meta name=\"twitter:data1\" content=\"1\u00a0Minute\" \/>\n<script type=\"application\/ld+json\" class=\"yoast-schema-graph\">{\"@context\":\"https:\/\/schema.org\",\"@graph\":[{\"@type\":\"WebPage\",\"@id\":\"https:\/\/fge.swebwp.oci.eu\/de\/startseite\/grenzganger\/deutschland-luxemburg\/sozialversicherung\/die-krankenversicherung\/\",\"url\":\"https:\/\/fge.swebwp.oci.eu\/de\/startseite\/grenzganger\/deutschland-luxemburg\/sozialversicherung\/die-krankenversicherung\/\",\"name\":\"Die Krankenversicherung - Frontaliers Grand Est\",\"isPartOf\":{\"@id\":\"https:\/\/fge.swebwp.oci.eu\/de\/#website\"},\"primaryImageOfPage\":{\"@id\":\"https:\/\/fge.swebwp.oci.eu\/de\/startseite\/grenzganger\/deutschland-luxemburg\/sozialversicherung\/die-krankenversicherung\/#primaryimage\"},\"image\":{\"@id\":\"https:\/\/fge.swebwp.oci.eu\/de\/startseite\/grenzganger\/deutschland-luxemburg\/sozialversicherung\/die-krankenversicherung\/#primaryimage\"},\"thumbnailUrl\":\"https:\/\/fge.swebwp.oci.eu\/wp-content\/uploads\/2021\/07\/Maladies-et-soins-1-scaled.jpg\",\"datePublished\":\"2021-06-15T12:29:48+00:00\",\"dateModified\":\"2021-07-20T12:57:51+00:00\",\"breadcrumb\":{\"@id\":\"https:\/\/fge.swebwp.oci.eu\/de\/startseite\/grenzganger\/deutschland-luxemburg\/sozialversicherung\/die-krankenversicherung\/#breadcrumb\"},\"inLanguage\":\"de\",\"potentialAction\":[{\"@type\":\"ReadAction\",\"target\":[\"https:\/\/fge.swebwp.oci.eu\/de\/startseite\/grenzganger\/deutschland-luxemburg\/sozialversicherung\/die-krankenversicherung\/\"]}]},{\"@type\":\"ImageObject\",\"inLanguage\":\"de\",\"@id\":\"https:\/\/fge.swebwp.oci.eu\/de\/startseite\/grenzganger\/deutschland-luxemburg\/sozialversicherung\/die-krankenversicherung\/#primaryimage\",\"url\":\"https:\/\/fge.swebwp.oci.eu\/wp-content\/uploads\/2021\/07\/Maladies-et-soins-1-scaled.jpg\",\"contentUrl\":\"https:\/\/fge.swebwp.oci.eu\/wp-content\/uploads\/2021\/07\/Maladies-et-soins-1-scaled.jpg\",\"width\":2560,\"height\":1823,\"caption\":\"Maladies et soins\"},{\"@type\":\"BreadcrumbList\",\"@id\":\"https:\/\/fge.swebwp.oci.eu\/de\/startseite\/grenzganger\/deutschland-luxemburg\/sozialversicherung\/die-krankenversicherung\/#breadcrumb\",\"itemListElement\":[{\"@type\":\"ListItem\",\"position\":1,\"name\":\"Startseite\",\"item\":\"https:\/\/fge.swebwp.oci.eu\/de\/\"},{\"@type\":\"ListItem\",\"position\":2,\"name\":\"Grenzg\u00e4nger\",\"item\":\"https:\/\/fge.swebwp.oci.eu\/de\/startseite\/grenzganger\/\"},{\"@type\":\"ListItem\",\"position\":3,\"name\":\"Deutschland - Luxemburg\",\"item\":\"https:\/\/fge.swebwp.oci.eu\/de\/startseite\/grenzganger\/deutschland-luxemburg\/\"},{\"@type\":\"ListItem\",\"position\":4,\"name\":\"Sozialversicherung\",\"item\":\"https:\/\/fge.swebwp.oci.eu\/de\/startseite\/grenzganger\/deutschland-luxemburg\/sozialversicherung\/\"},{\"@type\":\"ListItem\",\"position\":5,\"name\":\"Die Krankenversicherung\"}]},{\"@type\":\"WebSite\",\"@id\":\"https:\/\/fge.swebwp.oci.eu\/de\/#website\",\"url\":\"https:\/\/fge.swebwp.oci.eu\/de\/\",\"name\":\"Frontaliers Grand Est\",\"description\":\"Le site ressource du travail frontalier\",\"potentialAction\":[{\"@type\":\"SearchAction\",\"target\":{\"@type\":\"EntryPoint\",\"urlTemplate\":\"https:\/\/fge.swebwp.oci.eu\/de\/?s={search_term_string}\"},\"query-input\":{\"@type\":\"PropertyValueSpecification\",\"valueRequired\":true,\"valueName\":\"search_term_string\"}}],\"inLanguage\":\"de\"}]}<\/script>\n<!-- \/ Yoast SEO plugin. -->","yoast_head_json":{"title":"Die Krankenversicherung - Frontaliers Grand Est","robots":{"index":"noindex","follow":"follow","max-snippet":"max-snippet:-1","max-image-preview":"max-image-preview:large","max-video-preview":"max-video-preview:-1"},"og_locale":"de_DE","og_type":"article","og_title":"Die Krankenversicherung - Frontaliers Grand Est","og_description":"Jeder Arbeitnehmer (Nichtselbstst\u00e4ndige) wird vom Arbeitgeber&nbsp;binnen 8 Tagen beim&nbsp;\u201eCentre Commun de S\u00e9curit\u00e9 Sociale\u201c (Zentralstelle f\u00fcr Soziale Sicherheit) gemeldet. Ein Grenzg\u00e4nger erh\u00e4lt dann eine Sozialversicherungskarte mit der Meldenummer in Luxemburg. In der Krankenversicherung gibt es zwei Leistungsarten: Sachleistungen:&nbsp;dies sind zahn\u00e4rztliche, medizinische Leistungen, Krankenhausbehandlungen, Medikamente, &#8230; Sachleistungen&nbsp;k\u00f6nnen Grenzg\u00e4nger und ihre Mitversicherten sowohl in Deutschland als auch in [&hellip;]","og_url":"https:\/\/fge.swebwp.oci.eu\/de\/startseite\/grenzganger\/deutschland-luxemburg\/sozialversicherung\/die-krankenversicherung\/","og_site_name":"Frontaliers Grand Est","article_modified_time":"2021-07-20T12:57:51+00:00","og_image":[{"width":2560,"height":1823,"url":"https:\/\/fge.swebwp.oci.eu\/wp-content\/uploads\/2021\/07\/Maladies-et-soins-1-scaled.jpg","type":"image\/jpeg"}],"twitter_card":"summary_large_image","twitter_misc":{"Gesch\u00e4tzte Lesezeit":"1\u00a0Minute"},"schema":{"@context":"https:\/\/schema.org","@graph":[{"@type":"WebPage","@id":"https:\/\/fge.swebwp.oci.eu\/de\/startseite\/grenzganger\/deutschland-luxemburg\/sozialversicherung\/die-krankenversicherung\/","url":"https:\/\/fge.swebwp.oci.eu\/de\/startseite\/grenzganger\/deutschland-luxemburg\/sozialversicherung\/die-krankenversicherung\/","name":"Die Krankenversicherung - Frontaliers Grand Est","isPartOf":{"@id":"https:\/\/fge.swebwp.oci.eu\/de\/#website"},"primaryImageOfPage":{"@id":"https:\/\/fge.swebwp.oci.eu\/de\/startseite\/grenzganger\/deutschland-luxemburg\/sozialversicherung\/die-krankenversicherung\/#primaryimage"},"image":{"@id":"https:\/\/fge.swebwp.oci.eu\/de\/startseite\/grenzganger\/deutschland-luxemburg\/sozialversicherung\/die-krankenversicherung\/#primaryimage"},"thumbnailUrl":"https:\/\/fge.swebwp.oci.eu\/wp-content\/uploads\/2021\/07\/Maladies-et-soins-1-scaled.jpg","datePublished":"2021-06-15T12:29:48+00:00","dateModified":"2021-07-20T12:57:51+00:00","breadcrumb":{"@id":"https:\/\/fge.swebwp.oci.eu\/de\/startseite\/grenzganger\/deutschland-luxemburg\/sozialversicherung\/die-krankenversicherung\/#breadcrumb"},"inLanguage":"de","potentialAction":[{"@type":"ReadAction","target":["https:\/\/fge.swebwp.oci.eu\/de\/startseite\/grenzganger\/deutschland-luxemburg\/sozialversicherung\/die-krankenversicherung\/"]}]},{"@type":"ImageObject","inLanguage":"de","@id":"https:\/\/fge.swebwp.oci.eu\/de\/startseite\/grenzganger\/deutschland-luxemburg\/sozialversicherung\/die-krankenversicherung\/#primaryimage","url":"https:\/\/fge.swebwp.oci.eu\/wp-content\/uploads\/2021\/07\/Maladies-et-soins-1-scaled.jpg","contentUrl":"https:\/\/fge.swebwp.oci.eu\/wp-content\/uploads\/2021\/07\/Maladies-et-soins-1-scaled.jpg","width":2560,"height":1823,"caption":"Maladies et soins"},{"@type":"BreadcrumbList","@id":"https:\/\/fge.swebwp.oci.eu\/de\/startseite\/grenzganger\/deutschland-luxemburg\/sozialversicherung\/die-krankenversicherung\/#breadcrumb","itemListElement":[{"@type":"ListItem","position":1,"name":"Startseite","item":"https:\/\/fge.swebwp.oci.eu\/de\/"},{"@type":"ListItem","position":2,"name":"Grenzg\u00e4nger","item":"https:\/\/fge.swebwp.oci.eu\/de\/startseite\/grenzganger\/"},{"@type":"ListItem","position":3,"name":"Deutschland - Luxemburg","item":"https:\/\/fge.swebwp.oci.eu\/de\/startseite\/grenzganger\/deutschland-luxemburg\/"},{"@type":"ListItem","position":4,"name":"Sozialversicherung","item":"https:\/\/fge.swebwp.oci.eu\/de\/startseite\/grenzganger\/deutschland-luxemburg\/sozialversicherung\/"},{"@type":"ListItem","position":5,"name":"Die Krankenversicherung"}]},{"@type":"WebSite","@id":"https:\/\/fge.swebwp.oci.eu\/de\/#website","url":"https:\/\/fge.swebwp.oci.eu\/de\/","name":"Frontaliers Grand Est","description":"Le site ressource du travail frontalier","potentialAction":[{"@type":"SearchAction","target":{"@type":"EntryPoint","urlTemplate":"https:\/\/fge.swebwp.oci.eu\/de\/?s={search_term_string}"},"query-input":{"@type":"PropertyValueSpecification","valueRequired":true,"valueName":"search_term_string"}}],"inLanguage":"de"}]}},"_links":{"self":[{"href":"https:\/\/fge.swebwp.oci.eu\/de\/wp-json\/wp\/v2\/pages\/8659","targetHints":{"allow":["GET"]}}],"collection":[{"href":"https:\/\/fge.swebwp.oci.eu\/de\/wp-json\/wp\/v2\/pages"}],"about":[{"href":"https:\/\/fge.swebwp.oci.eu\/de\/wp-json\/wp\/v2\/types\/page"}],"author":[{"embeddable":true,"href":"https:\/\/fge.swebwp.oci.eu\/de\/wp-json\/wp\/v2\/users\/7"}],"replies":[{"embeddable":true,"href":"https:\/\/fge.swebwp.oci.eu\/de\/wp-json\/wp\/v2\/comments?post=8659"}],"version-history":[{"count":2,"href":"https:\/\/fge.swebwp.oci.eu\/de\/wp-json\/wp\/v2\/pages\/8659\/revisions"}],"predecessor-version":[{"id":8677,"href":"https:\/\/fge.swebwp.oci.eu\/de\/wp-json\/wp\/v2\/pages\/8659\/revisions\/8677"}],"up":[{"embeddable":true,"href":"https:\/\/fge.swebwp.oci.eu\/de\/wp-json\/wp\/v2\/pages\/8556"}],"wp:featuredmedia":[{"embeddable":true,"href":"https:\/\/fge.swebwp.oci.eu\/de\/wp-json\/wp\/v2\/media\/9900"}],"wp:attachment":[{"href":"https:\/\/fge.swebwp.oci.eu\/de\/wp-json\/wp\/v2\/media?parent=8659"}],"wp:term":[{"taxonomy":"frge_profile","embeddable":true,"href":"https:\/\/fge.swebwp.oci.eu\/de\/wp-json\/wp\/v2\/frge_profile?post=8659"}],"curies":[{"name":"wp","href":"https:\/\/api.w.org\/{rel}","templated":true}]}}