{"id":8360,"date":"2021-06-08T14:22:25","date_gmt":"2021-06-08T12:22:25","guid":{"rendered":"https:\/\/fge.swebwp.oci.eu\/?page_id=8360"},"modified":"2021-07-20T13:04:59","modified_gmt":"2021-07-20T11:04:59","slug":"die-invalidenversicherung","status":"publish","type":"page","link":"https:\/\/fge.swebwp.oci.eu\/de\/startseite\/grenzganger\/deutschland-frankreich\/sozialversicherung\/die-invalidenversicherung\/","title":{"rendered":"Die Invalidenversicherung"},"content":{"rendered":"\n<p>Im Falle von einer anerkannten Erwerbsminderung oder einer Invalidit\u00e4t haben Sie Anspruch auf Leistungen in Deutschland UND\/ODER in Frankreich, je nach der Dauer der Beitr\u00e4ge und je nach dem Land, in welchem Sie als Letztes Ihre Beitr\u00e4ge gezahlt haben, bevor Ihre Invalidit\u00e4t festgestellt wurde.<\/p>\n\n\n\n<h5 class=\"wp-block-heading\">Sie k\u00f6nnen franz\u00f6sische Geldleistungen wegen Ihrer Invalidit\u00e4t in Anspruch nehmen, wenn<\/h5>\n\n\n\n<ul class=\"wp-block-list\"><li>Sie haben das Rentenalter nicht erreicht,<\/li><li>Sie haben 600 Stunden mindestens gearbeitet oder auf ein Gehalt von mindestens 2.030-mal des Mindeststundenlohns in den 12 Kalendermonate vor der Unterbrechung der Arbeit beigetragen.<\/li><li>Ihre Behinderung ist kein Ergebnis einer Berufskrankheit oder eines Arbeitsunfalls ,<\/li><li>Ihre Behinderung verringert von mindestens 2\/3 Ihrer Besch\u00e4ftigungsf\u00e4higkeit.<\/li><\/ul>\n\n\n\n<p>Die Invalidit\u00e4tsversicherung kann nach 3 Jahren von langfristigen Krankheit die Kosten \u00fcbernehmen oder wenn der medizinische Bericht eine vorzeitige Abnutzung des K\u00f6rpers, einen vorzeitiger Alter oder eine allgemeine Reduzierung Ihrer Arbeitskapazit\u00e4t best\u00e4tigt.<\/p>\n\n\n\n<h5 class=\"wp-block-heading\">Sie k\u00f6nnen deutsche Geldleistungen wegen Ihrer Invalidit\u00e4t in Anspruch nehmen, wenn:<\/h5>\n\n\n\n<ul class=\"wp-block-list\"><li>Sie weniger als 65 Jahre alt sind<\/li><li>Sie waren w\u00e4hrend mindestens 5 Jahre, darunter mindestens 3 Jahre im Zeitraum von 5 Jahren vor Eintritt Ihrer Erwerbsunf\u00e4higkeit, bei der deutschen Invalidit\u00e4ts- und Altersversicherung versichert<\/li><\/ul>\n\n\n\n<p>Sie gelten als erwerbsunf\u00e4hig, wenn Ihre Arbeitsf\u00e4higkeit nachweislich maximal 6 Stunden pro Tag betr\u00e4gt und diese Sie daran hindert, eine Stelle auf dem Arbeitsmarkt zu finden. Volle Erwerbsunf\u00e4higkeit besteht, wenn ein Versicherter au\u00dfer Stande ist, mindestens 3 Stunden t\u00e4glich erwerbst\u00e4tig zu sein. Liegt die Arbeitsf\u00e4higkeit \u00fcber 3 Stunden und unter 6 Stunden pro Tag, spricht man von teilweiser Erwerbsunf\u00e4higkeit.<\/p>\n","protected":false},"excerpt":{"rendered":"<p>Im Falle von einer anerkannten Erwerbsminderung oder einer Invalidit\u00e4t haben Sie Anspruch auf Leistungen in Deutschland UND\/ODER in Frankreich, je nach der Dauer der Beitr\u00e4ge und je nach dem Land, in welchem Sie als Letztes Ihre Beitr\u00e4ge gezahlt haben, bevor Ihre Invalidit\u00e4t festgestellt wurde. Sie k\u00f6nnen franz\u00f6sische Geldleistungen wegen Ihrer Invalidit\u00e4t in Anspruch nehmen, wenn [&hellip;]<\/p>\n","protected":false},"author":7,"featured_media":9899,"parent":8236,"menu_order":6,"comment_status":"closed","ping_status":"closed","template":"","meta":{"inline_featured_image":false,"footnotes":""},"frge_profile":[],"class_list":["post-8360","page","type-page","status-publish","has-post-thumbnail","hentry"],"yoast_head":"<!-- This site is optimized with the Yoast SEO plugin v25.0 - https:\/\/yoast.com\/wordpress\/plugins\/seo\/ -->\n<title>Die Invalidenversicherung - Frontaliers Grand Est<\/title>\n<meta name=\"robots\" content=\"noindex, follow, max-snippet:-1, max-image-preview:large, max-video-preview:-1\" \/>\n<meta property=\"og:locale\" content=\"de_DE\" \/>\n<meta property=\"og:type\" content=\"article\" \/>\n<meta property=\"og:title\" content=\"Die Invalidenversicherung - Frontaliers Grand Est\" \/>\n<meta property=\"og:description\" content=\"Im Falle von einer anerkannten Erwerbsminderung oder einer Invalidit\u00e4t haben Sie Anspruch auf Leistungen in Deutschland UND\/ODER in Frankreich, je nach der Dauer der Beitr\u00e4ge und je nach dem Land, in welchem Sie als Letztes Ihre Beitr\u00e4ge gezahlt haben, bevor Ihre Invalidit\u00e4t festgestellt wurde. Sie k\u00f6nnen franz\u00f6sische Geldleistungen wegen Ihrer Invalidit\u00e4t in Anspruch nehmen, wenn [&hellip;]\" \/>\n<meta property=\"og:url\" content=\"https:\/\/fge.swebwp.oci.eu\/de\/startseite\/grenzganger\/deutschland-frankreich\/sozialversicherung\/die-invalidenversicherung\/\" \/>\n<meta property=\"og:site_name\" content=\"Frontaliers Grand Est\" \/>\n<meta property=\"article:modified_time\" content=\"2021-07-20T11:04:59+00:00\" \/>\n<meta property=\"og:image\" content=\"https:\/\/fge.swebwp.oci.eu\/wp-content\/uploads\/2021\/07\/Invalidite-1-scaled.jpg\" \/>\n\t<meta property=\"og:image:width\" content=\"2560\" \/>\n\t<meta property=\"og:image:height\" content=\"1707\" \/>\n\t<meta property=\"og:image:type\" content=\"image\/jpeg\" \/>\n<meta name=\"twitter:card\" content=\"summary_large_image\" \/>\n<meta name=\"twitter:label1\" content=\"Gesch\u00e4tzte Lesezeit\" \/>\n\t<meta name=\"twitter:data1\" content=\"2\u00a0Minuten\" \/>\n<script type=\"application\/ld+json\" class=\"yoast-schema-graph\">{\"@context\":\"https:\/\/schema.org\",\"@graph\":[{\"@type\":\"WebPage\",\"@id\":\"https:\/\/fge.swebwp.oci.eu\/de\/startseite\/grenzganger\/deutschland-frankreich\/sozialversicherung\/die-invalidenversicherung\/\",\"url\":\"https:\/\/fge.swebwp.oci.eu\/de\/startseite\/grenzganger\/deutschland-frankreich\/sozialversicherung\/die-invalidenversicherung\/\",\"name\":\"Die Invalidenversicherung - Frontaliers Grand Est\",\"isPartOf\":{\"@id\":\"https:\/\/fge.swebwp.oci.eu\/de\/#website\"},\"primaryImageOfPage\":{\"@id\":\"https:\/\/fge.swebwp.oci.eu\/de\/startseite\/grenzganger\/deutschland-frankreich\/sozialversicherung\/die-invalidenversicherung\/#primaryimage\"},\"image\":{\"@id\":\"https:\/\/fge.swebwp.oci.eu\/de\/startseite\/grenzganger\/deutschland-frankreich\/sozialversicherung\/die-invalidenversicherung\/#primaryimage\"},\"thumbnailUrl\":\"https:\/\/fge.swebwp.oci.eu\/wp-content\/uploads\/2021\/07\/Invalidite-1-scaled.jpg\",\"datePublished\":\"2021-06-08T12:22:25+00:00\",\"dateModified\":\"2021-07-20T11:04:59+00:00\",\"breadcrumb\":{\"@id\":\"https:\/\/fge.swebwp.oci.eu\/de\/startseite\/grenzganger\/deutschland-frankreich\/sozialversicherung\/die-invalidenversicherung\/#breadcrumb\"},\"inLanguage\":\"de\",\"potentialAction\":[{\"@type\":\"ReadAction\",\"target\":[\"https:\/\/fge.swebwp.oci.eu\/de\/startseite\/grenzganger\/deutschland-frankreich\/sozialversicherung\/die-invalidenversicherung\/\"]}]},{\"@type\":\"ImageObject\",\"inLanguage\":\"de\",\"@id\":\"https:\/\/fge.swebwp.oci.eu\/de\/startseite\/grenzganger\/deutschland-frankreich\/sozialversicherung\/die-invalidenversicherung\/#primaryimage\",\"url\":\"https:\/\/fge.swebwp.oci.eu\/wp-content\/uploads\/2021\/07\/Invalidite-1-scaled.jpg\",\"contentUrl\":\"https:\/\/fge.swebwp.oci.eu\/wp-content\/uploads\/2021\/07\/Invalidite-1-scaled.jpg\",\"width\":2560,\"height\":1707,\"caption\":\"Handicap et Travail\"},{\"@type\":\"BreadcrumbList\",\"@id\":\"https:\/\/fge.swebwp.oci.eu\/de\/startseite\/grenzganger\/deutschland-frankreich\/sozialversicherung\/die-invalidenversicherung\/#breadcrumb\",\"itemListElement\":[{\"@type\":\"ListItem\",\"position\":1,\"name\":\"Startseite\",\"item\":\"https:\/\/fge.swebwp.oci.eu\/de\/\"},{\"@type\":\"ListItem\",\"position\":2,\"name\":\"Grenzg\u00e4nger\",\"item\":\"https:\/\/fge.swebwp.oci.eu\/de\/startseite\/grenzganger\/\"},{\"@type\":\"ListItem\",\"position\":3,\"name\":\"Deutschland - Frankreich\",\"item\":\"https:\/\/fge.swebwp.oci.eu\/de\/startseite\/grenzganger\/deutschland-frankreich\/\"},{\"@type\":\"ListItem\",\"position\":4,\"name\":\"Sozialversicherung\",\"item\":\"https:\/\/fge.swebwp.oci.eu\/de\/startseite\/grenzganger\/deutschland-frankreich\/sozialversicherung\/\"},{\"@type\":\"ListItem\",\"position\":5,\"name\":\"Die Invalidenversicherung\"}]},{\"@type\":\"WebSite\",\"@id\":\"https:\/\/fge.swebwp.oci.eu\/de\/#website\",\"url\":\"https:\/\/fge.swebwp.oci.eu\/de\/\",\"name\":\"Frontaliers Grand Est\",\"description\":\"Le site ressource du travail frontalier\",\"potentialAction\":[{\"@type\":\"SearchAction\",\"target\":{\"@type\":\"EntryPoint\",\"urlTemplate\":\"https:\/\/fge.swebwp.oci.eu\/de\/?s={search_term_string}\"},\"query-input\":{\"@type\":\"PropertyValueSpecification\",\"valueRequired\":true,\"valueName\":\"search_term_string\"}}],\"inLanguage\":\"de\"}]}<\/script>\n<!-- \/ Yoast SEO plugin. -->","yoast_head_json":{"title":"Die Invalidenversicherung - Frontaliers Grand Est","robots":{"index":"noindex","follow":"follow","max-snippet":"max-snippet:-1","max-image-preview":"max-image-preview:large","max-video-preview":"max-video-preview:-1"},"og_locale":"de_DE","og_type":"article","og_title":"Die Invalidenversicherung - Frontaliers Grand Est","og_description":"Im Falle von einer anerkannten Erwerbsminderung oder einer Invalidit\u00e4t haben Sie Anspruch auf Leistungen in Deutschland UND\/ODER in Frankreich, je nach der Dauer der Beitr\u00e4ge und je nach dem Land, in welchem Sie als Letztes Ihre Beitr\u00e4ge gezahlt haben, bevor Ihre Invalidit\u00e4t festgestellt wurde. Sie k\u00f6nnen franz\u00f6sische Geldleistungen wegen Ihrer Invalidit\u00e4t in Anspruch nehmen, wenn [&hellip;]","og_url":"https:\/\/fge.swebwp.oci.eu\/de\/startseite\/grenzganger\/deutschland-frankreich\/sozialversicherung\/die-invalidenversicherung\/","og_site_name":"Frontaliers Grand Est","article_modified_time":"2021-07-20T11:04:59+00:00","og_image":[{"width":2560,"height":1707,"url":"https:\/\/fge.swebwp.oci.eu\/wp-content\/uploads\/2021\/07\/Invalidite-1-scaled.jpg","type":"image\/jpeg"}],"twitter_card":"summary_large_image","twitter_misc":{"Gesch\u00e4tzte Lesezeit":"2\u00a0Minuten"},"schema":{"@context":"https:\/\/schema.org","@graph":[{"@type":"WebPage","@id":"https:\/\/fge.swebwp.oci.eu\/de\/startseite\/grenzganger\/deutschland-frankreich\/sozialversicherung\/die-invalidenversicherung\/","url":"https:\/\/fge.swebwp.oci.eu\/de\/startseite\/grenzganger\/deutschland-frankreich\/sozialversicherung\/die-invalidenversicherung\/","name":"Die Invalidenversicherung - Frontaliers Grand Est","isPartOf":{"@id":"https:\/\/fge.swebwp.oci.eu\/de\/#website"},"primaryImageOfPage":{"@id":"https:\/\/fge.swebwp.oci.eu\/de\/startseite\/grenzganger\/deutschland-frankreich\/sozialversicherung\/die-invalidenversicherung\/#primaryimage"},"image":{"@id":"https:\/\/fge.swebwp.oci.eu\/de\/startseite\/grenzganger\/deutschland-frankreich\/sozialversicherung\/die-invalidenversicherung\/#primaryimage"},"thumbnailUrl":"https:\/\/fge.swebwp.oci.eu\/wp-content\/uploads\/2021\/07\/Invalidite-1-scaled.jpg","datePublished":"2021-06-08T12:22:25+00:00","dateModified":"2021-07-20T11:04:59+00:00","breadcrumb":{"@id":"https:\/\/fge.swebwp.oci.eu\/de\/startseite\/grenzganger\/deutschland-frankreich\/sozialversicherung\/die-invalidenversicherung\/#breadcrumb"},"inLanguage":"de","potentialAction":[{"@type":"ReadAction","target":["https:\/\/fge.swebwp.oci.eu\/de\/startseite\/grenzganger\/deutschland-frankreich\/sozialversicherung\/die-invalidenversicherung\/"]}]},{"@type":"ImageObject","inLanguage":"de","@id":"https:\/\/fge.swebwp.oci.eu\/de\/startseite\/grenzganger\/deutschland-frankreich\/sozialversicherung\/die-invalidenversicherung\/#primaryimage","url":"https:\/\/fge.swebwp.oci.eu\/wp-content\/uploads\/2021\/07\/Invalidite-1-scaled.jpg","contentUrl":"https:\/\/fge.swebwp.oci.eu\/wp-content\/uploads\/2021\/07\/Invalidite-1-scaled.jpg","width":2560,"height":1707,"caption":"Handicap et Travail"},{"@type":"BreadcrumbList","@id":"https:\/\/fge.swebwp.oci.eu\/de\/startseite\/grenzganger\/deutschland-frankreich\/sozialversicherung\/die-invalidenversicherung\/#breadcrumb","itemListElement":[{"@type":"ListItem","position":1,"name":"Startseite","item":"https:\/\/fge.swebwp.oci.eu\/de\/"},{"@type":"ListItem","position":2,"name":"Grenzg\u00e4nger","item":"https:\/\/fge.swebwp.oci.eu\/de\/startseite\/grenzganger\/"},{"@type":"ListItem","position":3,"name":"Deutschland - Frankreich","item":"https:\/\/fge.swebwp.oci.eu\/de\/startseite\/grenzganger\/deutschland-frankreich\/"},{"@type":"ListItem","position":4,"name":"Sozialversicherung","item":"https:\/\/fge.swebwp.oci.eu\/de\/startseite\/grenzganger\/deutschland-frankreich\/sozialversicherung\/"},{"@type":"ListItem","position":5,"name":"Die Invalidenversicherung"}]},{"@type":"WebSite","@id":"https:\/\/fge.swebwp.oci.eu\/de\/#website","url":"https:\/\/fge.swebwp.oci.eu\/de\/","name":"Frontaliers Grand Est","description":"Le site ressource du travail frontalier","potentialAction":[{"@type":"SearchAction","target":{"@type":"EntryPoint","urlTemplate":"https:\/\/fge.swebwp.oci.eu\/de\/?s={search_term_string}"},"query-input":{"@type":"PropertyValueSpecification","valueRequired":true,"valueName":"search_term_string"}}],"inLanguage":"de"}]}},"_links":{"self":[{"href":"https:\/\/fge.swebwp.oci.eu\/de\/wp-json\/wp\/v2\/pages\/8360","targetHints":{"allow":["GET"]}}],"collection":[{"href":"https:\/\/fge.swebwp.oci.eu\/de\/wp-json\/wp\/v2\/pages"}],"about":[{"href":"https:\/\/fge.swebwp.oci.eu\/de\/wp-json\/wp\/v2\/types\/page"}],"author":[{"embeddable":true,"href":"https:\/\/fge.swebwp.oci.eu\/de\/wp-json\/wp\/v2\/users\/7"}],"replies":[{"embeddable":true,"href":"https:\/\/fge.swebwp.oci.eu\/de\/wp-json\/wp\/v2\/comments?post=8360"}],"version-history":[{"count":3,"href":"https:\/\/fge.swebwp.oci.eu\/de\/wp-json\/wp\/v2\/pages\/8360\/revisions"}],"predecessor-version":[{"id":8485,"href":"https:\/\/fge.swebwp.oci.eu\/de\/wp-json\/wp\/v2\/pages\/8360\/revisions\/8485"}],"up":[{"embeddable":true,"href":"https:\/\/fge.swebwp.oci.eu\/de\/wp-json\/wp\/v2\/pages\/8236"}],"wp:featuredmedia":[{"embeddable":true,"href":"https:\/\/fge.swebwp.oci.eu\/de\/wp-json\/wp\/v2\/media\/9899"}],"wp:attachment":[{"href":"https:\/\/fge.swebwp.oci.eu\/de\/wp-json\/wp\/v2\/media?parent=8360"}],"wp:term":[{"taxonomy":"frge_profile","embeddable":true,"href":"https:\/\/fge.swebwp.oci.eu\/de\/wp-json\/wp\/v2\/frge_profile?post=8360"}],"curies":[{"name":"wp","href":"https:\/\/api.w.org\/{rel}","templated":true}]}}