{"id":8356,"date":"2021-06-08T14:20:07","date_gmt":"2021-06-08T12:20:07","guid":{"rendered":"https:\/\/fge.swebwp.oci.eu\/?page_id=8356"},"modified":"2021-07-20T13:03:45","modified_gmt":"2021-07-20T11:03:45","slug":"die-mutterschaftsversicherung","status":"publish","type":"page","link":"https:\/\/fge.swebwp.oci.eu\/de\/startseite\/grenzganger\/deutschland-frankreich\/sozialversicherung\/die-mutterschaftsversicherung\/","title":{"rendered":"Die Mutterschaftsversicherung"},"content":{"rendered":"\n<p>Sie haben&nbsp;<strong>Anspruch auf Leistungen der Mutterschaftsversicherung<\/strong>,&nbsp;<strong>sobald Sie als Grenzarbeitnehmerin oder als Mitversicherte durch die Krankenversicherung versichert sind.&nbsp;<\/strong>\u201cMitversicherte\u201d bedeutet, dass Ihr Partner oder Ihr Vater einer Erwerbst\u00e4tigkeit in Frankreich nachgeht und Sie nicht pers\u00f6nlich in Deutschland versichert sind.<\/p>\n\n\n\n<p>Die Beitr\u00e4ge werden direkt vom Gehalt des Grenzarbeitnehmers\/der Grenzarbeitnehmerin durch den Arbeitgeber abgezogen, welcher sie anschlie\u00dfend an die \u201cUnion de Recouvrement des cotisations de S\u00e9curit\u00e9 Sociale et d\u2019Allocations Familiales (URSSAF)\u201d \u00fcberweist.<\/p>\n\n\n\n<h5 class=\"wp-block-heading\"><strong>Ihre Mutterschaftsversicherung setzt sich wie folgt zusammen:<\/strong><\/h5>\n\n\n\n<ul class=\"wp-block-list\"><li><strong>Sachleistungen, welche innerhalb des Zeitraums vom 4. Monat vor dem Datum der Entbindung bis 12 Tage nach der Entbindung stattfinden<\/strong>: Medizinische Kosten, Laboranalysen und -untersuchungen, die medizinische Untersuchung des werdenden Vaters, die Pflege durch die Hebamme, die medizinische Betreuung, den Aufenthalt in einer Entbindungsklinik, die postnatalen Untersuchungen, die medizinische \u00dcberwachung und Arzneimittel.<\/li><li><strong>Geldleistungen&nbsp;w\u00e4hrend des generellen Urlaubs von 16 Wochen.<\/strong>&nbsp;Die Geldleistungen entsprechen dem Mutterschaftsgeld (indemnit\u00e9s journali\u00e8res (IJ) de maternit\u00e9), die in der Regel 100% von Ihrem Nettotagesgehalt der letzten drei Monate vor Ihrer pr\u00e4natalen Ruhephase entsprechen. Die Begrenzungen sind wie folgt: Mutterschaftsgeld maximal:&nbsp;<strong>87,71 \u20ac\/Tag und minimal: 9,53 \u20ac\/Tag (Betr\u00e4ge am 1 Januar 2019).<\/strong><\/li><\/ul>\n","protected":false},"excerpt":{"rendered":"<p>Sie haben&nbsp;Anspruch auf Leistungen der Mutterschaftsversicherung,&nbsp;sobald Sie als Grenzarbeitnehmerin oder als Mitversicherte durch die Krankenversicherung versichert sind.&nbsp;\u201cMitversicherte\u201d bedeutet, dass Ihr Partner oder Ihr Vater einer Erwerbst\u00e4tigkeit in Frankreich nachgeht und Sie nicht pers\u00f6nlich in Deutschland versichert sind. Die Beitr\u00e4ge werden direkt vom Gehalt des Grenzarbeitnehmers\/der Grenzarbeitnehmerin durch den Arbeitgeber abgezogen, welcher sie anschlie\u00dfend an die [&hellip;]<\/p>\n","protected":false},"author":7,"featured_media":9895,"parent":8236,"menu_order":4,"comment_status":"closed","ping_status":"closed","template":"","meta":{"inline_featured_image":false,"footnotes":""},"frge_profile":[],"class_list":["post-8356","page","type-page","status-publish","has-post-thumbnail","hentry"],"yoast_head":"<!-- This site is optimized with the Yoast SEO plugin v25.0 - https:\/\/yoast.com\/wordpress\/plugins\/seo\/ -->\n<title>Die Mutterschaftsversicherung - Frontaliers Grand Est<\/title>\n<meta name=\"robots\" content=\"noindex, follow, max-snippet:-1, max-image-preview:large, max-video-preview:-1\" \/>\n<meta property=\"og:locale\" content=\"de_DE\" \/>\n<meta property=\"og:type\" content=\"article\" \/>\n<meta property=\"og:title\" content=\"Die Mutterschaftsversicherung - Frontaliers Grand Est\" \/>\n<meta property=\"og:description\" content=\"Sie haben&nbsp;Anspruch auf Leistungen der Mutterschaftsversicherung,&nbsp;sobald Sie als Grenzarbeitnehmerin oder als Mitversicherte durch die Krankenversicherung versichert sind.&nbsp;\u201cMitversicherte\u201d bedeutet, dass Ihr Partner oder Ihr Vater einer Erwerbst\u00e4tigkeit in Frankreich nachgeht und Sie nicht pers\u00f6nlich in Deutschland versichert sind. Die Beitr\u00e4ge werden direkt vom Gehalt des Grenzarbeitnehmers\/der Grenzarbeitnehmerin durch den Arbeitgeber abgezogen, welcher sie anschlie\u00dfend an die [&hellip;]\" \/>\n<meta property=\"og:url\" content=\"https:\/\/fge.swebwp.oci.eu\/de\/startseite\/grenzganger\/deutschland-frankreich\/sozialversicherung\/die-mutterschaftsversicherung\/\" \/>\n<meta property=\"og:site_name\" content=\"Frontaliers Grand Est\" \/>\n<meta property=\"article:modified_time\" content=\"2021-07-20T11:03:45+00:00\" \/>\n<meta property=\"og:image\" content=\"https:\/\/fge.swebwp.oci.eu\/wp-content\/uploads\/2021\/07\/Conge-maternite-1.jpg\" \/>\n\t<meta property=\"og:image:width\" content=\"1920\" \/>\n\t<meta property=\"og:image:height\" content=\"1280\" \/>\n\t<meta property=\"og:image:type\" content=\"image\/jpeg\" \/>\n<meta name=\"twitter:card\" content=\"summary_large_image\" \/>\n<meta name=\"twitter:label1\" content=\"Gesch\u00e4tzte Lesezeit\" \/>\n\t<meta name=\"twitter:data1\" content=\"1\u00a0Minute\" \/>\n<script type=\"application\/ld+json\" class=\"yoast-schema-graph\">{\"@context\":\"https:\/\/schema.org\",\"@graph\":[{\"@type\":\"WebPage\",\"@id\":\"https:\/\/fge.swebwp.oci.eu\/de\/startseite\/grenzganger\/deutschland-frankreich\/sozialversicherung\/die-mutterschaftsversicherung\/\",\"url\":\"https:\/\/fge.swebwp.oci.eu\/de\/startseite\/grenzganger\/deutschland-frankreich\/sozialversicherung\/die-mutterschaftsversicherung\/\",\"name\":\"Die Mutterschaftsversicherung - Frontaliers Grand Est\",\"isPartOf\":{\"@id\":\"https:\/\/fge.swebwp.oci.eu\/de\/#website\"},\"primaryImageOfPage\":{\"@id\":\"https:\/\/fge.swebwp.oci.eu\/de\/startseite\/grenzganger\/deutschland-frankreich\/sozialversicherung\/die-mutterschaftsversicherung\/#primaryimage\"},\"image\":{\"@id\":\"https:\/\/fge.swebwp.oci.eu\/de\/startseite\/grenzganger\/deutschland-frankreich\/sozialversicherung\/die-mutterschaftsversicherung\/#primaryimage\"},\"thumbnailUrl\":\"https:\/\/fge.swebwp.oci.eu\/wp-content\/uploads\/2021\/07\/Conge-maternite-1.jpg\",\"datePublished\":\"2021-06-08T12:20:07+00:00\",\"dateModified\":\"2021-07-20T11:03:45+00:00\",\"breadcrumb\":{\"@id\":\"https:\/\/fge.swebwp.oci.eu\/de\/startseite\/grenzganger\/deutschland-frankreich\/sozialversicherung\/die-mutterschaftsversicherung\/#breadcrumb\"},\"inLanguage\":\"de\",\"potentialAction\":[{\"@type\":\"ReadAction\",\"target\":[\"https:\/\/fge.swebwp.oci.eu\/de\/startseite\/grenzganger\/deutschland-frankreich\/sozialversicherung\/die-mutterschaftsversicherung\/\"]}]},{\"@type\":\"ImageObject\",\"inLanguage\":\"de\",\"@id\":\"https:\/\/fge.swebwp.oci.eu\/de\/startseite\/grenzganger\/deutschland-frankreich\/sozialversicherung\/die-mutterschaftsversicherung\/#primaryimage\",\"url\":\"https:\/\/fge.swebwp.oci.eu\/wp-content\/uploads\/2021\/07\/Conge-maternite-1.jpg\",\"contentUrl\":\"https:\/\/fge.swebwp.oci.eu\/wp-content\/uploads\/2021\/07\/Conge-maternite-1.jpg\",\"width\":1920,\"height\":1280,\"caption\":\"Cong\u00e9 Maternit\u00e9 Frontaliers\"},{\"@type\":\"BreadcrumbList\",\"@id\":\"https:\/\/fge.swebwp.oci.eu\/de\/startseite\/grenzganger\/deutschland-frankreich\/sozialversicherung\/die-mutterschaftsversicherung\/#breadcrumb\",\"itemListElement\":[{\"@type\":\"ListItem\",\"position\":1,\"name\":\"Startseite\",\"item\":\"https:\/\/fge.swebwp.oci.eu\/de\/\"},{\"@type\":\"ListItem\",\"position\":2,\"name\":\"Grenzg\u00e4nger\",\"item\":\"https:\/\/fge.swebwp.oci.eu\/de\/startseite\/grenzganger\/\"},{\"@type\":\"ListItem\",\"position\":3,\"name\":\"Deutschland - Frankreich\",\"item\":\"https:\/\/fge.swebwp.oci.eu\/de\/startseite\/grenzganger\/deutschland-frankreich\/\"},{\"@type\":\"ListItem\",\"position\":4,\"name\":\"Sozialversicherung\",\"item\":\"https:\/\/fge.swebwp.oci.eu\/de\/startseite\/grenzganger\/deutschland-frankreich\/sozialversicherung\/\"},{\"@type\":\"ListItem\",\"position\":5,\"name\":\"Die Mutterschaftsversicherung\"}]},{\"@type\":\"WebSite\",\"@id\":\"https:\/\/fge.swebwp.oci.eu\/de\/#website\",\"url\":\"https:\/\/fge.swebwp.oci.eu\/de\/\",\"name\":\"Frontaliers Grand Est\",\"description\":\"Le site ressource du travail frontalier\",\"potentialAction\":[{\"@type\":\"SearchAction\",\"target\":{\"@type\":\"EntryPoint\",\"urlTemplate\":\"https:\/\/fge.swebwp.oci.eu\/de\/?s={search_term_string}\"},\"query-input\":{\"@type\":\"PropertyValueSpecification\",\"valueRequired\":true,\"valueName\":\"search_term_string\"}}],\"inLanguage\":\"de\"}]}<\/script>\n<!-- \/ Yoast SEO plugin. -->","yoast_head_json":{"title":"Die Mutterschaftsversicherung - Frontaliers Grand Est","robots":{"index":"noindex","follow":"follow","max-snippet":"max-snippet:-1","max-image-preview":"max-image-preview:large","max-video-preview":"max-video-preview:-1"},"og_locale":"de_DE","og_type":"article","og_title":"Die Mutterschaftsversicherung - Frontaliers Grand Est","og_description":"Sie haben&nbsp;Anspruch auf Leistungen der Mutterschaftsversicherung,&nbsp;sobald Sie als Grenzarbeitnehmerin oder als Mitversicherte durch die Krankenversicherung versichert sind.&nbsp;\u201cMitversicherte\u201d bedeutet, dass Ihr Partner oder Ihr Vater einer Erwerbst\u00e4tigkeit in Frankreich nachgeht und Sie nicht pers\u00f6nlich in Deutschland versichert sind. Die Beitr\u00e4ge werden direkt vom Gehalt des Grenzarbeitnehmers\/der Grenzarbeitnehmerin durch den Arbeitgeber abgezogen, welcher sie anschlie\u00dfend an die [&hellip;]","og_url":"https:\/\/fge.swebwp.oci.eu\/de\/startseite\/grenzganger\/deutschland-frankreich\/sozialversicherung\/die-mutterschaftsversicherung\/","og_site_name":"Frontaliers Grand Est","article_modified_time":"2021-07-20T11:03:45+00:00","og_image":[{"width":1920,"height":1280,"url":"https:\/\/fge.swebwp.oci.eu\/wp-content\/uploads\/2021\/07\/Conge-maternite-1.jpg","type":"image\/jpeg"}],"twitter_card":"summary_large_image","twitter_misc":{"Gesch\u00e4tzte Lesezeit":"1\u00a0Minute"},"schema":{"@context":"https:\/\/schema.org","@graph":[{"@type":"WebPage","@id":"https:\/\/fge.swebwp.oci.eu\/de\/startseite\/grenzganger\/deutschland-frankreich\/sozialversicherung\/die-mutterschaftsversicherung\/","url":"https:\/\/fge.swebwp.oci.eu\/de\/startseite\/grenzganger\/deutschland-frankreich\/sozialversicherung\/die-mutterschaftsversicherung\/","name":"Die Mutterschaftsversicherung - Frontaliers Grand Est","isPartOf":{"@id":"https:\/\/fge.swebwp.oci.eu\/de\/#website"},"primaryImageOfPage":{"@id":"https:\/\/fge.swebwp.oci.eu\/de\/startseite\/grenzganger\/deutschland-frankreich\/sozialversicherung\/die-mutterschaftsversicherung\/#primaryimage"},"image":{"@id":"https:\/\/fge.swebwp.oci.eu\/de\/startseite\/grenzganger\/deutschland-frankreich\/sozialversicherung\/die-mutterschaftsversicherung\/#primaryimage"},"thumbnailUrl":"https:\/\/fge.swebwp.oci.eu\/wp-content\/uploads\/2021\/07\/Conge-maternite-1.jpg","datePublished":"2021-06-08T12:20:07+00:00","dateModified":"2021-07-20T11:03:45+00:00","breadcrumb":{"@id":"https:\/\/fge.swebwp.oci.eu\/de\/startseite\/grenzganger\/deutschland-frankreich\/sozialversicherung\/die-mutterschaftsversicherung\/#breadcrumb"},"inLanguage":"de","potentialAction":[{"@type":"ReadAction","target":["https:\/\/fge.swebwp.oci.eu\/de\/startseite\/grenzganger\/deutschland-frankreich\/sozialversicherung\/die-mutterschaftsversicherung\/"]}]},{"@type":"ImageObject","inLanguage":"de","@id":"https:\/\/fge.swebwp.oci.eu\/de\/startseite\/grenzganger\/deutschland-frankreich\/sozialversicherung\/die-mutterschaftsversicherung\/#primaryimage","url":"https:\/\/fge.swebwp.oci.eu\/wp-content\/uploads\/2021\/07\/Conge-maternite-1.jpg","contentUrl":"https:\/\/fge.swebwp.oci.eu\/wp-content\/uploads\/2021\/07\/Conge-maternite-1.jpg","width":1920,"height":1280,"caption":"Cong\u00e9 Maternit\u00e9 Frontaliers"},{"@type":"BreadcrumbList","@id":"https:\/\/fge.swebwp.oci.eu\/de\/startseite\/grenzganger\/deutschland-frankreich\/sozialversicherung\/die-mutterschaftsversicherung\/#breadcrumb","itemListElement":[{"@type":"ListItem","position":1,"name":"Startseite","item":"https:\/\/fge.swebwp.oci.eu\/de\/"},{"@type":"ListItem","position":2,"name":"Grenzg\u00e4nger","item":"https:\/\/fge.swebwp.oci.eu\/de\/startseite\/grenzganger\/"},{"@type":"ListItem","position":3,"name":"Deutschland - Frankreich","item":"https:\/\/fge.swebwp.oci.eu\/de\/startseite\/grenzganger\/deutschland-frankreich\/"},{"@type":"ListItem","position":4,"name":"Sozialversicherung","item":"https:\/\/fge.swebwp.oci.eu\/de\/startseite\/grenzganger\/deutschland-frankreich\/sozialversicherung\/"},{"@type":"ListItem","position":5,"name":"Die Mutterschaftsversicherung"}]},{"@type":"WebSite","@id":"https:\/\/fge.swebwp.oci.eu\/de\/#website","url":"https:\/\/fge.swebwp.oci.eu\/de\/","name":"Frontaliers Grand Est","description":"Le site ressource du travail frontalier","potentialAction":[{"@type":"SearchAction","target":{"@type":"EntryPoint","urlTemplate":"https:\/\/fge.swebwp.oci.eu\/de\/?s={search_term_string}"},"query-input":{"@type":"PropertyValueSpecification","valueRequired":true,"valueName":"search_term_string"}}],"inLanguage":"de"}]}},"_links":{"self":[{"href":"https:\/\/fge.swebwp.oci.eu\/de\/wp-json\/wp\/v2\/pages\/8356","targetHints":{"allow":["GET"]}}],"collection":[{"href":"https:\/\/fge.swebwp.oci.eu\/de\/wp-json\/wp\/v2\/pages"}],"about":[{"href":"https:\/\/fge.swebwp.oci.eu\/de\/wp-json\/wp\/v2\/types\/page"}],"author":[{"embeddable":true,"href":"https:\/\/fge.swebwp.oci.eu\/de\/wp-json\/wp\/v2\/users\/7"}],"replies":[{"embeddable":true,"href":"https:\/\/fge.swebwp.oci.eu\/de\/wp-json\/wp\/v2\/comments?post=8356"}],"version-history":[{"count":3,"href":"https:\/\/fge.swebwp.oci.eu\/de\/wp-json\/wp\/v2\/pages\/8356\/revisions"}],"predecessor-version":[{"id":8451,"href":"https:\/\/fge.swebwp.oci.eu\/de\/wp-json\/wp\/v2\/pages\/8356\/revisions\/8451"}],"up":[{"embeddable":true,"href":"https:\/\/fge.swebwp.oci.eu\/de\/wp-json\/wp\/v2\/pages\/8236"}],"wp:featuredmedia":[{"embeddable":true,"href":"https:\/\/fge.swebwp.oci.eu\/de\/wp-json\/wp\/v2\/media\/9895"}],"wp:attachment":[{"href":"https:\/\/fge.swebwp.oci.eu\/de\/wp-json\/wp\/v2\/media?parent=8356"}],"wp:term":[{"taxonomy":"frge_profile","embeddable":true,"href":"https:\/\/fge.swebwp.oci.eu\/de\/wp-json\/wp\/v2\/frge_profile?post=8356"}],"curies":[{"name":"wp","href":"https:\/\/api.w.org\/{rel}","templated":true}]}}