{"id":8295,"date":"2021-06-08T11:29:27","date_gmt":"2021-06-08T09:29:27","guid":{"rendered":"https:\/\/fge.swebwp.oci.eu\/?page_id=8295"},"modified":"2024-07-25T15:21:36","modified_gmt":"2024-07-25T13:21:36","slug":"das-arbeitentgelt","status":"publish","type":"page","link":"https:\/\/fge.swebwp.oci.eu\/de\/startseite\/grenzganger\/deutschland-frankreich\/arbeitsrecht\/der-arbeitsvertrag\/das-arbeitentgelt\/","title":{"rendered":"Das Arbeitentgelt"},"content":{"rendered":"\n<p>Die H\u00f6he des Arbeitsentgelts wird zwischen Ihnen und Ihrem Arbeitgeber bei der Aushandlung des Arbeitsvertrages frei festgelegt.<\/p>\n\n\n\n<h5 class=\"wp-block-heading\">Allerdings darf das Arbeitsentgelt nicht:<\/h5>\n\n\n\n<ul class=\"wp-block-list\"><li><strong>unter dem gesetzlich geregelten Mindestloh<\/strong>n liegen (SMIC),<\/li><li><strong>unter dem im Tarifvertrag oder dem in der f\u00fcr Sie geltenden Tarifvereinbarung<\/strong>&nbsp;vorgesehenen H\u00f6he liegen,<\/li><li>unter der H\u00f6he liegen,&nbsp;<strong>die ein franz\u00f6sischer Arbeitnehmer in einer mit Ihnen identischen Lage beziehen w\u00fcrde<\/strong>.<\/li><\/ul>\n\n\n\n<p>Der gesetzlich geregelte Mindestlohn in Frankreich (SMIC)<\/p>\n\n\n\n<p>Seit 1. Januar 2019 liegt der gesetzlich geregelten Mindestlohn in Frankreich monatlich&nbsp;<strong>bei 1.5211,22 \u20ac Brutto.<\/strong><\/p>\n\n\n\n<p>Ist in Ihrem Tarifvertrag ein Mindestlohn festgelegt, der&nbsp;<strong>\u00fcber dem SMIC liegt, muss Ihr Arbeitgeber diesen Mindestlohn zahlen und darf kein Arbeitsentgelt unter der H\u00f6he&nbsp;<\/strong>dieses vertraglich geregelten Mindestlohns zahlen.<\/p>\n\n\n\n<p>W\u00e4hrend der Aushandlung Ihres Arbeitsentgelts wird es, sofern es keine n\u00e4heren Angaben gibt,<strong>&nbsp;um Ihr Bruttoarbeitsentgelt gehen<\/strong>, d.h. vor Abzug der Arbeitnehmersozialabgaben.<\/p>\n\n\n\n<h5 class=\"wp-block-heading\"><strong>Die Arbeitnehmersozialabgaben belaufen sich im Durschnitt auf 24% des Bruttoentgelts.<\/strong><\/h5>\n\n\n\n<p>Das Arbeitsentgelt setzt sich zusammen aus einem&nbsp; Grundentge<strong>lt, zu dem gegebenfalls Sachleistungen<\/strong>&nbsp;(Verpflegung, Wohnung, PKW,usw.) oder&nbsp;<strong>Gratifikationen hinzukommen<\/strong>&nbsp;(13. Monatsgehalt, Urlaubsgeld, Leistungspr\u00e4mien usw.).<\/p>\n\n\n\n<p>Das Arbeitsentgelt kann in Form eines Gehaltsschecks,&nbsp; als \u00dcberweisung oder auch in bar ausgezahlt werden, sofern es einen Betrag von 1.500 \u20ac nicht \u00fcberschreitet.<\/p>\n\n\n\n<p><strong>Der Arbeitgeber ist gehalten, dem Arbeitnehmer bei jeder Zahlung eine Lohnabrechnung auszuh\u00e4ndigen.<\/strong><\/p>\n","protected":false},"excerpt":{"rendered":"<p>Die H\u00f6he des Arbeitsentgelts wird zwischen Ihnen und Ihrem Arbeitgeber bei der Aushandlung des Arbeitsvertrages frei festgelegt. Allerdings darf das Arbeitsentgelt nicht: unter dem gesetzlich geregelten Mindestlohn liegen (SMIC), unter dem im Tarifvertrag oder dem in der f\u00fcr Sie geltenden Tarifvereinbarung&nbsp;vorgesehenen H\u00f6he liegen, unter der H\u00f6he liegen,&nbsp;die ein franz\u00f6sischer Arbeitnehmer in einer mit Ihnen identischen [&hellip;]<\/p>\n","protected":false},"author":7,"featured_media":0,"parent":8250,"menu_order":3,"comment_status":"closed","ping_status":"closed","template":"","meta":{"inline_featured_image":false,"footnotes":""},"frge_profile":[],"class_list":["post-8295","page","type-page","status-publish","hentry"],"yoast_head":"<!-- This site is optimized with the Yoast SEO plugin v25.0 - https:\/\/yoast.com\/wordpress\/plugins\/seo\/ -->\n<title>Arbeitsentgelt in Frankreich: mindestlohn und gehaltsregelungen<\/title>\n<meta name=\"description\" content=\"Die H\u00f6he des Arbeitsentgelts wird zwischen Ihnen und Ihrem Arbeitgeber bei der Aushandlung des Arbeitsvertrages frei festgelegt.\" \/>\n<meta name=\"robots\" content=\"noindex, follow, max-snippet:-1, max-image-preview:large, max-video-preview:-1\" \/>\n<meta property=\"og:locale\" content=\"de_DE\" \/>\n<meta property=\"og:type\" content=\"article\" \/>\n<meta property=\"og:title\" content=\"Arbeitsentgelt in Frankreich: mindestlohn und gehaltsregelungen\" \/>\n<meta property=\"og:description\" content=\"Die H\u00f6he des Arbeitsentgelts wird zwischen Ihnen und Ihrem Arbeitgeber bei der Aushandlung des Arbeitsvertrages frei festgelegt.\" \/>\n<meta property=\"og:url\" content=\"https:\/\/fge.swebwp.oci.eu\/de\/startseite\/grenzganger\/deutschland-frankreich\/arbeitsrecht\/der-arbeitsvertrag\/das-arbeitentgelt\/\" \/>\n<meta property=\"og:site_name\" content=\"Frontaliers Grand Est\" \/>\n<meta property=\"article:modified_time\" content=\"2024-07-25T13:21:36+00:00\" \/>\n<meta name=\"twitter:card\" content=\"summary_large_image\" \/>\n<meta name=\"twitter:label1\" content=\"Gesch\u00e4tzte Lesezeit\" \/>\n\t<meta name=\"twitter:data1\" content=\"2\u00a0Minuten\" \/>\n<script type=\"application\/ld+json\" class=\"yoast-schema-graph\">{\"@context\":\"https:\/\/schema.org\",\"@graph\":[{\"@type\":\"WebPage\",\"@id\":\"https:\/\/fge.swebwp.oci.eu\/de\/startseite\/grenzganger\/deutschland-frankreich\/arbeitsrecht\/der-arbeitsvertrag\/das-arbeitentgelt\/\",\"url\":\"https:\/\/fge.swebwp.oci.eu\/de\/startseite\/grenzganger\/deutschland-frankreich\/arbeitsrecht\/der-arbeitsvertrag\/das-arbeitentgelt\/\",\"name\":\"Arbeitsentgelt in Frankreich: mindestlohn und gehaltsregelungen\",\"isPartOf\":{\"@id\":\"https:\/\/fge.swebwp.oci.eu\/de\/#website\"},\"datePublished\":\"2021-06-08T09:29:27+00:00\",\"dateModified\":\"2024-07-25T13:21:36+00:00\",\"description\":\"Die H\u00f6he des Arbeitsentgelts wird zwischen Ihnen und Ihrem Arbeitgeber bei der Aushandlung des Arbeitsvertrages frei festgelegt.\",\"breadcrumb\":{\"@id\":\"https:\/\/fge.swebwp.oci.eu\/de\/startseite\/grenzganger\/deutschland-frankreich\/arbeitsrecht\/der-arbeitsvertrag\/das-arbeitentgelt\/#breadcrumb\"},\"inLanguage\":\"de\",\"potentialAction\":[{\"@type\":\"ReadAction\",\"target\":[\"https:\/\/fge.swebwp.oci.eu\/de\/startseite\/grenzganger\/deutschland-frankreich\/arbeitsrecht\/der-arbeitsvertrag\/das-arbeitentgelt\/\"]}]},{\"@type\":\"BreadcrumbList\",\"@id\":\"https:\/\/fge.swebwp.oci.eu\/de\/startseite\/grenzganger\/deutschland-frankreich\/arbeitsrecht\/der-arbeitsvertrag\/das-arbeitentgelt\/#breadcrumb\",\"itemListElement\":[{\"@type\":\"ListItem\",\"position\":1,\"name\":\"Startseite\",\"item\":\"https:\/\/fge.swebwp.oci.eu\/de\/\"},{\"@type\":\"ListItem\",\"position\":2,\"name\":\"Grenzg\u00e4nger\",\"item\":\"https:\/\/fge.swebwp.oci.eu\/de\/startseite\/grenzganger\/\"},{\"@type\":\"ListItem\",\"position\":3,\"name\":\"Deutschland - Frankreich\",\"item\":\"https:\/\/fge.swebwp.oci.eu\/de\/startseite\/grenzganger\/deutschland-frankreich\/\"},{\"@type\":\"ListItem\",\"position\":4,\"name\":\"Arbeitsrecht\",\"item\":\"https:\/\/fge.swebwp.oci.eu\/de\/startseite\/grenzganger\/deutschland-frankreich\/arbeitsrecht\/\"},{\"@type\":\"ListItem\",\"position\":5,\"name\":\"Der Arbeitsvertrag\",\"item\":\"https:\/\/fge.swebwp.oci.eu\/de\/startseite\/grenzganger\/deutschland-frankreich\/arbeitsrecht\/der-arbeitsvertrag\/\"},{\"@type\":\"ListItem\",\"position\":6,\"name\":\"Das Arbeitentgelt\"}]},{\"@type\":\"WebSite\",\"@id\":\"https:\/\/fge.swebwp.oci.eu\/de\/#website\",\"url\":\"https:\/\/fge.swebwp.oci.eu\/de\/\",\"name\":\"Frontaliers Grand Est\",\"description\":\"Le site ressource du travail frontalier\",\"potentialAction\":[{\"@type\":\"SearchAction\",\"target\":{\"@type\":\"EntryPoint\",\"urlTemplate\":\"https:\/\/fge.swebwp.oci.eu\/de\/?s={search_term_string}\"},\"query-input\":{\"@type\":\"PropertyValueSpecification\",\"valueRequired\":true,\"valueName\":\"search_term_string\"}}],\"inLanguage\":\"de\"}]}<\/script>\n<!-- \/ Yoast SEO plugin. -->","yoast_head_json":{"title":"Arbeitsentgelt in Frankreich: mindestlohn und gehaltsregelungen","description":"Die H\u00f6he des Arbeitsentgelts wird zwischen Ihnen und Ihrem Arbeitgeber bei der Aushandlung des Arbeitsvertrages frei festgelegt.","robots":{"index":"noindex","follow":"follow","max-snippet":"max-snippet:-1","max-image-preview":"max-image-preview:large","max-video-preview":"max-video-preview:-1"},"og_locale":"de_DE","og_type":"article","og_title":"Arbeitsentgelt in Frankreich: mindestlohn und gehaltsregelungen","og_description":"Die H\u00f6he des Arbeitsentgelts wird zwischen Ihnen und Ihrem Arbeitgeber bei der Aushandlung des Arbeitsvertrages frei festgelegt.","og_url":"https:\/\/fge.swebwp.oci.eu\/de\/startseite\/grenzganger\/deutschland-frankreich\/arbeitsrecht\/der-arbeitsvertrag\/das-arbeitentgelt\/","og_site_name":"Frontaliers Grand Est","article_modified_time":"2024-07-25T13:21:36+00:00","twitter_card":"summary_large_image","twitter_misc":{"Gesch\u00e4tzte Lesezeit":"2\u00a0Minuten"},"schema":{"@context":"https:\/\/schema.org","@graph":[{"@type":"WebPage","@id":"https:\/\/fge.swebwp.oci.eu\/de\/startseite\/grenzganger\/deutschland-frankreich\/arbeitsrecht\/der-arbeitsvertrag\/das-arbeitentgelt\/","url":"https:\/\/fge.swebwp.oci.eu\/de\/startseite\/grenzganger\/deutschland-frankreich\/arbeitsrecht\/der-arbeitsvertrag\/das-arbeitentgelt\/","name":"Arbeitsentgelt in Frankreich: mindestlohn und gehaltsregelungen","isPartOf":{"@id":"https:\/\/fge.swebwp.oci.eu\/de\/#website"},"datePublished":"2021-06-08T09:29:27+00:00","dateModified":"2024-07-25T13:21:36+00:00","description":"Die H\u00f6he des Arbeitsentgelts wird zwischen Ihnen und Ihrem Arbeitgeber bei der Aushandlung des Arbeitsvertrages frei festgelegt.","breadcrumb":{"@id":"https:\/\/fge.swebwp.oci.eu\/de\/startseite\/grenzganger\/deutschland-frankreich\/arbeitsrecht\/der-arbeitsvertrag\/das-arbeitentgelt\/#breadcrumb"},"inLanguage":"de","potentialAction":[{"@type":"ReadAction","target":["https:\/\/fge.swebwp.oci.eu\/de\/startseite\/grenzganger\/deutschland-frankreich\/arbeitsrecht\/der-arbeitsvertrag\/das-arbeitentgelt\/"]}]},{"@type":"BreadcrumbList","@id":"https:\/\/fge.swebwp.oci.eu\/de\/startseite\/grenzganger\/deutschland-frankreich\/arbeitsrecht\/der-arbeitsvertrag\/das-arbeitentgelt\/#breadcrumb","itemListElement":[{"@type":"ListItem","position":1,"name":"Startseite","item":"https:\/\/fge.swebwp.oci.eu\/de\/"},{"@type":"ListItem","position":2,"name":"Grenzg\u00e4nger","item":"https:\/\/fge.swebwp.oci.eu\/de\/startseite\/grenzganger\/"},{"@type":"ListItem","position":3,"name":"Deutschland - Frankreich","item":"https:\/\/fge.swebwp.oci.eu\/de\/startseite\/grenzganger\/deutschland-frankreich\/"},{"@type":"ListItem","position":4,"name":"Arbeitsrecht","item":"https:\/\/fge.swebwp.oci.eu\/de\/startseite\/grenzganger\/deutschland-frankreich\/arbeitsrecht\/"},{"@type":"ListItem","position":5,"name":"Der Arbeitsvertrag","item":"https:\/\/fge.swebwp.oci.eu\/de\/startseite\/grenzganger\/deutschland-frankreich\/arbeitsrecht\/der-arbeitsvertrag\/"},{"@type":"ListItem","position":6,"name":"Das Arbeitentgelt"}]},{"@type":"WebSite","@id":"https:\/\/fge.swebwp.oci.eu\/de\/#website","url":"https:\/\/fge.swebwp.oci.eu\/de\/","name":"Frontaliers Grand Est","description":"Le site ressource du travail frontalier","potentialAction":[{"@type":"SearchAction","target":{"@type":"EntryPoint","urlTemplate":"https:\/\/fge.swebwp.oci.eu\/de\/?s={search_term_string}"},"query-input":{"@type":"PropertyValueSpecification","valueRequired":true,"valueName":"search_term_string"}}],"inLanguage":"de"}]}},"_links":{"self":[{"href":"https:\/\/fge.swebwp.oci.eu\/de\/wp-json\/wp\/v2\/pages\/8295","targetHints":{"allow":["GET"]}}],"collection":[{"href":"https:\/\/fge.swebwp.oci.eu\/de\/wp-json\/wp\/v2\/pages"}],"about":[{"href":"https:\/\/fge.swebwp.oci.eu\/de\/wp-json\/wp\/v2\/types\/page"}],"author":[{"embeddable":true,"href":"https:\/\/fge.swebwp.oci.eu\/de\/wp-json\/wp\/v2\/users\/7"}],"replies":[{"embeddable":true,"href":"https:\/\/fge.swebwp.oci.eu\/de\/wp-json\/wp\/v2\/comments?post=8295"}],"version-history":[{"count":1,"href":"https:\/\/fge.swebwp.oci.eu\/de\/wp-json\/wp\/v2\/pages\/8295\/revisions"}],"predecessor-version":[{"id":8296,"href":"https:\/\/fge.swebwp.oci.eu\/de\/wp-json\/wp\/v2\/pages\/8295\/revisions\/8296"}],"up":[{"embeddable":true,"href":"https:\/\/fge.swebwp.oci.eu\/de\/wp-json\/wp\/v2\/pages\/8250"}],"wp:attachment":[{"href":"https:\/\/fge.swebwp.oci.eu\/de\/wp-json\/wp\/v2\/media?parent=8295"}],"wp:term":[{"taxonomy":"frge_profile","embeddable":true,"href":"https:\/\/fge.swebwp.oci.eu\/de\/wp-json\/wp\/v2\/frge_profile?post=8295"}],"curies":[{"name":"wp","href":"https:\/\/api.w.org\/{rel}","templated":true}]}}