{"id":8287,"date":"2021-06-08T11:17:20","date_gmt":"2021-06-08T09:17:20","guid":{"rendered":"https:\/\/fge.swebwp.oci.eu\/?page_id=8287"},"modified":"2021-06-08T11:17:21","modified_gmt":"2021-06-08T09:17:21","slug":"sie-besitzen-einen-befristeten-arbeitsvertrag-cdd","status":"publish","type":"page","link":"https:\/\/fge.swebwp.oci.eu\/de\/startseite\/grenzganger\/deutschland-frankreich\/arbeitsrecht\/der-arbeitsvertrag\/sie-besitzen-einen-befristeten-arbeitsvertrag-cdd\/","title":{"rendered":"Sie besitzen einen befristeten Arbeitsvertrag (CDD)"},"content":{"rendered":"\n<h4 class=\"wp-block-heading\"><strong>Form des Arbeitsvertrages<\/strong><\/h4>\n\n\n\n<p>Ihr Arbeitsvertrag&nbsp;<strong>bedarf in jedem Fall der&nbsp;Schriftform<\/strong>&nbsp;und wird in zweifacher Ausfertigung unterschrieben, von denen eine Ihnen ausgeh\u00e4ndigt wird.<\/p>\n\n\n\n<p>Dieser Arbeitsvertrag<strong>&nbsp;muss Ihnen sp\u00e4testens 2 Tage nach Ihrer Einstellung ausgeh\u00e4ndigt werden.<\/strong>&nbsp;Ist dies nicht der Fall, kann er in einen unbefristeten Arbeitsvertrag umgewandelt werden.<\/p>\n\n\n\n<p><strong>Ihr befristeter Arbeitsvertrag muss zwingend folgende Angaben enthalten:<\/strong><\/p>\n\n\n\n<ul class=\"wp-block-list\"><li>den genauen Grund, weshalb der befristete Arbeitsvertrag geschlossen wurde<\/li><li>falls es sich um eine Vertretung eines Arbeitnehmers handelt: den Namen und die Qualifikationen des zu vertretenden Arbeitnehmers<\/li><li>die Bezeichnung des Arbeitsplatzes<\/li><li>die H\u00f6he des Arbeitsentgelts und die H\u00f6he der Entgeltbestandteile<\/li><li>das Vertragsende und die Mindestlaufzeit<\/li><li>gegebenenfalls die Dauer der Probezeit<\/li><li>eine Verl\u00e4ngerungsklausel f\u00fcr den Fall, dass dies vorgesehen und vertraglich vereinbart ist<\/li><li>die Bezeichnung des f\u00fcr Sie anwendbaren Tarifsvertrages<\/li><li>den Namen und die Adresse der Zusatzkasse<\/li><\/ul>\n\n\n\n<p><strong>Ein befristeter Arbeitsvertrag kann nur aufgrund eines Grundes der folgendenden Liste an Gr\u00fcnden geschlossen werden:<\/strong><\/p>\n\n\n\n<h5 class=\"wp-block-heading\"><strong>Als Ersatz f\u00fcr einen ausgefallenen Arbeitnehmer&nbsp;<\/strong><\/h5>\n\n\n\n<ul class=\"wp-block-list\"><li>Ersatz f\u00fcr einen an einem Arbeitsplatz ausgefallenen Arbeitnehmer (es sei denn, dieser bleibt wegen eines Streiks von seinem Arbeitsplatz fern)<\/li><li>Ersatz f\u00fcr einen Arbeitnehmer, der vor\u00fcbergehend in Teilzeit besch\u00e4ftigt ist<\/li><li>Ersatz f\u00fcr einen Arbeitnehmer, der einen unbefristeten Arbeitsvertrag erhalten hat und auf den Beginn seines Arbeitsvertrages wartet,<\/li><li>Ersatz f\u00fcr bestimmte Personen mit Verantwortung im Unternehmen<\/li><li>Bei endg\u00fcltigem Ausscheiden eines Arbeitnehmers vor dem Abbau seines Arbeitsplatzes<\/li><\/ul>\n\n\n\n<h5 class=\"wp-block-heading\"><strong>Bei vor\u00fcbergehend h\u00f6herer Gesch\u00e4ftst\u00e4tigkeit im Unternehmen (es sei denn, es gab im Betrieb im Laufe der vergangenen sechs Monate Entlassungen aus wirtschaftlichen Gr\u00fcnden)<\/strong><\/h5>\n\n\n\n<ul class=\"wp-block-list\"><li>vor\u00fcbergehende Erh\u00f6hung der Gesch\u00e4ftst\u00e4tigkeit<\/li><li>Aus\u00fcbung einer bestimmten nicht auf Dauer angelegten kurzfristigen T\u00e4tigkeit<\/li><li>Aus\u00fcbung dringender sicherheitsrelevanter T\u00e4tigkeiten<\/li><li>au\u00dferordentlicher Exportauftrag<\/li><\/ul>\n\n\n\n<p><strong>Bei Saisonarbeitspl\u00e4tzen oder wenn im Gesch\u00e4ftsbereich \u00fcblicherweise auf befristete Arbeitsverh\u00e4ltnisse zur\u00fcckzugriffen wird, weil die Besch\u00e4ftigunf zeitlich befriestet ist&nbsp;<\/strong><\/p>\n\n\n\n<h5 class=\"wp-block-heading\"><strong>Im Rahmen der Besch\u00e4ftigungspolitik oder auch als Erg\u00e4nzung f\u00fcr Berufsausbildung&nbsp;<\/strong><\/h5>\n\n\n\n<p>Ihr befristeter Arbeitsvertrag muss\u00a0<strong>zwingend\u00a0<\/strong>einen der vorhergenannten Gr\u00fcnde anf\u00fchren. Wenn Ihr befristeter Arbeitsvertrag aus einem anderen Grund geschlossen wird, kann er als unbefristeter Arbeitsvertrag eingestuft werden.<\/p>\n\n\n\n<h4 class=\"wp-block-heading\"><strong>Probezeit\u00a0<\/strong><\/h4>\n\n\n\n<p>Ihr befristeter Arbeitsvertrag kann eine Probezeit vorsehen.<strong>\u00a0<\/strong><\/p>\n\n\n\n<h5 class=\"wp-block-heading\"><strong>Die Dauer der Probezeit errechnet sich wie folgt:<\/strong><\/h5>\n\n\n\n<figure class=\"wp-block-table\"><table><tbody><tr><td><strong>befristetes Arbeitsverh\u00e4ltnis<\/strong><\/td><td><strong>Berechnung der Probezeit<\/strong><\/td><\/tr><tr><td>Befristung &lt; 6 Monate oder mit urspr\u00fcnglich vorgesehener Mindestlaufzeit &lt; 6 Monate<\/td><td>1 Tag pro Woche aber h\u00f6chstens 2 Wochen<\/td><\/tr><tr><td>Befristung &gt; 6 Monate oder mit urspr\u00fcnglich vorgesehener Mindestlaufzeit &gt; 6 Monate<\/td><td>1 Monat<\/td><\/tr><\/tbody><\/table><\/figure>\n\n\n\n<p>Wenn er den Vertrag w\u00e4hrend der Probezeit beenden will, muss der Arbeitgeber,\u00a0<strong>eine K\u00fcndigungsfrist von 24 Stunden f\u00fcr weniger als 8 Tage Anwesenheit, von 48 Stunden f\u00fcr mehr als 8 Tage Anwesenheit einhalten, von 2 Wochen f\u00fcr ein Monat\u00a0 Anwesenheit\u00a0<\/strong>und\u00a0<strong>von einem Monat f\u00fcr mehr als 3 Monate Anwesenheit.<\/strong><\/p>\n\n\n\n<h4 class=\"wp-block-heading\"><strong>Dauer des besfristeten Arbeitsvertrages\u00a0<\/strong><\/h4>\n\n\n\n<p>Der Arbeitsvertrag endet zum darin vorgesehenen Zeitpunkt oder Ereignis. Die Dauer eines befristeten Arbeitsvertrags darf grunds\u00e4tzlich<strong>\u00a0\u2013 einschlie\u00dflich der Verl\u00e4ngerung \u2013\u00a0<\/strong>nicht l\u00e4nger als\u00a0<strong>18 Monate<\/strong>\u00a0pro Arbeitnehmer betragen.<\/p>\n\n\n\n<h4 class=\"wp-block-heading\"><strong>Verl\u00e4ngerunf des befristeten Arbeitsvertrages<\/strong><\/h4>\n\n\n\n<p>Der Arbeitsvertrag&nbsp;<strong>kann nur zweimal f\u00fcr eine Gesamtdauer von grunds\u00e4tzlich h\u00f6chstens 18 Monaten&nbsp;<\/strong>und ausschlie\u00dflich bei einem Arbeitsvertrag, dessen Laufzeit genau bei Vertragsabschluss festgelegt wurde, verl\u00e4ngert werden.<\/p>\n\n\n\n<p>Ein befristeter Arbeitsvertrag kann nur verl\u00e4ngert werden,\u00a0<strong>wenn dies im urspr\u00fcnglichen Vertrag oder in einem Anhang zum Vertrag<\/strong>, der Ihnen vor dem urspr\u00fcnglichen Vertragsende ausgeh\u00e4ndigt wurde, vorgesehen ist.<\/p>\n\n\n\n<h4 class=\"wp-block-heading\"><strong>Folgeregelung<\/strong><\/h4>\n\n\n\n<p>Ihr Arbeitgeber kann nach Ablauf des befristeten Arbeitsvertrags f\u00fcr den gleichen Arbeitsplatz und f\u00fcr einen&nbsp;<strong>Zeitraum von einem Drittel der Dauer Ihres befristeten Arbeitsvertrages keinen weiteren befristeten Arbeitsvertrag abschlie\u00dfen oder einen Zeitarbeitnehmer einstellen.<\/strong><\/p>\n\n\n\n<p>Nach Ablauf Ihres befristeten Arbeitsvertrages k\u00f6nnen Sie und Ihr Arbeitgeber&nbsp;<strong>einen neuen befristeten Arbeitsvertrag abschlie\u00dfen,<\/strong>&nbsp;allerdings nur an einem anderen Arbeitsplatz und nachdem eine gewisse Zeitspanne vergangen ist.<\/p>\n\n\n\n<p>Wurde Ihr Arbeitsvertrag jedoch zur Vertretung eines aus Krankheitsgr\u00fcnden ausgefallenden Arbeitnehmers geschlossen, k\u00f6nnen aufeinanderfolgende befristete Arbeitsvertr\u00e4ge mit dem gleichen Arbeitnehmer geschlossen werden, auch\u00a0<strong>wenn diese Arbeitsvertr\u00e4ge genau befristet sind und ihre Gesamtlaufzeit mehr als 18 Monate betr\u00e4gt<\/strong>.<\/p>\n\n\n\n<h4 class=\"wp-block-heading\"><strong>Aufl\u00f6sung und Ende des Arbeitsvertrages<\/strong><\/h4>\n\n\n\n<p>Der Arbeitsvertrag&nbsp;<strong>endet rechtm\u00e4\u00dfig mit Eintreten der im Vertrag genannten Frist<\/strong>. Zus\u00e4tzlich zu einer Urlaubsentsch\u00e4digung haben Sie&nbsp;<strong>normalerweise Anspruch auf eine \u201cPr\u00e4karit\u00e4tsabfindung\u201d,<\/strong>&nbsp;wenn Ihr Arbeitgeber Ihnen nach Ablauf des befristeten Arbeitsvertrags keinen unbefristeten Arbeitsvertrag anbietet. Die H\u00f6he der Abfindung liegt be<strong>i 10% ihres Gesamtbruttoentgelts<\/strong>, das Sie w\u00e4hrend ihres befristeten Arbeitsvertrages bezogen haben.&nbsp; Sie muss Ihnen gleichzeitig mit Ihrem letzten Gehalt gezahlt werden.<\/p>\n\n\n\n<p>Der Arbeitsvertrag kann weder vom Arbeitgeber noch vom Arbeitnehmer vorzeitig beendet werden, es sei denn, es liegen schwerwiegende Gr\u00fcnde vor. In diesem Fall tritt die K\u00fcndigung unmittelbar (ohne K\u00fcndigungsfrist) in Kraft und&nbsp;<strong>Sie haben keinen Anspruch auf eine Abfindung wegen Vertragsbeendigung<\/strong>. Nu<strong>r die Urlaubsentsch\u00e4digung steht Ihnen zu.<\/strong><\/p>\n\n\n\n<p>Ihr befristeter Arbeitsvertrag kann aufgel\u00f6st werden, wenn der Grund f\u00fcr die Aufl\u00f6sung in der \u00dcbernahme in ein unbefristetes Arbeitsverh\u00e4ltnis in einem anderen Unternehmen liegt.<\/p>\n\n\n\n<h4 class=\"wp-block-heading\"><strong>Befristeter Arbeitsvertrag f\u00fcr \u00e4ltere Arbeitnehmer oder Arbeitnehmerinnen\u00a0<\/strong><\/h4>\n\n\n\n<p>Es handelt sich hierbei um eine Schwerpunktma\u00dfnahme f\u00fcr \u00e4ltere Arbeitnehmer(innen), deren Bedingungen im Dekret vom 28. August 2006 n\u00e4her erl\u00e4utert sind. Der befristete Arbeitsvertrag soll&nbsp;<strong>die R\u00fcckkehr zur Besch\u00e4ftigung f\u00fcr \u00e4ltere Arbeitnehmer(innen) erleichtern<\/strong>&nbsp;und ihnen zus\u00e4tzlich Anspr\u00fcche f\u00fcr die Erlangung der Altersrente erm\u00f6glichen.<\/p>\n\n\n\n<h5 class=\"wp-block-heading\"><strong>Anspruchsberechtigte:<\/strong><\/h5>\n\n\n\n<p>Dieser befristete Arbeitsvertrag ist f\u00fcr&nbsp;<strong>Arbeitssuchende bestimmt, die \u00e4lter als 57 Jahre&nbsp;sind,<\/strong>&nbsp;seit mehr als drei Monaten arbeitsuchend sind oder sich in einer pers\u00f6nlichen Umschulungsma\u00dfnahme (\u201econvention de reclassement personnalis\u00e9\u201c) befinden.<\/p>\n\n\n\n<h5 class=\"wp-block-heading\"><strong>Dauer:<\/strong><\/h5>\n\n\n\n<p>Die maximale Vertragslaufzeit betr\u00e4gt\u00a0<strong>18 Monate, welche einmal verl\u00e4ngert werden kann.<\/strong>\u00a0Der Vertrag endet zu einem bei Vertragsabschluss festzulegenden Termin. Die betroffenen Arbeitnehmer erhalten nach Vertragsende eine\u00a0<strong>Abfindung in H\u00f6he von 10 % ihres Gesamtbruttoentgelts.<\/strong><\/p>\n\n\n\n<h4 class=\"wp-block-heading\"><strong>Eine besondere Form des befristeten Arbeitsvertrages<\/strong><\/h4>\n\n\n\n<p>\u201eCDD \u00e0 objet d\u00e9fini\u201c oder \u201eCDD de mission\u201c (= ein an einen bestimmten Vertragsgegenstand gebundener befristeter Arbeitsvertrag). Unternehmen k\u00f6nnen nur dann auf diese Vertragsform zur\u00fcckgreifen<strong>, wenn eine erweiterte Branchenvereinbarung oder eine Betriebsvereinbarung abgeschlossen wurde.<\/strong><\/p>\n\n\n\n<p>Diese neue Vertragsform, die&nbsp;<strong>zwischen 18 und 36 Monaten dauern kann&nbsp;<\/strong>und die mit Erf\u00fcllung der festgelegten Aufgabe nach einer&nbsp;<strong>vorherigen Ank\u00fcndigungsfrist von mindestens 2 Monaten endet,<\/strong>&nbsp;kann gew\u00e4hlt werden, um Ingenieure oder leitende Angestellte (im Sinne der Tarifvereinbarungen) einzustellen. Der Vertrag ist nicht verl\u00e4ngerbar.<\/p>\n\n\n\n<p>Der Vertrag kann vor Ablauf vom Arbeitnehmer oder vom Arbeitgeber aus tats\u00e4chlichem und ernstem Grund nach 18 Monaten oder am Jahrestag seines Abschlusses aufgel\u00f6st werden.&nbsp;<strong>Der Arbeitnehmer hat Anspruch auf eine Abfindung in H\u00f6he von 10 % seines Gesamtbruttoentgelts,<\/strong>&nbsp;wenn der Arbeitgeber den Vertrag k\u00fcndigt oder wenn der Vertrag nach Ablauf nicht durch einen unbefristeten Arbeitsvertrag ersetzt wird.<\/p>\n","protected":false},"excerpt":{"rendered":"<p>Form des Arbeitsvertrages Ihr Arbeitsvertrag&nbsp;bedarf in jedem Fall der&nbsp;Schriftform&nbsp;und wird in zweifacher Ausfertigung unterschrieben, von denen eine Ihnen ausgeh\u00e4ndigt wird. Dieser Arbeitsvertrag&nbsp;muss Ihnen sp\u00e4testens 2 Tage nach Ihrer Einstellung ausgeh\u00e4ndigt werden.&nbsp;Ist dies nicht der Fall, kann er in einen unbefristeten Arbeitsvertrag umgewandelt werden. Ihr befristeter Arbeitsvertrag muss zwingend folgende Angaben enthalten: den genauen Grund, weshalb [&hellip;]<\/p>\n","protected":false},"author":7,"featured_media":0,"parent":8250,"menu_order":1,"comment_status":"closed","ping_status":"closed","template":"","meta":{"inline_featured_image":false,"footnotes":""},"frge_profile":[],"class_list":["post-8287","page","type-page","status-publish","hentry"],"yoast_head":"<!-- This site is optimized with the Yoast SEO plugin v25.0 - https:\/\/yoast.com\/wordpress\/plugins\/seo\/ -->\n<title>Sie besitzen einen befristeten Arbeitsvertrag (CDD) - Frontaliers Grand Est<\/title>\n<meta name=\"robots\" content=\"noindex, follow, max-snippet:-1, max-image-preview:large, max-video-preview:-1\" \/>\n<meta property=\"og:locale\" content=\"de_DE\" \/>\n<meta property=\"og:type\" content=\"article\" \/>\n<meta property=\"og:title\" content=\"Sie besitzen einen befristeten Arbeitsvertrag (CDD) - Frontaliers Grand Est\" \/>\n<meta property=\"og:description\" content=\"Form des Arbeitsvertrages Ihr Arbeitsvertrag&nbsp;bedarf in jedem Fall der&nbsp;Schriftform&nbsp;und wird in zweifacher Ausfertigung unterschrieben, von denen eine Ihnen ausgeh\u00e4ndigt wird. Dieser Arbeitsvertrag&nbsp;muss Ihnen sp\u00e4testens 2 Tage nach Ihrer Einstellung ausgeh\u00e4ndigt werden.&nbsp;Ist dies nicht der Fall, kann er in einen unbefristeten Arbeitsvertrag umgewandelt werden. Ihr befristeter Arbeitsvertrag muss zwingend folgende Angaben enthalten: den genauen Grund, weshalb [&hellip;]\" \/>\n<meta property=\"og:url\" content=\"https:\/\/fge.swebwp.oci.eu\/de\/startseite\/grenzganger\/deutschland-frankreich\/arbeitsrecht\/der-arbeitsvertrag\/sie-besitzen-einen-befristeten-arbeitsvertrag-cdd\/\" \/>\n<meta property=\"og:site_name\" content=\"Frontaliers Grand Est\" \/>\n<meta property=\"article:modified_time\" content=\"2021-06-08T09:17:21+00:00\" \/>\n<meta name=\"twitter:card\" content=\"summary_large_image\" \/>\n<meta name=\"twitter:label1\" content=\"Gesch\u00e4tzte Lesezeit\" \/>\n\t<meta name=\"twitter:data1\" content=\"5\u00a0Minuten\" \/>\n<script type=\"application\/ld+json\" class=\"yoast-schema-graph\">{\"@context\":\"https:\/\/schema.org\",\"@graph\":[{\"@type\":\"WebPage\",\"@id\":\"https:\/\/fge.swebwp.oci.eu\/de\/startseite\/grenzganger\/deutschland-frankreich\/arbeitsrecht\/der-arbeitsvertrag\/sie-besitzen-einen-befristeten-arbeitsvertrag-cdd\/\",\"url\":\"https:\/\/fge.swebwp.oci.eu\/de\/startseite\/grenzganger\/deutschland-frankreich\/arbeitsrecht\/der-arbeitsvertrag\/sie-besitzen-einen-befristeten-arbeitsvertrag-cdd\/\",\"name\":\"Sie besitzen einen befristeten Arbeitsvertrag (CDD) - Frontaliers Grand Est\",\"isPartOf\":{\"@id\":\"https:\/\/fge.swebwp.oci.eu\/de\/#website\"},\"datePublished\":\"2021-06-08T09:17:20+00:00\",\"dateModified\":\"2021-06-08T09:17:21+00:00\",\"breadcrumb\":{\"@id\":\"https:\/\/fge.swebwp.oci.eu\/de\/startseite\/grenzganger\/deutschland-frankreich\/arbeitsrecht\/der-arbeitsvertrag\/sie-besitzen-einen-befristeten-arbeitsvertrag-cdd\/#breadcrumb\"},\"inLanguage\":\"de\",\"potentialAction\":[{\"@type\":\"ReadAction\",\"target\":[\"https:\/\/fge.swebwp.oci.eu\/de\/startseite\/grenzganger\/deutschland-frankreich\/arbeitsrecht\/der-arbeitsvertrag\/sie-besitzen-einen-befristeten-arbeitsvertrag-cdd\/\"]}]},{\"@type\":\"BreadcrumbList\",\"@id\":\"https:\/\/fge.swebwp.oci.eu\/de\/startseite\/grenzganger\/deutschland-frankreich\/arbeitsrecht\/der-arbeitsvertrag\/sie-besitzen-einen-befristeten-arbeitsvertrag-cdd\/#breadcrumb\",\"itemListElement\":[{\"@type\":\"ListItem\",\"position\":1,\"name\":\"Startseite\",\"item\":\"https:\/\/fge.swebwp.oci.eu\/de\/\"},{\"@type\":\"ListItem\",\"position\":2,\"name\":\"Grenzg\u00e4nger\",\"item\":\"https:\/\/fge.swebwp.oci.eu\/de\/startseite\/grenzganger\/\"},{\"@type\":\"ListItem\",\"position\":3,\"name\":\"Deutschland - Frankreich\",\"item\":\"https:\/\/fge.swebwp.oci.eu\/de\/startseite\/grenzganger\/deutschland-frankreich\/\"},{\"@type\":\"ListItem\",\"position\":4,\"name\":\"Arbeitsrecht\",\"item\":\"https:\/\/fge.swebwp.oci.eu\/de\/startseite\/grenzganger\/deutschland-frankreich\/arbeitsrecht\/\"},{\"@type\":\"ListItem\",\"position\":5,\"name\":\"Der Arbeitsvertrag\",\"item\":\"https:\/\/fge.swebwp.oci.eu\/de\/startseite\/grenzganger\/deutschland-frankreich\/arbeitsrecht\/der-arbeitsvertrag\/\"},{\"@type\":\"ListItem\",\"position\":6,\"name\":\"Sie besitzen einen befristeten Arbeitsvertrag (CDD)\"}]},{\"@type\":\"WebSite\",\"@id\":\"https:\/\/fge.swebwp.oci.eu\/de\/#website\",\"url\":\"https:\/\/fge.swebwp.oci.eu\/de\/\",\"name\":\"Frontaliers Grand Est\",\"description\":\"Le site ressource du travail frontalier\",\"potentialAction\":[{\"@type\":\"SearchAction\",\"target\":{\"@type\":\"EntryPoint\",\"urlTemplate\":\"https:\/\/fge.swebwp.oci.eu\/de\/?s={search_term_string}\"},\"query-input\":{\"@type\":\"PropertyValueSpecification\",\"valueRequired\":true,\"valueName\":\"search_term_string\"}}],\"inLanguage\":\"de\"}]}<\/script>\n<!-- \/ Yoast SEO plugin. -->","yoast_head_json":{"title":"Sie besitzen einen befristeten Arbeitsvertrag (CDD) - Frontaliers Grand Est","robots":{"index":"noindex","follow":"follow","max-snippet":"max-snippet:-1","max-image-preview":"max-image-preview:large","max-video-preview":"max-video-preview:-1"},"og_locale":"de_DE","og_type":"article","og_title":"Sie besitzen einen befristeten Arbeitsvertrag (CDD) - Frontaliers Grand Est","og_description":"Form des Arbeitsvertrages Ihr Arbeitsvertrag&nbsp;bedarf in jedem Fall der&nbsp;Schriftform&nbsp;und wird in zweifacher Ausfertigung unterschrieben, von denen eine Ihnen ausgeh\u00e4ndigt wird. Dieser Arbeitsvertrag&nbsp;muss Ihnen sp\u00e4testens 2 Tage nach Ihrer Einstellung ausgeh\u00e4ndigt werden.&nbsp;Ist dies nicht der Fall, kann er in einen unbefristeten Arbeitsvertrag umgewandelt werden. Ihr befristeter Arbeitsvertrag muss zwingend folgende Angaben enthalten: den genauen Grund, weshalb [&hellip;]","og_url":"https:\/\/fge.swebwp.oci.eu\/de\/startseite\/grenzganger\/deutschland-frankreich\/arbeitsrecht\/der-arbeitsvertrag\/sie-besitzen-einen-befristeten-arbeitsvertrag-cdd\/","og_site_name":"Frontaliers Grand Est","article_modified_time":"2021-06-08T09:17:21+00:00","twitter_card":"summary_large_image","twitter_misc":{"Gesch\u00e4tzte Lesezeit":"5\u00a0Minuten"},"schema":{"@context":"https:\/\/schema.org","@graph":[{"@type":"WebPage","@id":"https:\/\/fge.swebwp.oci.eu\/de\/startseite\/grenzganger\/deutschland-frankreich\/arbeitsrecht\/der-arbeitsvertrag\/sie-besitzen-einen-befristeten-arbeitsvertrag-cdd\/","url":"https:\/\/fge.swebwp.oci.eu\/de\/startseite\/grenzganger\/deutschland-frankreich\/arbeitsrecht\/der-arbeitsvertrag\/sie-besitzen-einen-befristeten-arbeitsvertrag-cdd\/","name":"Sie besitzen einen befristeten Arbeitsvertrag (CDD) - Frontaliers Grand Est","isPartOf":{"@id":"https:\/\/fge.swebwp.oci.eu\/de\/#website"},"datePublished":"2021-06-08T09:17:20+00:00","dateModified":"2021-06-08T09:17:21+00:00","breadcrumb":{"@id":"https:\/\/fge.swebwp.oci.eu\/de\/startseite\/grenzganger\/deutschland-frankreich\/arbeitsrecht\/der-arbeitsvertrag\/sie-besitzen-einen-befristeten-arbeitsvertrag-cdd\/#breadcrumb"},"inLanguage":"de","potentialAction":[{"@type":"ReadAction","target":["https:\/\/fge.swebwp.oci.eu\/de\/startseite\/grenzganger\/deutschland-frankreich\/arbeitsrecht\/der-arbeitsvertrag\/sie-besitzen-einen-befristeten-arbeitsvertrag-cdd\/"]}]},{"@type":"BreadcrumbList","@id":"https:\/\/fge.swebwp.oci.eu\/de\/startseite\/grenzganger\/deutschland-frankreich\/arbeitsrecht\/der-arbeitsvertrag\/sie-besitzen-einen-befristeten-arbeitsvertrag-cdd\/#breadcrumb","itemListElement":[{"@type":"ListItem","position":1,"name":"Startseite","item":"https:\/\/fge.swebwp.oci.eu\/de\/"},{"@type":"ListItem","position":2,"name":"Grenzg\u00e4nger","item":"https:\/\/fge.swebwp.oci.eu\/de\/startseite\/grenzganger\/"},{"@type":"ListItem","position":3,"name":"Deutschland - Frankreich","item":"https:\/\/fge.swebwp.oci.eu\/de\/startseite\/grenzganger\/deutschland-frankreich\/"},{"@type":"ListItem","position":4,"name":"Arbeitsrecht","item":"https:\/\/fge.swebwp.oci.eu\/de\/startseite\/grenzganger\/deutschland-frankreich\/arbeitsrecht\/"},{"@type":"ListItem","position":5,"name":"Der Arbeitsvertrag","item":"https:\/\/fge.swebwp.oci.eu\/de\/startseite\/grenzganger\/deutschland-frankreich\/arbeitsrecht\/der-arbeitsvertrag\/"},{"@type":"ListItem","position":6,"name":"Sie besitzen einen befristeten Arbeitsvertrag (CDD)"}]},{"@type":"WebSite","@id":"https:\/\/fge.swebwp.oci.eu\/de\/#website","url":"https:\/\/fge.swebwp.oci.eu\/de\/","name":"Frontaliers Grand Est","description":"Le site ressource du travail frontalier","potentialAction":[{"@type":"SearchAction","target":{"@type":"EntryPoint","urlTemplate":"https:\/\/fge.swebwp.oci.eu\/de\/?s={search_term_string}"},"query-input":{"@type":"PropertyValueSpecification","valueRequired":true,"valueName":"search_term_string"}}],"inLanguage":"de"}]}},"_links":{"self":[{"href":"https:\/\/fge.swebwp.oci.eu\/de\/wp-json\/wp\/v2\/pages\/8287","targetHints":{"allow":["GET"]}}],"collection":[{"href":"https:\/\/fge.swebwp.oci.eu\/de\/wp-json\/wp\/v2\/pages"}],"about":[{"href":"https:\/\/fge.swebwp.oci.eu\/de\/wp-json\/wp\/v2\/types\/page"}],"author":[{"embeddable":true,"href":"https:\/\/fge.swebwp.oci.eu\/de\/wp-json\/wp\/v2\/users\/7"}],"replies":[{"embeddable":true,"href":"https:\/\/fge.swebwp.oci.eu\/de\/wp-json\/wp\/v2\/comments?post=8287"}],"version-history":[{"count":1,"href":"https:\/\/fge.swebwp.oci.eu\/de\/wp-json\/wp\/v2\/pages\/8287\/revisions"}],"predecessor-version":[{"id":8288,"href":"https:\/\/fge.swebwp.oci.eu\/de\/wp-json\/wp\/v2\/pages\/8287\/revisions\/8288"}],"up":[{"embeddable":true,"href":"https:\/\/fge.swebwp.oci.eu\/de\/wp-json\/wp\/v2\/pages\/8250"}],"wp:attachment":[{"href":"https:\/\/fge.swebwp.oci.eu\/de\/wp-json\/wp\/v2\/media?parent=8287"}],"wp:term":[{"taxonomy":"frge_profile","embeddable":true,"href":"https:\/\/fge.swebwp.oci.eu\/de\/wp-json\/wp\/v2\/frge_profile?post=8287"}],"curies":[{"name":"wp","href":"https:\/\/api.w.org\/{rel}","templated":true}]}}