{"id":8280,"date":"2021-06-08T10:12:08","date_gmt":"2021-06-08T08:12:08","guid":{"rendered":"https:\/\/fge.swebwp.oci.eu\/?page_id=8280"},"modified":"2024-07-25T14:24:08","modified_gmt":"2024-07-25T12:24:08","slug":"arbeitszeit-und-urlaubsregelung","status":"publish","type":"page","link":"https:\/\/fge.swebwp.oci.eu\/de\/startseite\/grenzganger\/deutschland-frankreich\/arbeitsrecht\/der-arbeitsvertrag\/arbeitszeit-und-urlaubsregelung\/","title":{"rendered":"Arbeitszeit und Urlaubsregelung"},"content":{"rendered":"\n<h3 class=\"wp-block-heading\"><strong>Arbeitszeit&nbsp;<\/strong><\/h3>\n\n\n\n<p>Nach franz\u00f6sischem Recht liegt die&nbsp;<strong>gesetzliche w\u00f6chentliche Arbeitszeit bei 35 Stunden&nbsp;<\/strong>(oder 1.607 Stunden im Jahr).&nbsp;<\/p>\n\n\n\n<h5 class=\"wp-block-heading\">Die&nbsp;maximale&nbsp;Arbeitszeit ist wie folgt festgelegt :<\/h5>\n\n\n\n<figure class=\"wp-block-table\"><table><tbody><tr><td class=\"has-text-align-left\" data-align=\"left\"><strong>Zeitraum<\/strong><\/td><td class=\"has-text-align-left\" data-align=\"left\"><strong>tats\u00e4chliche maximale Arbeitszeit<\/strong><\/td><td><strong>M\u00f6gliche Abweichungen<\/strong><\/td><\/tr><tr><td class=\"has-text-align-left\" data-align=\"left\"><strong>Tag<\/strong><\/td><td class=\"has-text-align-left\" data-align=\"left\">10 Stunden<\/td><td>Per Tarifvertrag oder Tarifvereinbarung kann die t\u00e4gliche maximale Arbeitszeit auf 12 Stunden ausgeweitet werden.<\/td><\/tr><tr><td class=\"has-text-align-left\" data-align=\"left\"><strong>Woche<\/strong><\/td><td class=\"has-text-align-left\" data-align=\"left\">48 Stunden<\/td><td>Per Tarifvertrag oder Tarifvereinbarung kann eine abweichende maximale Arbeitszeit festgelegt werden.<br>Bei vor\u00fcbergehend hohem Arbeitsanfall aufgrund au\u00dfergew\u00f6hnlicher Umst\u00e4nde<\/td><\/tr><tr><td class=\"has-text-align-left\" data-align=\"left\"><strong>Durchschnitt pro Woche w\u00e4hrend 12 aufeinander folgenden Wochen<\/strong><\/td><td class=\"has-text-align-left\" data-align=\"left\">44 Stunden<\/td><td>Ein Dekret kann nach Abschluss eines Tarifvertrages oder einer Tarifvereinbarung die maximale Arbeitszeit auf 46 Stunden anheben.<\/td><\/tr><\/tbody><\/table><\/figure>\n\n\n\n<p>Sie haben Anspruch auf mindestens&nbsp;<strong>20 Minuten Pause nach 6 Stunden tats\u00e4chlicher ununterbrochener Arbeitszeit<\/strong>. \u00dcberstunden oberhalb der gesetzlich festgelegten 35-Stunden-Woche werden mit Aufschlag verg\u00fctet.<\/p>\n\n\n\n<p>Leitende Angestellte sind von den<strong>&nbsp;vorgenannten Arbeitszeit- und Ruheregelungen ausgenommen.<\/strong><\/p>\n\n\n\n<h3 class=\"wp-block-heading\"><strong>Urlaubsanspr\u00fcche<\/strong><\/h3>\n\n\n\n<h4 class=\"wp-block-heading\"><strong>Jahresurlaub\u00a0<\/strong><\/h4>\n\n\n\n<p>Der Referenzzeitraum f\u00fcr die Wahrnehmung des Jahresurlaubs liegt zwischen dem 1. Juni des Vorjahres und dem 31. Mai des laufenden Jahres. Die Dauer des gesetzlichen Jahresurlaubs liegt<strong>&nbsp;bei 30 Werktagen (= 5 Wochen)&nbsp;pro vollst\u00e4ndig gearbeitetem Jahr, d.h. 2,5 Tage pro Arbeitsmonat.<\/strong><\/p>\n\n\n\n<p>Der Jahresurlaub muss normalerweise&nbsp;<strong>im Laufe des Jahres genommen werden<\/strong>&nbsp;(zwischen dem 1. Januar und dem 31. Dezember eines Jahres).<\/p>\n\n\n\n<h5 class=\"wp-block-heading\"><strong>Anmerkung:<\/strong>&nbsp;<\/h5>\n\n\n\n<p>Wenn Sie w\u00e4hrend Ihres Urlaubs krank werden, k\u00f6nnen Sie Ihre Abwesenheitszeit nicht verl\u00e4ngern. Jedoch best\u00e4tigt der oberste franz\u00f6sische Gerichtshof in einem j\u00fcngst gesprochenen Urteil das Recht auf Aufschub des Urlaubs im Krankheitsfall.<\/p>\n\n\n\n<p>Sie sind in jedem Falle gut beraten, wenn Sie Ihren Arbeitgeber mit einem \u00e4rztlichen Attest \u00fcber Ihre Krankheit informieren und sich mit ihm einigen.<br><strong>Wenn Sie einen befristeten Arbeitsvertrag haben oder Zeitarbeitnehmer sind, haben Sie Anspruch auf Urlaubsgeld, auch wenn Sie weniger als einen Monat gearbeitet haben<\/strong>. Die Abfindung liegt bei 10 %.<\/p>\n\n\n\n<h4 class=\"wp-block-heading\"><strong>Sonderurlaub aus famili\u00e4ren Gr\u00fcnden<\/strong><\/h4>\n\n\n\n<p><strong>Sie haben Anspruch auf Sonderurlaub aus pers\u00f6nlichen Gr\u00fcnden,&nbsp;<\/strong>vorausgesetzt er wird im zeitlichen Zusammenhang zum Eintritt des anspruchsbegr\u00fcndenden Ereignisses genommen:<\/p>\n\n\n\n<figure class=\"wp-block-table\"><table><tbody><tr><td>bei erstmaliger oder wiederholter Heirat<\/td><td><strong>4 Tage<\/strong><\/td><\/tr><tr><td>beim Tod des Ehepartners, des Lebenspartners, des Vaters, der Mutter, des Schwiegervaters, der Schwiegermutter, des Bruders oder der Schwester&nbsp;<\/td><td><strong>3 Tage<\/strong><\/td><\/tr><tr><td>bei Geburt oder Adoption eines Kindes<\/td><td><strong>3 Tage<\/strong><\/td><\/tr><tr><td>bei Heirat eines Kindes<\/td><td><strong>1 Tag<\/strong><\/td><\/tr><tr><td>bei Tod&nbsp;eines Kindes&nbsp;<\/td><td><strong>5 Tage<\/strong><\/td><\/tr><\/tbody><\/table><\/figure>\n\n\n\n<p><strong>Der Tarifvertrag kann gegebenenfalls g\u00fcnstigere Regelungen enthalten.<\/strong><\/p>\n\n\n\n<h4 class=\"wp-block-heading\"><strong>Mutterschaft-oder Vaterschaftsurlaub&nbsp;<\/strong><\/h4>\n\n\n\n<p>Eine schwangere Arbeitnehmerin&nbsp;hat in Frankreich&nbsp;<strong>Anspruch auf Mutterschaftsurlaub von mindestens 16 Wochen.<\/strong><\/p>\n\n\n\n<p>Der Vater&nbsp;hat ungeachtet der Dauer seiner Betriebszugeh\u00f6rigkeit&nbsp;<strong>Anspruch auf 11 aufeinander folgende Urlaubstage,&nbsp;<\/strong>die bis 4 Monate nach der Geburt des Kindes zu nehmen sind. Der Arbeitgeber ist dar\u00fcber vorsichtshalber&nbsp;<strong>einen Monat im Voraus zu informieren<\/strong>. Wir empfehlen, Ihren Arbeitgeber per Einschreiben&nbsp;mit R\u00fcckantwort dar\u00fcber zu informieren.&nbsp;Ablehnen kann der Arbeitgeber den Urlaub jedoch nicht.<\/p>\n\n\n\n<p>Falls Sie n\u00e4here Ausk\u00fcnfte w\u00fcnschen, lesen Sie bitte in unserem Merkblatt zum Mutterschutz nach oder erkundigen Sie sich bei Ihrer Krankenkasse.<\/p>\n\n\n\n<h4 class=\"wp-block-heading\"><strong>Erziehungsurlaub&nbsp;<\/strong><\/h4>\n\n\n\n<p>Nach dem Mutterschaftsurlaub (oder der Adoption)&nbsp;<strong>k\u00f6nnen der Vater oder die Mutter, die mindestens ein Jahr im Betrieb besch\u00e4ftigt ist<\/strong>,<\/p>\n\n\n\n<ul class=\"wp-block-list\"><li><em>einen unbezahlten Elternurlaub (Vollzeiturlaub) beantragen oder<\/em><\/li><li><em>w\u00e4hrend mindestens 16 Stunden\/Woche in Teilzeit arbeiten.<\/em><\/li><\/ul>\n\n\n\n<h5 class=\"wp-block-heading\"><strong>Formalit\u00e4ten:<\/strong><\/h5>\n\n\n\n<ul class=\"wp-block-list\"><li><strong>Schlie\u00dft sich der Elternurlaub unmittelbar an den Mutterschaftsurlaub (oder die Adoption) an:<\/strong>&nbsp;per Einschreiben mit R\u00fcckantwort einen Monat vor dem Ende des Mutterschaftsurlaubs (oder der Adoption).<\/li><li><strong>Andernfalls&nbsp;<\/strong>per Einschreiben mit R\u00fcckantwort zwei Monate vor beabsichtigtem Beginn des Erziehungsurlaubs.<\/li><li><strong>Verl\u00e4ngerung des Erziehungsurlaubs&nbsp;<\/strong>per Einschreiben mit R\u00fcckantwort einen Monat vor urspr\u00fcnglich vorgesehenem Ende des Erziehungsurlaubs.<\/li><\/ul>\n\n\n\n<p><strong>Dauer des Erziehungsurlaubs:<\/strong>&nbsp;<strong>ein Jahr und zweimalige Verl\u00e4ngerungsm\u00f6glichkeit<\/strong>. Der Erziehungsurlaub muss sp\u00e4testens am dritten Geburtstag des Kindes oder \u2013 bei Adoption \u2013 am dritten Jahrestag der Ankunft des Kindes im Haushalt enden.<\/p>\n\n\n\n<p><strong>Auswirkung auf den Arbeitsvertrag:<\/strong>&nbsp;der Arbeitsvertrag ruht w\u00e4hrend degesamten Dauer des Vollzeiterziehungsurlaubs.<strong>&nbsp;Sie erhalten keinerlei Arbeitsentgelt oder Entsch\u00e4digung.<\/strong>&nbsp;Sie erhalten w\u00e4hrend des Vollzeitelternurlaubs weiterhin Sachleistungen aus der Krankenversicherung, jedoch keine Geldleistungen. Die Dauer des Vollzeiterziehungsurlaubs geht in die Berechnung der Rentenversicherung ein<strong>. Die Dauer wird zur H\u00e4lfte bei der Berechnung der Versicherungszeiten ber\u00fccksichtigt.<\/strong><\/p>\n\n\n\n<h4 class=\"wp-block-heading\"><strong>Urlaub aus famili\u00e4ren Gr\u00fcnden<\/strong><\/h4>\n\n\n\n<p>Sie haben Anspruch auf&nbsp;<strong>unbezahlten Sonderurlaub, wenn nach schwerer Krankheit oder Unfall Ihres h\u00f6chstens 16 Jahre alten Kindes<\/strong>&nbsp;Ihre Anwesenheit beim Kind erforderlich ist.<\/p>\n\n\n\n<p>Als Nachweis bedarf es eines&nbsp;<strong>\u00e4rztlichen Attests,<\/strong>&nbsp;auf dem vermerkt ist, dass die Anwesenheit eines Elternteils erforderlich ist.<strong>&nbsp;Dieses Attest muss dem Arbeitgeber ab dem ersten Tag Ihrer Abwesenheit von der Arbeitsstelle vorliegen.<\/strong><\/p>\n\n\n\n<p>Der Urlaub ist jedoch zeitlich&nbsp;<strong>beschr\u00e4nkt: 3 Tage pro Jahr und Kind<\/strong>.Die maximale Urlaubsdauer erh\u00f6ht sich&nbsp;<strong>auf 5 Tage, wenn das Kind j\u00fcnger als ein Jahr alt ist oder wenn Sie f\u00fcr mindestens drei Kinder unter 16 Jahren erziehungsberechtigt sind.<\/strong><\/p>\n\n\n\n<p><strong>Der Urlaub ist unbezahlt<\/strong>, es sei denn der Tarifvertrag regelt eine Bezahlung. Wenn der Arbeitsort in der Region Elsass-Mosel liegt, kann der Urlaub unter bestimmten Voraussetzungen bezahlt sein.<\/p>\n\n\n\n<p><strong>Tarifvertraglich k\u00f6nnen g\u00fcnstigere Regelungen vereinbart sein.<\/strong><\/p>\n\n\n\n<h4 class=\"wp-block-heading\"><strong>Weiter Urlaubsanspr\u00fcche&nbsp;<\/strong><\/h4>\n\n\n\n<h5 class=\"wp-block-heading\"><strong>Dar\u00fcber hinaus haben Sie Anspruch auf:<\/strong><\/h5>\n\n\n\n<ul class=\"wp-block-list\"><li><strong>Elternanwesenheitsurlaub&nbsp;<\/strong>(h\u00f6chstens 310 Werktage in einem Zeitraum von 3 Jahren) bei schwerer Krankheit des unter 20-j\u00e4hrigen Kindes, die eine intensive Anwesenheit oder zwingende Pflege unabdinglich macht.&nbsp;<strong>Es bedarf eines \u00e4rztlichen Attests.<\/strong>&nbsp;Der Arbeitgeber kann den Urlaubsantrag nicht ablehnen, sofern alle Voraussetzungen von Ihnen erf\u00fcllt werden. Sie erhalten ein von der Familienkasse bezahltes Tagegeld in H\u00f6he von<strong>&nbsp;43,70 \u20ac f\u00fcr ein Ehepaar und 51,92 \u20ac f\u00fcr einen Alleinstehenden&nbsp;<\/strong>(Bruttobetr\u00e4ge 2019).<\/li><li><strong>Urlaub f\u00fcr Familienunterst\u00fctzung&nbsp;<\/strong>(seit 1. Januar 2007): dabei handelt es sich um&nbsp;<strong>einen unbezahlten Urlaub von drei Monaten<\/strong>, der verl\u00e4ngert werden kann, aber auf maximal ein Jahr beschr\u00e4nkt ist. Er ist f\u00fcr Arbeitnehmer gedacht, die sich um einen Angeh\u00f6rigen mit Behinderung oder erheblich eingeschr\u00e4nkter Autonomie k\u00fcmmern m\u00f6chten. Der Arbeitnehmer muss mindestens 2 Jahre lang im Betrieb besch\u00e4ftigt gewesen sein, um Anspruch auf diese Form des Urlaubs zu haben.<\/li><li><strong>Urlaub f\u00fcr die Sterbebegleitung eines Familienangeh\u00f6rigen<\/strong>&nbsp;(h\u00f6chstens 3 Monate, einmal erneuerbar), wenn ein Arbeitnehmer se<strong>inen Vater, seine Mutter oder sein Kind in der letzten Lebensphase begleiten m\u00f6chte<\/strong>. Unter gewissen Voraussetzungen ist es m\u00f6glich, e<strong>in Tagesgeld in H\u00f6he von 56,10 \u20ac (2019) f\u00fcr l\u00e4ngstens 21 Tage zu bekommen<\/strong>. Der Urlaub kann, mit Zustimmung des Arbeitgebers, aufgespaltet werden. Dem Arbeitgeber muss, sofern kein Notfall vorliegt, 2 Wochen vor Beginn des Urlaubs ein \u00e4rztliches Attest vorgelegt werden. Au\u00dferdem muss der Arbeitnehmer den Arbeitgeber sp\u00e4testens 48 Stunden bevor er den Urlaub nehmen m\u00f6chte dar\u00fcber informieren.<\/li><li><strong>Urlaub f\u00fcr die Betreuung eines erkrankten Kindes<\/strong>, wenn dies im Tarifvertrag vorgesehen ist.<\/li><li><strong>Urlaub f\u00fcr eine Firmengr\u00fcndung<\/strong>&nbsp;f\u00fcr ein Jahr mit Verl\u00e4ngerungsm\u00f6glichkeit.<\/li><li><strong>Urlaub f\u00fcr ein unbezahltes \u201eSabbatjahr\u201c<\/strong>&nbsp;von&nbsp;<strong>mindestens 6 Monaten und l\u00e4ngstens 11 Monaten,<\/strong><\/li><li><strong>Unbezahlter Urlaub aus pers\u00f6nlichen Gr\u00fcnden<\/strong>: dieser ist nicht gesetzlich geregelt. Der Arbeitgeber kann einen entsprechenden Antrag ablehnen. Jedoch ist diese M\u00f6glichkeit&nbsp; manchmal in Tarifvertr\u00e4gen vorgesehen.<\/li><\/ul>\n\n\n\n<p>Je nach Art des beantragten Urlaubs ist eine Zustimmung Ihres Arbeitgebers und eine Mindestbetriebszugeh\u00f6rigkeit mitunter erforderlich. F\u00fcr weitere Ausk\u00fcnfte stehen Ihnen die EURES-Berater gern zur Verf\u00fcgung.<\/p>\n\n\n\n<h3 class=\"wp-block-heading\"><strong>Feiertage<\/strong><\/h3>\n\n\n\n<h5 class=\"wp-block-heading\"><strong>Es gibt in Frankreich 11 gesetzliche Feiertage:<\/strong><\/h5>\n\n\n\n<ul class=\"wp-block-list\"><li>1. Januar (Neujahr),<\/li><li>Ostermontag,<\/li><li>1. Mai (Tag der Arbeit),<\/li><li>8. Mai (Waffenstillstand 1945),<\/li><li>Christi Himmelfahrt,<\/li><li>Pfingstmontag,<\/li><li>14. Juli (Nationalfeiertag),<\/li><li>15. August (Maria Himmelfahrt),<\/li><li>1. November (Allerheiligen),<\/li><li>11. November (Waffenstillstand 1918),<\/li><li>25. Dezember (Weihnachten).<\/li><\/ul>\n\n\n\n<p>In der Region Elsass und im Departement Moselle ist dar\u00fcber hinaus&nbsp;<strong>der 2. Weihnachtstag (26. Dezember) ein Feiertag<\/strong>, ebenso der Karfreitag in den Gemeinden (des Arbeitsortes), in denen es eine protestantische Kirche oder eine Kirche f\u00fcr beide Konfessionen gibt.<\/p>\n\n\n\n<p>Wird am Feiertag gearbeitet, gibt es keinen Anspruch auf Lohnzulage, es sei denn es gibt einen anderslautenden Tarifvertrag.<\/p>\n\n\n\n<h4 class=\"wp-block-heading\"><strong>Der \u201eSolidarit\u00e4tstag\u201c und der Pfingstmontag<\/strong><\/h4>\n\n\n\n<p>Mit dem Gesetz vom 30. Juni 2004 wurde&nbsp;<strong>ein \u201eSolidarit\u00e4tstag\u201c&nbsp;<\/strong>eingef\u00fchrt mit dem Ziel, Ma\u00dfnahmen f\u00fcr pflegebed\u00fcrftige \u00e4ltere Menschen und Behinderte zu finanzieren. So ist der Pfingstmontag in den Unternehmen ein Arbeitstag, es sei denn eine Branchen- oder Tarifvereinbarung regelt, dass dies ein anderer Tag im Jahr sein soll (s. Gesetz Nr. 2008-351 v. 16. April 2008).<strong>&nbsp;F\u00fcr die Arbeitnehmer bedeutet dies also einen zus\u00e4tzlichen, nicht bezahlten Arbeitstag.<\/strong><\/p>\n","protected":false},"excerpt":{"rendered":"<p>Arbeitszeit&nbsp; Nach franz\u00f6sischem Recht liegt die&nbsp;gesetzliche w\u00f6chentliche Arbeitszeit bei 35 Stunden&nbsp;(oder 1.607 Stunden im Jahr).&nbsp; Die&nbsp;maximale&nbsp;Arbeitszeit ist wie folgt festgelegt : Zeitraum tats\u00e4chliche maximale Arbeitszeit M\u00f6gliche Abweichungen Tag 10 Stunden Per Tarifvertrag oder Tarifvereinbarung kann die t\u00e4gliche maximale Arbeitszeit auf 12 Stunden ausgeweitet werden. Woche 48 Stunden Per Tarifvertrag oder Tarifvereinbarung kann eine abweichende maximale [&hellip;]<\/p>\n","protected":false},"author":7,"featured_media":0,"parent":8250,"menu_order":0,"comment_status":"closed","ping_status":"closed","template":"","meta":{"inline_featured_image":false,"footnotes":""},"frge_profile":[],"class_list":["post-8280","page","type-page","status-publish","hentry"],"yoast_head":"<!-- This site is optimized with the Yoast SEO plugin v25.0 - https:\/\/yoast.com\/wordpress\/plugins\/seo\/ -->\n<title>Arbeitszeit und urlaubsregelung in Frankreich: gesetze und anspr\u00fcche<\/title>\n<meta name=\"description\" content=\"Nach franz\u00f6sischem Recht liegt die gesetzliche w\u00f6chentliche Arbeitszeit bei 35 Stunden (oder 1.607 Stunden im Jahr).\" \/>\n<meta name=\"robots\" content=\"noindex, follow, max-snippet:-1, max-image-preview:large, max-video-preview:-1\" \/>\n<meta property=\"og:locale\" content=\"de_DE\" \/>\n<meta property=\"og:type\" content=\"article\" \/>\n<meta property=\"og:title\" content=\"Arbeitszeit und urlaubsregelung in Frankreich: gesetze und anspr\u00fcche\" \/>\n<meta property=\"og:description\" content=\"Nach franz\u00f6sischem Recht liegt die gesetzliche w\u00f6chentliche Arbeitszeit bei 35 Stunden (oder 1.607 Stunden im Jahr).\" \/>\n<meta property=\"og:url\" content=\"https:\/\/fge.swebwp.oci.eu\/de\/startseite\/grenzganger\/deutschland-frankreich\/arbeitsrecht\/der-arbeitsvertrag\/arbeitszeit-und-urlaubsregelung\/\" \/>\n<meta property=\"og:site_name\" content=\"Frontaliers Grand Est\" \/>\n<meta property=\"article:modified_time\" content=\"2024-07-25T12:24:08+00:00\" \/>\n<meta name=\"twitter:card\" content=\"summary_large_image\" \/>\n<meta name=\"twitter:label1\" content=\"Gesch\u00e4tzte Lesezeit\" \/>\n\t<meta name=\"twitter:data1\" content=\"7\u00a0Minuten\" \/>\n<script type=\"application\/ld+json\" class=\"yoast-schema-graph\">{\"@context\":\"https:\/\/schema.org\",\"@graph\":[{\"@type\":\"WebPage\",\"@id\":\"https:\/\/fge.swebwp.oci.eu\/de\/startseite\/grenzganger\/deutschland-frankreich\/arbeitsrecht\/der-arbeitsvertrag\/arbeitszeit-und-urlaubsregelung\/\",\"url\":\"https:\/\/fge.swebwp.oci.eu\/de\/startseite\/grenzganger\/deutschland-frankreich\/arbeitsrecht\/der-arbeitsvertrag\/arbeitszeit-und-urlaubsregelung\/\",\"name\":\"Arbeitszeit und urlaubsregelung in Frankreich: gesetze und anspr\u00fcche\",\"isPartOf\":{\"@id\":\"https:\/\/fge.swebwp.oci.eu\/de\/#website\"},\"datePublished\":\"2021-06-08T08:12:08+00:00\",\"dateModified\":\"2024-07-25T12:24:08+00:00\",\"description\":\"Nach franz\u00f6sischem Recht liegt die gesetzliche w\u00f6chentliche Arbeitszeit bei 35 Stunden (oder 1.607 Stunden im Jahr).\",\"breadcrumb\":{\"@id\":\"https:\/\/fge.swebwp.oci.eu\/de\/startseite\/grenzganger\/deutschland-frankreich\/arbeitsrecht\/der-arbeitsvertrag\/arbeitszeit-und-urlaubsregelung\/#breadcrumb\"},\"inLanguage\":\"de\",\"potentialAction\":[{\"@type\":\"ReadAction\",\"target\":[\"https:\/\/fge.swebwp.oci.eu\/de\/startseite\/grenzganger\/deutschland-frankreich\/arbeitsrecht\/der-arbeitsvertrag\/arbeitszeit-und-urlaubsregelung\/\"]}]},{\"@type\":\"BreadcrumbList\",\"@id\":\"https:\/\/fge.swebwp.oci.eu\/de\/startseite\/grenzganger\/deutschland-frankreich\/arbeitsrecht\/der-arbeitsvertrag\/arbeitszeit-und-urlaubsregelung\/#breadcrumb\",\"itemListElement\":[{\"@type\":\"ListItem\",\"position\":1,\"name\":\"Startseite\",\"item\":\"https:\/\/fge.swebwp.oci.eu\/de\/\"},{\"@type\":\"ListItem\",\"position\":2,\"name\":\"Grenzg\u00e4nger\",\"item\":\"https:\/\/fge.swebwp.oci.eu\/de\/startseite\/grenzganger\/\"},{\"@type\":\"ListItem\",\"position\":3,\"name\":\"Deutschland - Frankreich\",\"item\":\"https:\/\/fge.swebwp.oci.eu\/de\/startseite\/grenzganger\/deutschland-frankreich\/\"},{\"@type\":\"ListItem\",\"position\":4,\"name\":\"Arbeitsrecht\",\"item\":\"https:\/\/fge.swebwp.oci.eu\/de\/startseite\/grenzganger\/deutschland-frankreich\/arbeitsrecht\/\"},{\"@type\":\"ListItem\",\"position\":5,\"name\":\"Der Arbeitsvertrag\",\"item\":\"https:\/\/fge.swebwp.oci.eu\/de\/startseite\/grenzganger\/deutschland-frankreich\/arbeitsrecht\/der-arbeitsvertrag\/\"},{\"@type\":\"ListItem\",\"position\":6,\"name\":\"Arbeitszeit und Urlaubsregelung\"}]},{\"@type\":\"WebSite\",\"@id\":\"https:\/\/fge.swebwp.oci.eu\/de\/#website\",\"url\":\"https:\/\/fge.swebwp.oci.eu\/de\/\",\"name\":\"Frontaliers Grand Est\",\"description\":\"Le site ressource du travail frontalier\",\"potentialAction\":[{\"@type\":\"SearchAction\",\"target\":{\"@type\":\"EntryPoint\",\"urlTemplate\":\"https:\/\/fge.swebwp.oci.eu\/de\/?s={search_term_string}\"},\"query-input\":{\"@type\":\"PropertyValueSpecification\",\"valueRequired\":true,\"valueName\":\"search_term_string\"}}],\"inLanguage\":\"de\"}]}<\/script>\n<!-- \/ Yoast SEO plugin. -->","yoast_head_json":{"title":"Arbeitszeit und urlaubsregelung in Frankreich: gesetze und anspr\u00fcche","description":"Nach franz\u00f6sischem Recht liegt die gesetzliche w\u00f6chentliche Arbeitszeit bei 35 Stunden (oder 1.607 Stunden im Jahr).","robots":{"index":"noindex","follow":"follow","max-snippet":"max-snippet:-1","max-image-preview":"max-image-preview:large","max-video-preview":"max-video-preview:-1"},"og_locale":"de_DE","og_type":"article","og_title":"Arbeitszeit und urlaubsregelung in Frankreich: gesetze und anspr\u00fcche","og_description":"Nach franz\u00f6sischem Recht liegt die gesetzliche w\u00f6chentliche Arbeitszeit bei 35 Stunden (oder 1.607 Stunden im Jahr).","og_url":"https:\/\/fge.swebwp.oci.eu\/de\/startseite\/grenzganger\/deutschland-frankreich\/arbeitsrecht\/der-arbeitsvertrag\/arbeitszeit-und-urlaubsregelung\/","og_site_name":"Frontaliers Grand Est","article_modified_time":"2024-07-25T12:24:08+00:00","twitter_card":"summary_large_image","twitter_misc":{"Gesch\u00e4tzte Lesezeit":"7\u00a0Minuten"},"schema":{"@context":"https:\/\/schema.org","@graph":[{"@type":"WebPage","@id":"https:\/\/fge.swebwp.oci.eu\/de\/startseite\/grenzganger\/deutschland-frankreich\/arbeitsrecht\/der-arbeitsvertrag\/arbeitszeit-und-urlaubsregelung\/","url":"https:\/\/fge.swebwp.oci.eu\/de\/startseite\/grenzganger\/deutschland-frankreich\/arbeitsrecht\/der-arbeitsvertrag\/arbeitszeit-und-urlaubsregelung\/","name":"Arbeitszeit und urlaubsregelung in Frankreich: gesetze und anspr\u00fcche","isPartOf":{"@id":"https:\/\/fge.swebwp.oci.eu\/de\/#website"},"datePublished":"2021-06-08T08:12:08+00:00","dateModified":"2024-07-25T12:24:08+00:00","description":"Nach franz\u00f6sischem Recht liegt die gesetzliche w\u00f6chentliche Arbeitszeit bei 35 Stunden (oder 1.607 Stunden im Jahr).","breadcrumb":{"@id":"https:\/\/fge.swebwp.oci.eu\/de\/startseite\/grenzganger\/deutschland-frankreich\/arbeitsrecht\/der-arbeitsvertrag\/arbeitszeit-und-urlaubsregelung\/#breadcrumb"},"inLanguage":"de","potentialAction":[{"@type":"ReadAction","target":["https:\/\/fge.swebwp.oci.eu\/de\/startseite\/grenzganger\/deutschland-frankreich\/arbeitsrecht\/der-arbeitsvertrag\/arbeitszeit-und-urlaubsregelung\/"]}]},{"@type":"BreadcrumbList","@id":"https:\/\/fge.swebwp.oci.eu\/de\/startseite\/grenzganger\/deutschland-frankreich\/arbeitsrecht\/der-arbeitsvertrag\/arbeitszeit-und-urlaubsregelung\/#breadcrumb","itemListElement":[{"@type":"ListItem","position":1,"name":"Startseite","item":"https:\/\/fge.swebwp.oci.eu\/de\/"},{"@type":"ListItem","position":2,"name":"Grenzg\u00e4nger","item":"https:\/\/fge.swebwp.oci.eu\/de\/startseite\/grenzganger\/"},{"@type":"ListItem","position":3,"name":"Deutschland - Frankreich","item":"https:\/\/fge.swebwp.oci.eu\/de\/startseite\/grenzganger\/deutschland-frankreich\/"},{"@type":"ListItem","position":4,"name":"Arbeitsrecht","item":"https:\/\/fge.swebwp.oci.eu\/de\/startseite\/grenzganger\/deutschland-frankreich\/arbeitsrecht\/"},{"@type":"ListItem","position":5,"name":"Der Arbeitsvertrag","item":"https:\/\/fge.swebwp.oci.eu\/de\/startseite\/grenzganger\/deutschland-frankreich\/arbeitsrecht\/der-arbeitsvertrag\/"},{"@type":"ListItem","position":6,"name":"Arbeitszeit und Urlaubsregelung"}]},{"@type":"WebSite","@id":"https:\/\/fge.swebwp.oci.eu\/de\/#website","url":"https:\/\/fge.swebwp.oci.eu\/de\/","name":"Frontaliers Grand Est","description":"Le site ressource du travail frontalier","potentialAction":[{"@type":"SearchAction","target":{"@type":"EntryPoint","urlTemplate":"https:\/\/fge.swebwp.oci.eu\/de\/?s={search_term_string}"},"query-input":{"@type":"PropertyValueSpecification","valueRequired":true,"valueName":"search_term_string"}}],"inLanguage":"de"}]}},"_links":{"self":[{"href":"https:\/\/fge.swebwp.oci.eu\/de\/wp-json\/wp\/v2\/pages\/8280","targetHints":{"allow":["GET"]}}],"collection":[{"href":"https:\/\/fge.swebwp.oci.eu\/de\/wp-json\/wp\/v2\/pages"}],"about":[{"href":"https:\/\/fge.swebwp.oci.eu\/de\/wp-json\/wp\/v2\/types\/page"}],"author":[{"embeddable":true,"href":"https:\/\/fge.swebwp.oci.eu\/de\/wp-json\/wp\/v2\/users\/7"}],"replies":[{"embeddable":true,"href":"https:\/\/fge.swebwp.oci.eu\/de\/wp-json\/wp\/v2\/comments?post=8280"}],"version-history":[{"count":4,"href":"https:\/\/fge.swebwp.oci.eu\/de\/wp-json\/wp\/v2\/pages\/8280\/revisions"}],"predecessor-version":[{"id":8851,"href":"https:\/\/fge.swebwp.oci.eu\/de\/wp-json\/wp\/v2\/pages\/8280\/revisions\/8851"}],"up":[{"embeddable":true,"href":"https:\/\/fge.swebwp.oci.eu\/de\/wp-json\/wp\/v2\/pages\/8250"}],"wp:attachment":[{"href":"https:\/\/fge.swebwp.oci.eu\/de\/wp-json\/wp\/v2\/media?parent=8280"}],"wp:term":[{"taxonomy":"frge_profile","embeddable":true,"href":"https:\/\/fge.swebwp.oci.eu\/de\/wp-json\/wp\/v2\/frge_profile?post=8280"}],"curies":[{"name":"wp","href":"https:\/\/api.w.org\/{rel}","templated":true}]}}