{"id":8255,"date":"2021-06-07T16:22:13","date_gmt":"2021-06-07T14:22:13","guid":{"rendered":"https:\/\/fge.swebwp.oci.eu\/?page_id=8255"},"modified":"2021-06-08T12:19:12","modified_gmt":"2021-06-08T10:19:12","slug":"behinderung-und-arbeit-in-frankreich","status":"publish","type":"page","link":"https:\/\/fge.swebwp.oci.eu\/de\/startseite\/grenzganger\/deutschland-frankreich\/arbeitsrecht\/behinderung-und-arbeit-in-frankreich\/","title":{"rendered":"Behinderung und Arbeit in Frankreich"},"content":{"rendered":"\n<p>Die Europ\u00e4ische Union r\u00e4umt behinderten Menschen generell ein Recht auf Selbstbestimmung und Teilhabe ein \u2013 wer als Mensch mit Behinderung gilt, wird jedoch von jedem Land eigenst\u00e4ndig und nach seinen eigenen Regeln festgelegt.<\/p>\n\n\n\n<p>Auch wenn der Begriff \u201eBehinderung\u201c in jedem Land unterschiedlich definiert wird, gibt es bei bestimmten Grunds\u00e4tzen dennoch \u00dcberschneidungen, beispielsweise die Verpflichtung der Unternehmen, Menschen mit Behinderung einzustellen.<\/p>\n\n\n\n<p>6 % der Besch\u00e4ftigten eines \u00f6ffentlichen oder privaten Unternehmens mit mindestens 20 Arbeitnehmern m\u00fcssen als behinderte Arbeitnehmer anerkannt sein. Zur Einstellung behinderter Arbeitnehmer gibt es Alternativen wie z. B. die Vergabe von Auftr\u00e4gen an Behindertenwerkst\u00e4tten oder Integrationsbetriebe, den Abschluss einer Unternehmensvereinbarung \u00fcber ein Eingliederungsprogramm etc. Wenn das Unternehmen diese Regeln nicht einh\u00e4lt, muss es entsprechend seiner Gr\u00f6\u00dfe und der Zahl der behinderten Arbeitnehmer, die es besch\u00e4ftigen m\u00fcsste, einen bestimmten Betrag an die Vereinigung f\u00fcr die Verwaltung des Fonds zur Eingliederung Behinderter in den Arbeitsmarkt (Association de Gestion du Fonds pour l\u2019Insertion Professionnelle des Personnes Handicap\u00e9es \u2013 AGEFIPH) zahlen.<\/p>\n","protected":false},"excerpt":{"rendered":"<p>Die Europ\u00e4ische Union r\u00e4umt behinderten Menschen generell ein Recht auf Selbstbestimmung und Teilhabe ein \u2013 wer als Mensch mit Behinderung gilt, wird jedoch von jedem Land eigenst\u00e4ndig und nach seinen eigenen Regeln festgelegt. Auch wenn der Begriff \u201eBehinderung\u201c in jedem Land unterschiedlich definiert wird, gibt es bei bestimmten Grunds\u00e4tzen dennoch \u00dcberschneidungen, beispielsweise die Verpflichtung der [&hellip;]<\/p>\n","protected":false},"author":7,"featured_media":0,"parent":8231,"menu_order":3,"comment_status":"closed","ping_status":"closed","template":"","meta":{"inline_featured_image":false,"footnotes":""},"frge_profile":[],"class_list":["post-8255","page","type-page","status-publish","hentry"],"yoast_head":"<!-- This site is optimized with the Yoast SEO plugin v25.0 - https:\/\/yoast.com\/wordpress\/plugins\/seo\/ -->\n<title>Behinderung und Arbeit in Frankreich - Frontaliers Grand Est<\/title>\n<meta name=\"robots\" content=\"noindex, follow, max-snippet:-1, max-image-preview:large, max-video-preview:-1\" \/>\n<meta property=\"og:locale\" content=\"de_DE\" \/>\n<meta property=\"og:type\" content=\"article\" \/>\n<meta property=\"og:title\" content=\"Behinderung und Arbeit in Frankreich - Frontaliers Grand Est\" \/>\n<meta property=\"og:description\" content=\"Die Europ\u00e4ische Union r\u00e4umt behinderten Menschen generell ein Recht auf Selbstbestimmung und Teilhabe ein \u2013 wer als Mensch mit Behinderung gilt, wird jedoch von jedem Land eigenst\u00e4ndig und nach seinen eigenen Regeln festgelegt. Auch wenn der Begriff \u201eBehinderung\u201c in jedem Land unterschiedlich definiert wird, gibt es bei bestimmten Grunds\u00e4tzen dennoch \u00dcberschneidungen, beispielsweise die Verpflichtung der [&hellip;]\" \/>\n<meta property=\"og:url\" content=\"https:\/\/fge.swebwp.oci.eu\/de\/startseite\/grenzganger\/deutschland-frankreich\/arbeitsrecht\/behinderung-und-arbeit-in-frankreich\/\" \/>\n<meta property=\"og:site_name\" content=\"Frontaliers Grand Est\" \/>\n<meta property=\"article:modified_time\" content=\"2021-06-08T10:19:12+00:00\" \/>\n<meta name=\"twitter:card\" content=\"summary_large_image\" \/>\n<meta name=\"twitter:label1\" content=\"Gesch\u00e4tzte Lesezeit\" \/>\n\t<meta name=\"twitter:data1\" content=\"1\u00a0Minute\" \/>\n<script type=\"application\/ld+json\" class=\"yoast-schema-graph\">{\"@context\":\"https:\/\/schema.org\",\"@graph\":[{\"@type\":\"WebPage\",\"@id\":\"https:\/\/fge.swebwp.oci.eu\/de\/startseite\/grenzganger\/deutschland-frankreich\/arbeitsrecht\/behinderung-und-arbeit-in-frankreich\/\",\"url\":\"https:\/\/fge.swebwp.oci.eu\/de\/startseite\/grenzganger\/deutschland-frankreich\/arbeitsrecht\/behinderung-und-arbeit-in-frankreich\/\",\"name\":\"Behinderung und Arbeit in Frankreich - Frontaliers Grand Est\",\"isPartOf\":{\"@id\":\"https:\/\/fge.swebwp.oci.eu\/de\/#website\"},\"datePublished\":\"2021-06-07T14:22:13+00:00\",\"dateModified\":\"2021-06-08T10:19:12+00:00\",\"breadcrumb\":{\"@id\":\"https:\/\/fge.swebwp.oci.eu\/de\/startseite\/grenzganger\/deutschland-frankreich\/arbeitsrecht\/behinderung-und-arbeit-in-frankreich\/#breadcrumb\"},\"inLanguage\":\"de\",\"potentialAction\":[{\"@type\":\"ReadAction\",\"target\":[\"https:\/\/fge.swebwp.oci.eu\/de\/startseite\/grenzganger\/deutschland-frankreich\/arbeitsrecht\/behinderung-und-arbeit-in-frankreich\/\"]}]},{\"@type\":\"BreadcrumbList\",\"@id\":\"https:\/\/fge.swebwp.oci.eu\/de\/startseite\/grenzganger\/deutschland-frankreich\/arbeitsrecht\/behinderung-und-arbeit-in-frankreich\/#breadcrumb\",\"itemListElement\":[{\"@type\":\"ListItem\",\"position\":1,\"name\":\"Startseite\",\"item\":\"https:\/\/fge.swebwp.oci.eu\/de\/\"},{\"@type\":\"ListItem\",\"position\":2,\"name\":\"Grenzg\u00e4nger\",\"item\":\"https:\/\/fge.swebwp.oci.eu\/de\/startseite\/grenzganger\/\"},{\"@type\":\"ListItem\",\"position\":3,\"name\":\"Deutschland - Frankreich\",\"item\":\"https:\/\/fge.swebwp.oci.eu\/de\/startseite\/grenzganger\/deutschland-frankreich\/\"},{\"@type\":\"ListItem\",\"position\":4,\"name\":\"Arbeitsrecht\",\"item\":\"https:\/\/fge.swebwp.oci.eu\/de\/startseite\/grenzganger\/deutschland-frankreich\/arbeitsrecht\/\"},{\"@type\":\"ListItem\",\"position\":5,\"name\":\"Behinderung und Arbeit in Frankreich\"}]},{\"@type\":\"WebSite\",\"@id\":\"https:\/\/fge.swebwp.oci.eu\/de\/#website\",\"url\":\"https:\/\/fge.swebwp.oci.eu\/de\/\",\"name\":\"Frontaliers Grand Est\",\"description\":\"Le site ressource du travail frontalier\",\"potentialAction\":[{\"@type\":\"SearchAction\",\"target\":{\"@type\":\"EntryPoint\",\"urlTemplate\":\"https:\/\/fge.swebwp.oci.eu\/de\/?s={search_term_string}\"},\"query-input\":{\"@type\":\"PropertyValueSpecification\",\"valueRequired\":true,\"valueName\":\"search_term_string\"}}],\"inLanguage\":\"de\"}]}<\/script>\n<!-- \/ Yoast SEO plugin. -->","yoast_head_json":{"title":"Behinderung und Arbeit in Frankreich - Frontaliers Grand Est","robots":{"index":"noindex","follow":"follow","max-snippet":"max-snippet:-1","max-image-preview":"max-image-preview:large","max-video-preview":"max-video-preview:-1"},"og_locale":"de_DE","og_type":"article","og_title":"Behinderung und Arbeit in Frankreich - Frontaliers Grand Est","og_description":"Die Europ\u00e4ische Union r\u00e4umt behinderten Menschen generell ein Recht auf Selbstbestimmung und Teilhabe ein \u2013 wer als Mensch mit Behinderung gilt, wird jedoch von jedem Land eigenst\u00e4ndig und nach seinen eigenen Regeln festgelegt. Auch wenn der Begriff \u201eBehinderung\u201c in jedem Land unterschiedlich definiert wird, gibt es bei bestimmten Grunds\u00e4tzen dennoch \u00dcberschneidungen, beispielsweise die Verpflichtung der [&hellip;]","og_url":"https:\/\/fge.swebwp.oci.eu\/de\/startseite\/grenzganger\/deutschland-frankreich\/arbeitsrecht\/behinderung-und-arbeit-in-frankreich\/","og_site_name":"Frontaliers Grand Est","article_modified_time":"2021-06-08T10:19:12+00:00","twitter_card":"summary_large_image","twitter_misc":{"Gesch\u00e4tzte Lesezeit":"1\u00a0Minute"},"schema":{"@context":"https:\/\/schema.org","@graph":[{"@type":"WebPage","@id":"https:\/\/fge.swebwp.oci.eu\/de\/startseite\/grenzganger\/deutschland-frankreich\/arbeitsrecht\/behinderung-und-arbeit-in-frankreich\/","url":"https:\/\/fge.swebwp.oci.eu\/de\/startseite\/grenzganger\/deutschland-frankreich\/arbeitsrecht\/behinderung-und-arbeit-in-frankreich\/","name":"Behinderung und Arbeit in Frankreich - Frontaliers Grand Est","isPartOf":{"@id":"https:\/\/fge.swebwp.oci.eu\/de\/#website"},"datePublished":"2021-06-07T14:22:13+00:00","dateModified":"2021-06-08T10:19:12+00:00","breadcrumb":{"@id":"https:\/\/fge.swebwp.oci.eu\/de\/startseite\/grenzganger\/deutschland-frankreich\/arbeitsrecht\/behinderung-und-arbeit-in-frankreich\/#breadcrumb"},"inLanguage":"de","potentialAction":[{"@type":"ReadAction","target":["https:\/\/fge.swebwp.oci.eu\/de\/startseite\/grenzganger\/deutschland-frankreich\/arbeitsrecht\/behinderung-und-arbeit-in-frankreich\/"]}]},{"@type":"BreadcrumbList","@id":"https:\/\/fge.swebwp.oci.eu\/de\/startseite\/grenzganger\/deutschland-frankreich\/arbeitsrecht\/behinderung-und-arbeit-in-frankreich\/#breadcrumb","itemListElement":[{"@type":"ListItem","position":1,"name":"Startseite","item":"https:\/\/fge.swebwp.oci.eu\/de\/"},{"@type":"ListItem","position":2,"name":"Grenzg\u00e4nger","item":"https:\/\/fge.swebwp.oci.eu\/de\/startseite\/grenzganger\/"},{"@type":"ListItem","position":3,"name":"Deutschland - Frankreich","item":"https:\/\/fge.swebwp.oci.eu\/de\/startseite\/grenzganger\/deutschland-frankreich\/"},{"@type":"ListItem","position":4,"name":"Arbeitsrecht","item":"https:\/\/fge.swebwp.oci.eu\/de\/startseite\/grenzganger\/deutschland-frankreich\/arbeitsrecht\/"},{"@type":"ListItem","position":5,"name":"Behinderung und Arbeit in Frankreich"}]},{"@type":"WebSite","@id":"https:\/\/fge.swebwp.oci.eu\/de\/#website","url":"https:\/\/fge.swebwp.oci.eu\/de\/","name":"Frontaliers Grand Est","description":"Le site ressource du travail frontalier","potentialAction":[{"@type":"SearchAction","target":{"@type":"EntryPoint","urlTemplate":"https:\/\/fge.swebwp.oci.eu\/de\/?s={search_term_string}"},"query-input":{"@type":"PropertyValueSpecification","valueRequired":true,"valueName":"search_term_string"}}],"inLanguage":"de"}]}},"_links":{"self":[{"href":"https:\/\/fge.swebwp.oci.eu\/de\/wp-json\/wp\/v2\/pages\/8255","targetHints":{"allow":["GET"]}}],"collection":[{"href":"https:\/\/fge.swebwp.oci.eu\/de\/wp-json\/wp\/v2\/pages"}],"about":[{"href":"https:\/\/fge.swebwp.oci.eu\/de\/wp-json\/wp\/v2\/types\/page"}],"author":[{"embeddable":true,"href":"https:\/\/fge.swebwp.oci.eu\/de\/wp-json\/wp\/v2\/users\/7"}],"replies":[{"embeddable":true,"href":"https:\/\/fge.swebwp.oci.eu\/de\/wp-json\/wp\/v2\/comments?post=8255"}],"version-history":[{"count":3,"href":"https:\/\/fge.swebwp.oci.eu\/de\/wp-json\/wp\/v2\/pages\/8255\/revisions"}],"predecessor-version":[{"id":8321,"href":"https:\/\/fge.swebwp.oci.eu\/de\/wp-json\/wp\/v2\/pages\/8255\/revisions\/8321"}],"up":[{"embeddable":true,"href":"https:\/\/fge.swebwp.oci.eu\/de\/wp-json\/wp\/v2\/pages\/8231"}],"wp:attachment":[{"href":"https:\/\/fge.swebwp.oci.eu\/de\/wp-json\/wp\/v2\/media?parent=8255"}],"wp:term":[{"taxonomy":"frge_profile","embeddable":true,"href":"https:\/\/fge.swebwp.oci.eu\/de\/wp-json\/wp\/v2\/frge_profile?post=8255"}],"curies":[{"name":"wp","href":"https:\/\/api.w.org\/{rel}","templated":true}]}}