{"id":8252,"date":"2021-06-07T16:20:27","date_gmt":"2021-06-07T14:20:27","guid":{"rendered":"https:\/\/fge.swebwp.oci.eu\/?page_id=8252"},"modified":"2021-06-08T11:50:17","modified_gmt":"2021-06-08T09:50:17","slug":"die-kundigung-des-arbeitsvertrags","status":"publish","type":"page","link":"https:\/\/fge.swebwp.oci.eu\/de\/startseite\/grenzganger\/deutschland-frankreich\/arbeitsrecht\/die-kundigung-des-arbeitsvertrags\/","title":{"rendered":"Die K\u00fcndigung des Arbeitsvertrags"},"content":{"rendered":"\n<h5 class=\"wp-block-heading\"><strong>Der Arbeitsvertrag kann gek\u00fcndigt werden :<\/strong><\/h5>\n\n\n\n<ul class=\"wp-block-list\"><li>vom Arbeitgeber =<strong>&nbsp;Entlassung<\/strong><\/li><li>vom Arbeitnehmer =&nbsp;<strong>K\u00fcndigung<\/strong><\/li><li>einvernehmlich =&nbsp;<strong>die vertragliche K\u00fcndigung<\/strong><\/li><\/ul>\n","protected":false},"excerpt":{"rendered":"<p>Der Arbeitsvertrag kann gek\u00fcndigt werden : vom Arbeitgeber =&nbsp;Entlassung vom Arbeitnehmer =&nbsp;K\u00fcndigung einvernehmlich =&nbsp;die vertragliche K\u00fcndigung<\/p>\n","protected":false},"author":7,"featured_media":0,"parent":8231,"menu_order":2,"comment_status":"closed","ping_status":"closed","template":"","meta":{"inline_featured_image":false,"footnotes":""},"frge_profile":[],"class_list":["post-8252","page","type-page","status-publish","hentry"],"yoast_head":"<!-- This site is optimized with the Yoast SEO plugin v25.0 - https:\/\/yoast.com\/wordpress\/plugins\/seo\/ -->\n<title>Die K\u00fcndigung des Arbeitsvertrags - Frontaliers Grand Est<\/title>\n<meta name=\"robots\" content=\"noindex, follow, max-snippet:-1, max-image-preview:large, max-video-preview:-1\" \/>\n<meta property=\"og:locale\" content=\"de_DE\" \/>\n<meta property=\"og:type\" content=\"article\" \/>\n<meta property=\"og:title\" content=\"Die K\u00fcndigung des Arbeitsvertrags - Frontaliers Grand Est\" \/>\n<meta property=\"og:description\" content=\"Der Arbeitsvertrag kann gek\u00fcndigt werden : vom Arbeitgeber =&nbsp;Entlassung vom Arbeitnehmer =&nbsp;K\u00fcndigung einvernehmlich =&nbsp;die vertragliche K\u00fcndigung\" \/>\n<meta property=\"og:url\" content=\"https:\/\/fge.swebwp.oci.eu\/de\/startseite\/grenzganger\/deutschland-frankreich\/arbeitsrecht\/die-kundigung-des-arbeitsvertrags\/\" \/>\n<meta property=\"og:site_name\" content=\"Frontaliers Grand Est\" \/>\n<meta property=\"article:modified_time\" content=\"2021-06-08T09:50:17+00:00\" \/>\n<meta name=\"twitter:card\" content=\"summary_large_image\" \/>\n<meta name=\"twitter:label1\" content=\"Gesch\u00e4tzte Lesezeit\" \/>\n\t<meta name=\"twitter:data1\" content=\"1\u00a0Minute\" \/>\n<script type=\"application\/ld+json\" class=\"yoast-schema-graph\">{\"@context\":\"https:\/\/schema.org\",\"@graph\":[{\"@type\":\"WebPage\",\"@id\":\"https:\/\/fge.swebwp.oci.eu\/de\/startseite\/grenzganger\/deutschland-frankreich\/arbeitsrecht\/die-kundigung-des-arbeitsvertrags\/\",\"url\":\"https:\/\/fge.swebwp.oci.eu\/de\/startseite\/grenzganger\/deutschland-frankreich\/arbeitsrecht\/die-kundigung-des-arbeitsvertrags\/\",\"name\":\"Die K\u00fcndigung des Arbeitsvertrags - Frontaliers Grand Est\",\"isPartOf\":{\"@id\":\"https:\/\/fge.swebwp.oci.eu\/de\/#website\"},\"datePublished\":\"2021-06-07T14:20:27+00:00\",\"dateModified\":\"2021-06-08T09:50:17+00:00\",\"breadcrumb\":{\"@id\":\"https:\/\/fge.swebwp.oci.eu\/de\/startseite\/grenzganger\/deutschland-frankreich\/arbeitsrecht\/die-kundigung-des-arbeitsvertrags\/#breadcrumb\"},\"inLanguage\":\"de\",\"potentialAction\":[{\"@type\":\"ReadAction\",\"target\":[\"https:\/\/fge.swebwp.oci.eu\/de\/startseite\/grenzganger\/deutschland-frankreich\/arbeitsrecht\/die-kundigung-des-arbeitsvertrags\/\"]}]},{\"@type\":\"BreadcrumbList\",\"@id\":\"https:\/\/fge.swebwp.oci.eu\/de\/startseite\/grenzganger\/deutschland-frankreich\/arbeitsrecht\/die-kundigung-des-arbeitsvertrags\/#breadcrumb\",\"itemListElement\":[{\"@type\":\"ListItem\",\"position\":1,\"name\":\"Startseite\",\"item\":\"https:\/\/fge.swebwp.oci.eu\/de\/\"},{\"@type\":\"ListItem\",\"position\":2,\"name\":\"Grenzg\u00e4nger\",\"item\":\"https:\/\/fge.swebwp.oci.eu\/de\/startseite\/grenzganger\/\"},{\"@type\":\"ListItem\",\"position\":3,\"name\":\"Deutschland - Frankreich\",\"item\":\"https:\/\/fge.swebwp.oci.eu\/de\/startseite\/grenzganger\/deutschland-frankreich\/\"},{\"@type\":\"ListItem\",\"position\":4,\"name\":\"Arbeitsrecht\",\"item\":\"https:\/\/fge.swebwp.oci.eu\/de\/startseite\/grenzganger\/deutschland-frankreich\/arbeitsrecht\/\"},{\"@type\":\"ListItem\",\"position\":5,\"name\":\"Die K\u00fcndigung des Arbeitsvertrags\"}]},{\"@type\":\"WebSite\",\"@id\":\"https:\/\/fge.swebwp.oci.eu\/de\/#website\",\"url\":\"https:\/\/fge.swebwp.oci.eu\/de\/\",\"name\":\"Frontaliers Grand Est\",\"description\":\"Le site ressource du travail frontalier\",\"potentialAction\":[{\"@type\":\"SearchAction\",\"target\":{\"@type\":\"EntryPoint\",\"urlTemplate\":\"https:\/\/fge.swebwp.oci.eu\/de\/?s={search_term_string}\"},\"query-input\":{\"@type\":\"PropertyValueSpecification\",\"valueRequired\":true,\"valueName\":\"search_term_string\"}}],\"inLanguage\":\"de\"}]}<\/script>\n<!-- \/ Yoast SEO plugin. -->","yoast_head_json":{"title":"Die K\u00fcndigung des Arbeitsvertrags - Frontaliers Grand Est","robots":{"index":"noindex","follow":"follow","max-snippet":"max-snippet:-1","max-image-preview":"max-image-preview:large","max-video-preview":"max-video-preview:-1"},"og_locale":"de_DE","og_type":"article","og_title":"Die K\u00fcndigung des Arbeitsvertrags - Frontaliers Grand Est","og_description":"Der Arbeitsvertrag kann gek\u00fcndigt werden : vom Arbeitgeber =&nbsp;Entlassung vom Arbeitnehmer =&nbsp;K\u00fcndigung einvernehmlich =&nbsp;die vertragliche K\u00fcndigung","og_url":"https:\/\/fge.swebwp.oci.eu\/de\/startseite\/grenzganger\/deutschland-frankreich\/arbeitsrecht\/die-kundigung-des-arbeitsvertrags\/","og_site_name":"Frontaliers Grand Est","article_modified_time":"2021-06-08T09:50:17+00:00","twitter_card":"summary_large_image","twitter_misc":{"Gesch\u00e4tzte Lesezeit":"1\u00a0Minute"},"schema":{"@context":"https:\/\/schema.org","@graph":[{"@type":"WebPage","@id":"https:\/\/fge.swebwp.oci.eu\/de\/startseite\/grenzganger\/deutschland-frankreich\/arbeitsrecht\/die-kundigung-des-arbeitsvertrags\/","url":"https:\/\/fge.swebwp.oci.eu\/de\/startseite\/grenzganger\/deutschland-frankreich\/arbeitsrecht\/die-kundigung-des-arbeitsvertrags\/","name":"Die K\u00fcndigung des Arbeitsvertrags - Frontaliers Grand Est","isPartOf":{"@id":"https:\/\/fge.swebwp.oci.eu\/de\/#website"},"datePublished":"2021-06-07T14:20:27+00:00","dateModified":"2021-06-08T09:50:17+00:00","breadcrumb":{"@id":"https:\/\/fge.swebwp.oci.eu\/de\/startseite\/grenzganger\/deutschland-frankreich\/arbeitsrecht\/die-kundigung-des-arbeitsvertrags\/#breadcrumb"},"inLanguage":"de","potentialAction":[{"@type":"ReadAction","target":["https:\/\/fge.swebwp.oci.eu\/de\/startseite\/grenzganger\/deutschland-frankreich\/arbeitsrecht\/die-kundigung-des-arbeitsvertrags\/"]}]},{"@type":"BreadcrumbList","@id":"https:\/\/fge.swebwp.oci.eu\/de\/startseite\/grenzganger\/deutschland-frankreich\/arbeitsrecht\/die-kundigung-des-arbeitsvertrags\/#breadcrumb","itemListElement":[{"@type":"ListItem","position":1,"name":"Startseite","item":"https:\/\/fge.swebwp.oci.eu\/de\/"},{"@type":"ListItem","position":2,"name":"Grenzg\u00e4nger","item":"https:\/\/fge.swebwp.oci.eu\/de\/startseite\/grenzganger\/"},{"@type":"ListItem","position":3,"name":"Deutschland - Frankreich","item":"https:\/\/fge.swebwp.oci.eu\/de\/startseite\/grenzganger\/deutschland-frankreich\/"},{"@type":"ListItem","position":4,"name":"Arbeitsrecht","item":"https:\/\/fge.swebwp.oci.eu\/de\/startseite\/grenzganger\/deutschland-frankreich\/arbeitsrecht\/"},{"@type":"ListItem","position":5,"name":"Die K\u00fcndigung des Arbeitsvertrags"}]},{"@type":"WebSite","@id":"https:\/\/fge.swebwp.oci.eu\/de\/#website","url":"https:\/\/fge.swebwp.oci.eu\/de\/","name":"Frontaliers Grand Est","description":"Le site ressource du travail frontalier","potentialAction":[{"@type":"SearchAction","target":{"@type":"EntryPoint","urlTemplate":"https:\/\/fge.swebwp.oci.eu\/de\/?s={search_term_string}"},"query-input":{"@type":"PropertyValueSpecification","valueRequired":true,"valueName":"search_term_string"}}],"inLanguage":"de"}]}},"_links":{"self":[{"href":"https:\/\/fge.swebwp.oci.eu\/de\/wp-json\/wp\/v2\/pages\/8252","targetHints":{"allow":["GET"]}}],"collection":[{"href":"https:\/\/fge.swebwp.oci.eu\/de\/wp-json\/wp\/v2\/pages"}],"about":[{"href":"https:\/\/fge.swebwp.oci.eu\/de\/wp-json\/wp\/v2\/types\/page"}],"author":[{"embeddable":true,"href":"https:\/\/fge.swebwp.oci.eu\/de\/wp-json\/wp\/v2\/users\/7"}],"replies":[{"embeddable":true,"href":"https:\/\/fge.swebwp.oci.eu\/de\/wp-json\/wp\/v2\/comments?post=8252"}],"version-history":[{"count":4,"href":"https:\/\/fge.swebwp.oci.eu\/de\/wp-json\/wp\/v2\/pages\/8252\/revisions"}],"predecessor-version":[{"id":8312,"href":"https:\/\/fge.swebwp.oci.eu\/de\/wp-json\/wp\/v2\/pages\/8252\/revisions\/8312"}],"up":[{"embeddable":true,"href":"https:\/\/fge.swebwp.oci.eu\/de\/wp-json\/wp\/v2\/pages\/8231"}],"wp:attachment":[{"href":"https:\/\/fge.swebwp.oci.eu\/de\/wp-json\/wp\/v2\/media?parent=8252"}],"wp:term":[{"taxonomy":"frge_profile","embeddable":true,"href":"https:\/\/fge.swebwp.oci.eu\/de\/wp-json\/wp\/v2\/frge_profile?post=8252"}],"curies":[{"name":"wp","href":"https:\/\/api.w.org\/{rel}","templated":true}]}}