{"id":8250,"date":"2021-06-07T16:19:34","date_gmt":"2021-06-07T14:19:34","guid":{"rendered":"https:\/\/fge.swebwp.oci.eu\/?page_id=8250"},"modified":"2021-06-08T11:31:12","modified_gmt":"2021-06-08T09:31:12","slug":"der-arbeitsvertrag","status":"publish","type":"page","link":"https:\/\/fge.swebwp.oci.eu\/de\/startseite\/grenzganger\/deutschland-frankreich\/arbeitsrecht\/der-arbeitsvertrag\/","title":{"rendered":"Der Arbeitsvertrag"},"content":{"rendered":"\n<p>Sie brauchen&nbsp;<strong>keine Arbeitserlaubnis in Frankreich<\/strong>, weil Sie Staatsangeh\u00f6rige\/r eines Landes des europ\u00e4ischen Wirtschaftsraums sind.<\/p>\n\n\n\n<p>F\u00fcr die Grenzg\u00e4nger ist auch&nbsp;<strong>keine&nbsp;Aufenthaltsbescheinigung&nbsp; erforderlich.<\/strong><\/p>\n\n\n\n<p>F\u00fcr Ihren Arbeitsvertrag ist das<strong>&nbsp;franz\u00f6sische Recht&nbsp;anwendbar.<\/strong><\/p>\n\n\n\n<p>Das franz\u00f6sischen Recht unterscheidet zwei Formen von Arbeitnehmer\/-innen:<\/p>\n\n\n\n<ul class=\"wp-block-list\"><li>nicht leitende Angestellte<\/li><li>leitende Angestellte<\/li><\/ul>\n\n\n\n<p><strong>Leitende Angestellten genie\u00dfen einen besonderen Status, insbesondere in was ihre Altersversorgung und ihre Arbeitszeit betrifft.<\/strong><\/p>\n","protected":false},"excerpt":{"rendered":"<p>Sie brauchen&nbsp;keine Arbeitserlaubnis in Frankreich, weil Sie Staatsangeh\u00f6rige\/r eines Landes des europ\u00e4ischen Wirtschaftsraums sind. F\u00fcr die Grenzg\u00e4nger ist auch&nbsp;keine&nbsp;Aufenthaltsbescheinigung&nbsp; erforderlich. F\u00fcr Ihren Arbeitsvertrag ist das&nbsp;franz\u00f6sische Recht&nbsp;anwendbar. Das franz\u00f6sischen Recht unterscheidet zwei Formen von Arbeitnehmer\/-innen: nicht leitende Angestellte leitende Angestellte Leitende Angestellten genie\u00dfen einen besonderen Status, insbesondere in was ihre Altersversorgung und ihre Arbeitszeit betrifft.<\/p>\n","protected":false},"author":7,"featured_media":0,"parent":8231,"menu_order":1,"comment_status":"closed","ping_status":"closed","template":"","meta":{"inline_featured_image":false,"footnotes":""},"frge_profile":[],"class_list":["post-8250","page","type-page","status-publish","hentry"],"yoast_head":"<!-- This site is optimized with the Yoast SEO plugin v25.0 - https:\/\/yoast.com\/wordpress\/plugins\/seo\/ -->\n<title>Der Arbeitsvertrag - Frontaliers Grand Est<\/title>\n<meta name=\"robots\" content=\"noindex, follow, max-snippet:-1, max-image-preview:large, max-video-preview:-1\" \/>\n<meta property=\"og:locale\" content=\"de_DE\" \/>\n<meta property=\"og:type\" content=\"article\" \/>\n<meta property=\"og:title\" content=\"Der Arbeitsvertrag - Frontaliers Grand Est\" \/>\n<meta property=\"og:description\" content=\"Sie brauchen&nbsp;keine Arbeitserlaubnis in Frankreich, weil Sie Staatsangeh\u00f6rige\/r eines Landes des europ\u00e4ischen Wirtschaftsraums sind. F\u00fcr die Grenzg\u00e4nger ist auch&nbsp;keine&nbsp;Aufenthaltsbescheinigung&nbsp; erforderlich. F\u00fcr Ihren Arbeitsvertrag ist das&nbsp;franz\u00f6sische Recht&nbsp;anwendbar. Das franz\u00f6sischen Recht unterscheidet zwei Formen von Arbeitnehmer\/-innen: nicht leitende Angestellte leitende Angestellte Leitende Angestellten genie\u00dfen einen besonderen Status, insbesondere in was ihre Altersversorgung und ihre Arbeitszeit betrifft.\" \/>\n<meta property=\"og:url\" content=\"https:\/\/fge.swebwp.oci.eu\/de\/startseite\/grenzganger\/deutschland-frankreich\/arbeitsrecht\/der-arbeitsvertrag\/\" \/>\n<meta property=\"og:site_name\" content=\"Frontaliers Grand Est\" \/>\n<meta property=\"article:modified_time\" content=\"2021-06-08T09:31:12+00:00\" \/>\n<meta name=\"twitter:card\" content=\"summary_large_image\" \/>\n<meta name=\"twitter:label1\" content=\"Gesch\u00e4tzte Lesezeit\" \/>\n\t<meta name=\"twitter:data1\" content=\"1\u00a0Minute\" \/>\n<script type=\"application\/ld+json\" class=\"yoast-schema-graph\">{\"@context\":\"https:\/\/schema.org\",\"@graph\":[{\"@type\":\"WebPage\",\"@id\":\"https:\/\/fge.swebwp.oci.eu\/de\/startseite\/grenzganger\/deutschland-frankreich\/arbeitsrecht\/der-arbeitsvertrag\/\",\"url\":\"https:\/\/fge.swebwp.oci.eu\/de\/startseite\/grenzganger\/deutschland-frankreich\/arbeitsrecht\/der-arbeitsvertrag\/\",\"name\":\"Der Arbeitsvertrag - Frontaliers Grand Est\",\"isPartOf\":{\"@id\":\"https:\/\/fge.swebwp.oci.eu\/de\/#website\"},\"datePublished\":\"2021-06-07T14:19:34+00:00\",\"dateModified\":\"2021-06-08T09:31:12+00:00\",\"breadcrumb\":{\"@id\":\"https:\/\/fge.swebwp.oci.eu\/de\/startseite\/grenzganger\/deutschland-frankreich\/arbeitsrecht\/der-arbeitsvertrag\/#breadcrumb\"},\"inLanguage\":\"de\",\"potentialAction\":[{\"@type\":\"ReadAction\",\"target\":[\"https:\/\/fge.swebwp.oci.eu\/de\/startseite\/grenzganger\/deutschland-frankreich\/arbeitsrecht\/der-arbeitsvertrag\/\"]}]},{\"@type\":\"BreadcrumbList\",\"@id\":\"https:\/\/fge.swebwp.oci.eu\/de\/startseite\/grenzganger\/deutschland-frankreich\/arbeitsrecht\/der-arbeitsvertrag\/#breadcrumb\",\"itemListElement\":[{\"@type\":\"ListItem\",\"position\":1,\"name\":\"Startseite\",\"item\":\"https:\/\/fge.swebwp.oci.eu\/de\/\"},{\"@type\":\"ListItem\",\"position\":2,\"name\":\"Grenzg\u00e4nger\",\"item\":\"https:\/\/fge.swebwp.oci.eu\/de\/startseite\/grenzganger\/\"},{\"@type\":\"ListItem\",\"position\":3,\"name\":\"Deutschland - Frankreich\",\"item\":\"https:\/\/fge.swebwp.oci.eu\/de\/startseite\/grenzganger\/deutschland-frankreich\/\"},{\"@type\":\"ListItem\",\"position\":4,\"name\":\"Arbeitsrecht\",\"item\":\"https:\/\/fge.swebwp.oci.eu\/de\/startseite\/grenzganger\/deutschland-frankreich\/arbeitsrecht\/\"},{\"@type\":\"ListItem\",\"position\":5,\"name\":\"Der Arbeitsvertrag\"}]},{\"@type\":\"WebSite\",\"@id\":\"https:\/\/fge.swebwp.oci.eu\/de\/#website\",\"url\":\"https:\/\/fge.swebwp.oci.eu\/de\/\",\"name\":\"Frontaliers Grand Est\",\"description\":\"Le site ressource du travail frontalier\",\"potentialAction\":[{\"@type\":\"SearchAction\",\"target\":{\"@type\":\"EntryPoint\",\"urlTemplate\":\"https:\/\/fge.swebwp.oci.eu\/de\/?s={search_term_string}\"},\"query-input\":{\"@type\":\"PropertyValueSpecification\",\"valueRequired\":true,\"valueName\":\"search_term_string\"}}],\"inLanguage\":\"de\"}]}<\/script>\n<!-- \/ Yoast SEO plugin. -->","yoast_head_json":{"title":"Der Arbeitsvertrag - Frontaliers Grand Est","robots":{"index":"noindex","follow":"follow","max-snippet":"max-snippet:-1","max-image-preview":"max-image-preview:large","max-video-preview":"max-video-preview:-1"},"og_locale":"de_DE","og_type":"article","og_title":"Der Arbeitsvertrag - Frontaliers Grand Est","og_description":"Sie brauchen&nbsp;keine Arbeitserlaubnis in Frankreich, weil Sie Staatsangeh\u00f6rige\/r eines Landes des europ\u00e4ischen Wirtschaftsraums sind. F\u00fcr die Grenzg\u00e4nger ist auch&nbsp;keine&nbsp;Aufenthaltsbescheinigung&nbsp; erforderlich. F\u00fcr Ihren Arbeitsvertrag ist das&nbsp;franz\u00f6sische Recht&nbsp;anwendbar. Das franz\u00f6sischen Recht unterscheidet zwei Formen von Arbeitnehmer\/-innen: nicht leitende Angestellte leitende Angestellte Leitende Angestellten genie\u00dfen einen besonderen Status, insbesondere in was ihre Altersversorgung und ihre Arbeitszeit betrifft.","og_url":"https:\/\/fge.swebwp.oci.eu\/de\/startseite\/grenzganger\/deutschland-frankreich\/arbeitsrecht\/der-arbeitsvertrag\/","og_site_name":"Frontaliers Grand Est","article_modified_time":"2021-06-08T09:31:12+00:00","twitter_card":"summary_large_image","twitter_misc":{"Gesch\u00e4tzte Lesezeit":"1\u00a0Minute"},"schema":{"@context":"https:\/\/schema.org","@graph":[{"@type":"WebPage","@id":"https:\/\/fge.swebwp.oci.eu\/de\/startseite\/grenzganger\/deutschland-frankreich\/arbeitsrecht\/der-arbeitsvertrag\/","url":"https:\/\/fge.swebwp.oci.eu\/de\/startseite\/grenzganger\/deutschland-frankreich\/arbeitsrecht\/der-arbeitsvertrag\/","name":"Der Arbeitsvertrag - Frontaliers Grand Est","isPartOf":{"@id":"https:\/\/fge.swebwp.oci.eu\/de\/#website"},"datePublished":"2021-06-07T14:19:34+00:00","dateModified":"2021-06-08T09:31:12+00:00","breadcrumb":{"@id":"https:\/\/fge.swebwp.oci.eu\/de\/startseite\/grenzganger\/deutschland-frankreich\/arbeitsrecht\/der-arbeitsvertrag\/#breadcrumb"},"inLanguage":"de","potentialAction":[{"@type":"ReadAction","target":["https:\/\/fge.swebwp.oci.eu\/de\/startseite\/grenzganger\/deutschland-frankreich\/arbeitsrecht\/der-arbeitsvertrag\/"]}]},{"@type":"BreadcrumbList","@id":"https:\/\/fge.swebwp.oci.eu\/de\/startseite\/grenzganger\/deutschland-frankreich\/arbeitsrecht\/der-arbeitsvertrag\/#breadcrumb","itemListElement":[{"@type":"ListItem","position":1,"name":"Startseite","item":"https:\/\/fge.swebwp.oci.eu\/de\/"},{"@type":"ListItem","position":2,"name":"Grenzg\u00e4nger","item":"https:\/\/fge.swebwp.oci.eu\/de\/startseite\/grenzganger\/"},{"@type":"ListItem","position":3,"name":"Deutschland - Frankreich","item":"https:\/\/fge.swebwp.oci.eu\/de\/startseite\/grenzganger\/deutschland-frankreich\/"},{"@type":"ListItem","position":4,"name":"Arbeitsrecht","item":"https:\/\/fge.swebwp.oci.eu\/de\/startseite\/grenzganger\/deutschland-frankreich\/arbeitsrecht\/"},{"@type":"ListItem","position":5,"name":"Der Arbeitsvertrag"}]},{"@type":"WebSite","@id":"https:\/\/fge.swebwp.oci.eu\/de\/#website","url":"https:\/\/fge.swebwp.oci.eu\/de\/","name":"Frontaliers Grand Est","description":"Le site ressource du travail frontalier","potentialAction":[{"@type":"SearchAction","target":{"@type":"EntryPoint","urlTemplate":"https:\/\/fge.swebwp.oci.eu\/de\/?s={search_term_string}"},"query-input":{"@type":"PropertyValueSpecification","valueRequired":true,"valueName":"search_term_string"}}],"inLanguage":"de"}]}},"_links":{"self":[{"href":"https:\/\/fge.swebwp.oci.eu\/de\/wp-json\/wp\/v2\/pages\/8250","targetHints":{"allow":["GET"]}}],"collection":[{"href":"https:\/\/fge.swebwp.oci.eu\/de\/wp-json\/wp\/v2\/pages"}],"about":[{"href":"https:\/\/fge.swebwp.oci.eu\/de\/wp-json\/wp\/v2\/types\/page"}],"author":[{"embeddable":true,"href":"https:\/\/fge.swebwp.oci.eu\/de\/wp-json\/wp\/v2\/users\/7"}],"replies":[{"embeddable":true,"href":"https:\/\/fge.swebwp.oci.eu\/de\/wp-json\/wp\/v2\/comments?post=8250"}],"version-history":[{"count":3,"href":"https:\/\/fge.swebwp.oci.eu\/de\/wp-json\/wp\/v2\/pages\/8250\/revisions"}],"predecessor-version":[{"id":8297,"href":"https:\/\/fge.swebwp.oci.eu\/de\/wp-json\/wp\/v2\/pages\/8250\/revisions\/8297"}],"up":[{"embeddable":true,"href":"https:\/\/fge.swebwp.oci.eu\/de\/wp-json\/wp\/v2\/pages\/8231"}],"wp:attachment":[{"href":"https:\/\/fge.swebwp.oci.eu\/de\/wp-json\/wp\/v2\/media?parent=8250"}],"wp:term":[{"taxonomy":"frge_profile","embeddable":true,"href":"https:\/\/fge.swebwp.oci.eu\/de\/wp-json\/wp\/v2\/frge_profile?post=8250"}],"curies":[{"name":"wp","href":"https:\/\/api.w.org\/{rel}","templated":true}]}}