{"id":8086,"date":"2021-06-04T14:27:50","date_gmt":"2021-06-04T12:27:50","guid":{"rendered":"https:\/\/fge.swebwp.oci.eu\/?page_id=8086"},"modified":"2021-06-07T11:47:01","modified_gmt":"2021-06-07T09:47:01","slug":"die-invaliditatsversicherung","status":"publish","type":"page","link":"https:\/\/fge.swebwp.oci.eu\/de\/startseite\/grenzganger\/frankreich-deutschland\/sozialversicherung\/die-invaliditatsversicherung\/","title":{"rendered":"Die Invalidit\u00e4tsversicherung"},"content":{"rendered":"\n<h5 class=\"wp-block-heading\"><strong>Im Falle von einer anerkannten Erwerbsminderung oder einer Invalidit\u00e4t haben Sie Anspruch auf Leistungen :<\/strong><\/h5>\n\n\n\n<ul class=\"wp-block-list\"><li>in Deutschland<\/li><li>und\/oder in Frankreich, je nach der Dauer der Beitr\u00e4ge und je nach dem Land, in welchem Sie als Letztes Ihre Beitr\u00e4ge gezahlt haben, bevor Ihre Invalidit\u00e4t festgestellt wurde.<\/li><\/ul>\n\n\n\n<p>Sie k\u00f6nnen&nbsp;<strong>franz\u00f6sische Geldleistungen wegen Ihrer Invalidit\u00e4t in Anspruch nehmen<\/strong>, wenn Sie Beitr\u00e4ge w\u00e4hrend mindestens 12 Monate gezahlt haben und Sie weniger als 62 Jahre alt sind (f\u00fcr die Versicherten, die ab dem 1. Januar 1956 geboren sind).<\/p>\n\n\n\n<p>Sie k\u00f6nnen de<strong>utsche Geldleistungen wegen Ihrer Invalidit\u00e4t in Anspruch nehmen<\/strong>, sofern Sie weniger als 65 Jahre alt sind und Sie w\u00e4hrend mindestens 5 Jahre, darunter mindestens 3 Jahre im Zeitraum von 5 Jahren vor Eintritt Ihrer Erwerbsunf\u00e4higkeit, bei der deutschen Invalidit\u00e4ts- und Altersversicherung versichert waren<\/p>\n","protected":false},"excerpt":{"rendered":"<p>Im Falle von einer anerkannten Erwerbsminderung oder einer Invalidit\u00e4t haben Sie Anspruch auf Leistungen : in Deutschland und\/oder in Frankreich, je nach der Dauer der Beitr\u00e4ge und je nach dem Land, in welchem Sie als Letztes Ihre Beitr\u00e4ge gezahlt haben, bevor Ihre Invalidit\u00e4t festgestellt wurde. Sie k\u00f6nnen&nbsp;franz\u00f6sische Geldleistungen wegen Ihrer Invalidit\u00e4t in Anspruch nehmen, wenn [&hellip;]<\/p>\n","protected":false},"author":7,"featured_media":0,"parent":8071,"menu_order":6,"comment_status":"closed","ping_status":"closed","template":"","meta":{"inline_featured_image":false,"footnotes":""},"frge_profile":[],"class_list":["post-8086","page","type-page","status-publish","hentry"],"yoast_head":"<!-- This site is optimized with the Yoast SEO plugin v25.0 - https:\/\/yoast.com\/wordpress\/plugins\/seo\/ -->\n<title>Die Invalidit\u00e4tsversicherung - Frontaliers Grand Est<\/title>\n<meta name=\"robots\" content=\"noindex, follow, max-snippet:-1, max-image-preview:large, max-video-preview:-1\" \/>\n<meta property=\"og:locale\" content=\"de_DE\" \/>\n<meta property=\"og:type\" content=\"article\" \/>\n<meta property=\"og:title\" content=\"Die Invalidit\u00e4tsversicherung - Frontaliers Grand Est\" \/>\n<meta property=\"og:description\" content=\"Im Falle von einer anerkannten Erwerbsminderung oder einer Invalidit\u00e4t haben Sie Anspruch auf Leistungen : in Deutschland und\/oder in Frankreich, je nach der Dauer der Beitr\u00e4ge und je nach dem Land, in welchem Sie als Letztes Ihre Beitr\u00e4ge gezahlt haben, bevor Ihre Invalidit\u00e4t festgestellt wurde. Sie k\u00f6nnen&nbsp;franz\u00f6sische Geldleistungen wegen Ihrer Invalidit\u00e4t in Anspruch nehmen, wenn [&hellip;]\" \/>\n<meta property=\"og:url\" content=\"https:\/\/fge.swebwp.oci.eu\/de\/startseite\/grenzganger\/frankreich-deutschland\/sozialversicherung\/die-invaliditatsversicherung\/\" \/>\n<meta property=\"og:site_name\" content=\"Frontaliers Grand Est\" \/>\n<meta property=\"article:modified_time\" content=\"2021-06-07T09:47:01+00:00\" \/>\n<meta name=\"twitter:card\" content=\"summary_large_image\" \/>\n<meta name=\"twitter:label1\" content=\"Gesch\u00e4tzte Lesezeit\" \/>\n\t<meta name=\"twitter:data1\" content=\"1\u00a0Minute\" \/>\n<script type=\"application\/ld+json\" class=\"yoast-schema-graph\">{\"@context\":\"https:\/\/schema.org\",\"@graph\":[{\"@type\":\"WebPage\",\"@id\":\"https:\/\/fge.swebwp.oci.eu\/de\/startseite\/grenzganger\/frankreich-deutschland\/sozialversicherung\/die-invaliditatsversicherung\/\",\"url\":\"https:\/\/fge.swebwp.oci.eu\/de\/startseite\/grenzganger\/frankreich-deutschland\/sozialversicherung\/die-invaliditatsversicherung\/\",\"name\":\"Die Invalidit\u00e4tsversicherung - Frontaliers Grand Est\",\"isPartOf\":{\"@id\":\"https:\/\/fge.swebwp.oci.eu\/de\/#website\"},\"datePublished\":\"2021-06-04T12:27:50+00:00\",\"dateModified\":\"2021-06-07T09:47:01+00:00\",\"breadcrumb\":{\"@id\":\"https:\/\/fge.swebwp.oci.eu\/de\/startseite\/grenzganger\/frankreich-deutschland\/sozialversicherung\/die-invaliditatsversicherung\/#breadcrumb\"},\"inLanguage\":\"de\",\"potentialAction\":[{\"@type\":\"ReadAction\",\"target\":[\"https:\/\/fge.swebwp.oci.eu\/de\/startseite\/grenzganger\/frankreich-deutschland\/sozialversicherung\/die-invaliditatsversicherung\/\"]}]},{\"@type\":\"BreadcrumbList\",\"@id\":\"https:\/\/fge.swebwp.oci.eu\/de\/startseite\/grenzganger\/frankreich-deutschland\/sozialversicherung\/die-invaliditatsversicherung\/#breadcrumb\",\"itemListElement\":[{\"@type\":\"ListItem\",\"position\":1,\"name\":\"Startseite\",\"item\":\"https:\/\/fge.swebwp.oci.eu\/de\/\"},{\"@type\":\"ListItem\",\"position\":2,\"name\":\"Grenzg\u00e4nger\",\"item\":\"https:\/\/fge.swebwp.oci.eu\/de\/startseite\/grenzganger\/\"},{\"@type\":\"ListItem\",\"position\":3,\"name\":\"Frankreich - Deutschland\",\"item\":\"https:\/\/fge.swebwp.oci.eu\/de\/startseite\/grenzganger\/frankreich-deutschland\/\"},{\"@type\":\"ListItem\",\"position\":4,\"name\":\"Sozialversicherung\",\"item\":\"https:\/\/fge.swebwp.oci.eu\/de\/startseite\/grenzganger\/frankreich-deutschland\/sozialversicherung\/\"},{\"@type\":\"ListItem\",\"position\":5,\"name\":\"Die Invalidit\u00e4tsversicherung\"}]},{\"@type\":\"WebSite\",\"@id\":\"https:\/\/fge.swebwp.oci.eu\/de\/#website\",\"url\":\"https:\/\/fge.swebwp.oci.eu\/de\/\",\"name\":\"Frontaliers Grand Est\",\"description\":\"Le site ressource du travail frontalier\",\"potentialAction\":[{\"@type\":\"SearchAction\",\"target\":{\"@type\":\"EntryPoint\",\"urlTemplate\":\"https:\/\/fge.swebwp.oci.eu\/de\/?s={search_term_string}\"},\"query-input\":{\"@type\":\"PropertyValueSpecification\",\"valueRequired\":true,\"valueName\":\"search_term_string\"}}],\"inLanguage\":\"de\"}]}<\/script>\n<!-- \/ Yoast SEO plugin. -->","yoast_head_json":{"title":"Die Invalidit\u00e4tsversicherung - Frontaliers Grand Est","robots":{"index":"noindex","follow":"follow","max-snippet":"max-snippet:-1","max-image-preview":"max-image-preview:large","max-video-preview":"max-video-preview:-1"},"og_locale":"de_DE","og_type":"article","og_title":"Die Invalidit\u00e4tsversicherung - Frontaliers Grand Est","og_description":"Im Falle von einer anerkannten Erwerbsminderung oder einer Invalidit\u00e4t haben Sie Anspruch auf Leistungen : in Deutschland und\/oder in Frankreich, je nach der Dauer der Beitr\u00e4ge und je nach dem Land, in welchem Sie als Letztes Ihre Beitr\u00e4ge gezahlt haben, bevor Ihre Invalidit\u00e4t festgestellt wurde. Sie k\u00f6nnen&nbsp;franz\u00f6sische Geldleistungen wegen Ihrer Invalidit\u00e4t in Anspruch nehmen, wenn [&hellip;]","og_url":"https:\/\/fge.swebwp.oci.eu\/de\/startseite\/grenzganger\/frankreich-deutschland\/sozialversicherung\/die-invaliditatsversicherung\/","og_site_name":"Frontaliers Grand Est","article_modified_time":"2021-06-07T09:47:01+00:00","twitter_card":"summary_large_image","twitter_misc":{"Gesch\u00e4tzte Lesezeit":"1\u00a0Minute"},"schema":{"@context":"https:\/\/schema.org","@graph":[{"@type":"WebPage","@id":"https:\/\/fge.swebwp.oci.eu\/de\/startseite\/grenzganger\/frankreich-deutschland\/sozialversicherung\/die-invaliditatsversicherung\/","url":"https:\/\/fge.swebwp.oci.eu\/de\/startseite\/grenzganger\/frankreich-deutschland\/sozialversicherung\/die-invaliditatsversicherung\/","name":"Die Invalidit\u00e4tsversicherung - Frontaliers Grand Est","isPartOf":{"@id":"https:\/\/fge.swebwp.oci.eu\/de\/#website"},"datePublished":"2021-06-04T12:27:50+00:00","dateModified":"2021-06-07T09:47:01+00:00","breadcrumb":{"@id":"https:\/\/fge.swebwp.oci.eu\/de\/startseite\/grenzganger\/frankreich-deutschland\/sozialversicherung\/die-invaliditatsversicherung\/#breadcrumb"},"inLanguage":"de","potentialAction":[{"@type":"ReadAction","target":["https:\/\/fge.swebwp.oci.eu\/de\/startseite\/grenzganger\/frankreich-deutschland\/sozialversicherung\/die-invaliditatsversicherung\/"]}]},{"@type":"BreadcrumbList","@id":"https:\/\/fge.swebwp.oci.eu\/de\/startseite\/grenzganger\/frankreich-deutschland\/sozialversicherung\/die-invaliditatsversicherung\/#breadcrumb","itemListElement":[{"@type":"ListItem","position":1,"name":"Startseite","item":"https:\/\/fge.swebwp.oci.eu\/de\/"},{"@type":"ListItem","position":2,"name":"Grenzg\u00e4nger","item":"https:\/\/fge.swebwp.oci.eu\/de\/startseite\/grenzganger\/"},{"@type":"ListItem","position":3,"name":"Frankreich - Deutschland","item":"https:\/\/fge.swebwp.oci.eu\/de\/startseite\/grenzganger\/frankreich-deutschland\/"},{"@type":"ListItem","position":4,"name":"Sozialversicherung","item":"https:\/\/fge.swebwp.oci.eu\/de\/startseite\/grenzganger\/frankreich-deutschland\/sozialversicherung\/"},{"@type":"ListItem","position":5,"name":"Die Invalidit\u00e4tsversicherung"}]},{"@type":"WebSite","@id":"https:\/\/fge.swebwp.oci.eu\/de\/#website","url":"https:\/\/fge.swebwp.oci.eu\/de\/","name":"Frontaliers Grand Est","description":"Le site ressource du travail frontalier","potentialAction":[{"@type":"SearchAction","target":{"@type":"EntryPoint","urlTemplate":"https:\/\/fge.swebwp.oci.eu\/de\/?s={search_term_string}"},"query-input":{"@type":"PropertyValueSpecification","valueRequired":true,"valueName":"search_term_string"}}],"inLanguage":"de"}]}},"_links":{"self":[{"href":"https:\/\/fge.swebwp.oci.eu\/de\/wp-json\/wp\/v2\/pages\/8086","targetHints":{"allow":["GET"]}}],"collection":[{"href":"https:\/\/fge.swebwp.oci.eu\/de\/wp-json\/wp\/v2\/pages"}],"about":[{"href":"https:\/\/fge.swebwp.oci.eu\/de\/wp-json\/wp\/v2\/types\/page"}],"author":[{"embeddable":true,"href":"https:\/\/fge.swebwp.oci.eu\/de\/wp-json\/wp\/v2\/users\/7"}],"replies":[{"embeddable":true,"href":"https:\/\/fge.swebwp.oci.eu\/de\/wp-json\/wp\/v2\/comments?post=8086"}],"version-history":[{"count":1,"href":"https:\/\/fge.swebwp.oci.eu\/de\/wp-json\/wp\/v2\/pages\/8086\/revisions"}],"predecessor-version":[{"id":8087,"href":"https:\/\/fge.swebwp.oci.eu\/de\/wp-json\/wp\/v2\/pages\/8086\/revisions\/8087"}],"up":[{"embeddable":true,"href":"https:\/\/fge.swebwp.oci.eu\/de\/wp-json\/wp\/v2\/pages\/8071"}],"wp:attachment":[{"href":"https:\/\/fge.swebwp.oci.eu\/de\/wp-json\/wp\/v2\/media?parent=8086"}],"wp:term":[{"taxonomy":"frge_profile","embeddable":true,"href":"https:\/\/fge.swebwp.oci.eu\/de\/wp-json\/wp\/v2\/frge_profile?post=8086"}],"curies":[{"name":"wp","href":"https:\/\/api.w.org\/{rel}","templated":true}]}}