{"id":8073,"date":"2021-06-04T14:14:42","date_gmt":"2021-06-04T12:14:42","guid":{"rendered":"https:\/\/fge.swebwp.oci.eu\/?page_id=8073"},"modified":"2021-07-20T12:54:57","modified_gmt":"2021-07-20T10:54:57","slug":"die-altersversicherung","status":"publish","type":"page","link":"https:\/\/fge.swebwp.oci.eu\/de\/startseite\/grenzganger\/frankreich-deutschland\/sozialversicherung\/die-altersversicherung\/","title":{"rendered":"Die Altersversicherung"},"content":{"rendered":"\n<p>Als Arbeitnehmer zahlen Sie Ihre Beitr\u00e4ge zur Alters- und Invalidit\u00e4tsversicherung in Deutschland. Ihre Beitr\u00e4ge werden durch Ihr Arbeitgeber Ihrem Gehalt direkt entnommen.<\/p>\n\n\n\n<p>Wenn Sie nur in Deutschland gearbeitet haben, k\u00f6nnen Sie eine deutsche Alterspension in Anspruch nehmen,&nbsp;<strong>erst wenn Sie w\u00e4hrend 60 Monate&nbsp;<\/strong>(5 Jahre)&nbsp;<strong>altersversichert waren&nbsp;<\/strong>(notwendige Voraussetzung &nbsp;f\u00fcr die Versorgungszusage).<\/p>\n\n\n\n<p>Wenn sie in Frankreich (und\/oder in einem anderen Staat des europ\u00e4ischen Wirtschaftsraumes) und in Deutschland gearbeitet haben,&nbsp;<strong>erhalten Sie eine Altersrente von jedem Staat<\/strong>, unter der Bedingung,<strong>&nbsp;dass Sie in jedem Staat mindestens ein Jahr lang Beitr\u00e4ge gezahlt haben<\/strong>. Jedes Land berechnet und zahlt den proportionalen Teil der Alterspension.<\/p>\n\n\n\n<h5 class=\"wp-block-heading\"><strong>Der Renteneintrittsalter ist nicht derselbe in Deutschland und in Frankreich.<\/strong><\/h5>\n\n\n\n<p>Die Zusatzrenteversicherung ist keine Pflicht in Deutschland ; um eine Zusatzrente zu bekommen, m\u00fcssen Sie sich bei einer privaten Versicherung anmelden, es sei denn, Ihr Arbeitgeber hat sich f\u00fcr ein Zusatzrentesystem zugunsten seines Personals entschieden.<\/p>\n","protected":false},"excerpt":{"rendered":"<p>Als Arbeitnehmer zahlen Sie Ihre Beitr\u00e4ge zur Alters- und Invalidit\u00e4tsversicherung in Deutschland. Ihre Beitr\u00e4ge werden durch Ihr Arbeitgeber Ihrem Gehalt direkt entnommen. Wenn Sie nur in Deutschland gearbeitet haben, k\u00f6nnen Sie eine deutsche Alterspension in Anspruch nehmen,&nbsp;erst wenn Sie w\u00e4hrend 60 Monate&nbsp;(5 Jahre)&nbsp;altersversichert waren&nbsp;(notwendige Voraussetzung &nbsp;f\u00fcr die Versorgungszusage). Wenn sie in Frankreich (und\/oder in einem [&hellip;]<\/p>\n","protected":false},"author":7,"featured_media":9901,"parent":8071,"menu_order":0,"comment_status":"closed","ping_status":"closed","template":"","meta":{"inline_featured_image":false,"footnotes":""},"frge_profile":[],"class_list":["post-8073","page","type-page","status-publish","has-post-thumbnail","hentry"],"yoast_head":"<!-- This site is optimized with the Yoast SEO plugin v25.0 - https:\/\/yoast.com\/wordpress\/plugins\/seo\/ -->\n<title>Die Altersversicherung - Frontaliers Grand Est<\/title>\n<meta name=\"robots\" content=\"noindex, follow, max-snippet:-1, max-image-preview:large, max-video-preview:-1\" \/>\n<meta property=\"og:locale\" content=\"de_DE\" \/>\n<meta property=\"og:type\" content=\"article\" \/>\n<meta property=\"og:title\" content=\"Die Altersversicherung - Frontaliers Grand Est\" \/>\n<meta property=\"og:description\" content=\"Als Arbeitnehmer zahlen Sie Ihre Beitr\u00e4ge zur Alters- und Invalidit\u00e4tsversicherung in Deutschland. Ihre Beitr\u00e4ge werden durch Ihr Arbeitgeber Ihrem Gehalt direkt entnommen. Wenn Sie nur in Deutschland gearbeitet haben, k\u00f6nnen Sie eine deutsche Alterspension in Anspruch nehmen,&nbsp;erst wenn Sie w\u00e4hrend 60 Monate&nbsp;(5 Jahre)&nbsp;altersversichert waren&nbsp;(notwendige Voraussetzung &nbsp;f\u00fcr die Versorgungszusage). Wenn sie in Frankreich (und\/oder in einem [&hellip;]\" \/>\n<meta property=\"og:url\" content=\"https:\/\/fge.swebwp.oci.eu\/de\/startseite\/grenzganger\/frankreich-deutschland\/sozialversicherung\/die-altersversicherung\/\" \/>\n<meta property=\"og:site_name\" content=\"Frontaliers Grand Est\" \/>\n<meta property=\"article:modified_time\" content=\"2021-07-20T10:54:57+00:00\" \/>\n<meta property=\"og:image\" content=\"https:\/\/fge.swebwp.oci.eu\/wp-content\/uploads\/2021\/07\/Retraite-1.jpg\" \/>\n\t<meta property=\"og:image:width\" content=\"509\" \/>\n\t<meta property=\"og:image:height\" content=\"339\" \/>\n\t<meta property=\"og:image:type\" content=\"image\/jpeg\" \/>\n<meta name=\"twitter:card\" content=\"summary_large_image\" \/>\n<meta name=\"twitter:label1\" content=\"Gesch\u00e4tzte Lesezeit\" \/>\n\t<meta name=\"twitter:data1\" content=\"1\u00a0Minute\" \/>\n<script type=\"application\/ld+json\" class=\"yoast-schema-graph\">{\"@context\":\"https:\/\/schema.org\",\"@graph\":[{\"@type\":\"WebPage\",\"@id\":\"https:\/\/fge.swebwp.oci.eu\/de\/startseite\/grenzganger\/frankreich-deutschland\/sozialversicherung\/die-altersversicherung\/\",\"url\":\"https:\/\/fge.swebwp.oci.eu\/de\/startseite\/grenzganger\/frankreich-deutschland\/sozialversicherung\/die-altersversicherung\/\",\"name\":\"Die Altersversicherung - Frontaliers Grand Est\",\"isPartOf\":{\"@id\":\"https:\/\/fge.swebwp.oci.eu\/de\/#website\"},\"primaryImageOfPage\":{\"@id\":\"https:\/\/fge.swebwp.oci.eu\/de\/startseite\/grenzganger\/frankreich-deutschland\/sozialversicherung\/die-altersversicherung\/#primaryimage\"},\"image\":{\"@id\":\"https:\/\/fge.swebwp.oci.eu\/de\/startseite\/grenzganger\/frankreich-deutschland\/sozialversicherung\/die-altersversicherung\/#primaryimage\"},\"thumbnailUrl\":\"https:\/\/fge.swebwp.oci.eu\/wp-content\/uploads\/2021\/07\/Retraite-1.jpg\",\"datePublished\":\"2021-06-04T12:14:42+00:00\",\"dateModified\":\"2021-07-20T10:54:57+00:00\",\"breadcrumb\":{\"@id\":\"https:\/\/fge.swebwp.oci.eu\/de\/startseite\/grenzganger\/frankreich-deutschland\/sozialversicherung\/die-altersversicherung\/#breadcrumb\"},\"inLanguage\":\"de\",\"potentialAction\":[{\"@type\":\"ReadAction\",\"target\":[\"https:\/\/fge.swebwp.oci.eu\/de\/startseite\/grenzganger\/frankreich-deutschland\/sozialversicherung\/die-altersversicherung\/\"]}]},{\"@type\":\"ImageObject\",\"inLanguage\":\"de\",\"@id\":\"https:\/\/fge.swebwp.oci.eu\/de\/startseite\/grenzganger\/frankreich-deutschland\/sozialversicherung\/die-altersversicherung\/#primaryimage\",\"url\":\"https:\/\/fge.swebwp.oci.eu\/wp-content\/uploads\/2021\/07\/Retraite-1.jpg\",\"contentUrl\":\"https:\/\/fge.swebwp.oci.eu\/wp-content\/uploads\/2021\/07\/Retraite-1.jpg\",\"width\":509,\"height\":339,\"caption\":\"Retraite pour les Frontaliers\"},{\"@type\":\"BreadcrumbList\",\"@id\":\"https:\/\/fge.swebwp.oci.eu\/de\/startseite\/grenzganger\/frankreich-deutschland\/sozialversicherung\/die-altersversicherung\/#breadcrumb\",\"itemListElement\":[{\"@type\":\"ListItem\",\"position\":1,\"name\":\"Startseite\",\"item\":\"https:\/\/fge.swebwp.oci.eu\/de\/\"},{\"@type\":\"ListItem\",\"position\":2,\"name\":\"Grenzg\u00e4nger\",\"item\":\"https:\/\/fge.swebwp.oci.eu\/de\/startseite\/grenzganger\/\"},{\"@type\":\"ListItem\",\"position\":3,\"name\":\"Frankreich - Deutschland\",\"item\":\"https:\/\/fge.swebwp.oci.eu\/de\/startseite\/grenzganger\/frankreich-deutschland\/\"},{\"@type\":\"ListItem\",\"position\":4,\"name\":\"Sozialversicherung\",\"item\":\"https:\/\/fge.swebwp.oci.eu\/de\/startseite\/grenzganger\/frankreich-deutschland\/sozialversicherung\/\"},{\"@type\":\"ListItem\",\"position\":5,\"name\":\"Die Altersversicherung\"}]},{\"@type\":\"WebSite\",\"@id\":\"https:\/\/fge.swebwp.oci.eu\/de\/#website\",\"url\":\"https:\/\/fge.swebwp.oci.eu\/de\/\",\"name\":\"Frontaliers Grand Est\",\"description\":\"Le site ressource du travail frontalier\",\"potentialAction\":[{\"@type\":\"SearchAction\",\"target\":{\"@type\":\"EntryPoint\",\"urlTemplate\":\"https:\/\/fge.swebwp.oci.eu\/de\/?s={search_term_string}\"},\"query-input\":{\"@type\":\"PropertyValueSpecification\",\"valueRequired\":true,\"valueName\":\"search_term_string\"}}],\"inLanguage\":\"de\"}]}<\/script>\n<!-- \/ Yoast SEO plugin. -->","yoast_head_json":{"title":"Die Altersversicherung - Frontaliers Grand Est","robots":{"index":"noindex","follow":"follow","max-snippet":"max-snippet:-1","max-image-preview":"max-image-preview:large","max-video-preview":"max-video-preview:-1"},"og_locale":"de_DE","og_type":"article","og_title":"Die Altersversicherung - Frontaliers Grand Est","og_description":"Als Arbeitnehmer zahlen Sie Ihre Beitr\u00e4ge zur Alters- und Invalidit\u00e4tsversicherung in Deutschland. Ihre Beitr\u00e4ge werden durch Ihr Arbeitgeber Ihrem Gehalt direkt entnommen. Wenn Sie nur in Deutschland gearbeitet haben, k\u00f6nnen Sie eine deutsche Alterspension in Anspruch nehmen,&nbsp;erst wenn Sie w\u00e4hrend 60 Monate&nbsp;(5 Jahre)&nbsp;altersversichert waren&nbsp;(notwendige Voraussetzung &nbsp;f\u00fcr die Versorgungszusage). Wenn sie in Frankreich (und\/oder in einem [&hellip;]","og_url":"https:\/\/fge.swebwp.oci.eu\/de\/startseite\/grenzganger\/frankreich-deutschland\/sozialversicherung\/die-altersversicherung\/","og_site_name":"Frontaliers Grand Est","article_modified_time":"2021-07-20T10:54:57+00:00","og_image":[{"width":509,"height":339,"url":"https:\/\/fge.swebwp.oci.eu\/wp-content\/uploads\/2021\/07\/Retraite-1.jpg","type":"image\/jpeg"}],"twitter_card":"summary_large_image","twitter_misc":{"Gesch\u00e4tzte Lesezeit":"1\u00a0Minute"},"schema":{"@context":"https:\/\/schema.org","@graph":[{"@type":"WebPage","@id":"https:\/\/fge.swebwp.oci.eu\/de\/startseite\/grenzganger\/frankreich-deutschland\/sozialversicherung\/die-altersversicherung\/","url":"https:\/\/fge.swebwp.oci.eu\/de\/startseite\/grenzganger\/frankreich-deutschland\/sozialversicherung\/die-altersversicherung\/","name":"Die Altersversicherung - Frontaliers Grand Est","isPartOf":{"@id":"https:\/\/fge.swebwp.oci.eu\/de\/#website"},"primaryImageOfPage":{"@id":"https:\/\/fge.swebwp.oci.eu\/de\/startseite\/grenzganger\/frankreich-deutschland\/sozialversicherung\/die-altersversicherung\/#primaryimage"},"image":{"@id":"https:\/\/fge.swebwp.oci.eu\/de\/startseite\/grenzganger\/frankreich-deutschland\/sozialversicherung\/die-altersversicherung\/#primaryimage"},"thumbnailUrl":"https:\/\/fge.swebwp.oci.eu\/wp-content\/uploads\/2021\/07\/Retraite-1.jpg","datePublished":"2021-06-04T12:14:42+00:00","dateModified":"2021-07-20T10:54:57+00:00","breadcrumb":{"@id":"https:\/\/fge.swebwp.oci.eu\/de\/startseite\/grenzganger\/frankreich-deutschland\/sozialversicherung\/die-altersversicherung\/#breadcrumb"},"inLanguage":"de","potentialAction":[{"@type":"ReadAction","target":["https:\/\/fge.swebwp.oci.eu\/de\/startseite\/grenzganger\/frankreich-deutschland\/sozialversicherung\/die-altersversicherung\/"]}]},{"@type":"ImageObject","inLanguage":"de","@id":"https:\/\/fge.swebwp.oci.eu\/de\/startseite\/grenzganger\/frankreich-deutschland\/sozialversicherung\/die-altersversicherung\/#primaryimage","url":"https:\/\/fge.swebwp.oci.eu\/wp-content\/uploads\/2021\/07\/Retraite-1.jpg","contentUrl":"https:\/\/fge.swebwp.oci.eu\/wp-content\/uploads\/2021\/07\/Retraite-1.jpg","width":509,"height":339,"caption":"Retraite pour les Frontaliers"},{"@type":"BreadcrumbList","@id":"https:\/\/fge.swebwp.oci.eu\/de\/startseite\/grenzganger\/frankreich-deutschland\/sozialversicherung\/die-altersversicherung\/#breadcrumb","itemListElement":[{"@type":"ListItem","position":1,"name":"Startseite","item":"https:\/\/fge.swebwp.oci.eu\/de\/"},{"@type":"ListItem","position":2,"name":"Grenzg\u00e4nger","item":"https:\/\/fge.swebwp.oci.eu\/de\/startseite\/grenzganger\/"},{"@type":"ListItem","position":3,"name":"Frankreich - Deutschland","item":"https:\/\/fge.swebwp.oci.eu\/de\/startseite\/grenzganger\/frankreich-deutschland\/"},{"@type":"ListItem","position":4,"name":"Sozialversicherung","item":"https:\/\/fge.swebwp.oci.eu\/de\/startseite\/grenzganger\/frankreich-deutschland\/sozialversicherung\/"},{"@type":"ListItem","position":5,"name":"Die Altersversicherung"}]},{"@type":"WebSite","@id":"https:\/\/fge.swebwp.oci.eu\/de\/#website","url":"https:\/\/fge.swebwp.oci.eu\/de\/","name":"Frontaliers Grand Est","description":"Le site ressource du travail frontalier","potentialAction":[{"@type":"SearchAction","target":{"@type":"EntryPoint","urlTemplate":"https:\/\/fge.swebwp.oci.eu\/de\/?s={search_term_string}"},"query-input":{"@type":"PropertyValueSpecification","valueRequired":true,"valueName":"search_term_string"}}],"inLanguage":"de"}]}},"_links":{"self":[{"href":"https:\/\/fge.swebwp.oci.eu\/de\/wp-json\/wp\/v2\/pages\/8073","targetHints":{"allow":["GET"]}}],"collection":[{"href":"https:\/\/fge.swebwp.oci.eu\/de\/wp-json\/wp\/v2\/pages"}],"about":[{"href":"https:\/\/fge.swebwp.oci.eu\/de\/wp-json\/wp\/v2\/types\/page"}],"author":[{"embeddable":true,"href":"https:\/\/fge.swebwp.oci.eu\/de\/wp-json\/wp\/v2\/users\/7"}],"replies":[{"embeddable":true,"href":"https:\/\/fge.swebwp.oci.eu\/de\/wp-json\/wp\/v2\/comments?post=8073"}],"version-history":[{"count":1,"href":"https:\/\/fge.swebwp.oci.eu\/de\/wp-json\/wp\/v2\/pages\/8073\/revisions"}],"predecessor-version":[{"id":8075,"href":"https:\/\/fge.swebwp.oci.eu\/de\/wp-json\/wp\/v2\/pages\/8073\/revisions\/8075"}],"up":[{"embeddable":true,"href":"https:\/\/fge.swebwp.oci.eu\/de\/wp-json\/wp\/v2\/pages\/8071"}],"wp:featuredmedia":[{"embeddable":true,"href":"https:\/\/fge.swebwp.oci.eu\/de\/wp-json\/wp\/v2\/media\/9901"}],"wp:attachment":[{"href":"https:\/\/fge.swebwp.oci.eu\/de\/wp-json\/wp\/v2\/media?parent=8073"}],"wp:term":[{"taxonomy":"frge_profile","embeddable":true,"href":"https:\/\/fge.swebwp.oci.eu\/de\/wp-json\/wp\/v2\/frge_profile?post=8073"}],"curies":[{"name":"wp","href":"https:\/\/api.w.org\/{rel}","templated":true}]}}