{"id":8025,"date":"2021-06-03T16:45:59","date_gmt":"2021-06-03T14:45:59","guid":{"rendered":"https:\/\/fge.swebwp.oci.eu\/?page_id=8025"},"modified":"2021-06-04T13:31:53","modified_gmt":"2021-06-04T11:31:53","slug":"die-besteuerung","status":"publish","type":"page","link":"https:\/\/fge.swebwp.oci.eu\/de\/startseite\/grenzganger\/frankreich-deutschland\/besteuerung\/die-besteuerung\/","title":{"rendered":"Die Besteuerung"},"content":{"rendered":"\n<p>Das Steuerabkommen zwischen Deutschland und Frankreich von 1959 und dessen Zusatzabkommen entscheiden, ob der Grenzg\u00e4nger&nbsp;<strong>die Bedingungen f\u00fcr einen Grenzg\u00e4ngerstatus nach steuerrechtlichen Kriterien<\/strong>&nbsp;erf\u00fcllt und welche Konsequenzen mit dem Status, ein Grenzg\u00e4nger oder eben kein Grenzg\u00e4nger zu sein, einhergehen.<\/p>\n","protected":false},"excerpt":{"rendered":"<p>Das Steuerabkommen zwischen Deutschland und Frankreich von 1959 und dessen Zusatzabkommen entscheiden, ob der Grenzg\u00e4nger&nbsp;die Bedingungen f\u00fcr einen Grenzg\u00e4ngerstatus nach steuerrechtlichen Kriterien&nbsp;erf\u00fcllt und welche Konsequenzen mit dem Status, ein Grenzg\u00e4nger oder eben kein Grenzg\u00e4nger zu sein, einhergehen.<\/p>\n","protected":false},"author":7,"featured_media":0,"parent":8020,"menu_order":1,"comment_status":"closed","ping_status":"closed","template":"","meta":{"inline_featured_image":false,"footnotes":""},"frge_profile":[],"class_list":["post-8025","page","type-page","status-publish","hentry"],"yoast_head":"<!-- This site is optimized with the Yoast SEO plugin v25.0 - https:\/\/yoast.com\/wordpress\/plugins\/seo\/ -->\n<title>Die Besteuerung - Frontaliers Grand Est<\/title>\n<meta name=\"robots\" content=\"noindex, follow, max-snippet:-1, max-image-preview:large, max-video-preview:-1\" \/>\n<meta property=\"og:locale\" content=\"de_DE\" \/>\n<meta property=\"og:type\" content=\"article\" \/>\n<meta property=\"og:title\" content=\"Die Besteuerung - Frontaliers Grand Est\" \/>\n<meta property=\"og:description\" content=\"Das Steuerabkommen zwischen Deutschland und Frankreich von 1959 und dessen Zusatzabkommen entscheiden, ob der Grenzg\u00e4nger&nbsp;die Bedingungen f\u00fcr einen Grenzg\u00e4ngerstatus nach steuerrechtlichen Kriterien&nbsp;erf\u00fcllt und welche Konsequenzen mit dem Status, ein Grenzg\u00e4nger oder eben kein Grenzg\u00e4nger zu sein, einhergehen.\" \/>\n<meta property=\"og:url\" content=\"https:\/\/fge.swebwp.oci.eu\/de\/startseite\/grenzganger\/frankreich-deutschland\/besteuerung\/die-besteuerung\/\" \/>\n<meta property=\"og:site_name\" content=\"Frontaliers Grand Est\" \/>\n<meta property=\"article:modified_time\" content=\"2021-06-04T11:31:53+00:00\" \/>\n<meta name=\"twitter:card\" content=\"summary_large_image\" \/>\n<meta name=\"twitter:label1\" content=\"Gesch\u00e4tzte Lesezeit\" \/>\n\t<meta name=\"twitter:data1\" content=\"1\u00a0Minute\" \/>\n<script type=\"application\/ld+json\" class=\"yoast-schema-graph\">{\"@context\":\"https:\/\/schema.org\",\"@graph\":[{\"@type\":\"WebPage\",\"@id\":\"https:\/\/fge.swebwp.oci.eu\/de\/startseite\/grenzganger\/frankreich-deutschland\/besteuerung\/die-besteuerung\/\",\"url\":\"https:\/\/fge.swebwp.oci.eu\/de\/startseite\/grenzganger\/frankreich-deutschland\/besteuerung\/die-besteuerung\/\",\"name\":\"Die Besteuerung - Frontaliers Grand Est\",\"isPartOf\":{\"@id\":\"https:\/\/fge.swebwp.oci.eu\/de\/#website\"},\"datePublished\":\"2021-06-03T14:45:59+00:00\",\"dateModified\":\"2021-06-04T11:31:53+00:00\",\"breadcrumb\":{\"@id\":\"https:\/\/fge.swebwp.oci.eu\/de\/startseite\/grenzganger\/frankreich-deutschland\/besteuerung\/die-besteuerung\/#breadcrumb\"},\"inLanguage\":\"de\",\"potentialAction\":[{\"@type\":\"ReadAction\",\"target\":[\"https:\/\/fge.swebwp.oci.eu\/de\/startseite\/grenzganger\/frankreich-deutschland\/besteuerung\/die-besteuerung\/\"]}]},{\"@type\":\"BreadcrumbList\",\"@id\":\"https:\/\/fge.swebwp.oci.eu\/de\/startseite\/grenzganger\/frankreich-deutschland\/besteuerung\/die-besteuerung\/#breadcrumb\",\"itemListElement\":[{\"@type\":\"ListItem\",\"position\":1,\"name\":\"Startseite\",\"item\":\"https:\/\/fge.swebwp.oci.eu\/de\/\"},{\"@type\":\"ListItem\",\"position\":2,\"name\":\"Grenzg\u00e4nger\",\"item\":\"https:\/\/fge.swebwp.oci.eu\/de\/startseite\/grenzganger\/\"},{\"@type\":\"ListItem\",\"position\":3,\"name\":\"Frankreich - Deutschland\",\"item\":\"https:\/\/fge.swebwp.oci.eu\/de\/startseite\/grenzganger\/frankreich-deutschland\/\"},{\"@type\":\"ListItem\",\"position\":4,\"name\":\"Besteuerung\",\"item\":\"https:\/\/fge.swebwp.oci.eu\/de\/startseite\/grenzganger\/frankreich-deutschland\/besteuerung\/\"},{\"@type\":\"ListItem\",\"position\":5,\"name\":\"Die Besteuerung\"}]},{\"@type\":\"WebSite\",\"@id\":\"https:\/\/fge.swebwp.oci.eu\/de\/#website\",\"url\":\"https:\/\/fge.swebwp.oci.eu\/de\/\",\"name\":\"Frontaliers Grand Est\",\"description\":\"Le site ressource du travail frontalier\",\"potentialAction\":[{\"@type\":\"SearchAction\",\"target\":{\"@type\":\"EntryPoint\",\"urlTemplate\":\"https:\/\/fge.swebwp.oci.eu\/de\/?s={search_term_string}\"},\"query-input\":{\"@type\":\"PropertyValueSpecification\",\"valueRequired\":true,\"valueName\":\"search_term_string\"}}],\"inLanguage\":\"de\"}]}<\/script>\n<!-- \/ Yoast SEO plugin. -->","yoast_head_json":{"title":"Die Besteuerung - Frontaliers Grand Est","robots":{"index":"noindex","follow":"follow","max-snippet":"max-snippet:-1","max-image-preview":"max-image-preview:large","max-video-preview":"max-video-preview:-1"},"og_locale":"de_DE","og_type":"article","og_title":"Die Besteuerung - Frontaliers Grand Est","og_description":"Das Steuerabkommen zwischen Deutschland und Frankreich von 1959 und dessen Zusatzabkommen entscheiden, ob der Grenzg\u00e4nger&nbsp;die Bedingungen f\u00fcr einen Grenzg\u00e4ngerstatus nach steuerrechtlichen Kriterien&nbsp;erf\u00fcllt und welche Konsequenzen mit dem Status, ein Grenzg\u00e4nger oder eben kein Grenzg\u00e4nger zu sein, einhergehen.","og_url":"https:\/\/fge.swebwp.oci.eu\/de\/startseite\/grenzganger\/frankreich-deutschland\/besteuerung\/die-besteuerung\/","og_site_name":"Frontaliers Grand Est","article_modified_time":"2021-06-04T11:31:53+00:00","twitter_card":"summary_large_image","twitter_misc":{"Gesch\u00e4tzte Lesezeit":"1\u00a0Minute"},"schema":{"@context":"https:\/\/schema.org","@graph":[{"@type":"WebPage","@id":"https:\/\/fge.swebwp.oci.eu\/de\/startseite\/grenzganger\/frankreich-deutschland\/besteuerung\/die-besteuerung\/","url":"https:\/\/fge.swebwp.oci.eu\/de\/startseite\/grenzganger\/frankreich-deutschland\/besteuerung\/die-besteuerung\/","name":"Die Besteuerung - Frontaliers Grand Est","isPartOf":{"@id":"https:\/\/fge.swebwp.oci.eu\/de\/#website"},"datePublished":"2021-06-03T14:45:59+00:00","dateModified":"2021-06-04T11:31:53+00:00","breadcrumb":{"@id":"https:\/\/fge.swebwp.oci.eu\/de\/startseite\/grenzganger\/frankreich-deutschland\/besteuerung\/die-besteuerung\/#breadcrumb"},"inLanguage":"de","potentialAction":[{"@type":"ReadAction","target":["https:\/\/fge.swebwp.oci.eu\/de\/startseite\/grenzganger\/frankreich-deutschland\/besteuerung\/die-besteuerung\/"]}]},{"@type":"BreadcrumbList","@id":"https:\/\/fge.swebwp.oci.eu\/de\/startseite\/grenzganger\/frankreich-deutschland\/besteuerung\/die-besteuerung\/#breadcrumb","itemListElement":[{"@type":"ListItem","position":1,"name":"Startseite","item":"https:\/\/fge.swebwp.oci.eu\/de\/"},{"@type":"ListItem","position":2,"name":"Grenzg\u00e4nger","item":"https:\/\/fge.swebwp.oci.eu\/de\/startseite\/grenzganger\/"},{"@type":"ListItem","position":3,"name":"Frankreich - Deutschland","item":"https:\/\/fge.swebwp.oci.eu\/de\/startseite\/grenzganger\/frankreich-deutschland\/"},{"@type":"ListItem","position":4,"name":"Besteuerung","item":"https:\/\/fge.swebwp.oci.eu\/de\/startseite\/grenzganger\/frankreich-deutschland\/besteuerung\/"},{"@type":"ListItem","position":5,"name":"Die Besteuerung"}]},{"@type":"WebSite","@id":"https:\/\/fge.swebwp.oci.eu\/de\/#website","url":"https:\/\/fge.swebwp.oci.eu\/de\/","name":"Frontaliers Grand Est","description":"Le site ressource du travail frontalier","potentialAction":[{"@type":"SearchAction","target":{"@type":"EntryPoint","urlTemplate":"https:\/\/fge.swebwp.oci.eu\/de\/?s={search_term_string}"},"query-input":{"@type":"PropertyValueSpecification","valueRequired":true,"valueName":"search_term_string"}}],"inLanguage":"de"}]}},"_links":{"self":[{"href":"https:\/\/fge.swebwp.oci.eu\/de\/wp-json\/wp\/v2\/pages\/8025","targetHints":{"allow":["GET"]}}],"collection":[{"href":"https:\/\/fge.swebwp.oci.eu\/de\/wp-json\/wp\/v2\/pages"}],"about":[{"href":"https:\/\/fge.swebwp.oci.eu\/de\/wp-json\/wp\/v2\/types\/page"}],"author":[{"embeddable":true,"href":"https:\/\/fge.swebwp.oci.eu\/de\/wp-json\/wp\/v2\/users\/7"}],"replies":[{"embeddable":true,"href":"https:\/\/fge.swebwp.oci.eu\/de\/wp-json\/wp\/v2\/comments?post=8025"}],"version-history":[{"count":2,"href":"https:\/\/fge.swebwp.oci.eu\/de\/wp-json\/wp\/v2\/pages\/8025\/revisions"}],"predecessor-version":[{"id":8050,"href":"https:\/\/fge.swebwp.oci.eu\/de\/wp-json\/wp\/v2\/pages\/8025\/revisions\/8050"}],"up":[{"embeddable":true,"href":"https:\/\/fge.swebwp.oci.eu\/de\/wp-json\/wp\/v2\/pages\/8020"}],"wp:attachment":[{"href":"https:\/\/fge.swebwp.oci.eu\/de\/wp-json\/wp\/v2\/media?parent=8025"}],"wp:term":[{"taxonomy":"frge_profile","embeddable":true,"href":"https:\/\/fge.swebwp.oci.eu\/de\/wp-json\/wp\/v2\/frge_profile?post=8025"}],"curies":[{"name":"wp","href":"https:\/\/api.w.org\/{rel}","templated":true}]}}