{"id":7871,"date":"2021-05-31T10:37:50","date_gmt":"2021-05-31T08:37:06","guid":{"rendered":"https:\/\/fge.swebwp.oci.eu\/?page_id=7871"},"modified":"2024-07-25T14:12:22","modified_gmt":"2024-07-25T12:12:22","slug":"arbeitsrecht","status":"publish","type":"page","link":"https:\/\/fge.swebwp.oci.eu\/de\/startseite\/grenzganger\/frankreich-deutschland\/arbeitsrecht\/","title":{"rendered":"Arbeitsrecht"},"content":{"rendered":"","protected":false},"excerpt":{"rendered":"","protected":false},"author":7,"featured_media":9888,"parent":7862,"menu_order":0,"comment_status":"closed","ping_status":"closed","template":"","meta":{"inline_featured_image":false,"footnotes":""},"frge_profile":[],"class_list":["post-7871","page","type-page","status-publish","has-post-thumbnail","hentry"],"yoast_head":"<!-- This site is optimized with the Yoast SEO plugin v25.0 - https:\/\/yoast.com\/wordpress\/plugins\/seo\/ -->\n<title>Arbeitsrecht in Deutschland: wichtige informationen<\/title>\n<meta name=\"description\" content=\"Arbeitsrecht in Deutschland: Umfasst Regelungen zu Arbeitsvertr\u00e4gen, Arbeitszeiten, K\u00fcndigungsschutz, Urlaubsanspr\u00fcchen und Arbeitnehmerrechten.\" \/>\n<meta name=\"robots\" content=\"noindex, follow, max-snippet:-1, max-image-preview:large, max-video-preview:-1\" \/>\n<meta property=\"og:locale\" content=\"de_DE\" \/>\n<meta property=\"og:type\" content=\"article\" \/>\n<meta property=\"og:title\" content=\"Arbeitsrecht in Deutschland: wichtige informationen\" \/>\n<meta property=\"og:description\" content=\"Arbeitsrecht in Deutschland: Umfasst Regelungen zu Arbeitsvertr\u00e4gen, Arbeitszeiten, K\u00fcndigungsschutz, Urlaubsanspr\u00fcchen und Arbeitnehmerrechten.\" \/>\n<meta property=\"og:url\" content=\"https:\/\/fge.swebwp.oci.eu\/de\/startseite\/grenzganger\/frankreich-deutschland\/arbeitsrecht\/\" \/>\n<meta property=\"og:site_name\" content=\"Frontaliers Grand Est\" \/>\n<meta property=\"article:modified_time\" content=\"2024-07-25T12:12:22+00:00\" \/>\n<meta property=\"og:image\" content=\"https:\/\/fge.swebwp.oci.eu\/wp-content\/uploads\/2021\/07\/Droit-du-travail-2.jpg\" \/>\n\t<meta property=\"og:image:width\" content=\"1920\" \/>\n\t<meta property=\"og:image:height\" content=\"1440\" \/>\n\t<meta property=\"og:image:type\" content=\"image\/jpeg\" \/>\n<meta name=\"twitter:card\" content=\"summary_large_image\" \/>\n<meta name=\"twitter:label1\" content=\"Gesch\u00e4tzte Lesezeit\" \/>\n\t<meta name=\"twitter:data1\" content=\"1\u00a0Minute\" \/>\n<script type=\"application\/ld+json\" class=\"yoast-schema-graph\">{\"@context\":\"https:\/\/schema.org\",\"@graph\":[{\"@type\":\"WebPage\",\"@id\":\"https:\/\/fge.swebwp.oci.eu\/de\/startseite\/grenzganger\/frankreich-deutschland\/arbeitsrecht\/\",\"url\":\"https:\/\/fge.swebwp.oci.eu\/de\/startseite\/grenzganger\/frankreich-deutschland\/arbeitsrecht\/\",\"name\":\"Arbeitsrecht in Deutschland: wichtige informationen\",\"isPartOf\":{\"@id\":\"https:\/\/fge.swebwp.oci.eu\/de\/#website\"},\"primaryImageOfPage\":{\"@id\":\"https:\/\/fge.swebwp.oci.eu\/de\/startseite\/grenzganger\/frankreich-deutschland\/arbeitsrecht\/#primaryimage\"},\"image\":{\"@id\":\"https:\/\/fge.swebwp.oci.eu\/de\/startseite\/grenzganger\/frankreich-deutschland\/arbeitsrecht\/#primaryimage\"},\"thumbnailUrl\":\"https:\/\/fge.swebwp.oci.eu\/wp-content\/uploads\/2021\/07\/Droit-du-travail-2.jpg\",\"datePublished\":\"2021-05-31T08:37:06+00:00\",\"dateModified\":\"2024-07-25T12:12:22+00:00\",\"description\":\"Arbeitsrecht in Deutschland: Umfasst Regelungen zu Arbeitsvertr\u00e4gen, Arbeitszeiten, K\u00fcndigungsschutz, Urlaubsanspr\u00fcchen und Arbeitnehmerrechten.\",\"breadcrumb\":{\"@id\":\"https:\/\/fge.swebwp.oci.eu\/de\/startseite\/grenzganger\/frankreich-deutschland\/arbeitsrecht\/#breadcrumb\"},\"inLanguage\":\"de\",\"potentialAction\":[{\"@type\":\"ReadAction\",\"target\":[\"https:\/\/fge.swebwp.oci.eu\/de\/startseite\/grenzganger\/frankreich-deutschland\/arbeitsrecht\/\"]}]},{\"@type\":\"ImageObject\",\"inLanguage\":\"de\",\"@id\":\"https:\/\/fge.swebwp.oci.eu\/de\/startseite\/grenzganger\/frankreich-deutschland\/arbeitsrecht\/#primaryimage\",\"url\":\"https:\/\/fge.swebwp.oci.eu\/wp-content\/uploads\/2021\/07\/Droit-du-travail-2.jpg\",\"contentUrl\":\"https:\/\/fge.swebwp.oci.eu\/wp-content\/uploads\/2021\/07\/Droit-du-travail-2.jpg\",\"width\":1920,\"height\":1440,\"caption\":\"Droit du travail\"},{\"@type\":\"BreadcrumbList\",\"@id\":\"https:\/\/fge.swebwp.oci.eu\/de\/startseite\/grenzganger\/frankreich-deutschland\/arbeitsrecht\/#breadcrumb\",\"itemListElement\":[{\"@type\":\"ListItem\",\"position\":1,\"name\":\"Startseite\",\"item\":\"https:\/\/fge.swebwp.oci.eu\/de\/\"},{\"@type\":\"ListItem\",\"position\":2,\"name\":\"Grenzg\u00e4nger\",\"item\":\"https:\/\/fge.swebwp.oci.eu\/de\/startseite\/grenzganger\/\"},{\"@type\":\"ListItem\",\"position\":3,\"name\":\"Frankreich - Deutschland\",\"item\":\"https:\/\/fge.swebwp.oci.eu\/de\/startseite\/grenzganger\/frankreich-deutschland\/\"},{\"@type\":\"ListItem\",\"position\":4,\"name\":\"Arbeitsrecht\"}]},{\"@type\":\"WebSite\",\"@id\":\"https:\/\/fge.swebwp.oci.eu\/de\/#website\",\"url\":\"https:\/\/fge.swebwp.oci.eu\/de\/\",\"name\":\"Frontaliers Grand Est\",\"description\":\"Le site ressource du travail frontalier\",\"potentialAction\":[{\"@type\":\"SearchAction\",\"target\":{\"@type\":\"EntryPoint\",\"urlTemplate\":\"https:\/\/fge.swebwp.oci.eu\/de\/?s={search_term_string}\"},\"query-input\":{\"@type\":\"PropertyValueSpecification\",\"valueRequired\":true,\"valueName\":\"search_term_string\"}}],\"inLanguage\":\"de\"}]}<\/script>\n<!-- \/ Yoast SEO plugin. -->","yoast_head_json":{"title":"Arbeitsrecht in Deutschland: wichtige informationen","description":"Arbeitsrecht in Deutschland: Umfasst Regelungen zu Arbeitsvertr\u00e4gen, Arbeitszeiten, K\u00fcndigungsschutz, Urlaubsanspr\u00fcchen und Arbeitnehmerrechten.","robots":{"index":"noindex","follow":"follow","max-snippet":"max-snippet:-1","max-image-preview":"max-image-preview:large","max-video-preview":"max-video-preview:-1"},"og_locale":"de_DE","og_type":"article","og_title":"Arbeitsrecht in Deutschland: wichtige informationen","og_description":"Arbeitsrecht in Deutschland: Umfasst Regelungen zu Arbeitsvertr\u00e4gen, Arbeitszeiten, K\u00fcndigungsschutz, Urlaubsanspr\u00fcchen und Arbeitnehmerrechten.","og_url":"https:\/\/fge.swebwp.oci.eu\/de\/startseite\/grenzganger\/frankreich-deutschland\/arbeitsrecht\/","og_site_name":"Frontaliers Grand Est","article_modified_time":"2024-07-25T12:12:22+00:00","og_image":[{"width":1920,"height":1440,"url":"https:\/\/fge.swebwp.oci.eu\/wp-content\/uploads\/2021\/07\/Droit-du-travail-2.jpg","type":"image\/jpeg"}],"twitter_card":"summary_large_image","twitter_misc":{"Gesch\u00e4tzte Lesezeit":"1\u00a0Minute"},"schema":{"@context":"https:\/\/schema.org","@graph":[{"@type":"WebPage","@id":"https:\/\/fge.swebwp.oci.eu\/de\/startseite\/grenzganger\/frankreich-deutschland\/arbeitsrecht\/","url":"https:\/\/fge.swebwp.oci.eu\/de\/startseite\/grenzganger\/frankreich-deutschland\/arbeitsrecht\/","name":"Arbeitsrecht in Deutschland: wichtige informationen","isPartOf":{"@id":"https:\/\/fge.swebwp.oci.eu\/de\/#website"},"primaryImageOfPage":{"@id":"https:\/\/fge.swebwp.oci.eu\/de\/startseite\/grenzganger\/frankreich-deutschland\/arbeitsrecht\/#primaryimage"},"image":{"@id":"https:\/\/fge.swebwp.oci.eu\/de\/startseite\/grenzganger\/frankreich-deutschland\/arbeitsrecht\/#primaryimage"},"thumbnailUrl":"https:\/\/fge.swebwp.oci.eu\/wp-content\/uploads\/2021\/07\/Droit-du-travail-2.jpg","datePublished":"2021-05-31T08:37:06+00:00","dateModified":"2024-07-25T12:12:22+00:00","description":"Arbeitsrecht in Deutschland: Umfasst Regelungen zu Arbeitsvertr\u00e4gen, Arbeitszeiten, K\u00fcndigungsschutz, Urlaubsanspr\u00fcchen und Arbeitnehmerrechten.","breadcrumb":{"@id":"https:\/\/fge.swebwp.oci.eu\/de\/startseite\/grenzganger\/frankreich-deutschland\/arbeitsrecht\/#breadcrumb"},"inLanguage":"de","potentialAction":[{"@type":"ReadAction","target":["https:\/\/fge.swebwp.oci.eu\/de\/startseite\/grenzganger\/frankreich-deutschland\/arbeitsrecht\/"]}]},{"@type":"ImageObject","inLanguage":"de","@id":"https:\/\/fge.swebwp.oci.eu\/de\/startseite\/grenzganger\/frankreich-deutschland\/arbeitsrecht\/#primaryimage","url":"https:\/\/fge.swebwp.oci.eu\/wp-content\/uploads\/2021\/07\/Droit-du-travail-2.jpg","contentUrl":"https:\/\/fge.swebwp.oci.eu\/wp-content\/uploads\/2021\/07\/Droit-du-travail-2.jpg","width":1920,"height":1440,"caption":"Droit du travail"},{"@type":"BreadcrumbList","@id":"https:\/\/fge.swebwp.oci.eu\/de\/startseite\/grenzganger\/frankreich-deutschland\/arbeitsrecht\/#breadcrumb","itemListElement":[{"@type":"ListItem","position":1,"name":"Startseite","item":"https:\/\/fge.swebwp.oci.eu\/de\/"},{"@type":"ListItem","position":2,"name":"Grenzg\u00e4nger","item":"https:\/\/fge.swebwp.oci.eu\/de\/startseite\/grenzganger\/"},{"@type":"ListItem","position":3,"name":"Frankreich - Deutschland","item":"https:\/\/fge.swebwp.oci.eu\/de\/startseite\/grenzganger\/frankreich-deutschland\/"},{"@type":"ListItem","position":4,"name":"Arbeitsrecht"}]},{"@type":"WebSite","@id":"https:\/\/fge.swebwp.oci.eu\/de\/#website","url":"https:\/\/fge.swebwp.oci.eu\/de\/","name":"Frontaliers Grand Est","description":"Le site ressource du travail frontalier","potentialAction":[{"@type":"SearchAction","target":{"@type":"EntryPoint","urlTemplate":"https:\/\/fge.swebwp.oci.eu\/de\/?s={search_term_string}"},"query-input":{"@type":"PropertyValueSpecification","valueRequired":true,"valueName":"search_term_string"}}],"inLanguage":"de"}]}},"_links":{"self":[{"href":"https:\/\/fge.swebwp.oci.eu\/de\/wp-json\/wp\/v2\/pages\/7871","targetHints":{"allow":["GET"]}}],"collection":[{"href":"https:\/\/fge.swebwp.oci.eu\/de\/wp-json\/wp\/v2\/pages"}],"about":[{"href":"https:\/\/fge.swebwp.oci.eu\/de\/wp-json\/wp\/v2\/types\/page"}],"author":[{"embeddable":true,"href":"https:\/\/fge.swebwp.oci.eu\/de\/wp-json\/wp\/v2\/users\/7"}],"replies":[{"embeddable":true,"href":"https:\/\/fge.swebwp.oci.eu\/de\/wp-json\/wp\/v2\/comments?post=7871"}],"version-history":[{"count":3,"href":"https:\/\/fge.swebwp.oci.eu\/de\/wp-json\/wp\/v2\/pages\/7871\/revisions"}],"predecessor-version":[{"id":7894,"href":"https:\/\/fge.swebwp.oci.eu\/de\/wp-json\/wp\/v2\/pages\/7871\/revisions\/7894"}],"up":[{"embeddable":true,"href":"https:\/\/fge.swebwp.oci.eu\/de\/wp-json\/wp\/v2\/pages\/7862"}],"wp:featuredmedia":[{"embeddable":true,"href":"https:\/\/fge.swebwp.oci.eu\/de\/wp-json\/wp\/v2\/media\/9888"}],"wp:attachment":[{"href":"https:\/\/fge.swebwp.oci.eu\/de\/wp-json\/wp\/v2\/media?parent=7871"}],"wp:term":[{"taxonomy":"frge_profile","embeddable":true,"href":"https:\/\/fge.swebwp.oci.eu\/de\/wp-json\/wp\/v2\/frge_profile?post=7871"}],"curies":[{"name":"wp","href":"https:\/\/api.w.org\/{rel}","templated":true}]}}