{"id":7774,"date":"2021-05-19T16:47:33","date_gmt":"2021-05-19T14:47:33","guid":{"rendered":"https:\/\/fge.swebwp.oci.eu\/?page_id=7774"},"modified":"2024-07-08T17:20:59","modified_gmt":"2024-07-08T15:20:59","slug":"vergutung","status":"publish","type":"page","link":"https:\/\/fge.swebwp.oci.eu\/de\/startseite\/jugendliche\/praktikum\/praktikum-in-luxemburg-ihre-rechte-und-pflichten\/vergutung\/","title":{"rendered":"Verg\u00fctung"},"content":{"rendered":"\n<p><strong>Pflichtpraktikum<\/strong><br><strong>Bei einer Praktikumsdauer von weniger als 4 Wochen<\/strong>: eine Praktikumsverg\u00fctung ist nicht obligatorisch. <\/p>\n\n\n\n<p><strong>Bei einer Praktikumsdauer von 4 Wochen oder l\u00e4nger<\/strong>: die Verg\u00fctung liegt bei mindestens 30\u00a0% des gesetzlichen Mindestlohns f\u00fcr unqualifizierte Besch\u00e4ftigte.<\/p>\n\n\n\n<p>Ausgenommen von der Verpflichtung zur Zahlung einer Verg\u00fctung gem\u00e4\u00df Absatz 1 sind Praktika, bei denen <strong>die Bildungseinrichtung<\/strong> in der von ihr aufgesetzten Praktikumsvereinbarung die Zahlung einer Verg\u00fctung ausdr\u00fccklich verbietet und die Einhaltung dieses Verbots zu einer Bedingung f\u00fcr die Anerkennung des Praktikums macht.<br><br><br><strong>Praktikum zum Erwerb von Berufserfahrung<\/strong><br><br><strong>Bei einer Praktikumsdauer von weniger als 4 Wochen<\/strong>: eine Praktikumsverg\u00fctung ist nicht obligatorisch.<br><br><strong>Bei einer Praktikumsdauer zwischen 4 und 12 Wochen<\/strong>: die Verg\u00fctung liegt bei mindestens 40\u00a0% des gesetzlichen Mindestlohns f\u00fcr unqualifizierte Besch\u00e4ftigte.<br><br><strong>Bei einer Praktikumsdauer zwischen mehr als 12 und h\u00f6chstens 26 Wochen<\/strong>: die Verg\u00fctung liegt bei mindestens 75\u00a0% des gesetzlichen Mindestlohns f\u00fcr unqualifizierte Besch\u00e4ftigte.<br>F\u00fcr Praktikanten, die einen Bachelorabschluss haben, wird als Referenzentgelt der gesetzliche Mindestlohn f\u00fcr qualifizierte Besch\u00e4ftigte herangezogen.<br><br>Eine Praktikumsverg\u00fctung gilt nicht als Arbeitsentgelt.<\/p>\n","protected":false},"excerpt":{"rendered":"<p>PflichtpraktikumBei einer Praktikumsdauer von weniger als 4 Wochen: eine Praktikumsverg\u00fctung ist nicht obligatorisch. Bei einer Praktikumsdauer von 4 Wochen oder l\u00e4nger: die Verg\u00fctung liegt bei mindestens 30\u00a0% des gesetzlichen Mindestlohns f\u00fcr unqualifizierte Besch\u00e4ftigte. Ausgenommen von der Verpflichtung zur Zahlung einer Verg\u00fctung gem\u00e4\u00df Absatz 1 sind Praktika, bei denen die Bildungseinrichtung in der von ihr aufgesetzten [&hellip;]<\/p>\n","protected":false},"author":7,"featured_media":0,"parent":7656,"menu_order":0,"comment_status":"closed","ping_status":"closed","template":"","meta":{"inline_featured_image":false,"footnotes":""},"frge_profile":[],"class_list":["post-7774","page","type-page","status-publish","hentry"],"yoast_head":"<!-- This site is optimized with the Yoast SEO plugin v25.0 - https:\/\/yoast.com\/wordpress\/plugins\/seo\/ -->\n<title>Praktikum verg\u00fctung: bedingungen und mindestlohns\u00e4tze<\/title>\n<meta name=\"description\" content=\"Informationen zu Praktikumsverg\u00fctung abh\u00e4ngig von der Dauer und den Bedingungen des Praktikums sowie den Ausnahmen gem\u00e4\u00df den Vorgaben der Bildungseinrichtung\" \/>\n<meta name=\"robots\" content=\"noindex, follow, max-snippet:-1, max-image-preview:large, max-video-preview:-1\" \/>\n<meta property=\"og:locale\" content=\"de_DE\" \/>\n<meta property=\"og:type\" content=\"article\" \/>\n<meta property=\"og:title\" content=\"Praktikum verg\u00fctung: bedingungen und mindestlohns\u00e4tze\" \/>\n<meta property=\"og:description\" content=\"Informationen zu Praktikumsverg\u00fctung abh\u00e4ngig von der Dauer und den Bedingungen des Praktikums sowie den Ausnahmen gem\u00e4\u00df den Vorgaben der Bildungseinrichtung\" \/>\n<meta property=\"og:url\" content=\"https:\/\/fge.swebwp.oci.eu\/de\/startseite\/jugendliche\/praktikum\/praktikum-in-luxemburg-ihre-rechte-und-pflichten\/vergutung\/\" \/>\n<meta property=\"og:site_name\" content=\"Frontaliers Grand Est\" \/>\n<meta property=\"article:modified_time\" content=\"2024-07-08T15:20:59+00:00\" \/>\n<meta name=\"twitter:card\" content=\"summary_large_image\" \/>\n<meta name=\"twitter:label1\" content=\"Gesch\u00e4tzte Lesezeit\" \/>\n\t<meta name=\"twitter:data1\" content=\"1\u00a0Minute\" \/>\n<script type=\"application\/ld+json\" class=\"yoast-schema-graph\">{\"@context\":\"https:\/\/schema.org\",\"@graph\":[{\"@type\":\"WebPage\",\"@id\":\"https:\/\/fge.swebwp.oci.eu\/de\/startseite\/jugendliche\/praktikum\/praktikum-in-luxemburg-ihre-rechte-und-pflichten\/vergutung\/\",\"url\":\"https:\/\/fge.swebwp.oci.eu\/de\/startseite\/jugendliche\/praktikum\/praktikum-in-luxemburg-ihre-rechte-und-pflichten\/vergutung\/\",\"name\":\"Praktikum verg\u00fctung: bedingungen und mindestlohns\u00e4tze\",\"isPartOf\":{\"@id\":\"https:\/\/fge.swebwp.oci.eu\/de\/#website\"},\"datePublished\":\"2021-05-19T14:47:33+00:00\",\"dateModified\":\"2024-07-08T15:20:59+00:00\",\"description\":\"Informationen zu Praktikumsverg\u00fctung abh\u00e4ngig von der Dauer und den Bedingungen des Praktikums sowie den Ausnahmen gem\u00e4\u00df den Vorgaben der Bildungseinrichtung\",\"breadcrumb\":{\"@id\":\"https:\/\/fge.swebwp.oci.eu\/de\/startseite\/jugendliche\/praktikum\/praktikum-in-luxemburg-ihre-rechte-und-pflichten\/vergutung\/#breadcrumb\"},\"inLanguage\":\"de\",\"potentialAction\":[{\"@type\":\"ReadAction\",\"target\":[\"https:\/\/fge.swebwp.oci.eu\/de\/startseite\/jugendliche\/praktikum\/praktikum-in-luxemburg-ihre-rechte-und-pflichten\/vergutung\/\"]}]},{\"@type\":\"BreadcrumbList\",\"@id\":\"https:\/\/fge.swebwp.oci.eu\/de\/startseite\/jugendliche\/praktikum\/praktikum-in-luxemburg-ihre-rechte-und-pflichten\/vergutung\/#breadcrumb\",\"itemListElement\":[{\"@type\":\"ListItem\",\"position\":1,\"name\":\"Startseite\",\"item\":\"https:\/\/fge.swebwp.oci.eu\/de\/\"},{\"@type\":\"ListItem\",\"position\":2,\"name\":\"Jugendliche\",\"item\":\"https:\/\/fge.swebwp.oci.eu\/de\/startseite\/jugendliche\/\"},{\"@type\":\"ListItem\",\"position\":3,\"name\":\"Praktikum\",\"item\":\"https:\/\/fge.swebwp.oci.eu\/de\/startseite\/jugendliche\/praktikum\/\"},{\"@type\":\"ListItem\",\"position\":4,\"name\":\"Praktikum in Luxemburg : Ihre Rechte und Pflichten\",\"item\":\"https:\/\/fge.swebwp.oci.eu\/de\/startseite\/jugendliche\/praktikum\/praktikum-in-luxemburg-ihre-rechte-und-pflichten\/\"},{\"@type\":\"ListItem\",\"position\":5,\"name\":\"Verg\u00fctung\"}]},{\"@type\":\"WebSite\",\"@id\":\"https:\/\/fge.swebwp.oci.eu\/de\/#website\",\"url\":\"https:\/\/fge.swebwp.oci.eu\/de\/\",\"name\":\"Frontaliers Grand Est\",\"description\":\"Le site ressource du travail frontalier\",\"potentialAction\":[{\"@type\":\"SearchAction\",\"target\":{\"@type\":\"EntryPoint\",\"urlTemplate\":\"https:\/\/fge.swebwp.oci.eu\/de\/?s={search_term_string}\"},\"query-input\":{\"@type\":\"PropertyValueSpecification\",\"valueRequired\":true,\"valueName\":\"search_term_string\"}}],\"inLanguage\":\"de\"}]}<\/script>\n<!-- \/ Yoast SEO plugin. -->","yoast_head_json":{"title":"Praktikum verg\u00fctung: bedingungen und mindestlohns\u00e4tze","description":"Informationen zu Praktikumsverg\u00fctung abh\u00e4ngig von der Dauer und den Bedingungen des Praktikums sowie den Ausnahmen gem\u00e4\u00df den Vorgaben der Bildungseinrichtung","robots":{"index":"noindex","follow":"follow","max-snippet":"max-snippet:-1","max-image-preview":"max-image-preview:large","max-video-preview":"max-video-preview:-1"},"og_locale":"de_DE","og_type":"article","og_title":"Praktikum verg\u00fctung: bedingungen und mindestlohns\u00e4tze","og_description":"Informationen zu Praktikumsverg\u00fctung abh\u00e4ngig von der Dauer und den Bedingungen des Praktikums sowie den Ausnahmen gem\u00e4\u00df den Vorgaben der Bildungseinrichtung","og_url":"https:\/\/fge.swebwp.oci.eu\/de\/startseite\/jugendliche\/praktikum\/praktikum-in-luxemburg-ihre-rechte-und-pflichten\/vergutung\/","og_site_name":"Frontaliers Grand Est","article_modified_time":"2024-07-08T15:20:59+00:00","twitter_card":"summary_large_image","twitter_misc":{"Gesch\u00e4tzte Lesezeit":"1\u00a0Minute"},"schema":{"@context":"https:\/\/schema.org","@graph":[{"@type":"WebPage","@id":"https:\/\/fge.swebwp.oci.eu\/de\/startseite\/jugendliche\/praktikum\/praktikum-in-luxemburg-ihre-rechte-und-pflichten\/vergutung\/","url":"https:\/\/fge.swebwp.oci.eu\/de\/startseite\/jugendliche\/praktikum\/praktikum-in-luxemburg-ihre-rechte-und-pflichten\/vergutung\/","name":"Praktikum verg\u00fctung: bedingungen und mindestlohns\u00e4tze","isPartOf":{"@id":"https:\/\/fge.swebwp.oci.eu\/de\/#website"},"datePublished":"2021-05-19T14:47:33+00:00","dateModified":"2024-07-08T15:20:59+00:00","description":"Informationen zu Praktikumsverg\u00fctung abh\u00e4ngig von der Dauer und den Bedingungen des Praktikums sowie den Ausnahmen gem\u00e4\u00df den Vorgaben der Bildungseinrichtung","breadcrumb":{"@id":"https:\/\/fge.swebwp.oci.eu\/de\/startseite\/jugendliche\/praktikum\/praktikum-in-luxemburg-ihre-rechte-und-pflichten\/vergutung\/#breadcrumb"},"inLanguage":"de","potentialAction":[{"@type":"ReadAction","target":["https:\/\/fge.swebwp.oci.eu\/de\/startseite\/jugendliche\/praktikum\/praktikum-in-luxemburg-ihre-rechte-und-pflichten\/vergutung\/"]}]},{"@type":"BreadcrumbList","@id":"https:\/\/fge.swebwp.oci.eu\/de\/startseite\/jugendliche\/praktikum\/praktikum-in-luxemburg-ihre-rechte-und-pflichten\/vergutung\/#breadcrumb","itemListElement":[{"@type":"ListItem","position":1,"name":"Startseite","item":"https:\/\/fge.swebwp.oci.eu\/de\/"},{"@type":"ListItem","position":2,"name":"Jugendliche","item":"https:\/\/fge.swebwp.oci.eu\/de\/startseite\/jugendliche\/"},{"@type":"ListItem","position":3,"name":"Praktikum","item":"https:\/\/fge.swebwp.oci.eu\/de\/startseite\/jugendliche\/praktikum\/"},{"@type":"ListItem","position":4,"name":"Praktikum in Luxemburg : Ihre Rechte und Pflichten","item":"https:\/\/fge.swebwp.oci.eu\/de\/startseite\/jugendliche\/praktikum\/praktikum-in-luxemburg-ihre-rechte-und-pflichten\/"},{"@type":"ListItem","position":5,"name":"Verg\u00fctung"}]},{"@type":"WebSite","@id":"https:\/\/fge.swebwp.oci.eu\/de\/#website","url":"https:\/\/fge.swebwp.oci.eu\/de\/","name":"Frontaliers Grand Est","description":"Le site ressource du travail frontalier","potentialAction":[{"@type":"SearchAction","target":{"@type":"EntryPoint","urlTemplate":"https:\/\/fge.swebwp.oci.eu\/de\/?s={search_term_string}"},"query-input":{"@type":"PropertyValueSpecification","valueRequired":true,"valueName":"search_term_string"}}],"inLanguage":"de"}]}},"_links":{"self":[{"href":"https:\/\/fge.swebwp.oci.eu\/de\/wp-json\/wp\/v2\/pages\/7774","targetHints":{"allow":["GET"]}}],"collection":[{"href":"https:\/\/fge.swebwp.oci.eu\/de\/wp-json\/wp\/v2\/pages"}],"about":[{"href":"https:\/\/fge.swebwp.oci.eu\/de\/wp-json\/wp\/v2\/types\/page"}],"author":[{"embeddable":true,"href":"https:\/\/fge.swebwp.oci.eu\/de\/wp-json\/wp\/v2\/users\/7"}],"replies":[{"embeddable":true,"href":"https:\/\/fge.swebwp.oci.eu\/de\/wp-json\/wp\/v2\/comments?post=7774"}],"version-history":[{"count":4,"href":"https:\/\/fge.swebwp.oci.eu\/de\/wp-json\/wp\/v2\/pages\/7774\/revisions"}],"predecessor-version":[{"id":24377,"href":"https:\/\/fge.swebwp.oci.eu\/de\/wp-json\/wp\/v2\/pages\/7774\/revisions\/24377"}],"up":[{"embeddable":true,"href":"https:\/\/fge.swebwp.oci.eu\/de\/wp-json\/wp\/v2\/pages\/7656"}],"wp:attachment":[{"href":"https:\/\/fge.swebwp.oci.eu\/de\/wp-json\/wp\/v2\/media?parent=7774"}],"wp:term":[{"taxonomy":"frge_profile","embeddable":true,"href":"https:\/\/fge.swebwp.oci.eu\/de\/wp-json\/wp\/v2\/frge_profile?post=7774"}],"curies":[{"name":"wp","href":"https:\/\/api.w.org\/{rel}","templated":true}]}}