{"id":7770,"date":"2021-05-19T16:39:27","date_gmt":"2021-05-19T14:39:27","guid":{"rendered":"https:\/\/fge.swebwp.oci.eu\/?page_id=7770"},"modified":"2023-04-24T17:01:17","modified_gmt":"2023-04-24T15:01:17","slug":"die-rechte-des-praktikanten","status":"publish","type":"page","link":"https:\/\/fge.swebwp.oci.eu\/de\/startseite\/jugendliche\/praktikum\/praktikum-in-luxemburg-ihre-rechte-und-pflichten\/die-rechte-des-praktikanten\/","title":{"rendered":"Die Rechte von Praktikanten"},"content":{"rendered":"\n<p>Im Rahmen eines Pflichtpraktikums d\u00fcrfen dem Studenten oder Sch\u00fcler keine Aufgaben zugewiesen werden, die eine mit einer normalen Arbeit vergleichbare Leistung erfordern.<\/p>\n\n\n\n<p>F\u00fcr Praktikanten gelten die Bestimmungen in Bezug auf die Arbeitszeit (auf 8 Stunden pro Tag und 40 Stunden pro Woche beschr\u00e4nkt), auf sexuelle Bel\u00e4stigung, auf Gesundheit und Sicherheit am Arbeitsplatz, auf medizinische Versorgung am Arbeitsplatz (medizinische Untersuchung durch den Betriebsarzt), sowie in Bezug auf die Besch\u00e4ftigung junger Arbeitnehmer.<\/p>\n","protected":false},"excerpt":{"rendered":"<p>Im Rahmen eines Pflichtpraktikums d\u00fcrfen dem Studenten oder Sch\u00fcler keine Aufgaben zugewiesen werden, die eine mit einer normalen Arbeit vergleichbare Leistung erfordern. F\u00fcr Praktikanten gelten die Bestimmungen in Bezug auf die Arbeitszeit (auf 8 Stunden pro Tag und 40 Stunden pro Woche beschr\u00e4nkt), auf sexuelle Bel\u00e4stigung, auf Gesundheit und Sicherheit am Arbeitsplatz, auf medizinische Versorgung [&hellip;]<\/p>\n","protected":false},"author":7,"featured_media":0,"parent":7656,"menu_order":6,"comment_status":"closed","ping_status":"closed","template":"","meta":{"inline_featured_image":false,"footnotes":""},"frge_profile":[],"class_list":["post-7770","page","type-page","status-publish","hentry"],"yoast_head":"<!-- This site is optimized with the Yoast SEO plugin v25.0 - https:\/\/yoast.com\/wordpress\/plugins\/seo\/ -->\n<title>Die Rechte von Praktikanten - Frontaliers Grand Est<\/title>\n<meta name=\"robots\" content=\"noindex, follow, max-snippet:-1, max-image-preview:large, max-video-preview:-1\" \/>\n<meta property=\"og:locale\" content=\"de_DE\" \/>\n<meta property=\"og:type\" content=\"article\" \/>\n<meta property=\"og:title\" content=\"Die Rechte von Praktikanten - Frontaliers Grand Est\" \/>\n<meta property=\"og:description\" content=\"Im Rahmen eines Pflichtpraktikums d\u00fcrfen dem Studenten oder Sch\u00fcler keine Aufgaben zugewiesen werden, die eine mit einer normalen Arbeit vergleichbare Leistung erfordern. F\u00fcr Praktikanten gelten die Bestimmungen in Bezug auf die Arbeitszeit (auf 8 Stunden pro Tag und 40 Stunden pro Woche beschr\u00e4nkt), auf sexuelle Bel\u00e4stigung, auf Gesundheit und Sicherheit am Arbeitsplatz, auf medizinische Versorgung [&hellip;]\" \/>\n<meta property=\"og:url\" content=\"https:\/\/fge.swebwp.oci.eu\/de\/startseite\/jugendliche\/praktikum\/praktikum-in-luxemburg-ihre-rechte-und-pflichten\/die-rechte-des-praktikanten\/\" \/>\n<meta property=\"og:site_name\" content=\"Frontaliers Grand Est\" \/>\n<meta property=\"article:modified_time\" content=\"2023-04-24T15:01:17+00:00\" \/>\n<meta name=\"twitter:card\" content=\"summary_large_image\" \/>\n<meta name=\"twitter:label1\" content=\"Gesch\u00e4tzte Lesezeit\" \/>\n\t<meta name=\"twitter:data1\" content=\"1\u00a0Minute\" \/>\n<script type=\"application\/ld+json\" class=\"yoast-schema-graph\">{\"@context\":\"https:\/\/schema.org\",\"@graph\":[{\"@type\":\"WebPage\",\"@id\":\"https:\/\/fge.swebwp.oci.eu\/de\/startseite\/jugendliche\/praktikum\/praktikum-in-luxemburg-ihre-rechte-und-pflichten\/die-rechte-des-praktikanten\/\",\"url\":\"https:\/\/fge.swebwp.oci.eu\/de\/startseite\/jugendliche\/praktikum\/praktikum-in-luxemburg-ihre-rechte-und-pflichten\/die-rechte-des-praktikanten\/\",\"name\":\"Die Rechte von Praktikanten - Frontaliers Grand Est\",\"isPartOf\":{\"@id\":\"https:\/\/fge.swebwp.oci.eu\/de\/#website\"},\"datePublished\":\"2021-05-19T14:39:27+00:00\",\"dateModified\":\"2023-04-24T15:01:17+00:00\",\"breadcrumb\":{\"@id\":\"https:\/\/fge.swebwp.oci.eu\/de\/startseite\/jugendliche\/praktikum\/praktikum-in-luxemburg-ihre-rechte-und-pflichten\/die-rechte-des-praktikanten\/#breadcrumb\"},\"inLanguage\":\"de\",\"potentialAction\":[{\"@type\":\"ReadAction\",\"target\":[\"https:\/\/fge.swebwp.oci.eu\/de\/startseite\/jugendliche\/praktikum\/praktikum-in-luxemburg-ihre-rechte-und-pflichten\/die-rechte-des-praktikanten\/\"]}]},{\"@type\":\"BreadcrumbList\",\"@id\":\"https:\/\/fge.swebwp.oci.eu\/de\/startseite\/jugendliche\/praktikum\/praktikum-in-luxemburg-ihre-rechte-und-pflichten\/die-rechte-des-praktikanten\/#breadcrumb\",\"itemListElement\":[{\"@type\":\"ListItem\",\"position\":1,\"name\":\"Startseite\",\"item\":\"https:\/\/fge.swebwp.oci.eu\/de\/\"},{\"@type\":\"ListItem\",\"position\":2,\"name\":\"Jugendliche\",\"item\":\"https:\/\/fge.swebwp.oci.eu\/de\/startseite\/jugendliche\/\"},{\"@type\":\"ListItem\",\"position\":3,\"name\":\"Praktikum\",\"item\":\"https:\/\/fge.swebwp.oci.eu\/de\/startseite\/jugendliche\/praktikum\/\"},{\"@type\":\"ListItem\",\"position\":4,\"name\":\"Praktikum in Luxemburg : Ihre Rechte und Pflichten\",\"item\":\"https:\/\/fge.swebwp.oci.eu\/de\/startseite\/jugendliche\/praktikum\/praktikum-in-luxemburg-ihre-rechte-und-pflichten\/\"},{\"@type\":\"ListItem\",\"position\":5,\"name\":\"Die Rechte von Praktikanten\"}]},{\"@type\":\"WebSite\",\"@id\":\"https:\/\/fge.swebwp.oci.eu\/de\/#website\",\"url\":\"https:\/\/fge.swebwp.oci.eu\/de\/\",\"name\":\"Frontaliers Grand Est\",\"description\":\"Le site ressource du travail frontalier\",\"potentialAction\":[{\"@type\":\"SearchAction\",\"target\":{\"@type\":\"EntryPoint\",\"urlTemplate\":\"https:\/\/fge.swebwp.oci.eu\/de\/?s={search_term_string}\"},\"query-input\":{\"@type\":\"PropertyValueSpecification\",\"valueRequired\":true,\"valueName\":\"search_term_string\"}}],\"inLanguage\":\"de\"}]}<\/script>\n<!-- \/ Yoast SEO plugin. -->","yoast_head_json":{"title":"Die Rechte von Praktikanten - Frontaliers Grand Est","robots":{"index":"noindex","follow":"follow","max-snippet":"max-snippet:-1","max-image-preview":"max-image-preview:large","max-video-preview":"max-video-preview:-1"},"og_locale":"de_DE","og_type":"article","og_title":"Die Rechte von Praktikanten - Frontaliers Grand Est","og_description":"Im Rahmen eines Pflichtpraktikums d\u00fcrfen dem Studenten oder Sch\u00fcler keine Aufgaben zugewiesen werden, die eine mit einer normalen Arbeit vergleichbare Leistung erfordern. F\u00fcr Praktikanten gelten die Bestimmungen in Bezug auf die Arbeitszeit (auf 8 Stunden pro Tag und 40 Stunden pro Woche beschr\u00e4nkt), auf sexuelle Bel\u00e4stigung, auf Gesundheit und Sicherheit am Arbeitsplatz, auf medizinische Versorgung [&hellip;]","og_url":"https:\/\/fge.swebwp.oci.eu\/de\/startseite\/jugendliche\/praktikum\/praktikum-in-luxemburg-ihre-rechte-und-pflichten\/die-rechte-des-praktikanten\/","og_site_name":"Frontaliers Grand Est","article_modified_time":"2023-04-24T15:01:17+00:00","twitter_card":"summary_large_image","twitter_misc":{"Gesch\u00e4tzte Lesezeit":"1\u00a0Minute"},"schema":{"@context":"https:\/\/schema.org","@graph":[{"@type":"WebPage","@id":"https:\/\/fge.swebwp.oci.eu\/de\/startseite\/jugendliche\/praktikum\/praktikum-in-luxemburg-ihre-rechte-und-pflichten\/die-rechte-des-praktikanten\/","url":"https:\/\/fge.swebwp.oci.eu\/de\/startseite\/jugendliche\/praktikum\/praktikum-in-luxemburg-ihre-rechte-und-pflichten\/die-rechte-des-praktikanten\/","name":"Die Rechte von Praktikanten - Frontaliers Grand Est","isPartOf":{"@id":"https:\/\/fge.swebwp.oci.eu\/de\/#website"},"datePublished":"2021-05-19T14:39:27+00:00","dateModified":"2023-04-24T15:01:17+00:00","breadcrumb":{"@id":"https:\/\/fge.swebwp.oci.eu\/de\/startseite\/jugendliche\/praktikum\/praktikum-in-luxemburg-ihre-rechte-und-pflichten\/die-rechte-des-praktikanten\/#breadcrumb"},"inLanguage":"de","potentialAction":[{"@type":"ReadAction","target":["https:\/\/fge.swebwp.oci.eu\/de\/startseite\/jugendliche\/praktikum\/praktikum-in-luxemburg-ihre-rechte-und-pflichten\/die-rechte-des-praktikanten\/"]}]},{"@type":"BreadcrumbList","@id":"https:\/\/fge.swebwp.oci.eu\/de\/startseite\/jugendliche\/praktikum\/praktikum-in-luxemburg-ihre-rechte-und-pflichten\/die-rechte-des-praktikanten\/#breadcrumb","itemListElement":[{"@type":"ListItem","position":1,"name":"Startseite","item":"https:\/\/fge.swebwp.oci.eu\/de\/"},{"@type":"ListItem","position":2,"name":"Jugendliche","item":"https:\/\/fge.swebwp.oci.eu\/de\/startseite\/jugendliche\/"},{"@type":"ListItem","position":3,"name":"Praktikum","item":"https:\/\/fge.swebwp.oci.eu\/de\/startseite\/jugendliche\/praktikum\/"},{"@type":"ListItem","position":4,"name":"Praktikum in Luxemburg : Ihre Rechte und Pflichten","item":"https:\/\/fge.swebwp.oci.eu\/de\/startseite\/jugendliche\/praktikum\/praktikum-in-luxemburg-ihre-rechte-und-pflichten\/"},{"@type":"ListItem","position":5,"name":"Die Rechte von Praktikanten"}]},{"@type":"WebSite","@id":"https:\/\/fge.swebwp.oci.eu\/de\/#website","url":"https:\/\/fge.swebwp.oci.eu\/de\/","name":"Frontaliers Grand Est","description":"Le site ressource du travail frontalier","potentialAction":[{"@type":"SearchAction","target":{"@type":"EntryPoint","urlTemplate":"https:\/\/fge.swebwp.oci.eu\/de\/?s={search_term_string}"},"query-input":{"@type":"PropertyValueSpecification","valueRequired":true,"valueName":"search_term_string"}}],"inLanguage":"de"}]}},"_links":{"self":[{"href":"https:\/\/fge.swebwp.oci.eu\/de\/wp-json\/wp\/v2\/pages\/7770","targetHints":{"allow":["GET"]}}],"collection":[{"href":"https:\/\/fge.swebwp.oci.eu\/de\/wp-json\/wp\/v2\/pages"}],"about":[{"href":"https:\/\/fge.swebwp.oci.eu\/de\/wp-json\/wp\/v2\/types\/page"}],"author":[{"embeddable":true,"href":"https:\/\/fge.swebwp.oci.eu\/de\/wp-json\/wp\/v2\/users\/7"}],"replies":[{"embeddable":true,"href":"https:\/\/fge.swebwp.oci.eu\/de\/wp-json\/wp\/v2\/comments?post=7770"}],"version-history":[{"count":3,"href":"https:\/\/fge.swebwp.oci.eu\/de\/wp-json\/wp\/v2\/pages\/7770\/revisions"}],"predecessor-version":[{"id":24369,"href":"https:\/\/fge.swebwp.oci.eu\/de\/wp-json\/wp\/v2\/pages\/7770\/revisions\/24369"}],"up":[{"embeddable":true,"href":"https:\/\/fge.swebwp.oci.eu\/de\/wp-json\/wp\/v2\/pages\/7656"}],"wp:attachment":[{"href":"https:\/\/fge.swebwp.oci.eu\/de\/wp-json\/wp\/v2\/media?parent=7770"}],"wp:term":[{"taxonomy":"frge_profile","embeddable":true,"href":"https:\/\/fge.swebwp.oci.eu\/de\/wp-json\/wp\/v2\/frge_profile?post=7770"}],"curies":[{"name":"wp","href":"https:\/\/api.w.org\/{rel}","templated":true}]}}