{"id":7766,"date":"2021-05-19T16:37:00","date_gmt":"2021-05-19T14:37:00","guid":{"rendered":"https:\/\/fge.swebwp.oci.eu\/?page_id=7766"},"modified":"2024-07-03T10:30:02","modified_gmt":"2024-07-03T08:30:02","slug":"als-auslander-ein-praktikum-in-luxemburg-machen","status":"publish","type":"page","link":"https:\/\/fge.swebwp.oci.eu\/de\/startseite\/jugendliche\/praktikum\/praktikum-in-luxemburg-ihre-rechte-und-pflichten\/als-auslander-ein-praktikum-in-luxemburg-machen\/","title":{"rendered":"Als \u201cAusl\u00e4nder\u201d ein praktikum in Luxemburg machen"},"content":{"rendered":"\n<h3 class=\"wp-block-heading\">B\u00fcrger der Europ\u00e4ischen Union<\/h3>\n\n\n\n<p>Ein EU-B\u00fcrger ist von den spezifischen Formalit\u00e4ten befreit (abgesehen von der Unterzeichnung einer Praktikumsvereinbarung oder eines Praktikumsvertrags). Dennoch muss er einen Identit\u00e4tsnachweis besitzen.<\/p>\n\n\n\n<h3 class=\"wp-block-heading\">Drittstaatsangeh\u00f6rige, die sich w\u00e4hrend ihres Praktikums in Luxemburg aufhalten m\u00f6chten<\/h3>\n\n\n\n<h4 class=\"wp-block-heading\">Praktikum von weniger als 3 Monaten:<\/h4>\n\n\n\n<p>Drittstaatsangeh\u00f6rige, die ein weniger als 3 Monate dauerndes Ausbildungspraktikum in Luxemburg absolvieren m\u00f6chten, sind berechtigt, sich in Luxemburg bis zu 3 Monate aufzuhalten, wenn sie die Voraussetzungen f\u00fcr die Einreise und den Aufenthalt auf luxemburgischem Staatsgebiet erf\u00fcllen.<br><br>&#8211; Um <strong>bis zu 3 Monate<\/strong> in Luxemburg bleiben zu d\u00fcrfen, m\u00fcssen sie ein <strong>Kurzzeitvisum f\u00fcr den Schengen-Raum<\/strong> beantragen. <strong>Vor ihrer Abreise<\/strong> m\u00fcssen Drittstaatsangeh\u00f6rige bei einer konsularischen Vertretung Luxemburgs einen Antrag stellen.<\/p>\n\n\n\n<p>Informationen \u00fcber das Schengenvisa finden Sie hier : <\/p>\n\n\n\n<p><a href=\"https:\/\/www.schengenvisainfo.com\/de\/staaten-des-schengen-raums\/\">https:\/\/www.schengenvisainfo.com\/de\/staaten-des-schengen-raums\/<\/a><br><br>-Sie m\u00fcssen insbesondere nachweisen, dass sie f\u00fcr die Dauer des geplanten Aufenthalts \u00fcber ausreichende finanzielle Mittel verf\u00fcgen. Um diesen Nachweis zu erbringen, k\u00f6nnen Drittstaatsangeh\u00f6rige <strong>ein Dokument vorlegen, aus dem hervorgeht, dass es ihnen m\u00f6glich ist, die erforderlichen Lebenshaltungskosten legal zu bestreiten<\/strong>; dies kann beispielsweise eine Praktikumsvereinbarung sein.<\/p>\n\n\n\n<p><\/p>\n\n\n\n<p>Angeh\u00f6rige einiger Drittstaaten sind von der Visumspflicht ausgenommen:<br><br><a href=\"https:\/\/maee.gouvernement.lu\/dam-assets\/services-aux-citoyens\/visa-et-immigration\/liste-des-pays-non-soumis-a-l-obligation-de-visa.pdf\">https:\/\/maee.gouvernement.lu\/dam-assets\/services-aux-citoyens\/visa-et-immigration\/liste-des-pays-non-soumis-a-l-obligation-de-visa.pdf<\/a><br>In diesen F\u00e4llen gen\u00fcgt ein Reisepass.<br><br>F\u00fcr Aufenthalte von weniger als 3 Monaten ben\u00f6tigen Drittstaatsangeh\u00f6rige <strong>keine Arbeitserlaubnis<\/strong>.<br><br>Innerhalb von 3 Tagen nach der Einreise nach Luxemburg m\u00fcssen Drittstaatsangeh\u00f6rige entweder einen Meldeschein bei ihrer Unterkunft ausf\u00fcllen (der dann auch als Anmeldung am Wohnort gilt) oder sich bei der Gemeindeverwaltung am Aufenthaltsort anmelden.<br><br><br><strong>Praktikum von mehr als 3 Monaten<\/strong> : <\/p>\n\n\n\n<p>Drittstaatsangeh\u00f6rige, die sich <strong>l\u00e4nger als 3 Monate<\/strong> in Luxemburg aufhalten wollen, um ein Ausbildungspraktikum zu absolvieren, m\u00fcssen \u00fcber eine <strong>Aufenthaltsgenehmigung f\u00fcr Praktikanten<\/strong> verf\u00fcgen, bevor sie nach Luxemburg einreisen.<br><br>Wenn ein Drittstaatsangeh\u00f6riger <strong>bereits \u00fcber einen Aufenthaltstitel in einem anderen Mitgliedstaat verf\u00fcgt<\/strong> und sich f\u00fcr ein Ausbildungspraktikum von mehr als 3 Monaten in Luxemburg aufhalten m\u00f6chte, muss er ebenfalls eine <strong>Aufenthaltsgenehmigung f\u00fcr Praktikanten beantragen<\/strong>.<br><br>\u2192 Beantragung einer befristeten Aufenthaltsgenehmigung<br>Der <strong>k\u00fcnftige Praktikant aus einem Drittstaat <\/strong>&nbsp;muss bereits in seinem Herkunftsland bei einer der folgenden Stellen eine <strong>Aufenthaltsgenehmigung beantragen<\/strong> (<strong>formloser Antrag<\/strong>):<br>-bei der <a href=\"https:\/\/guichet.public.lu\/fr\/organismes\/organismes_citoyens\/ministere-affaires-etrangeres\/direction-immigration-service-etrangers.html\">Einwanderungsbeh\u00f6rde<\/a> des Ministeriums f\u00fcr ausw\u00e4rtige und europ\u00e4ische Angelegenheiten; oder<br>-bei einer <a href=\"https:\/\/maee.gouvernement.lu\/fr\/missions-diplomatiques\/missions-diplomatiques-et-consulaires-luxembourgeoises.html\" target=\"_blank\" rel=\"noreferrer noopener\">diplomatischen oder konsularischen Vertretung<\/a> Luxemburgs bzw. einer diplomatischen oder konsularischen Vertretung, die Luxemburg in dem jeweiligen Land vertritt.<br><\/p>\n\n\n\n<p>Eine Liste der Unterlagen, die dem Antrag beizuf\u00fcgen sind, ist auf folgender Website zu finden:<br><a href=\"https:\/\/guichet.public.lu\/fr\/citoyens\/immigration\/plus-3-mois\/ressortissant-tiers\/stagiaire\/stage-pays-tiers.html\" target=\"_blank\" rel=\"noreferrer noopener\">https:\/\/guichet.public.lu\/de\/citoyens\/immigration\/plus-3-mois\/ressortissant-tiers\/stagiaire\/stage-pays-tiers.html<\/a><br><strong>Vorgelegt werden muss u. a. Folgendes:<br>-Praktikumsvereinbarung,<br>-Nachweis \u00fcber ausreichende finanzielle Mittel,<br>-Krankenversicherungsbescheinigung.<br><br>Wird dem Antrag stattgegeben<\/strong>, erh\u00e4lt der Drittstaatsangeh\u00f6rige eine \u201e<strong>befristete Aufenthaltsgenehmigung<\/strong>\u201c, die ihm per Post zugeschickt wird. Diese befristete Aufenthaltsgenehmigung ist <strong>90 Tage<\/strong> g\u00fcltig.<br><br>\u2192 Beantragung eines Visums der Kategorie D<br>Nach Erhalt der befristeten Aufenthaltsgenehmigung m\u00fcssen Drittstaatsangeh\u00f6rige <strong>ein Visum der Kategorie D beantragen<\/strong> (Visum zur Einreise in den Schengen-Raum). Das Visum muss im Herkunftsland <strong>bei einer diplomatischen oder konsularischen Vertretung Luxemburgs <\/strong>vor der Einreise beantragt werden.<br>Wenn es sich um einen Staatangeh\u00f6rigen eines Landes handelt, f\u00fcr das<strong> keine Visumpflicht<\/strong> besteht, gen\u00fcgt f\u00fcr die Einreise nach Luxemburg ein Reisepass. Nach seiner Ankunft muss sich der Drittstaatsangeh\u00f6rige bei der Gemeindeverwaltung seines Wohnortes anmelden.<br><br>\u2192 Beantragung eines Aufenthaltstitels nach der Ankunft<br>Der Aufenthaltstitel f\u00fcr Praktikanten gilt f\u00fcr die in der Praktikumsvereinbarung angegebene <strong>Dauer des Praktikums<\/strong>, wenn diese <strong>h\u00f6chstens 6 Monate<\/strong> betr\u00e4gt (zu bedenken ist, dass das Praktikum auch l\u00e4nger sein kann, wenn die Studienordnung dies vorsieht).<br><br><br><\/p>\n\n\n\n<h3 class=\"wp-block-heading\">f\u00fcr Drittstaatsangeh\u00f6rige, die sich in einem anderen Land der Europ\u00e4ischen Union aufhalten und einen Aufenthaltstitel besitzen<\/h3>\n\n\n\n<p>Wenn ein Drittstaatsangeh\u00f6riger <strong>bereits \u00fcber einen Aufenthaltstitel in einem anderen Mitgliedstaat verf\u00fcgt<\/strong>, in dem er seinen Wohnsitz hat, und er w\u00e4hrend der G\u00fcltigkeitsdauer dieses Aufenthaltstitels ein Ausbildungspraktikum in Luxemburg absolvieren m\u00f6chte, <strong>ben\u00f6tigt er keine spezielle Genehmigung<\/strong>, solange er sich <strong>in Luxemburg nicht dauerhaft aufh\u00e4lt<\/strong>.<br><br><\/p>\n\n\n\n<p><\/p>\n","protected":false},"excerpt":{"rendered":"<p>B\u00fcrger der Europ\u00e4ischen Union Ein EU-B\u00fcrger ist von den spezifischen Formalit\u00e4ten befreit (abgesehen von der Unterzeichnung einer Praktikumsvereinbarung oder eines Praktikumsvertrags). Dennoch muss er einen Identit\u00e4tsnachweis besitzen. Drittstaatsangeh\u00f6rige, die sich w\u00e4hrend ihres Praktikums in Luxemburg aufhalten m\u00f6chten Praktikum von weniger als 3 Monaten: Drittstaatsangeh\u00f6rige, die ein weniger als 3 Monate dauerndes Ausbildungspraktikum in Luxemburg absolvieren [&hellip;]<\/p>\n","protected":false},"author":7,"featured_media":0,"parent":7656,"menu_order":4,"comment_status":"closed","ping_status":"closed","template":"","meta":{"inline_featured_image":false,"footnotes":""},"frge_profile":[],"class_list":["post-7766","page","type-page","status-publish","hentry"],"yoast_head":"<!-- This site is optimized with the Yoast SEO plugin v25.0 - https:\/\/yoast.com\/wordpress\/plugins\/seo\/ -->\n<title>Als \u201cAusl\u00e4nder\u201d ein praktikum in Luxemburg machen - Frontaliers Grand Est<\/title>\n<meta name=\"robots\" content=\"noindex, follow, max-snippet:-1, max-image-preview:large, max-video-preview:-1\" \/>\n<meta property=\"og:locale\" content=\"de_DE\" \/>\n<meta property=\"og:type\" content=\"article\" \/>\n<meta property=\"og:title\" content=\"Als \u201cAusl\u00e4nder\u201d ein praktikum in Luxemburg machen - Frontaliers Grand Est\" \/>\n<meta property=\"og:description\" content=\"B\u00fcrger der Europ\u00e4ischen Union Ein EU-B\u00fcrger ist von den spezifischen Formalit\u00e4ten befreit (abgesehen von der Unterzeichnung einer Praktikumsvereinbarung oder eines Praktikumsvertrags). Dennoch muss er einen Identit\u00e4tsnachweis besitzen. Drittstaatsangeh\u00f6rige, die sich w\u00e4hrend ihres Praktikums in Luxemburg aufhalten m\u00f6chten Praktikum von weniger als 3 Monaten: Drittstaatsangeh\u00f6rige, die ein weniger als 3 Monate dauerndes Ausbildungspraktikum in Luxemburg absolvieren [&hellip;]\" \/>\n<meta property=\"og:url\" content=\"https:\/\/fge.swebwp.oci.eu\/de\/startseite\/jugendliche\/praktikum\/praktikum-in-luxemburg-ihre-rechte-und-pflichten\/als-auslander-ein-praktikum-in-luxemburg-machen\/\" \/>\n<meta property=\"og:site_name\" content=\"Frontaliers Grand Est\" \/>\n<meta property=\"article:modified_time\" content=\"2024-07-03T08:30:02+00:00\" \/>\n<meta name=\"twitter:card\" content=\"summary_large_image\" \/>\n<meta name=\"twitter:label1\" content=\"Gesch\u00e4tzte Lesezeit\" \/>\n\t<meta name=\"twitter:data1\" content=\"3\u00a0Minuten\" \/>\n<script type=\"application\/ld+json\" class=\"yoast-schema-graph\">{\"@context\":\"https:\/\/schema.org\",\"@graph\":[{\"@type\":\"WebPage\",\"@id\":\"https:\/\/fge.swebwp.oci.eu\/de\/startseite\/jugendliche\/praktikum\/praktikum-in-luxemburg-ihre-rechte-und-pflichten\/als-auslander-ein-praktikum-in-luxemburg-machen\/\",\"url\":\"https:\/\/fge.swebwp.oci.eu\/de\/startseite\/jugendliche\/praktikum\/praktikum-in-luxemburg-ihre-rechte-und-pflichten\/als-auslander-ein-praktikum-in-luxemburg-machen\/\",\"name\":\"Als \u201cAusl\u00e4nder\u201d ein praktikum in Luxemburg machen - Frontaliers Grand Est\",\"isPartOf\":{\"@id\":\"https:\/\/fge.swebwp.oci.eu\/de\/#website\"},\"datePublished\":\"2021-05-19T14:37:00+00:00\",\"dateModified\":\"2024-07-03T08:30:02+00:00\",\"breadcrumb\":{\"@id\":\"https:\/\/fge.swebwp.oci.eu\/de\/startseite\/jugendliche\/praktikum\/praktikum-in-luxemburg-ihre-rechte-und-pflichten\/als-auslander-ein-praktikum-in-luxemburg-machen\/#breadcrumb\"},\"inLanguage\":\"de\",\"potentialAction\":[{\"@type\":\"ReadAction\",\"target\":[\"https:\/\/fge.swebwp.oci.eu\/de\/startseite\/jugendliche\/praktikum\/praktikum-in-luxemburg-ihre-rechte-und-pflichten\/als-auslander-ein-praktikum-in-luxemburg-machen\/\"]}]},{\"@type\":\"BreadcrumbList\",\"@id\":\"https:\/\/fge.swebwp.oci.eu\/de\/startseite\/jugendliche\/praktikum\/praktikum-in-luxemburg-ihre-rechte-und-pflichten\/als-auslander-ein-praktikum-in-luxemburg-machen\/#breadcrumb\",\"itemListElement\":[{\"@type\":\"ListItem\",\"position\":1,\"name\":\"Startseite\",\"item\":\"https:\/\/fge.swebwp.oci.eu\/de\/\"},{\"@type\":\"ListItem\",\"position\":2,\"name\":\"Jugendliche\",\"item\":\"https:\/\/fge.swebwp.oci.eu\/de\/startseite\/jugendliche\/\"},{\"@type\":\"ListItem\",\"position\":3,\"name\":\"Praktikum\",\"item\":\"https:\/\/fge.swebwp.oci.eu\/de\/startseite\/jugendliche\/praktikum\/\"},{\"@type\":\"ListItem\",\"position\":4,\"name\":\"Praktikum in Luxemburg : Ihre Rechte und Pflichten\",\"item\":\"https:\/\/fge.swebwp.oci.eu\/de\/startseite\/jugendliche\/praktikum\/praktikum-in-luxemburg-ihre-rechte-und-pflichten\/\"},{\"@type\":\"ListItem\",\"position\":5,\"name\":\"Als \u201cAusl\u00e4nder\u201d ein praktikum in Luxemburg machen\"}]},{\"@type\":\"WebSite\",\"@id\":\"https:\/\/fge.swebwp.oci.eu\/de\/#website\",\"url\":\"https:\/\/fge.swebwp.oci.eu\/de\/\",\"name\":\"Frontaliers Grand Est\",\"description\":\"Le site ressource du travail frontalier\",\"potentialAction\":[{\"@type\":\"SearchAction\",\"target\":{\"@type\":\"EntryPoint\",\"urlTemplate\":\"https:\/\/fge.swebwp.oci.eu\/de\/?s={search_term_string}\"},\"query-input\":{\"@type\":\"PropertyValueSpecification\",\"valueRequired\":true,\"valueName\":\"search_term_string\"}}],\"inLanguage\":\"de\"}]}<\/script>\n<!-- \/ Yoast SEO plugin. -->","yoast_head_json":{"title":"Als \u201cAusl\u00e4nder\u201d ein praktikum in Luxemburg machen - Frontaliers Grand Est","robots":{"index":"noindex","follow":"follow","max-snippet":"max-snippet:-1","max-image-preview":"max-image-preview:large","max-video-preview":"max-video-preview:-1"},"og_locale":"de_DE","og_type":"article","og_title":"Als \u201cAusl\u00e4nder\u201d ein praktikum in Luxemburg machen - Frontaliers Grand Est","og_description":"B\u00fcrger der Europ\u00e4ischen Union Ein EU-B\u00fcrger ist von den spezifischen Formalit\u00e4ten befreit (abgesehen von der Unterzeichnung einer Praktikumsvereinbarung oder eines Praktikumsvertrags). Dennoch muss er einen Identit\u00e4tsnachweis besitzen. Drittstaatsangeh\u00f6rige, die sich w\u00e4hrend ihres Praktikums in Luxemburg aufhalten m\u00f6chten Praktikum von weniger als 3 Monaten: Drittstaatsangeh\u00f6rige, die ein weniger als 3 Monate dauerndes Ausbildungspraktikum in Luxemburg absolvieren [&hellip;]","og_url":"https:\/\/fge.swebwp.oci.eu\/de\/startseite\/jugendliche\/praktikum\/praktikum-in-luxemburg-ihre-rechte-und-pflichten\/als-auslander-ein-praktikum-in-luxemburg-machen\/","og_site_name":"Frontaliers Grand Est","article_modified_time":"2024-07-03T08:30:02+00:00","twitter_card":"summary_large_image","twitter_misc":{"Gesch\u00e4tzte Lesezeit":"3\u00a0Minuten"},"schema":{"@context":"https:\/\/schema.org","@graph":[{"@type":"WebPage","@id":"https:\/\/fge.swebwp.oci.eu\/de\/startseite\/jugendliche\/praktikum\/praktikum-in-luxemburg-ihre-rechte-und-pflichten\/als-auslander-ein-praktikum-in-luxemburg-machen\/","url":"https:\/\/fge.swebwp.oci.eu\/de\/startseite\/jugendliche\/praktikum\/praktikum-in-luxemburg-ihre-rechte-und-pflichten\/als-auslander-ein-praktikum-in-luxemburg-machen\/","name":"Als \u201cAusl\u00e4nder\u201d ein praktikum in Luxemburg machen - Frontaliers Grand Est","isPartOf":{"@id":"https:\/\/fge.swebwp.oci.eu\/de\/#website"},"datePublished":"2021-05-19T14:37:00+00:00","dateModified":"2024-07-03T08:30:02+00:00","breadcrumb":{"@id":"https:\/\/fge.swebwp.oci.eu\/de\/startseite\/jugendliche\/praktikum\/praktikum-in-luxemburg-ihre-rechte-und-pflichten\/als-auslander-ein-praktikum-in-luxemburg-machen\/#breadcrumb"},"inLanguage":"de","potentialAction":[{"@type":"ReadAction","target":["https:\/\/fge.swebwp.oci.eu\/de\/startseite\/jugendliche\/praktikum\/praktikum-in-luxemburg-ihre-rechte-und-pflichten\/als-auslander-ein-praktikum-in-luxemburg-machen\/"]}]},{"@type":"BreadcrumbList","@id":"https:\/\/fge.swebwp.oci.eu\/de\/startseite\/jugendliche\/praktikum\/praktikum-in-luxemburg-ihre-rechte-und-pflichten\/als-auslander-ein-praktikum-in-luxemburg-machen\/#breadcrumb","itemListElement":[{"@type":"ListItem","position":1,"name":"Startseite","item":"https:\/\/fge.swebwp.oci.eu\/de\/"},{"@type":"ListItem","position":2,"name":"Jugendliche","item":"https:\/\/fge.swebwp.oci.eu\/de\/startseite\/jugendliche\/"},{"@type":"ListItem","position":3,"name":"Praktikum","item":"https:\/\/fge.swebwp.oci.eu\/de\/startseite\/jugendliche\/praktikum\/"},{"@type":"ListItem","position":4,"name":"Praktikum in Luxemburg : Ihre Rechte und Pflichten","item":"https:\/\/fge.swebwp.oci.eu\/de\/startseite\/jugendliche\/praktikum\/praktikum-in-luxemburg-ihre-rechte-und-pflichten\/"},{"@type":"ListItem","position":5,"name":"Als \u201cAusl\u00e4nder\u201d ein praktikum in Luxemburg machen"}]},{"@type":"WebSite","@id":"https:\/\/fge.swebwp.oci.eu\/de\/#website","url":"https:\/\/fge.swebwp.oci.eu\/de\/","name":"Frontaliers Grand Est","description":"Le site ressource du travail frontalier","potentialAction":[{"@type":"SearchAction","target":{"@type":"EntryPoint","urlTemplate":"https:\/\/fge.swebwp.oci.eu\/de\/?s={search_term_string}"},"query-input":{"@type":"PropertyValueSpecification","valueRequired":true,"valueName":"search_term_string"}}],"inLanguage":"de"}]}},"_links":{"self":[{"href":"https:\/\/fge.swebwp.oci.eu\/de\/wp-json\/wp\/v2\/pages\/7766","targetHints":{"allow":["GET"]}}],"collection":[{"href":"https:\/\/fge.swebwp.oci.eu\/de\/wp-json\/wp\/v2\/pages"}],"about":[{"href":"https:\/\/fge.swebwp.oci.eu\/de\/wp-json\/wp\/v2\/types\/page"}],"author":[{"embeddable":true,"href":"https:\/\/fge.swebwp.oci.eu\/de\/wp-json\/wp\/v2\/users\/7"}],"replies":[{"embeddable":true,"href":"https:\/\/fge.swebwp.oci.eu\/de\/wp-json\/wp\/v2\/comments?post=7766"}],"version-history":[{"count":6,"href":"https:\/\/fge.swebwp.oci.eu\/de\/wp-json\/wp\/v2\/pages\/7766\/revisions"}],"predecessor-version":[{"id":39687,"href":"https:\/\/fge.swebwp.oci.eu\/de\/wp-json\/wp\/v2\/pages\/7766\/revisions\/39687"}],"up":[{"embeddable":true,"href":"https:\/\/fge.swebwp.oci.eu\/de\/wp-json\/wp\/v2\/pages\/7656"}],"wp:attachment":[{"href":"https:\/\/fge.swebwp.oci.eu\/de\/wp-json\/wp\/v2\/media?parent=7766"}],"wp:term":[{"taxonomy":"frge_profile","embeddable":true,"href":"https:\/\/fge.swebwp.oci.eu\/de\/wp-json\/wp\/v2\/frge_profile?post=7766"}],"curies":[{"name":"wp","href":"https:\/\/api.w.org\/{rel}","templated":true}]}}