{"id":7764,"date":"2021-05-19T16:30:47","date_gmt":"2021-05-19T14:30:47","guid":{"rendered":"https:\/\/fge.swebwp.oci.eu\/?page_id=7764"},"modified":"2023-04-24T16:19:12","modified_gmt":"2023-04-24T14:19:12","slug":"verschiedene-praktikumsarten","status":"publish","type":"page","link":"https:\/\/fge.swebwp.oci.eu\/de\/startseite\/jugendliche\/praktikum\/praktikum-in-luxemburg-ihre-rechte-und-pflichten\/verschiedene-praktikumsarten\/","title":{"rendered":"Verschiedene praktikumsarten"},"content":{"rendered":"\n<h4 class=\"wp-block-heading\">Das Pflichtpraktikum <\/h4>\n\n\n\n<p>Das Pflichtpraktikum, das in Luxemburg auch als <strong>stage conventionn\u00e9<\/strong> bezeichnet wird, ist ein verpflichtendes Ausbildungspraktikum, das im Rahmen von Bildungsg\u00e4ngen an einer luxemburgischen oder ausl\u00e4ndischen weiterf\u00fchrenden schulischen oder universit\u00e4ren Einrichtung bei einem in Luxemburg ans\u00e4ssigen Unternehmen absolviert wird. Es ist Teil der Lehrpl\u00e4ne bzw. Studienordnungen der luxemburgischen oder ausl\u00e4ndischen Bildungseinrichtungen und stellt einen festen Bestandteil des jeweiligen Bildungsgangs dar.<br><br>Nicht zu den Pflichtpraktika z\u00e4hlen Praktika im Rahmen einer Berufsausbildung oder obligatorische Praktikumszeiten f\u00fcr bestimmte Berufe (Arzt, Rechtsanwalt oder Lehrer).<\/p>\n\n\n\n<h4 class=\"wp-block-heading\">Das PRAKTIKUM ZUM ERWERB VON BERUFSERFAHRUNG<\/h4>\n\n\n\n<p>Das Praktikum zum Erwerb von Berufserfahrung, das in Luxemburg als <strong>stage non conventionn\u00e9<\/strong> bezeichnet wird, ist ein freiwilliges Praktikum, das die Praktikanten au\u00dferhalb der Studienordnung auf eigene Initiative absolvieren k\u00f6nnen, wenn sie den Wunsch haben, sich au\u00dferuniversit\u00e4r fortzubilden.<br><br>Wer einen luxemburgischen oder in Luxemburg anerkannten Schulabschluss (Sekundarstufe II) oder einen ersten Hochschul- bzw. Universit\u00e4tsabschluss vorweisen kann, hat die M\u00f6glichkeit, ein solches Praktikum zu absolvieren. In diesen F\u00e4llen muss die gesamte Praktikumszeit innerhalb der ersten 12 Monate liegen, die auf das Ende des letzten Schul- bzw. Studienjahres folgen, in dem der jeweilige Abschluss erworben wurde (Abitur oder erster Hochschulabschluss). Das berufspraktische freiwillige Praktikum muss ebenso wie das Pflichtpraktikum vor allem informativ sein und der beruflichen Orientierung dienen.<br><\/p>\n","protected":false},"excerpt":{"rendered":"<p>Das Pflichtpraktikum Das Pflichtpraktikum, das in Luxemburg auch als stage conventionn\u00e9 bezeichnet wird, ist ein verpflichtendes Ausbildungspraktikum, das im Rahmen von Bildungsg\u00e4ngen an einer luxemburgischen oder ausl\u00e4ndischen weiterf\u00fchrenden schulischen oder universit\u00e4ren Einrichtung bei einem in Luxemburg ans\u00e4ssigen Unternehmen absolviert wird. Es ist Teil der Lehrpl\u00e4ne bzw. Studienordnungen der luxemburgischen oder ausl\u00e4ndischen Bildungseinrichtungen und stellt einen [&hellip;]<\/p>\n","protected":false},"author":7,"featured_media":0,"parent":7656,"menu_order":3,"comment_status":"closed","ping_status":"closed","template":"","meta":{"inline_featured_image":false,"footnotes":""},"frge_profile":[],"class_list":["post-7764","page","type-page","status-publish","hentry"],"yoast_head":"<!-- This site is optimized with the Yoast SEO plugin v25.0 - https:\/\/yoast.com\/wordpress\/plugins\/seo\/ -->\n<title>Verschiedene praktikumsarten - Frontaliers Grand Est<\/title>\n<meta name=\"robots\" content=\"noindex, follow, max-snippet:-1, max-image-preview:large, max-video-preview:-1\" \/>\n<meta property=\"og:locale\" content=\"de_DE\" \/>\n<meta property=\"og:type\" content=\"article\" \/>\n<meta property=\"og:title\" content=\"Verschiedene praktikumsarten - Frontaliers Grand Est\" \/>\n<meta property=\"og:description\" content=\"Das Pflichtpraktikum Das Pflichtpraktikum, das in Luxemburg auch als stage conventionn\u00e9 bezeichnet wird, ist ein verpflichtendes Ausbildungspraktikum, das im Rahmen von Bildungsg\u00e4ngen an einer luxemburgischen oder ausl\u00e4ndischen weiterf\u00fchrenden schulischen oder universit\u00e4ren Einrichtung bei einem in Luxemburg ans\u00e4ssigen Unternehmen absolviert wird. Es ist Teil der Lehrpl\u00e4ne bzw. Studienordnungen der luxemburgischen oder ausl\u00e4ndischen Bildungseinrichtungen und stellt einen [&hellip;]\" \/>\n<meta property=\"og:url\" content=\"https:\/\/fge.swebwp.oci.eu\/de\/startseite\/jugendliche\/praktikum\/praktikum-in-luxemburg-ihre-rechte-und-pflichten\/verschiedene-praktikumsarten\/\" \/>\n<meta property=\"og:site_name\" content=\"Frontaliers Grand Est\" \/>\n<meta property=\"article:modified_time\" content=\"2023-04-24T14:19:12+00:00\" \/>\n<meta name=\"twitter:card\" content=\"summary_large_image\" \/>\n<meta name=\"twitter:label1\" content=\"Gesch\u00e4tzte Lesezeit\" \/>\n\t<meta name=\"twitter:data1\" content=\"2\u00a0Minuten\" \/>\n<script type=\"application\/ld+json\" class=\"yoast-schema-graph\">{\"@context\":\"https:\/\/schema.org\",\"@graph\":[{\"@type\":\"WebPage\",\"@id\":\"https:\/\/fge.swebwp.oci.eu\/de\/startseite\/jugendliche\/praktikum\/praktikum-in-luxemburg-ihre-rechte-und-pflichten\/verschiedene-praktikumsarten\/\",\"url\":\"https:\/\/fge.swebwp.oci.eu\/de\/startseite\/jugendliche\/praktikum\/praktikum-in-luxemburg-ihre-rechte-und-pflichten\/verschiedene-praktikumsarten\/\",\"name\":\"Verschiedene praktikumsarten - Frontaliers Grand Est\",\"isPartOf\":{\"@id\":\"https:\/\/fge.swebwp.oci.eu\/de\/#website\"},\"datePublished\":\"2021-05-19T14:30:47+00:00\",\"dateModified\":\"2023-04-24T14:19:12+00:00\",\"breadcrumb\":{\"@id\":\"https:\/\/fge.swebwp.oci.eu\/de\/startseite\/jugendliche\/praktikum\/praktikum-in-luxemburg-ihre-rechte-und-pflichten\/verschiedene-praktikumsarten\/#breadcrumb\"},\"inLanguage\":\"de\",\"potentialAction\":[{\"@type\":\"ReadAction\",\"target\":[\"https:\/\/fge.swebwp.oci.eu\/de\/startseite\/jugendliche\/praktikum\/praktikum-in-luxemburg-ihre-rechte-und-pflichten\/verschiedene-praktikumsarten\/\"]}]},{\"@type\":\"BreadcrumbList\",\"@id\":\"https:\/\/fge.swebwp.oci.eu\/de\/startseite\/jugendliche\/praktikum\/praktikum-in-luxemburg-ihre-rechte-und-pflichten\/verschiedene-praktikumsarten\/#breadcrumb\",\"itemListElement\":[{\"@type\":\"ListItem\",\"position\":1,\"name\":\"Startseite\",\"item\":\"https:\/\/fge.swebwp.oci.eu\/de\/\"},{\"@type\":\"ListItem\",\"position\":2,\"name\":\"Jugendliche\",\"item\":\"https:\/\/fge.swebwp.oci.eu\/de\/startseite\/jugendliche\/\"},{\"@type\":\"ListItem\",\"position\":3,\"name\":\"Praktikum\",\"item\":\"https:\/\/fge.swebwp.oci.eu\/de\/startseite\/jugendliche\/praktikum\/\"},{\"@type\":\"ListItem\",\"position\":4,\"name\":\"Praktikum in Luxemburg : Ihre Rechte und Pflichten\",\"item\":\"https:\/\/fge.swebwp.oci.eu\/de\/startseite\/jugendliche\/praktikum\/praktikum-in-luxemburg-ihre-rechte-und-pflichten\/\"},{\"@type\":\"ListItem\",\"position\":5,\"name\":\"Verschiedene praktikumsarten\"}]},{\"@type\":\"WebSite\",\"@id\":\"https:\/\/fge.swebwp.oci.eu\/de\/#website\",\"url\":\"https:\/\/fge.swebwp.oci.eu\/de\/\",\"name\":\"Frontaliers Grand Est\",\"description\":\"Le site ressource du travail frontalier\",\"potentialAction\":[{\"@type\":\"SearchAction\",\"target\":{\"@type\":\"EntryPoint\",\"urlTemplate\":\"https:\/\/fge.swebwp.oci.eu\/de\/?s={search_term_string}\"},\"query-input\":{\"@type\":\"PropertyValueSpecification\",\"valueRequired\":true,\"valueName\":\"search_term_string\"}}],\"inLanguage\":\"de\"}]}<\/script>\n<!-- \/ Yoast SEO plugin. -->","yoast_head_json":{"title":"Verschiedene praktikumsarten - Frontaliers Grand Est","robots":{"index":"noindex","follow":"follow","max-snippet":"max-snippet:-1","max-image-preview":"max-image-preview:large","max-video-preview":"max-video-preview:-1"},"og_locale":"de_DE","og_type":"article","og_title":"Verschiedene praktikumsarten - Frontaliers Grand Est","og_description":"Das Pflichtpraktikum Das Pflichtpraktikum, das in Luxemburg auch als stage conventionn\u00e9 bezeichnet wird, ist ein verpflichtendes Ausbildungspraktikum, das im Rahmen von Bildungsg\u00e4ngen an einer luxemburgischen oder ausl\u00e4ndischen weiterf\u00fchrenden schulischen oder universit\u00e4ren Einrichtung bei einem in Luxemburg ans\u00e4ssigen Unternehmen absolviert wird. Es ist Teil der Lehrpl\u00e4ne bzw. Studienordnungen der luxemburgischen oder ausl\u00e4ndischen Bildungseinrichtungen und stellt einen [&hellip;]","og_url":"https:\/\/fge.swebwp.oci.eu\/de\/startseite\/jugendliche\/praktikum\/praktikum-in-luxemburg-ihre-rechte-und-pflichten\/verschiedene-praktikumsarten\/","og_site_name":"Frontaliers Grand Est","article_modified_time":"2023-04-24T14:19:12+00:00","twitter_card":"summary_large_image","twitter_misc":{"Gesch\u00e4tzte Lesezeit":"2\u00a0Minuten"},"schema":{"@context":"https:\/\/schema.org","@graph":[{"@type":"WebPage","@id":"https:\/\/fge.swebwp.oci.eu\/de\/startseite\/jugendliche\/praktikum\/praktikum-in-luxemburg-ihre-rechte-und-pflichten\/verschiedene-praktikumsarten\/","url":"https:\/\/fge.swebwp.oci.eu\/de\/startseite\/jugendliche\/praktikum\/praktikum-in-luxemburg-ihre-rechte-und-pflichten\/verschiedene-praktikumsarten\/","name":"Verschiedene praktikumsarten - Frontaliers Grand Est","isPartOf":{"@id":"https:\/\/fge.swebwp.oci.eu\/de\/#website"},"datePublished":"2021-05-19T14:30:47+00:00","dateModified":"2023-04-24T14:19:12+00:00","breadcrumb":{"@id":"https:\/\/fge.swebwp.oci.eu\/de\/startseite\/jugendliche\/praktikum\/praktikum-in-luxemburg-ihre-rechte-und-pflichten\/verschiedene-praktikumsarten\/#breadcrumb"},"inLanguage":"de","potentialAction":[{"@type":"ReadAction","target":["https:\/\/fge.swebwp.oci.eu\/de\/startseite\/jugendliche\/praktikum\/praktikum-in-luxemburg-ihre-rechte-und-pflichten\/verschiedene-praktikumsarten\/"]}]},{"@type":"BreadcrumbList","@id":"https:\/\/fge.swebwp.oci.eu\/de\/startseite\/jugendliche\/praktikum\/praktikum-in-luxemburg-ihre-rechte-und-pflichten\/verschiedene-praktikumsarten\/#breadcrumb","itemListElement":[{"@type":"ListItem","position":1,"name":"Startseite","item":"https:\/\/fge.swebwp.oci.eu\/de\/"},{"@type":"ListItem","position":2,"name":"Jugendliche","item":"https:\/\/fge.swebwp.oci.eu\/de\/startseite\/jugendliche\/"},{"@type":"ListItem","position":3,"name":"Praktikum","item":"https:\/\/fge.swebwp.oci.eu\/de\/startseite\/jugendliche\/praktikum\/"},{"@type":"ListItem","position":4,"name":"Praktikum in Luxemburg : Ihre Rechte und Pflichten","item":"https:\/\/fge.swebwp.oci.eu\/de\/startseite\/jugendliche\/praktikum\/praktikum-in-luxemburg-ihre-rechte-und-pflichten\/"},{"@type":"ListItem","position":5,"name":"Verschiedene praktikumsarten"}]},{"@type":"WebSite","@id":"https:\/\/fge.swebwp.oci.eu\/de\/#website","url":"https:\/\/fge.swebwp.oci.eu\/de\/","name":"Frontaliers Grand Est","description":"Le site ressource du travail frontalier","potentialAction":[{"@type":"SearchAction","target":{"@type":"EntryPoint","urlTemplate":"https:\/\/fge.swebwp.oci.eu\/de\/?s={search_term_string}"},"query-input":{"@type":"PropertyValueSpecification","valueRequired":true,"valueName":"search_term_string"}}],"inLanguage":"de"}]}},"_links":{"self":[{"href":"https:\/\/fge.swebwp.oci.eu\/de\/wp-json\/wp\/v2\/pages\/7764","targetHints":{"allow":["GET"]}}],"collection":[{"href":"https:\/\/fge.swebwp.oci.eu\/de\/wp-json\/wp\/v2\/pages"}],"about":[{"href":"https:\/\/fge.swebwp.oci.eu\/de\/wp-json\/wp\/v2\/types\/page"}],"author":[{"embeddable":true,"href":"https:\/\/fge.swebwp.oci.eu\/de\/wp-json\/wp\/v2\/users\/7"}],"replies":[{"embeddable":true,"href":"https:\/\/fge.swebwp.oci.eu\/de\/wp-json\/wp\/v2\/comments?post=7764"}],"version-history":[{"count":3,"href":"https:\/\/fge.swebwp.oci.eu\/de\/wp-json\/wp\/v2\/pages\/7764\/revisions"}],"predecessor-version":[{"id":24353,"href":"https:\/\/fge.swebwp.oci.eu\/de\/wp-json\/wp\/v2\/pages\/7764\/revisions\/24353"}],"up":[{"embeddable":true,"href":"https:\/\/fge.swebwp.oci.eu\/de\/wp-json\/wp\/v2\/pages\/7656"}],"wp:attachment":[{"href":"https:\/\/fge.swebwp.oci.eu\/de\/wp-json\/wp\/v2\/media?parent=7764"}],"wp:term":[{"taxonomy":"frge_profile","embeddable":true,"href":"https:\/\/fge.swebwp.oci.eu\/de\/wp-json\/wp\/v2\/frge_profile?post=7764"}],"curies":[{"name":"wp","href":"https:\/\/api.w.org\/{rel}","templated":true}]}}