{"id":7761,"date":"2021-05-19T16:27:14","date_gmt":"2021-05-19T14:27:14","guid":{"rendered":"https:\/\/fge.swebwp.oci.eu\/?page_id=7761"},"modified":"2023-04-24T16:24:44","modified_gmt":"2023-04-24T14:24:44","slug":"vorbereitende-schritte","status":"publish","type":"page","link":"https:\/\/fge.swebwp.oci.eu\/de\/startseite\/jugendliche\/praktikum\/praktikum-in-luxemburg-ihre-rechte-und-pflichten\/vorbereitende-schritte\/","title":{"rendered":"Vorbereitende schritte"},"content":{"rendered":"\n<p><strong>Die Praktikumsvereinbarung<\/strong><\/p>\n\n\n\n<p><strong>Pflichtpraktikum<\/strong><br>Das im Lehrplan bzw. in der Studienordnung vorgesehene Praktikum wird von der jeweiligen luxemburgischen oder ausl\u00e4ndischen Bildungseinrichtung organisiert und \u00fcberwacht.<br>Der Sch\u00fcler bzw. Studierende muss vor Antritt seines Praktikums eine <strong>Praktikumsvereinbarung<\/strong> unterzeichnen. Sie wird zwischen dem Arbeitgeber bzw. Praktikumsbetrieb, dem Praktikanten und der in der Bildungseinrichtung f\u00fcr die Praktika zust\u00e4ndigen Person abgeschlossen.<br><br>Die Praktikumsvereinbarung muss folgende Angaben enthalten:<br><br>-die T\u00e4tigkeiten, die dem Praktikanten \u00fcbertragen werden,<br>-die Daten, an denen das Praktikum beginnt bzw. endet, und die maximale w\u00f6chentliche Anwesenheitszeit des Praktikanten; die Modalit\u00e4ten f\u00fcr die Genehmigung von Fehlzeiten (insbesondere f\u00fcr ein Vorstellungsgespr\u00e4ch bei einem m\u00f6glichen Arbeitgeber),<br>&#8211; gegebenenfalls die H\u00f6he der Praktikumsverg\u00fctung,<br>&#8211; die Benennung eines Betreuers,<br>&#8211; gegebenenfalls die Verg\u00fcnstigungen, auf die der Praktikant Anspruch hat,<br>&#8211; die Sozialversicherung des Praktikanten, vor allem im Hinblick auf die Unfallversicherung,<br>&#8211; die Regelungen f\u00fcr eine einseitige oder in beiderseitigem Einvernehmen erfolgende Aufl\u00f6sung der Praktikumsvereinbarung vor dem Ende des Praktikums.<br><br><strong>Praktikum zum Erwerb von Berufserfahrung<\/strong><br>Zwischen dem Arbeitgeber und dem Sch\u00fcler bzw. Studierenden wird ein <strong>Praktikumsvertrag<\/strong> abgeschlossen.<br><br>Er muss die gleichen Angaben enthalten wie die Praktikumsvereinbarung (siehe die vorstehende Auflistung).<br><br><\/p>\n","protected":false},"excerpt":{"rendered":"<p>Die Praktikumsvereinbarung PflichtpraktikumDas im Lehrplan bzw. in der Studienordnung vorgesehene Praktikum wird von der jeweiligen luxemburgischen oder ausl\u00e4ndischen Bildungseinrichtung organisiert und \u00fcberwacht.Der Sch\u00fcler bzw. Studierende muss vor Antritt seines Praktikums eine Praktikumsvereinbarung unterzeichnen. Sie wird zwischen dem Arbeitgeber bzw. Praktikumsbetrieb, dem Praktikanten und der in der Bildungseinrichtung f\u00fcr die Praktika zust\u00e4ndigen Person abgeschlossen. Die Praktikumsvereinbarung [&hellip;]<\/p>\n","protected":false},"author":7,"featured_media":0,"parent":7656,"menu_order":2,"comment_status":"closed","ping_status":"closed","template":"","meta":{"inline_featured_image":false,"footnotes":""},"frge_profile":[],"class_list":["post-7761","page","type-page","status-publish","hentry"],"yoast_head":"<!-- This site is optimized with the Yoast SEO plugin v25.0 - https:\/\/yoast.com\/wordpress\/plugins\/seo\/ -->\n<title>Vorbereitende schritte - Frontaliers Grand Est<\/title>\n<meta name=\"robots\" content=\"noindex, follow, max-snippet:-1, max-image-preview:large, max-video-preview:-1\" \/>\n<meta property=\"og:locale\" content=\"de_DE\" \/>\n<meta property=\"og:type\" content=\"article\" \/>\n<meta property=\"og:title\" content=\"Vorbereitende schritte - Frontaliers Grand Est\" \/>\n<meta property=\"og:description\" content=\"Die Praktikumsvereinbarung PflichtpraktikumDas im Lehrplan bzw. in der Studienordnung vorgesehene Praktikum wird von der jeweiligen luxemburgischen oder ausl\u00e4ndischen Bildungseinrichtung organisiert und \u00fcberwacht.Der Sch\u00fcler bzw. Studierende muss vor Antritt seines Praktikums eine Praktikumsvereinbarung unterzeichnen. Sie wird zwischen dem Arbeitgeber bzw. Praktikumsbetrieb, dem Praktikanten und der in der Bildungseinrichtung f\u00fcr die Praktika zust\u00e4ndigen Person abgeschlossen. Die Praktikumsvereinbarung [&hellip;]\" \/>\n<meta property=\"og:url\" content=\"https:\/\/fge.swebwp.oci.eu\/de\/startseite\/jugendliche\/praktikum\/praktikum-in-luxemburg-ihre-rechte-und-pflichten\/vorbereitende-schritte\/\" \/>\n<meta property=\"og:site_name\" content=\"Frontaliers Grand Est\" \/>\n<meta property=\"article:modified_time\" content=\"2023-04-24T14:24:44+00:00\" \/>\n<meta name=\"twitter:card\" content=\"summary_large_image\" \/>\n<meta name=\"twitter:label1\" content=\"Gesch\u00e4tzte Lesezeit\" \/>\n\t<meta name=\"twitter:data1\" content=\"1\u00a0Minute\" \/>\n<script type=\"application\/ld+json\" class=\"yoast-schema-graph\">{\"@context\":\"https:\/\/schema.org\",\"@graph\":[{\"@type\":\"WebPage\",\"@id\":\"https:\/\/fge.swebwp.oci.eu\/de\/startseite\/jugendliche\/praktikum\/praktikum-in-luxemburg-ihre-rechte-und-pflichten\/vorbereitende-schritte\/\",\"url\":\"https:\/\/fge.swebwp.oci.eu\/de\/startseite\/jugendliche\/praktikum\/praktikum-in-luxemburg-ihre-rechte-und-pflichten\/vorbereitende-schritte\/\",\"name\":\"Vorbereitende schritte - Frontaliers Grand Est\",\"isPartOf\":{\"@id\":\"https:\/\/fge.swebwp.oci.eu\/de\/#website\"},\"datePublished\":\"2021-05-19T14:27:14+00:00\",\"dateModified\":\"2023-04-24T14:24:44+00:00\",\"breadcrumb\":{\"@id\":\"https:\/\/fge.swebwp.oci.eu\/de\/startseite\/jugendliche\/praktikum\/praktikum-in-luxemburg-ihre-rechte-und-pflichten\/vorbereitende-schritte\/#breadcrumb\"},\"inLanguage\":\"de\",\"potentialAction\":[{\"@type\":\"ReadAction\",\"target\":[\"https:\/\/fge.swebwp.oci.eu\/de\/startseite\/jugendliche\/praktikum\/praktikum-in-luxemburg-ihre-rechte-und-pflichten\/vorbereitende-schritte\/\"]}]},{\"@type\":\"BreadcrumbList\",\"@id\":\"https:\/\/fge.swebwp.oci.eu\/de\/startseite\/jugendliche\/praktikum\/praktikum-in-luxemburg-ihre-rechte-und-pflichten\/vorbereitende-schritte\/#breadcrumb\",\"itemListElement\":[{\"@type\":\"ListItem\",\"position\":1,\"name\":\"Startseite\",\"item\":\"https:\/\/fge.swebwp.oci.eu\/de\/\"},{\"@type\":\"ListItem\",\"position\":2,\"name\":\"Jugendliche\",\"item\":\"https:\/\/fge.swebwp.oci.eu\/de\/startseite\/jugendliche\/\"},{\"@type\":\"ListItem\",\"position\":3,\"name\":\"Praktikum\",\"item\":\"https:\/\/fge.swebwp.oci.eu\/de\/startseite\/jugendliche\/praktikum\/\"},{\"@type\":\"ListItem\",\"position\":4,\"name\":\"Praktikum in Luxemburg : Ihre Rechte und Pflichten\",\"item\":\"https:\/\/fge.swebwp.oci.eu\/de\/startseite\/jugendliche\/praktikum\/praktikum-in-luxemburg-ihre-rechte-und-pflichten\/\"},{\"@type\":\"ListItem\",\"position\":5,\"name\":\"Vorbereitende schritte\"}]},{\"@type\":\"WebSite\",\"@id\":\"https:\/\/fge.swebwp.oci.eu\/de\/#website\",\"url\":\"https:\/\/fge.swebwp.oci.eu\/de\/\",\"name\":\"Frontaliers Grand Est\",\"description\":\"Le site ressource du travail frontalier\",\"potentialAction\":[{\"@type\":\"SearchAction\",\"target\":{\"@type\":\"EntryPoint\",\"urlTemplate\":\"https:\/\/fge.swebwp.oci.eu\/de\/?s={search_term_string}\"},\"query-input\":{\"@type\":\"PropertyValueSpecification\",\"valueRequired\":true,\"valueName\":\"search_term_string\"}}],\"inLanguage\":\"de\"}]}<\/script>\n<!-- \/ Yoast SEO plugin. -->","yoast_head_json":{"title":"Vorbereitende schritte - Frontaliers Grand Est","robots":{"index":"noindex","follow":"follow","max-snippet":"max-snippet:-1","max-image-preview":"max-image-preview:large","max-video-preview":"max-video-preview:-1"},"og_locale":"de_DE","og_type":"article","og_title":"Vorbereitende schritte - Frontaliers Grand Est","og_description":"Die Praktikumsvereinbarung PflichtpraktikumDas im Lehrplan bzw. in der Studienordnung vorgesehene Praktikum wird von der jeweiligen luxemburgischen oder ausl\u00e4ndischen Bildungseinrichtung organisiert und \u00fcberwacht.Der Sch\u00fcler bzw. Studierende muss vor Antritt seines Praktikums eine Praktikumsvereinbarung unterzeichnen. Sie wird zwischen dem Arbeitgeber bzw. Praktikumsbetrieb, dem Praktikanten und der in der Bildungseinrichtung f\u00fcr die Praktika zust\u00e4ndigen Person abgeschlossen. Die Praktikumsvereinbarung [&hellip;]","og_url":"https:\/\/fge.swebwp.oci.eu\/de\/startseite\/jugendliche\/praktikum\/praktikum-in-luxemburg-ihre-rechte-und-pflichten\/vorbereitende-schritte\/","og_site_name":"Frontaliers Grand Est","article_modified_time":"2023-04-24T14:24:44+00:00","twitter_card":"summary_large_image","twitter_misc":{"Gesch\u00e4tzte Lesezeit":"1\u00a0Minute"},"schema":{"@context":"https:\/\/schema.org","@graph":[{"@type":"WebPage","@id":"https:\/\/fge.swebwp.oci.eu\/de\/startseite\/jugendliche\/praktikum\/praktikum-in-luxemburg-ihre-rechte-und-pflichten\/vorbereitende-schritte\/","url":"https:\/\/fge.swebwp.oci.eu\/de\/startseite\/jugendliche\/praktikum\/praktikum-in-luxemburg-ihre-rechte-und-pflichten\/vorbereitende-schritte\/","name":"Vorbereitende schritte - Frontaliers Grand Est","isPartOf":{"@id":"https:\/\/fge.swebwp.oci.eu\/de\/#website"},"datePublished":"2021-05-19T14:27:14+00:00","dateModified":"2023-04-24T14:24:44+00:00","breadcrumb":{"@id":"https:\/\/fge.swebwp.oci.eu\/de\/startseite\/jugendliche\/praktikum\/praktikum-in-luxemburg-ihre-rechte-und-pflichten\/vorbereitende-schritte\/#breadcrumb"},"inLanguage":"de","potentialAction":[{"@type":"ReadAction","target":["https:\/\/fge.swebwp.oci.eu\/de\/startseite\/jugendliche\/praktikum\/praktikum-in-luxemburg-ihre-rechte-und-pflichten\/vorbereitende-schritte\/"]}]},{"@type":"BreadcrumbList","@id":"https:\/\/fge.swebwp.oci.eu\/de\/startseite\/jugendliche\/praktikum\/praktikum-in-luxemburg-ihre-rechte-und-pflichten\/vorbereitende-schritte\/#breadcrumb","itemListElement":[{"@type":"ListItem","position":1,"name":"Startseite","item":"https:\/\/fge.swebwp.oci.eu\/de\/"},{"@type":"ListItem","position":2,"name":"Jugendliche","item":"https:\/\/fge.swebwp.oci.eu\/de\/startseite\/jugendliche\/"},{"@type":"ListItem","position":3,"name":"Praktikum","item":"https:\/\/fge.swebwp.oci.eu\/de\/startseite\/jugendliche\/praktikum\/"},{"@type":"ListItem","position":4,"name":"Praktikum in Luxemburg : Ihre Rechte und Pflichten","item":"https:\/\/fge.swebwp.oci.eu\/de\/startseite\/jugendliche\/praktikum\/praktikum-in-luxemburg-ihre-rechte-und-pflichten\/"},{"@type":"ListItem","position":5,"name":"Vorbereitende schritte"}]},{"@type":"WebSite","@id":"https:\/\/fge.swebwp.oci.eu\/de\/#website","url":"https:\/\/fge.swebwp.oci.eu\/de\/","name":"Frontaliers Grand Est","description":"Le site ressource du travail frontalier","potentialAction":[{"@type":"SearchAction","target":{"@type":"EntryPoint","urlTemplate":"https:\/\/fge.swebwp.oci.eu\/de\/?s={search_term_string}"},"query-input":{"@type":"PropertyValueSpecification","valueRequired":true,"valueName":"search_term_string"}}],"inLanguage":"de"}]}},"_links":{"self":[{"href":"https:\/\/fge.swebwp.oci.eu\/de\/wp-json\/wp\/v2\/pages\/7761","targetHints":{"allow":["GET"]}}],"collection":[{"href":"https:\/\/fge.swebwp.oci.eu\/de\/wp-json\/wp\/v2\/pages"}],"about":[{"href":"https:\/\/fge.swebwp.oci.eu\/de\/wp-json\/wp\/v2\/types\/page"}],"author":[{"embeddable":true,"href":"https:\/\/fge.swebwp.oci.eu\/de\/wp-json\/wp\/v2\/users\/7"}],"replies":[{"embeddable":true,"href":"https:\/\/fge.swebwp.oci.eu\/de\/wp-json\/wp\/v2\/comments?post=7761"}],"version-history":[{"count":4,"href":"https:\/\/fge.swebwp.oci.eu\/de\/wp-json\/wp\/v2\/pages\/7761\/revisions"}],"predecessor-version":[{"id":24356,"href":"https:\/\/fge.swebwp.oci.eu\/de\/wp-json\/wp\/v2\/pages\/7761\/revisions\/24356"}],"up":[{"embeddable":true,"href":"https:\/\/fge.swebwp.oci.eu\/de\/wp-json\/wp\/v2\/pages\/7656"}],"wp:attachment":[{"href":"https:\/\/fge.swebwp.oci.eu\/de\/wp-json\/wp\/v2\/media?parent=7761"}],"wp:term":[{"taxonomy":"frge_profile","embeddable":true,"href":"https:\/\/fge.swebwp.oci.eu\/de\/wp-json\/wp\/v2\/frge_profile?post=7761"}],"curies":[{"name":"wp","href":"https:\/\/api.w.org\/{rel}","templated":true}]}}