{"id":7749,"date":"2021-05-19T16:17:35","date_gmt":"2021-05-19T14:17:35","guid":{"rendered":"https:\/\/fge.swebwp.oci.eu\/?page_id=7749"},"modified":"2024-07-25T11:36:56","modified_gmt":"2024-07-25T09:36:56","slug":"besteuerung","status":"publish","type":"page","link":"https:\/\/fge.swebwp.oci.eu\/de\/startseite\/jugendliche\/praktikum\/praktikum-in-frankreich-ihre-rechte-und-pflichten\/besteuerung\/","title":{"rendered":"Besteuerung"},"content":{"rendered":"\n<p>Verg\u00fctungen, die in Frankreich wohnhafte Praktikanten erhalten, gelten als steuerpflichtiges Entgelt.<\/p>\n\n\n\n<p>Verg\u00fctungen, die im Rahmen einer Praktikumsvereinbarung mit einer Dauer von mehr als 2 Monaten gezahlt werden, sind bis zur H\u00f6he des in Frankreich geltenden gesetzlichen j\u00e4hrlichen Mindestlohns SMIC (20.147,40 \u20ac brutto, Stand: 2022) steuerfrei. Dies gilt unabh\u00e4ngig davon, ob der Praktikant zusammen mit dem steuerpflichtigen elterlichen Haushalt veranlagt wird oder nicht.<\/p>\n\n\n\n<p>Liegt die Verg\u00fctung \u00fcber diesem Betrag, ist <strong>der Teil, der die H\u00f6chstgrenze \u00fcbersteigt<\/strong>, einkommensteuerpflichtig.<br><br><strong>Im Ausland wohnhafte Studierende<br><\/strong>Studierende, die ihren Wohnsitz nicht in dem Land haben, in dem das Praktikum absolviert wird, sollten sich bei der f\u00fcr sie zust\u00e4ndigen Steuerbeh\u00f6rde in ihrem Wohnsitzland nach den Erkl\u00e4rungspflichten und den f\u00fcr die Besteuerung geltenden Regelungen erkundigen. Gem\u00e4\u00df den meisten von Frankreich unterzeichneten Steuerabkommen sind die w\u00e4hrend eines Praktikums erzielten Eink\u00fcnfte nicht in Frankreich, sondern nur im Wohnsitzland steuerpflichtig. Daher besteht keine Pflicht zur Abgabe einer Steuererkl\u00e4rung in Frankreich, und es gibt auch keinen Quellensteuerabzug.<br><br><\/p>\n","protected":false},"excerpt":{"rendered":"<p>Verg\u00fctungen, die in Frankreich wohnhafte Praktikanten erhalten, gelten als steuerpflichtiges Entgelt. Verg\u00fctungen, die im Rahmen einer Praktikumsvereinbarung mit einer Dauer von mehr als 2 Monaten gezahlt werden, sind bis zur H\u00f6he des in Frankreich geltenden gesetzlichen j\u00e4hrlichen Mindestlohns SMIC (20.147,40 \u20ac brutto, Stand: 2022) steuerfrei. Dies gilt unabh\u00e4ngig davon, ob der Praktikant zusammen mit dem [&hellip;]<\/p>\n","protected":false},"author":7,"featured_media":0,"parent":7654,"menu_order":6,"comment_status":"closed","ping_status":"closed","template":"","meta":{"inline_featured_image":false,"footnotes":""},"frge_profile":[],"class_list":["post-7749","page","type-page","status-publish","hentry"],"yoast_head":"<!-- This site is optimized with the Yoast SEO plugin v25.0 - https:\/\/yoast.com\/wordpress\/plugins\/seo\/ -->\n<title>Besteuerung von praktika f\u00fcr in Frankreich wohnhafte praktikanten<\/title>\n<meta name=\"description\" content=\"Verg\u00fctungen von Praktikanten in Frankreich bis zum SMIC steuerfrei, dar\u00fcber hinaus steuerpflichtig. Auslandsstudenten kl\u00e4ren Steuerpflicht im Wohnsitzland.\" \/>\n<meta name=\"robots\" content=\"noindex, follow, max-snippet:-1, max-image-preview:large, max-video-preview:-1\" \/>\n<meta property=\"og:locale\" content=\"de_DE\" \/>\n<meta property=\"og:type\" content=\"article\" \/>\n<meta property=\"og:title\" content=\"Besteuerung von praktika f\u00fcr in Frankreich wohnhafte praktikanten\" \/>\n<meta property=\"og:description\" content=\"Verg\u00fctungen von Praktikanten in Frankreich bis zum SMIC steuerfrei, dar\u00fcber hinaus steuerpflichtig. Auslandsstudenten kl\u00e4ren Steuerpflicht im Wohnsitzland.\" \/>\n<meta property=\"og:url\" content=\"https:\/\/fge.swebwp.oci.eu\/de\/startseite\/jugendliche\/praktikum\/praktikum-in-frankreich-ihre-rechte-und-pflichten\/besteuerung\/\" \/>\n<meta property=\"og:site_name\" content=\"Frontaliers Grand Est\" \/>\n<meta property=\"article:modified_time\" content=\"2024-07-25T09:36:56+00:00\" \/>\n<meta name=\"twitter:card\" content=\"summary_large_image\" \/>\n<meta name=\"twitter:label1\" content=\"Gesch\u00e4tzte Lesezeit\" \/>\n\t<meta name=\"twitter:data1\" content=\"1\u00a0Minute\" \/>\n<script type=\"application\/ld+json\" class=\"yoast-schema-graph\">{\"@context\":\"https:\/\/schema.org\",\"@graph\":[{\"@type\":\"WebPage\",\"@id\":\"https:\/\/fge.swebwp.oci.eu\/de\/startseite\/jugendliche\/praktikum\/praktikum-in-frankreich-ihre-rechte-und-pflichten\/besteuerung\/\",\"url\":\"https:\/\/fge.swebwp.oci.eu\/de\/startseite\/jugendliche\/praktikum\/praktikum-in-frankreich-ihre-rechte-und-pflichten\/besteuerung\/\",\"name\":\"Besteuerung von praktika f\u00fcr in Frankreich wohnhafte praktikanten\",\"isPartOf\":{\"@id\":\"https:\/\/fge.swebwp.oci.eu\/de\/#website\"},\"datePublished\":\"2021-05-19T14:17:35+00:00\",\"dateModified\":\"2024-07-25T09:36:56+00:00\",\"description\":\"Verg\u00fctungen von Praktikanten in Frankreich bis zum SMIC steuerfrei, dar\u00fcber hinaus steuerpflichtig. Auslandsstudenten kl\u00e4ren Steuerpflicht im Wohnsitzland.\",\"breadcrumb\":{\"@id\":\"https:\/\/fge.swebwp.oci.eu\/de\/startseite\/jugendliche\/praktikum\/praktikum-in-frankreich-ihre-rechte-und-pflichten\/besteuerung\/#breadcrumb\"},\"inLanguage\":\"de\",\"potentialAction\":[{\"@type\":\"ReadAction\",\"target\":[\"https:\/\/fge.swebwp.oci.eu\/de\/startseite\/jugendliche\/praktikum\/praktikum-in-frankreich-ihre-rechte-und-pflichten\/besteuerung\/\"]}]},{\"@type\":\"BreadcrumbList\",\"@id\":\"https:\/\/fge.swebwp.oci.eu\/de\/startseite\/jugendliche\/praktikum\/praktikum-in-frankreich-ihre-rechte-und-pflichten\/besteuerung\/#breadcrumb\",\"itemListElement\":[{\"@type\":\"ListItem\",\"position\":1,\"name\":\"Startseite\",\"item\":\"https:\/\/fge.swebwp.oci.eu\/de\/\"},{\"@type\":\"ListItem\",\"position\":2,\"name\":\"Jugendliche\",\"item\":\"https:\/\/fge.swebwp.oci.eu\/de\/startseite\/jugendliche\/\"},{\"@type\":\"ListItem\",\"position\":3,\"name\":\"Praktikum\",\"item\":\"https:\/\/fge.swebwp.oci.eu\/de\/startseite\/jugendliche\/praktikum\/\"},{\"@type\":\"ListItem\",\"position\":4,\"name\":\"Praktikum in Frankreich : Ihre Rechte und Pflichten\",\"item\":\"https:\/\/fge.swebwp.oci.eu\/de\/startseite\/jugendliche\/praktikum\/praktikum-in-frankreich-ihre-rechte-und-pflichten\/\"},{\"@type\":\"ListItem\",\"position\":5,\"name\":\"Besteuerung\"}]},{\"@type\":\"WebSite\",\"@id\":\"https:\/\/fge.swebwp.oci.eu\/de\/#website\",\"url\":\"https:\/\/fge.swebwp.oci.eu\/de\/\",\"name\":\"Frontaliers Grand Est\",\"description\":\"Le site ressource du travail frontalier\",\"potentialAction\":[{\"@type\":\"SearchAction\",\"target\":{\"@type\":\"EntryPoint\",\"urlTemplate\":\"https:\/\/fge.swebwp.oci.eu\/de\/?s={search_term_string}\"},\"query-input\":{\"@type\":\"PropertyValueSpecification\",\"valueRequired\":true,\"valueName\":\"search_term_string\"}}],\"inLanguage\":\"de\"}]}<\/script>\n<!-- \/ Yoast SEO plugin. -->","yoast_head_json":{"title":"Besteuerung von praktika f\u00fcr in Frankreich wohnhafte praktikanten","description":"Verg\u00fctungen von Praktikanten in Frankreich bis zum SMIC steuerfrei, dar\u00fcber hinaus steuerpflichtig. Auslandsstudenten kl\u00e4ren Steuerpflicht im Wohnsitzland.","robots":{"index":"noindex","follow":"follow","max-snippet":"max-snippet:-1","max-image-preview":"max-image-preview:large","max-video-preview":"max-video-preview:-1"},"og_locale":"de_DE","og_type":"article","og_title":"Besteuerung von praktika f\u00fcr in Frankreich wohnhafte praktikanten","og_description":"Verg\u00fctungen von Praktikanten in Frankreich bis zum SMIC steuerfrei, dar\u00fcber hinaus steuerpflichtig. Auslandsstudenten kl\u00e4ren Steuerpflicht im Wohnsitzland.","og_url":"https:\/\/fge.swebwp.oci.eu\/de\/startseite\/jugendliche\/praktikum\/praktikum-in-frankreich-ihre-rechte-und-pflichten\/besteuerung\/","og_site_name":"Frontaliers Grand Est","article_modified_time":"2024-07-25T09:36:56+00:00","twitter_card":"summary_large_image","twitter_misc":{"Gesch\u00e4tzte Lesezeit":"1\u00a0Minute"},"schema":{"@context":"https:\/\/schema.org","@graph":[{"@type":"WebPage","@id":"https:\/\/fge.swebwp.oci.eu\/de\/startseite\/jugendliche\/praktikum\/praktikum-in-frankreich-ihre-rechte-und-pflichten\/besteuerung\/","url":"https:\/\/fge.swebwp.oci.eu\/de\/startseite\/jugendliche\/praktikum\/praktikum-in-frankreich-ihre-rechte-und-pflichten\/besteuerung\/","name":"Besteuerung von praktika f\u00fcr in Frankreich wohnhafte praktikanten","isPartOf":{"@id":"https:\/\/fge.swebwp.oci.eu\/de\/#website"},"datePublished":"2021-05-19T14:17:35+00:00","dateModified":"2024-07-25T09:36:56+00:00","description":"Verg\u00fctungen von Praktikanten in Frankreich bis zum SMIC steuerfrei, dar\u00fcber hinaus steuerpflichtig. Auslandsstudenten kl\u00e4ren Steuerpflicht im Wohnsitzland.","breadcrumb":{"@id":"https:\/\/fge.swebwp.oci.eu\/de\/startseite\/jugendliche\/praktikum\/praktikum-in-frankreich-ihre-rechte-und-pflichten\/besteuerung\/#breadcrumb"},"inLanguage":"de","potentialAction":[{"@type":"ReadAction","target":["https:\/\/fge.swebwp.oci.eu\/de\/startseite\/jugendliche\/praktikum\/praktikum-in-frankreich-ihre-rechte-und-pflichten\/besteuerung\/"]}]},{"@type":"BreadcrumbList","@id":"https:\/\/fge.swebwp.oci.eu\/de\/startseite\/jugendliche\/praktikum\/praktikum-in-frankreich-ihre-rechte-und-pflichten\/besteuerung\/#breadcrumb","itemListElement":[{"@type":"ListItem","position":1,"name":"Startseite","item":"https:\/\/fge.swebwp.oci.eu\/de\/"},{"@type":"ListItem","position":2,"name":"Jugendliche","item":"https:\/\/fge.swebwp.oci.eu\/de\/startseite\/jugendliche\/"},{"@type":"ListItem","position":3,"name":"Praktikum","item":"https:\/\/fge.swebwp.oci.eu\/de\/startseite\/jugendliche\/praktikum\/"},{"@type":"ListItem","position":4,"name":"Praktikum in Frankreich : Ihre Rechte und Pflichten","item":"https:\/\/fge.swebwp.oci.eu\/de\/startseite\/jugendliche\/praktikum\/praktikum-in-frankreich-ihre-rechte-und-pflichten\/"},{"@type":"ListItem","position":5,"name":"Besteuerung"}]},{"@type":"WebSite","@id":"https:\/\/fge.swebwp.oci.eu\/de\/#website","url":"https:\/\/fge.swebwp.oci.eu\/de\/","name":"Frontaliers Grand Est","description":"Le site ressource du travail frontalier","potentialAction":[{"@type":"SearchAction","target":{"@type":"EntryPoint","urlTemplate":"https:\/\/fge.swebwp.oci.eu\/de\/?s={search_term_string}"},"query-input":{"@type":"PropertyValueSpecification","valueRequired":true,"valueName":"search_term_string"}}],"inLanguage":"de"}]}},"_links":{"self":[{"href":"https:\/\/fge.swebwp.oci.eu\/de\/wp-json\/wp\/v2\/pages\/7749","targetHints":{"allow":["GET"]}}],"collection":[{"href":"https:\/\/fge.swebwp.oci.eu\/de\/wp-json\/wp\/v2\/pages"}],"about":[{"href":"https:\/\/fge.swebwp.oci.eu\/de\/wp-json\/wp\/v2\/types\/page"}],"author":[{"embeddable":true,"href":"https:\/\/fge.swebwp.oci.eu\/de\/wp-json\/wp\/v2\/users\/7"}],"replies":[{"embeddable":true,"href":"https:\/\/fge.swebwp.oci.eu\/de\/wp-json\/wp\/v2\/comments?post=7749"}],"version-history":[{"count":3,"href":"https:\/\/fge.swebwp.oci.eu\/de\/wp-json\/wp\/v2\/pages\/7749\/revisions"}],"predecessor-version":[{"id":24531,"href":"https:\/\/fge.swebwp.oci.eu\/de\/wp-json\/wp\/v2\/pages\/7749\/revisions\/24531"}],"up":[{"embeddable":true,"href":"https:\/\/fge.swebwp.oci.eu\/de\/wp-json\/wp\/v2\/pages\/7654"}],"wp:attachment":[{"href":"https:\/\/fge.swebwp.oci.eu\/de\/wp-json\/wp\/v2\/media?parent=7749"}],"wp:term":[{"taxonomy":"frge_profile","embeddable":true,"href":"https:\/\/fge.swebwp.oci.eu\/de\/wp-json\/wp\/v2\/frge_profile?post=7749"}],"curies":[{"name":"wp","href":"https:\/\/api.w.org\/{rel}","templated":true}]}}