{"id":7747,"date":"2021-05-19T16:12:26","date_gmt":"2021-05-19T14:12:26","guid":{"rendered":"https:\/\/fge.swebwp.oci.eu\/?page_id=7747"},"modified":"2023-04-25T12:36:34","modified_gmt":"2023-04-25T10:36:34","slug":"vergutung","status":"publish","type":"page","link":"https:\/\/fge.swebwp.oci.eu\/de\/startseite\/jugendliche\/praktikum\/praktikum-in-frankreich-ihre-rechte-und-pflichten\/vergutung\/","title":{"rendered":"Die verschiedenen Arten von Praktika"},"content":{"rendered":"\n<p>Unterschieden werden Praktika nach dem Bildungsniveau bzw. der Art der Bildungseinrichtung (z. B. Coll\u00e8ges (Sekundarstufe I), Lyc\u00e9es professionnels (Berufsschulen) und Hochschulen). Praktika au\u00dferhalb von Curricula im Bildungswesen, d. h. Praktika, die nicht im Rahmen von schulischen Lehrpl\u00e4nen oder von Studienordnungen stattfinden, sind verboten.<br><br><\/p>\n","protected":false},"excerpt":{"rendered":"<p>Unterschieden werden Praktika nach dem Bildungsniveau bzw. der Art der Bildungseinrichtung (z. B. Coll\u00e8ges (Sekundarstufe I), Lyc\u00e9es professionnels (Berufsschulen) und Hochschulen). Praktika au\u00dferhalb von Curricula im Bildungswesen, d. h. Praktika, die nicht im Rahmen von schulischen Lehrpl\u00e4nen oder von Studienordnungen stattfinden, sind verboten.<\/p>\n","protected":false},"author":7,"featured_media":0,"parent":7654,"menu_order":5,"comment_status":"closed","ping_status":"closed","template":"","meta":{"inline_featured_image":false,"footnotes":""},"frge_profile":[],"class_list":["post-7747","page","type-page","status-publish","hentry"],"yoast_head":"<!-- This site is optimized with the Yoast SEO plugin v25.0 - https:\/\/yoast.com\/wordpress\/plugins\/seo\/ -->\n<title>Die verschiedenen Arten von Praktika - Frontaliers Grand Est<\/title>\n<meta name=\"robots\" content=\"noindex, follow, max-snippet:-1, max-image-preview:large, max-video-preview:-1\" \/>\n<meta property=\"og:locale\" content=\"de_DE\" \/>\n<meta property=\"og:type\" content=\"article\" \/>\n<meta property=\"og:title\" content=\"Die verschiedenen Arten von Praktika - Frontaliers Grand Est\" \/>\n<meta property=\"og:description\" content=\"Unterschieden werden Praktika nach dem Bildungsniveau bzw. der Art der Bildungseinrichtung (z. B. Coll\u00e8ges (Sekundarstufe I), Lyc\u00e9es professionnels (Berufsschulen) und Hochschulen). Praktika au\u00dferhalb von Curricula im Bildungswesen, d. h. Praktika, die nicht im Rahmen von schulischen Lehrpl\u00e4nen oder von Studienordnungen stattfinden, sind verboten.\" \/>\n<meta property=\"og:url\" content=\"https:\/\/fge.swebwp.oci.eu\/de\/startseite\/jugendliche\/praktikum\/praktikum-in-frankreich-ihre-rechte-und-pflichten\/vergutung\/\" \/>\n<meta property=\"og:site_name\" content=\"Frontaliers Grand Est\" \/>\n<meta property=\"article:modified_time\" content=\"2023-04-25T10:36:34+00:00\" \/>\n<meta name=\"twitter:card\" content=\"summary_large_image\" \/>\n<meta name=\"twitter:label1\" content=\"Gesch\u00e4tzte Lesezeit\" \/>\n\t<meta name=\"twitter:data1\" content=\"1\u00a0Minute\" \/>\n<script type=\"application\/ld+json\" class=\"yoast-schema-graph\">{\"@context\":\"https:\/\/schema.org\",\"@graph\":[{\"@type\":\"WebPage\",\"@id\":\"https:\/\/fge.swebwp.oci.eu\/de\/startseite\/jugendliche\/praktikum\/praktikum-in-frankreich-ihre-rechte-und-pflichten\/vergutung\/\",\"url\":\"https:\/\/fge.swebwp.oci.eu\/de\/startseite\/jugendliche\/praktikum\/praktikum-in-frankreich-ihre-rechte-und-pflichten\/vergutung\/\",\"name\":\"Die verschiedenen Arten von Praktika - Frontaliers Grand Est\",\"isPartOf\":{\"@id\":\"https:\/\/fge.swebwp.oci.eu\/de\/#website\"},\"datePublished\":\"2021-05-19T14:12:26+00:00\",\"dateModified\":\"2023-04-25T10:36:34+00:00\",\"breadcrumb\":{\"@id\":\"https:\/\/fge.swebwp.oci.eu\/de\/startseite\/jugendliche\/praktikum\/praktikum-in-frankreich-ihre-rechte-und-pflichten\/vergutung\/#breadcrumb\"},\"inLanguage\":\"de\",\"potentialAction\":[{\"@type\":\"ReadAction\",\"target\":[\"https:\/\/fge.swebwp.oci.eu\/de\/startseite\/jugendliche\/praktikum\/praktikum-in-frankreich-ihre-rechte-und-pflichten\/vergutung\/\"]}]},{\"@type\":\"BreadcrumbList\",\"@id\":\"https:\/\/fge.swebwp.oci.eu\/de\/startseite\/jugendliche\/praktikum\/praktikum-in-frankreich-ihre-rechte-und-pflichten\/vergutung\/#breadcrumb\",\"itemListElement\":[{\"@type\":\"ListItem\",\"position\":1,\"name\":\"Startseite\",\"item\":\"https:\/\/fge.swebwp.oci.eu\/de\/\"},{\"@type\":\"ListItem\",\"position\":2,\"name\":\"Jugendliche\",\"item\":\"https:\/\/fge.swebwp.oci.eu\/de\/startseite\/jugendliche\/\"},{\"@type\":\"ListItem\",\"position\":3,\"name\":\"Praktikum\",\"item\":\"https:\/\/fge.swebwp.oci.eu\/de\/startseite\/jugendliche\/praktikum\/\"},{\"@type\":\"ListItem\",\"position\":4,\"name\":\"Praktikum in Frankreich : Ihre Rechte und Pflichten\",\"item\":\"https:\/\/fge.swebwp.oci.eu\/de\/startseite\/jugendliche\/praktikum\/praktikum-in-frankreich-ihre-rechte-und-pflichten\/\"},{\"@type\":\"ListItem\",\"position\":5,\"name\":\"Die verschiedenen Arten von Praktika\"}]},{\"@type\":\"WebSite\",\"@id\":\"https:\/\/fge.swebwp.oci.eu\/de\/#website\",\"url\":\"https:\/\/fge.swebwp.oci.eu\/de\/\",\"name\":\"Frontaliers Grand Est\",\"description\":\"Le site ressource du travail frontalier\",\"potentialAction\":[{\"@type\":\"SearchAction\",\"target\":{\"@type\":\"EntryPoint\",\"urlTemplate\":\"https:\/\/fge.swebwp.oci.eu\/de\/?s={search_term_string}\"},\"query-input\":{\"@type\":\"PropertyValueSpecification\",\"valueRequired\":true,\"valueName\":\"search_term_string\"}}],\"inLanguage\":\"de\"}]}<\/script>\n<!-- \/ Yoast SEO plugin. -->","yoast_head_json":{"title":"Die verschiedenen Arten von Praktika - Frontaliers Grand Est","robots":{"index":"noindex","follow":"follow","max-snippet":"max-snippet:-1","max-image-preview":"max-image-preview:large","max-video-preview":"max-video-preview:-1"},"og_locale":"de_DE","og_type":"article","og_title":"Die verschiedenen Arten von Praktika - Frontaliers Grand Est","og_description":"Unterschieden werden Praktika nach dem Bildungsniveau bzw. der Art der Bildungseinrichtung (z. B. Coll\u00e8ges (Sekundarstufe I), Lyc\u00e9es professionnels (Berufsschulen) und Hochschulen). Praktika au\u00dferhalb von Curricula im Bildungswesen, d. h. Praktika, die nicht im Rahmen von schulischen Lehrpl\u00e4nen oder von Studienordnungen stattfinden, sind verboten.","og_url":"https:\/\/fge.swebwp.oci.eu\/de\/startseite\/jugendliche\/praktikum\/praktikum-in-frankreich-ihre-rechte-und-pflichten\/vergutung\/","og_site_name":"Frontaliers Grand Est","article_modified_time":"2023-04-25T10:36:34+00:00","twitter_card":"summary_large_image","twitter_misc":{"Gesch\u00e4tzte Lesezeit":"1\u00a0Minute"},"schema":{"@context":"https:\/\/schema.org","@graph":[{"@type":"WebPage","@id":"https:\/\/fge.swebwp.oci.eu\/de\/startseite\/jugendliche\/praktikum\/praktikum-in-frankreich-ihre-rechte-und-pflichten\/vergutung\/","url":"https:\/\/fge.swebwp.oci.eu\/de\/startseite\/jugendliche\/praktikum\/praktikum-in-frankreich-ihre-rechte-und-pflichten\/vergutung\/","name":"Die verschiedenen Arten von Praktika - Frontaliers Grand Est","isPartOf":{"@id":"https:\/\/fge.swebwp.oci.eu\/de\/#website"},"datePublished":"2021-05-19T14:12:26+00:00","dateModified":"2023-04-25T10:36:34+00:00","breadcrumb":{"@id":"https:\/\/fge.swebwp.oci.eu\/de\/startseite\/jugendliche\/praktikum\/praktikum-in-frankreich-ihre-rechte-und-pflichten\/vergutung\/#breadcrumb"},"inLanguage":"de","potentialAction":[{"@type":"ReadAction","target":["https:\/\/fge.swebwp.oci.eu\/de\/startseite\/jugendliche\/praktikum\/praktikum-in-frankreich-ihre-rechte-und-pflichten\/vergutung\/"]}]},{"@type":"BreadcrumbList","@id":"https:\/\/fge.swebwp.oci.eu\/de\/startseite\/jugendliche\/praktikum\/praktikum-in-frankreich-ihre-rechte-und-pflichten\/vergutung\/#breadcrumb","itemListElement":[{"@type":"ListItem","position":1,"name":"Startseite","item":"https:\/\/fge.swebwp.oci.eu\/de\/"},{"@type":"ListItem","position":2,"name":"Jugendliche","item":"https:\/\/fge.swebwp.oci.eu\/de\/startseite\/jugendliche\/"},{"@type":"ListItem","position":3,"name":"Praktikum","item":"https:\/\/fge.swebwp.oci.eu\/de\/startseite\/jugendliche\/praktikum\/"},{"@type":"ListItem","position":4,"name":"Praktikum in Frankreich : Ihre Rechte und Pflichten","item":"https:\/\/fge.swebwp.oci.eu\/de\/startseite\/jugendliche\/praktikum\/praktikum-in-frankreich-ihre-rechte-und-pflichten\/"},{"@type":"ListItem","position":5,"name":"Die verschiedenen Arten von Praktika"}]},{"@type":"WebSite","@id":"https:\/\/fge.swebwp.oci.eu\/de\/#website","url":"https:\/\/fge.swebwp.oci.eu\/de\/","name":"Frontaliers Grand Est","description":"Le site ressource du travail frontalier","potentialAction":[{"@type":"SearchAction","target":{"@type":"EntryPoint","urlTemplate":"https:\/\/fge.swebwp.oci.eu\/de\/?s={search_term_string}"},"query-input":{"@type":"PropertyValueSpecification","valueRequired":true,"valueName":"search_term_string"}}],"inLanguage":"de"}]}},"_links":{"self":[{"href":"https:\/\/fge.swebwp.oci.eu\/de\/wp-json\/wp\/v2\/pages\/7747","targetHints":{"allow":["GET"]}}],"collection":[{"href":"https:\/\/fge.swebwp.oci.eu\/de\/wp-json\/wp\/v2\/pages"}],"about":[{"href":"https:\/\/fge.swebwp.oci.eu\/de\/wp-json\/wp\/v2\/types\/page"}],"author":[{"embeddable":true,"href":"https:\/\/fge.swebwp.oci.eu\/de\/wp-json\/wp\/v2\/users\/7"}],"replies":[{"embeddable":true,"href":"https:\/\/fge.swebwp.oci.eu\/de\/wp-json\/wp\/v2\/comments?post=7747"}],"version-history":[{"count":3,"href":"https:\/\/fge.swebwp.oci.eu\/de\/wp-json\/wp\/v2\/pages\/7747\/revisions"}],"predecessor-version":[{"id":24504,"href":"https:\/\/fge.swebwp.oci.eu\/de\/wp-json\/wp\/v2\/pages\/7747\/revisions\/24504"}],"up":[{"embeddable":true,"href":"https:\/\/fge.swebwp.oci.eu\/de\/wp-json\/wp\/v2\/pages\/7654"}],"wp:attachment":[{"href":"https:\/\/fge.swebwp.oci.eu\/de\/wp-json\/wp\/v2\/media?parent=7747"}],"wp:term":[{"taxonomy":"frge_profile","embeddable":true,"href":"https:\/\/fge.swebwp.oci.eu\/de\/wp-json\/wp\/v2\/frge_profile?post=7747"}],"curies":[{"name":"wp","href":"https:\/\/api.w.org\/{rel}","templated":true}]}}