{"id":7743,"date":"2021-05-19T16:07:30","date_gmt":"2021-05-19T14:07:30","guid":{"rendered":"https:\/\/fge.swebwp.oci.eu\/?page_id=7743"},"modified":"2023-04-25T14:31:02","modified_gmt":"2023-04-25T12:31:02","slug":"die-rechte-des-praktikanten","status":"publish","type":"page","link":"https:\/\/fge.swebwp.oci.eu\/de\/startseite\/jugendliche\/praktikum\/praktikum-in-frankreich-ihre-rechte-und-pflichten\/die-rechte-des-praktikanten\/","title":{"rendered":"Die Rechte von Praktikanten"},"content":{"rendered":"\n<p>Zwischen dem Praktikanten und dem Praktikumsbetrieb besteht kein Arbeitsverh\u00e4ltnis, sodass der Praktikant nicht den Status eines Besch\u00e4ftigten hat.<br>Praktikanten sind verpflichtet, sich an die Betriebsordnung zu halten (Arbeitszeiten, Verhaltensregeln, Vorschriften zum Arbeitsschutz etc.). Die gesetzliche Wochenarbeitszeit betr\u00e4gt 35 Stunden bei maximal 10 Stunden pro Tag. Praktikanten d\u00fcrfen keine \u00dcberstunden leisten und haben folglich auch keinen Anspruch auf eine Ausgleichsruhezeit.<br><br>Ebenso wenig k\u00f6nnen Praktikanten bezahlten Urlaub nehmen. Allerdings muss bei Praktika mit einer Dauer von mehr als 2 Monaten in der Praktikumsvereinbarung die M\u00f6glichkeit vorgesehen sein, dass der Praktikant Anspruch auf <strong>Sonderurlaubstage und die Genehmigung von Fehlzeiten<\/strong> anmelden kann. Die Verg\u00fctung des Sonderurlaubs erfolgt auf freiwilliger Basis.<br><br><strong>Rahmenbedingungen f\u00fcr Praktika und Verbesserung des Status von Praktikanten<\/strong><br>Zur Verbesserung des Praktikantenstatus gelten folgende Grunds\u00e4tze:<br>Die Aufwandsentsch\u00e4digung darf nicht in der monatlichen Verg\u00fctung inbegriffen sein, sondern muss zus\u00e4tzlich gezahlt werden.<br>&#8211; Praktikanten m\u00fcssen zu denselben Bedingungen Zugang zur Betriebskantine bzw. zu den Essensgutscheinen haben wie die Besch\u00e4ftigten des Unternehmens.<br>&#8211; Der Arbeitgeber muss einen Teil der Fahrtkosten der Praktikanten \u00fcbernehmen, und zwar zu denselben Bedingungen wie bei der Kostenerstattung an seine Besch\u00e4ftigten.<br><br><\/p>\n\n\n\n<p><strong>Aufl\u00f6sung der Praktikumsvereinbarung<\/strong><br>Die Bedingungen f\u00fcr einen Abbruch des Praktikums <strong>m\u00fcssen in der von allen Vertragsparteien unterzeichneten Praktikumsvereinbarung geregelt sein<\/strong>.<\/p>\n\n\n\n<p>Die Praktikumsvereinbarung unterliegt den allgemeinen Regelungen des <strong>Vertragsrechts<\/strong>, sodass Praktikanten kein K\u00fcndigungsrecht haben. Daher m\u00fcssen Praktikanten ihre vertraglichen Verpflichtungen erf\u00fcllen, da andernfalls von den beiden anderen Vertragsparteien (Bildungseinrichtung und Praktikumsbetrieb) Schadensersatzanspr\u00fcche geltend gemacht werden k\u00f6nnen. Wenn die Gr\u00fcnde f\u00fcr den Abbruch des Praktikums nicht gerechtfertigt und ernsthaft sind, kann die Bildungseinrichtung einrichtungsinterne Sanktionen gegen den Studierenden verh\u00e4ngen<strong>. Der Abbruch eines Pflichtpraktikums kann den Erwerb des Abschlusses durch den Studierenden gef\u00e4hrden.<\/strong><\/p>\n\n\n\n<p><strong>Verg\u00fctung<\/strong><br>Wenn die Praktikumsdauer innerhalb ein und desselben Unternehmens mehr als 2 aufeinanderfolgende Monate betr\u00e4gt, besteht f\u00fcr das Praktikum eine Verg\u00fctungspflicht.<br><br>Die vorgeschriebene Verg\u00fctung darf nicht weniger als 15 % der Beitragsbemessungsgrenze f\u00fcr die Sozialversicherung betragen. Die Mindestverg\u00fctung betr\u00e4gt somit <strong>4,05 \u20ac pro geleisteter Praktikumsstunde<\/strong> (Stand 2023). In einigen Wirtschaftszweigen kann die Verg\u00fctung \u00fcber dem gesetzlichen Mindestbetrag liegen. Der Arbeitgeber muss sich diesbez\u00fcglich \u00fcber die Regelungen in der Tarifvereinbarung informieren<a href=\"https:\/\/www.service-public.fr\/particuliers\/vosdroits\/F2395\"><\/a>.<\/p>\n\n\n\n<p>Bei der Praktikumsverg\u00fctung handelt es sich nicht um ein Arbeitsentgelt. Die Auszahlung der ab dem ersten Tag des ersten Praktikumsmonats anfallenden Verg\u00fctung an den Praktikanten erfolgt monatlich. Allerdings wird die H\u00f6he der Verg\u00fctung auf <strong>Stunden- und nicht mehr wie fr\u00fcher auf Monatsbasis<\/strong> berechnet. Daher kann sie von Monat zu Monat unterschiedlich hoch ausfallen, sofern keine Gl\u00e4ttung des Betrags unter Ber\u00fccksichtigung der vorgesehenen Gesamtdauer des Praktikums vorgenommen wird, um jeden Monat dieselbe Summe auszuzahlen. Bei einer Aussetzung oder Aufl\u00f6sung des Praktikumsvertrags richtet sich die H\u00f6he der zu zahlenden Verg\u00fctung nach der tats\u00e4chlich abgeleisteten Praktikumszeit.<\/p>\n\n\n\n<p><br><\/p>\n\n\n\n<p><\/p>\n","protected":false},"excerpt":{"rendered":"<p>Zwischen dem Praktikanten und dem Praktikumsbetrieb besteht kein Arbeitsverh\u00e4ltnis, sodass der Praktikant nicht den Status eines Besch\u00e4ftigten hat.Praktikanten sind verpflichtet, sich an die Betriebsordnung zu halten (Arbeitszeiten, Verhaltensregeln, Vorschriften zum Arbeitsschutz etc.). Die gesetzliche Wochenarbeitszeit betr\u00e4gt 35 Stunden bei maximal 10 Stunden pro Tag. Praktikanten d\u00fcrfen keine \u00dcberstunden leisten und haben folglich auch keinen Anspruch [&hellip;]<\/p>\n","protected":false},"author":7,"featured_media":0,"parent":7654,"menu_order":4,"comment_status":"closed","ping_status":"closed","template":"","meta":{"inline_featured_image":false,"footnotes":""},"frge_profile":[],"class_list":["post-7743","page","type-page","status-publish","hentry"],"yoast_head":"<!-- This site is optimized with the Yoast SEO plugin v25.0 - https:\/\/yoast.com\/wordpress\/plugins\/seo\/ -->\n<title>Die Rechte von Praktikanten - Frontaliers Grand Est<\/title>\n<meta name=\"robots\" content=\"noindex, follow, max-snippet:-1, max-image-preview:large, max-video-preview:-1\" \/>\n<meta property=\"og:locale\" content=\"de_DE\" \/>\n<meta property=\"og:type\" content=\"article\" \/>\n<meta property=\"og:title\" content=\"Die Rechte von Praktikanten - Frontaliers Grand Est\" \/>\n<meta property=\"og:description\" content=\"Zwischen dem Praktikanten und dem Praktikumsbetrieb besteht kein Arbeitsverh\u00e4ltnis, sodass der Praktikant nicht den Status eines Besch\u00e4ftigten hat.Praktikanten sind verpflichtet, sich an die Betriebsordnung zu halten (Arbeitszeiten, Verhaltensregeln, Vorschriften zum Arbeitsschutz etc.). Die gesetzliche Wochenarbeitszeit betr\u00e4gt 35 Stunden bei maximal 10 Stunden pro Tag. Praktikanten d\u00fcrfen keine \u00dcberstunden leisten und haben folglich auch keinen Anspruch [&hellip;]\" \/>\n<meta property=\"og:url\" content=\"https:\/\/fge.swebwp.oci.eu\/de\/startseite\/jugendliche\/praktikum\/praktikum-in-frankreich-ihre-rechte-und-pflichten\/die-rechte-des-praktikanten\/\" \/>\n<meta property=\"og:site_name\" content=\"Frontaliers Grand Est\" \/>\n<meta property=\"article:modified_time\" content=\"2023-04-25T12:31:02+00:00\" \/>\n<meta name=\"twitter:card\" content=\"summary_large_image\" \/>\n<meta name=\"twitter:label1\" content=\"Gesch\u00e4tzte Lesezeit\" \/>\n\t<meta name=\"twitter:data1\" content=\"3\u00a0Minuten\" \/>\n<script type=\"application\/ld+json\" class=\"yoast-schema-graph\">{\"@context\":\"https:\/\/schema.org\",\"@graph\":[{\"@type\":\"WebPage\",\"@id\":\"https:\/\/fge.swebwp.oci.eu\/de\/startseite\/jugendliche\/praktikum\/praktikum-in-frankreich-ihre-rechte-und-pflichten\/die-rechte-des-praktikanten\/\",\"url\":\"https:\/\/fge.swebwp.oci.eu\/de\/startseite\/jugendliche\/praktikum\/praktikum-in-frankreich-ihre-rechte-und-pflichten\/die-rechte-des-praktikanten\/\",\"name\":\"Die Rechte von Praktikanten - Frontaliers Grand Est\",\"isPartOf\":{\"@id\":\"https:\/\/fge.swebwp.oci.eu\/de\/#website\"},\"datePublished\":\"2021-05-19T14:07:30+00:00\",\"dateModified\":\"2023-04-25T12:31:02+00:00\",\"breadcrumb\":{\"@id\":\"https:\/\/fge.swebwp.oci.eu\/de\/startseite\/jugendliche\/praktikum\/praktikum-in-frankreich-ihre-rechte-und-pflichten\/die-rechte-des-praktikanten\/#breadcrumb\"},\"inLanguage\":\"de\",\"potentialAction\":[{\"@type\":\"ReadAction\",\"target\":[\"https:\/\/fge.swebwp.oci.eu\/de\/startseite\/jugendliche\/praktikum\/praktikum-in-frankreich-ihre-rechte-und-pflichten\/die-rechte-des-praktikanten\/\"]}]},{\"@type\":\"BreadcrumbList\",\"@id\":\"https:\/\/fge.swebwp.oci.eu\/de\/startseite\/jugendliche\/praktikum\/praktikum-in-frankreich-ihre-rechte-und-pflichten\/die-rechte-des-praktikanten\/#breadcrumb\",\"itemListElement\":[{\"@type\":\"ListItem\",\"position\":1,\"name\":\"Startseite\",\"item\":\"https:\/\/fge.swebwp.oci.eu\/de\/\"},{\"@type\":\"ListItem\",\"position\":2,\"name\":\"Jugendliche\",\"item\":\"https:\/\/fge.swebwp.oci.eu\/de\/startseite\/jugendliche\/\"},{\"@type\":\"ListItem\",\"position\":3,\"name\":\"Praktikum\",\"item\":\"https:\/\/fge.swebwp.oci.eu\/de\/startseite\/jugendliche\/praktikum\/\"},{\"@type\":\"ListItem\",\"position\":4,\"name\":\"Praktikum in Frankreich : Ihre Rechte und Pflichten\",\"item\":\"https:\/\/fge.swebwp.oci.eu\/de\/startseite\/jugendliche\/praktikum\/praktikum-in-frankreich-ihre-rechte-und-pflichten\/\"},{\"@type\":\"ListItem\",\"position\":5,\"name\":\"Die Rechte von Praktikanten\"}]},{\"@type\":\"WebSite\",\"@id\":\"https:\/\/fge.swebwp.oci.eu\/de\/#website\",\"url\":\"https:\/\/fge.swebwp.oci.eu\/de\/\",\"name\":\"Frontaliers Grand Est\",\"description\":\"Le site ressource du travail frontalier\",\"potentialAction\":[{\"@type\":\"SearchAction\",\"target\":{\"@type\":\"EntryPoint\",\"urlTemplate\":\"https:\/\/fge.swebwp.oci.eu\/de\/?s={search_term_string}\"},\"query-input\":{\"@type\":\"PropertyValueSpecification\",\"valueRequired\":true,\"valueName\":\"search_term_string\"}}],\"inLanguage\":\"de\"}]}<\/script>\n<!-- \/ Yoast SEO plugin. -->","yoast_head_json":{"title":"Die Rechte von Praktikanten - Frontaliers Grand Est","robots":{"index":"noindex","follow":"follow","max-snippet":"max-snippet:-1","max-image-preview":"max-image-preview:large","max-video-preview":"max-video-preview:-1"},"og_locale":"de_DE","og_type":"article","og_title":"Die Rechte von Praktikanten - Frontaliers Grand Est","og_description":"Zwischen dem Praktikanten und dem Praktikumsbetrieb besteht kein Arbeitsverh\u00e4ltnis, sodass der Praktikant nicht den Status eines Besch\u00e4ftigten hat.Praktikanten sind verpflichtet, sich an die Betriebsordnung zu halten (Arbeitszeiten, Verhaltensregeln, Vorschriften zum Arbeitsschutz etc.). Die gesetzliche Wochenarbeitszeit betr\u00e4gt 35 Stunden bei maximal 10 Stunden pro Tag. Praktikanten d\u00fcrfen keine \u00dcberstunden leisten und haben folglich auch keinen Anspruch [&hellip;]","og_url":"https:\/\/fge.swebwp.oci.eu\/de\/startseite\/jugendliche\/praktikum\/praktikum-in-frankreich-ihre-rechte-und-pflichten\/die-rechte-des-praktikanten\/","og_site_name":"Frontaliers Grand Est","article_modified_time":"2023-04-25T12:31:02+00:00","twitter_card":"summary_large_image","twitter_misc":{"Gesch\u00e4tzte Lesezeit":"3\u00a0Minuten"},"schema":{"@context":"https:\/\/schema.org","@graph":[{"@type":"WebPage","@id":"https:\/\/fge.swebwp.oci.eu\/de\/startseite\/jugendliche\/praktikum\/praktikum-in-frankreich-ihre-rechte-und-pflichten\/die-rechte-des-praktikanten\/","url":"https:\/\/fge.swebwp.oci.eu\/de\/startseite\/jugendliche\/praktikum\/praktikum-in-frankreich-ihre-rechte-und-pflichten\/die-rechte-des-praktikanten\/","name":"Die Rechte von Praktikanten - Frontaliers Grand Est","isPartOf":{"@id":"https:\/\/fge.swebwp.oci.eu\/de\/#website"},"datePublished":"2021-05-19T14:07:30+00:00","dateModified":"2023-04-25T12:31:02+00:00","breadcrumb":{"@id":"https:\/\/fge.swebwp.oci.eu\/de\/startseite\/jugendliche\/praktikum\/praktikum-in-frankreich-ihre-rechte-und-pflichten\/die-rechte-des-praktikanten\/#breadcrumb"},"inLanguage":"de","potentialAction":[{"@type":"ReadAction","target":["https:\/\/fge.swebwp.oci.eu\/de\/startseite\/jugendliche\/praktikum\/praktikum-in-frankreich-ihre-rechte-und-pflichten\/die-rechte-des-praktikanten\/"]}]},{"@type":"BreadcrumbList","@id":"https:\/\/fge.swebwp.oci.eu\/de\/startseite\/jugendliche\/praktikum\/praktikum-in-frankreich-ihre-rechte-und-pflichten\/die-rechte-des-praktikanten\/#breadcrumb","itemListElement":[{"@type":"ListItem","position":1,"name":"Startseite","item":"https:\/\/fge.swebwp.oci.eu\/de\/"},{"@type":"ListItem","position":2,"name":"Jugendliche","item":"https:\/\/fge.swebwp.oci.eu\/de\/startseite\/jugendliche\/"},{"@type":"ListItem","position":3,"name":"Praktikum","item":"https:\/\/fge.swebwp.oci.eu\/de\/startseite\/jugendliche\/praktikum\/"},{"@type":"ListItem","position":4,"name":"Praktikum in Frankreich : Ihre Rechte und Pflichten","item":"https:\/\/fge.swebwp.oci.eu\/de\/startseite\/jugendliche\/praktikum\/praktikum-in-frankreich-ihre-rechte-und-pflichten\/"},{"@type":"ListItem","position":5,"name":"Die Rechte von Praktikanten"}]},{"@type":"WebSite","@id":"https:\/\/fge.swebwp.oci.eu\/de\/#website","url":"https:\/\/fge.swebwp.oci.eu\/de\/","name":"Frontaliers Grand Est","description":"Le site ressource du travail frontalier","potentialAction":[{"@type":"SearchAction","target":{"@type":"EntryPoint","urlTemplate":"https:\/\/fge.swebwp.oci.eu\/de\/?s={search_term_string}"},"query-input":{"@type":"PropertyValueSpecification","valueRequired":true,"valueName":"search_term_string"}}],"inLanguage":"de"}]}},"_links":{"self":[{"href":"https:\/\/fge.swebwp.oci.eu\/de\/wp-json\/wp\/v2\/pages\/7743","targetHints":{"allow":["GET"]}}],"collection":[{"href":"https:\/\/fge.swebwp.oci.eu\/de\/wp-json\/wp\/v2\/pages"}],"about":[{"href":"https:\/\/fge.swebwp.oci.eu\/de\/wp-json\/wp\/v2\/types\/page"}],"author":[{"embeddable":true,"href":"https:\/\/fge.swebwp.oci.eu\/de\/wp-json\/wp\/v2\/users\/7"}],"replies":[{"embeddable":true,"href":"https:\/\/fge.swebwp.oci.eu\/de\/wp-json\/wp\/v2\/comments?post=7743"}],"version-history":[{"count":3,"href":"https:\/\/fge.swebwp.oci.eu\/de\/wp-json\/wp\/v2\/pages\/7743\/revisions"}],"predecessor-version":[{"id":24521,"href":"https:\/\/fge.swebwp.oci.eu\/de\/wp-json\/wp\/v2\/pages\/7743\/revisions\/24521"}],"up":[{"embeddable":true,"href":"https:\/\/fge.swebwp.oci.eu\/de\/wp-json\/wp\/v2\/pages\/7654"}],"wp:attachment":[{"href":"https:\/\/fge.swebwp.oci.eu\/de\/wp-json\/wp\/v2\/media?parent=7743"}],"wp:term":[{"taxonomy":"frge_profile","embeddable":true,"href":"https:\/\/fge.swebwp.oci.eu\/de\/wp-json\/wp\/v2\/frge_profile?post=7743"}],"curies":[{"name":"wp","href":"https:\/\/api.w.org\/{rel}","templated":true}]}}