{"id":7739,"date":"2021-05-19T16:03:49","date_gmt":"2021-05-19T14:03:49","guid":{"rendered":"https:\/\/fge.swebwp.oci.eu\/?page_id=7739"},"modified":"2023-04-25T14:20:43","modified_gmt":"2023-04-25T12:20:43","slug":"als-auslander-ein-praktikum-in-frankreich-machen","status":"publish","type":"page","link":"https:\/\/fge.swebwp.oci.eu\/de\/startseite\/jugendliche\/praktikum\/praktikum-in-frankreich-ihre-rechte-und-pflichten\/als-auslander-ein-praktikum-in-frankreich-machen\/","title":{"rendered":"Als \u201cAusl\u00e4nder\u201d ein Praktikum in Frankreich machen"},"content":{"rendered":"\n<h4 class=\"wp-block-heading\">f\u00fcr studierende aus der Europ\u00e4ischen Union<\/h4>\n\n\n\n<p>Unionsb\u00fcrger k\u00f6nnen nach Frankreich einreisen und sich bis zu 3 Monate im Land aufhalten, wenn sie einen g\u00fcltigen Reisepass oder Personalausweis besitzen.<br><br>L\u00e4nger als 3 Monate k\u00f6nnen sich EU-B\u00fcrger in Frankreich aufhalten, wenn sie:<br>&#8211; eine Krankenversicherung (inkl. Mutterschaftsversicherung) haben, die s\u00e4mtliche Risiken abdeckt,<br>&#8211; \u00fcber ausreichende finanzielle Mittel verf\u00fcgen, um keine Sozialleistungen in Frankreich in Anspruch nehmen zu m\u00fcssen.<br><br>Unionsb\u00fcrger ben\u00f6tigen weder einen Aufenthaltstitel noch eine Arbeitserlaubnis.<br><\/p>\n\n\n\n<h4 class=\"wp-block-heading\">f\u00fcr Drittstaatsangeh\u00f6rige, die im rahmen einer ausbildung im wohnsitzland ein praktikum in Frankreich absolvieren<\/h4>\n\n\n\n<p>Als Praktikanten aus einem Nicht-EU-Land gelten Personen, die nach Frankreich kommen, um dort im Rahmen einer Ausbildung, die sie in ihrem Wohnsitzland machen, ein Betriebspraktikum zu absolvieren. Dabei muss gew\u00e4hrleistet sein, dass die besagte Ausbildung zu einem Berufsabschluss bzw. zur Anerkennung einer beruflichen Qualifikation f\u00fchrt und auf einem schulischen Lehrplan, einer Studienordnung oder einem Ausbildungsgang basiert.<br>Die jeweilige Praktikumsdauer ist im Curriculum der im Ausland ans\u00e4ssigen Bildungs- bzw. Ausbildungseinrichtung geregelt.<br><br><strong>Genehmigung der Praktikumsvereinbarung durch die Pr\u00e4fektur<\/strong><br>Die von den beteiligten Parteien (Praktikumsbetrieb, Bildungseinrichtung, Studierender) abgeschlossene Praktikumsvereinbarung muss dem Pr\u00e4fekten am Hauptort des Praktikums per Einschreiben mit R\u00fcckschein zugeschickt werden, und zwar sp\u00e4testens <strong>2 Monate vor Praktikumsbeginn<\/strong>. F\u00fcr die Zusendung der Praktikumsvereinbarung ist der Praktikumsbetrieb, die Bildungseinrichtung oder die Einrichtung zust\u00e4ndig, die f\u00fcr die Vermittlung des Praktikumsplatzes gesorgt hat.<br><br>Die Praktikumsvereinbarung wird vom Pr\u00e4fekten des Departements innerhalb von 30 Tagen nach ihrem Eingang abgezeichnet. Erfolgt innerhalb von 30 Tagen keine Antwort des Pr\u00e4fekten, gilt der Antrag als abgelehnt.<br><br><strong>Mitteilung \u00fcber die Entscheidung<\/strong><br>Im Falle einer Zustimmung des Pr\u00e4fekten wird die Praktikumsvereinbarung mit dem positiven Bescheid dem ausl\u00e4ndischen Bewerber vor der Einreise nach Frankreich zugeschickt.\u00a0<br><br><\/p>\n\n\n\n<p>Anschlie\u00dfend muss die betreffende Person <strong>entsprechend der Praktikumsdauer ein Visum und einen befristeten Aufenthaltstitel<\/strong> beantragen.<br><\/p>\n\n\n\n<p>\u2192 <strong>Bei einem Aufenthalt von h\u00f6chstens 3 Monaten<\/strong><br>Nicht-EU-B\u00fcrger m\u00fcssen beim Konsulat in ihrem Wohnsitzland ein <strong>Kurzzeitvisum<\/strong> (<strong>mit dem Vermerk \u201ePraktikum\u201c<\/strong>) beantragen.<br><br>Eine \u00dcbersicht \u00fcber die franz\u00f6sischen Konsulate und Botschaften im Ausland finden Sie unter folgendem Link:<br>https:\/\/www.diplomatie.gouv.fr\/fr\/le-ministere-et-son-reseau\/annuaires-du-ministere-de-l-europe-et-des-affaires-etrangeres\/ambassades-et-consulats-francais-a-l-etranger\/<br><br>Der Antrag muss u. a. Folgendes enthalten: die von der zust\u00e4ndigen Pr\u00e4fektur abgezeichnete Praktikumsvereinbarung, Nachweise \u00fcber eine Unterkunft und dar\u00fcber, dass die Person \u00fcber ausreichende finanzielle Mittel f\u00fcr die Dauer des Aufenthalts verf\u00fcgt (615 \u20ac pro Monat).<br><br>\u2192 <strong>Bei einem Aufenthalt von mehr als 3 Monaten<\/strong><br>Personen, deren Praktikumsvereinbarung eine Dauer von mehr als 3 Monaten hat, m\u00fcssen einen <strong>befristeten Aufenthaltstitel mit dem Vermerk \u201ePraktikum\u201c<\/strong> besitzen.<br>Zu diesem Zweck muss im Wohnsitzland ein als Aufenthaltstitel geltendes Langzeitvisum mit dem Vermerk \u201ePraktikum\u201c beantragt werden.<br>Der bei einem franz\u00f6sischen Konsulat einzureichende Antrag muss u. a. Folgendes umfassen:<br><br>&#8211; die von der Pr\u00e4fektur abgezeichnete Praktikumsvereinbarung,<br>&#8211; Nachweise \u00fcber eine Unterkunft in Frankreich,<br>&#8211; Nachweise dar\u00fcber, dass die antragstellende Person \u00fcber ausreichende finanzielle Mittel f\u00fcr die Dauer des Aufenthalts verf\u00fcgt (615 \u20ac pro Monat).<br><br><strong>Ausstellung des befristeten Aufenthaltstitels<\/strong><br>Das Praktikum kann unmittelbar nach der Ankunft in Frankreich begonnen werden. Der Praktikant muss sich bei der Pr\u00e4fektur am Wohnort melden, um dort die Ausstellung eines Aufenthaltstitels mit dem Vermerk \u201ePraktikum\u201c zu beantragen. Die Formalit\u00e4ten sind beim franz\u00f6sischen Amt f\u00fcr Zuwanderung und Integration (Office Fran\u00e7ais de l&#8217;Immigration et de l\u2018Int\u00e9gration) zu erledigen.<br><br>Der Aufenthaltstitel gilt f\u00fcr die Dauer des Praktikums, <strong>h\u00f6chstens jedoch 1 Jahr<\/strong>.<br><\/p>\n\n\n\n<p><br><\/p>\n\n\n\n<p><\/p>\n\n\n\n<p><\/p>\n\n\n\n<p><\/p>\n\n\n\n<p><\/p>\n","protected":false},"excerpt":{"rendered":"<p>f\u00fcr studierende aus der Europ\u00e4ischen Union Unionsb\u00fcrger k\u00f6nnen nach Frankreich einreisen und sich bis zu 3 Monate im Land aufhalten, wenn sie einen g\u00fcltigen Reisepass oder Personalausweis besitzen. L\u00e4nger als 3 Monate k\u00f6nnen sich EU-B\u00fcrger in Frankreich aufhalten, wenn sie:&#8211; eine Krankenversicherung (inkl. Mutterschaftsversicherung) haben, die s\u00e4mtliche Risiken abdeckt,&#8211; \u00fcber ausreichende finanzielle Mittel verf\u00fcgen, um [&hellip;]<\/p>\n","protected":false},"author":7,"featured_media":0,"parent":7654,"menu_order":2,"comment_status":"closed","ping_status":"closed","template":"","meta":{"inline_featured_image":false,"footnotes":""},"frge_profile":[],"class_list":["post-7739","page","type-page","status-publish","hentry"],"yoast_head":"<!-- This site is optimized with the Yoast SEO plugin v25.0 - https:\/\/yoast.com\/wordpress\/plugins\/seo\/ -->\n<title>Als \u201cAusl\u00e4nder\u201d ein Praktikum in Frankreich machen - Frontaliers Grand Est<\/title>\n<meta name=\"robots\" content=\"noindex, follow, max-snippet:-1, max-image-preview:large, max-video-preview:-1\" \/>\n<meta property=\"og:locale\" content=\"de_DE\" \/>\n<meta property=\"og:type\" content=\"article\" \/>\n<meta property=\"og:title\" content=\"Als \u201cAusl\u00e4nder\u201d ein Praktikum in Frankreich machen - Frontaliers Grand Est\" \/>\n<meta property=\"og:description\" content=\"f\u00fcr studierende aus der Europ\u00e4ischen Union Unionsb\u00fcrger k\u00f6nnen nach Frankreich einreisen und sich bis zu 3 Monate im Land aufhalten, wenn sie einen g\u00fcltigen Reisepass oder Personalausweis besitzen. L\u00e4nger als 3 Monate k\u00f6nnen sich EU-B\u00fcrger in Frankreich aufhalten, wenn sie:&#8211; eine Krankenversicherung (inkl. Mutterschaftsversicherung) haben, die s\u00e4mtliche Risiken abdeckt,&#8211; \u00fcber ausreichende finanzielle Mittel verf\u00fcgen, um [&hellip;]\" \/>\n<meta property=\"og:url\" content=\"https:\/\/fge.swebwp.oci.eu\/de\/startseite\/jugendliche\/praktikum\/praktikum-in-frankreich-ihre-rechte-und-pflichten\/als-auslander-ein-praktikum-in-frankreich-machen\/\" \/>\n<meta property=\"og:site_name\" content=\"Frontaliers Grand Est\" \/>\n<meta property=\"article:modified_time\" content=\"2023-04-25T12:20:43+00:00\" \/>\n<meta name=\"twitter:card\" content=\"summary_large_image\" \/>\n<meta name=\"twitter:label1\" content=\"Gesch\u00e4tzte Lesezeit\" \/>\n\t<meta name=\"twitter:data1\" content=\"3\u00a0Minuten\" \/>\n<script type=\"application\/ld+json\" class=\"yoast-schema-graph\">{\"@context\":\"https:\/\/schema.org\",\"@graph\":[{\"@type\":\"WebPage\",\"@id\":\"https:\/\/fge.swebwp.oci.eu\/de\/startseite\/jugendliche\/praktikum\/praktikum-in-frankreich-ihre-rechte-und-pflichten\/als-auslander-ein-praktikum-in-frankreich-machen\/\",\"url\":\"https:\/\/fge.swebwp.oci.eu\/de\/startseite\/jugendliche\/praktikum\/praktikum-in-frankreich-ihre-rechte-und-pflichten\/als-auslander-ein-praktikum-in-frankreich-machen\/\",\"name\":\"Als \u201cAusl\u00e4nder\u201d ein Praktikum in Frankreich machen - Frontaliers Grand Est\",\"isPartOf\":{\"@id\":\"https:\/\/fge.swebwp.oci.eu\/de\/#website\"},\"datePublished\":\"2021-05-19T14:03:49+00:00\",\"dateModified\":\"2023-04-25T12:20:43+00:00\",\"breadcrumb\":{\"@id\":\"https:\/\/fge.swebwp.oci.eu\/de\/startseite\/jugendliche\/praktikum\/praktikum-in-frankreich-ihre-rechte-und-pflichten\/als-auslander-ein-praktikum-in-frankreich-machen\/#breadcrumb\"},\"inLanguage\":\"de\",\"potentialAction\":[{\"@type\":\"ReadAction\",\"target\":[\"https:\/\/fge.swebwp.oci.eu\/de\/startseite\/jugendliche\/praktikum\/praktikum-in-frankreich-ihre-rechte-und-pflichten\/als-auslander-ein-praktikum-in-frankreich-machen\/\"]}]},{\"@type\":\"BreadcrumbList\",\"@id\":\"https:\/\/fge.swebwp.oci.eu\/de\/startseite\/jugendliche\/praktikum\/praktikum-in-frankreich-ihre-rechte-und-pflichten\/als-auslander-ein-praktikum-in-frankreich-machen\/#breadcrumb\",\"itemListElement\":[{\"@type\":\"ListItem\",\"position\":1,\"name\":\"Startseite\",\"item\":\"https:\/\/fge.swebwp.oci.eu\/de\/\"},{\"@type\":\"ListItem\",\"position\":2,\"name\":\"Jugendliche\",\"item\":\"https:\/\/fge.swebwp.oci.eu\/de\/startseite\/jugendliche\/\"},{\"@type\":\"ListItem\",\"position\":3,\"name\":\"Praktikum\",\"item\":\"https:\/\/fge.swebwp.oci.eu\/de\/startseite\/jugendliche\/praktikum\/\"},{\"@type\":\"ListItem\",\"position\":4,\"name\":\"Praktikum in Frankreich : Ihre Rechte und Pflichten\",\"item\":\"https:\/\/fge.swebwp.oci.eu\/de\/startseite\/jugendliche\/praktikum\/praktikum-in-frankreich-ihre-rechte-und-pflichten\/\"},{\"@type\":\"ListItem\",\"position\":5,\"name\":\"Als \u201cAusl\u00e4nder\u201d ein Praktikum in Frankreich machen\"}]},{\"@type\":\"WebSite\",\"@id\":\"https:\/\/fge.swebwp.oci.eu\/de\/#website\",\"url\":\"https:\/\/fge.swebwp.oci.eu\/de\/\",\"name\":\"Frontaliers Grand Est\",\"description\":\"Le site ressource du travail frontalier\",\"potentialAction\":[{\"@type\":\"SearchAction\",\"target\":{\"@type\":\"EntryPoint\",\"urlTemplate\":\"https:\/\/fge.swebwp.oci.eu\/de\/?s={search_term_string}\"},\"query-input\":{\"@type\":\"PropertyValueSpecification\",\"valueRequired\":true,\"valueName\":\"search_term_string\"}}],\"inLanguage\":\"de\"}]}<\/script>\n<!-- \/ Yoast SEO plugin. -->","yoast_head_json":{"title":"Als \u201cAusl\u00e4nder\u201d ein Praktikum in Frankreich machen - Frontaliers Grand Est","robots":{"index":"noindex","follow":"follow","max-snippet":"max-snippet:-1","max-image-preview":"max-image-preview:large","max-video-preview":"max-video-preview:-1"},"og_locale":"de_DE","og_type":"article","og_title":"Als \u201cAusl\u00e4nder\u201d ein Praktikum in Frankreich machen - Frontaliers Grand Est","og_description":"f\u00fcr studierende aus der Europ\u00e4ischen Union Unionsb\u00fcrger k\u00f6nnen nach Frankreich einreisen und sich bis zu 3 Monate im Land aufhalten, wenn sie einen g\u00fcltigen Reisepass oder Personalausweis besitzen. L\u00e4nger als 3 Monate k\u00f6nnen sich EU-B\u00fcrger in Frankreich aufhalten, wenn sie:&#8211; eine Krankenversicherung (inkl. Mutterschaftsversicherung) haben, die s\u00e4mtliche Risiken abdeckt,&#8211; \u00fcber ausreichende finanzielle Mittel verf\u00fcgen, um [&hellip;]","og_url":"https:\/\/fge.swebwp.oci.eu\/de\/startseite\/jugendliche\/praktikum\/praktikum-in-frankreich-ihre-rechte-und-pflichten\/als-auslander-ein-praktikum-in-frankreich-machen\/","og_site_name":"Frontaliers Grand Est","article_modified_time":"2023-04-25T12:20:43+00:00","twitter_card":"summary_large_image","twitter_misc":{"Gesch\u00e4tzte Lesezeit":"3\u00a0Minuten"},"schema":{"@context":"https:\/\/schema.org","@graph":[{"@type":"WebPage","@id":"https:\/\/fge.swebwp.oci.eu\/de\/startseite\/jugendliche\/praktikum\/praktikum-in-frankreich-ihre-rechte-und-pflichten\/als-auslander-ein-praktikum-in-frankreich-machen\/","url":"https:\/\/fge.swebwp.oci.eu\/de\/startseite\/jugendliche\/praktikum\/praktikum-in-frankreich-ihre-rechte-und-pflichten\/als-auslander-ein-praktikum-in-frankreich-machen\/","name":"Als \u201cAusl\u00e4nder\u201d ein Praktikum in Frankreich machen - Frontaliers Grand Est","isPartOf":{"@id":"https:\/\/fge.swebwp.oci.eu\/de\/#website"},"datePublished":"2021-05-19T14:03:49+00:00","dateModified":"2023-04-25T12:20:43+00:00","breadcrumb":{"@id":"https:\/\/fge.swebwp.oci.eu\/de\/startseite\/jugendliche\/praktikum\/praktikum-in-frankreich-ihre-rechte-und-pflichten\/als-auslander-ein-praktikum-in-frankreich-machen\/#breadcrumb"},"inLanguage":"de","potentialAction":[{"@type":"ReadAction","target":["https:\/\/fge.swebwp.oci.eu\/de\/startseite\/jugendliche\/praktikum\/praktikum-in-frankreich-ihre-rechte-und-pflichten\/als-auslander-ein-praktikum-in-frankreich-machen\/"]}]},{"@type":"BreadcrumbList","@id":"https:\/\/fge.swebwp.oci.eu\/de\/startseite\/jugendliche\/praktikum\/praktikum-in-frankreich-ihre-rechte-und-pflichten\/als-auslander-ein-praktikum-in-frankreich-machen\/#breadcrumb","itemListElement":[{"@type":"ListItem","position":1,"name":"Startseite","item":"https:\/\/fge.swebwp.oci.eu\/de\/"},{"@type":"ListItem","position":2,"name":"Jugendliche","item":"https:\/\/fge.swebwp.oci.eu\/de\/startseite\/jugendliche\/"},{"@type":"ListItem","position":3,"name":"Praktikum","item":"https:\/\/fge.swebwp.oci.eu\/de\/startseite\/jugendliche\/praktikum\/"},{"@type":"ListItem","position":4,"name":"Praktikum in Frankreich : Ihre Rechte und Pflichten","item":"https:\/\/fge.swebwp.oci.eu\/de\/startseite\/jugendliche\/praktikum\/praktikum-in-frankreich-ihre-rechte-und-pflichten\/"},{"@type":"ListItem","position":5,"name":"Als \u201cAusl\u00e4nder\u201d ein Praktikum in Frankreich machen"}]},{"@type":"WebSite","@id":"https:\/\/fge.swebwp.oci.eu\/de\/#website","url":"https:\/\/fge.swebwp.oci.eu\/de\/","name":"Frontaliers Grand Est","description":"Le site ressource du travail frontalier","potentialAction":[{"@type":"SearchAction","target":{"@type":"EntryPoint","urlTemplate":"https:\/\/fge.swebwp.oci.eu\/de\/?s={search_term_string}"},"query-input":{"@type":"PropertyValueSpecification","valueRequired":true,"valueName":"search_term_string"}}],"inLanguage":"de"}]}},"_links":{"self":[{"href":"https:\/\/fge.swebwp.oci.eu\/de\/wp-json\/wp\/v2\/pages\/7739","targetHints":{"allow":["GET"]}}],"collection":[{"href":"https:\/\/fge.swebwp.oci.eu\/de\/wp-json\/wp\/v2\/pages"}],"about":[{"href":"https:\/\/fge.swebwp.oci.eu\/de\/wp-json\/wp\/v2\/types\/page"}],"author":[{"embeddable":true,"href":"https:\/\/fge.swebwp.oci.eu\/de\/wp-json\/wp\/v2\/users\/7"}],"replies":[{"embeddable":true,"href":"https:\/\/fge.swebwp.oci.eu\/de\/wp-json\/wp\/v2\/comments?post=7739"}],"version-history":[{"count":6,"href":"https:\/\/fge.swebwp.oci.eu\/de\/wp-json\/wp\/v2\/pages\/7739\/revisions"}],"predecessor-version":[{"id":24515,"href":"https:\/\/fge.swebwp.oci.eu\/de\/wp-json\/wp\/v2\/pages\/7739\/revisions\/24515"}],"up":[{"embeddable":true,"href":"https:\/\/fge.swebwp.oci.eu\/de\/wp-json\/wp\/v2\/pages\/7654"}],"wp:attachment":[{"href":"https:\/\/fge.swebwp.oci.eu\/de\/wp-json\/wp\/v2\/media?parent=7739"}],"wp:term":[{"taxonomy":"frge_profile","embeddable":true,"href":"https:\/\/fge.swebwp.oci.eu\/de\/wp-json\/wp\/v2\/frge_profile?post=7739"}],"curies":[{"name":"wp","href":"https:\/\/api.w.org\/{rel}","templated":true}]}}