{"id":7737,"date":"2021-05-19T15:58:22","date_gmt":"2021-05-19T13:58:22","guid":{"rendered":"https:\/\/fge.swebwp.oci.eu\/?page_id=7737"},"modified":"2023-04-25T12:38:48","modified_gmt":"2023-04-25T10:38:48","slug":"vorbereitende-schritte","status":"publish","type":"page","link":"https:\/\/fge.swebwp.oci.eu\/de\/startseite\/jugendliche\/praktikum\/praktikum-in-frankreich-ihre-rechte-und-pflichten\/vorbereitende-schritte\/","title":{"rendered":"Vorbereitende Schritte"},"content":{"rendered":"\n<p><strong>Die Praktikumsvereinbarung<\/strong><br>F\u00fcr Berufspraktika, die Teil eines schulischen Lehrplans oder einer Studienordnung sind, wird eine Drei-Parteien-Vereinbarung zwischen dem Praktikanten, der aufnehmenden Einrichtung (Unternehmen, Beh\u00f6rde etc.) und der Bildungseinrichtung abgeschlossen.<br><br>Die Praktikumsvereinbarung muss zwingend bestimmte Angaben enthalten, darunter vor allem:<br>&#8211; die T\u00e4tigkeiten, die dem Praktikanten \u00fcbertragen werden,<br>&#8211; die Daten, an denen das Praktikum beginnt bzw. endet,<br>&#8211; die Anwesenheitszeiten,<br>&#8211; die Bedingungen f\u00fcr die Genehmigung von Fehlzeiten,<br>&#8211; die H\u00f6he der Verg\u00fctung,<br>&#8211; die Modalit\u00e4ten f\u00fcr die K\u00fcndigung der Praktikumsvereinbarung,<br>&#8211; der Sozialversicherungsschutz des Praktikanten, insbesondere bei Arbeitsunf\u00e4llen.<br><br><\/p>\n","protected":false},"excerpt":{"rendered":"<p>Die PraktikumsvereinbarungF\u00fcr Berufspraktika, die Teil eines schulischen Lehrplans oder einer Studienordnung sind, wird eine Drei-Parteien-Vereinbarung zwischen dem Praktikanten, der aufnehmenden Einrichtung (Unternehmen, Beh\u00f6rde etc.) und der Bildungseinrichtung abgeschlossen. Die Praktikumsvereinbarung muss zwingend bestimmte Angaben enthalten, darunter vor allem:&#8211; die T\u00e4tigkeiten, die dem Praktikanten \u00fcbertragen werden,&#8211; die Daten, an denen das Praktikum beginnt bzw. endet,&#8211; die [&hellip;]<\/p>\n","protected":false},"author":7,"featured_media":0,"parent":7654,"menu_order":1,"comment_status":"closed","ping_status":"closed","template":"","meta":{"inline_featured_image":false,"footnotes":""},"frge_profile":[],"class_list":["post-7737","page","type-page","status-publish","hentry"],"yoast_head":"<!-- This site is optimized with the Yoast SEO plugin v25.0 - https:\/\/yoast.com\/wordpress\/plugins\/seo\/ -->\n<title>Vorbereitende Schritte - Frontaliers Grand Est<\/title>\n<meta name=\"robots\" content=\"noindex, follow, max-snippet:-1, max-image-preview:large, max-video-preview:-1\" \/>\n<meta property=\"og:locale\" content=\"de_DE\" \/>\n<meta property=\"og:type\" content=\"article\" \/>\n<meta property=\"og:title\" content=\"Vorbereitende Schritte - Frontaliers Grand Est\" \/>\n<meta property=\"og:description\" content=\"Die PraktikumsvereinbarungF\u00fcr Berufspraktika, die Teil eines schulischen Lehrplans oder einer Studienordnung sind, wird eine Drei-Parteien-Vereinbarung zwischen dem Praktikanten, der aufnehmenden Einrichtung (Unternehmen, Beh\u00f6rde etc.) und der Bildungseinrichtung abgeschlossen. Die Praktikumsvereinbarung muss zwingend bestimmte Angaben enthalten, darunter vor allem:&#8211; die T\u00e4tigkeiten, die dem Praktikanten \u00fcbertragen werden,&#8211; die Daten, an denen das Praktikum beginnt bzw. endet,&#8211; die [&hellip;]\" \/>\n<meta property=\"og:url\" content=\"https:\/\/fge.swebwp.oci.eu\/de\/startseite\/jugendliche\/praktikum\/praktikum-in-frankreich-ihre-rechte-und-pflichten\/vorbereitende-schritte\/\" \/>\n<meta property=\"og:site_name\" content=\"Frontaliers Grand Est\" \/>\n<meta property=\"article:modified_time\" content=\"2023-04-25T10:38:48+00:00\" \/>\n<meta name=\"twitter:card\" content=\"summary_large_image\" \/>\n<meta name=\"twitter:label1\" content=\"Gesch\u00e4tzte Lesezeit\" \/>\n\t<meta name=\"twitter:data1\" content=\"1\u00a0Minute\" \/>\n<script type=\"application\/ld+json\" class=\"yoast-schema-graph\">{\"@context\":\"https:\/\/schema.org\",\"@graph\":[{\"@type\":\"WebPage\",\"@id\":\"https:\/\/fge.swebwp.oci.eu\/de\/startseite\/jugendliche\/praktikum\/praktikum-in-frankreich-ihre-rechte-und-pflichten\/vorbereitende-schritte\/\",\"url\":\"https:\/\/fge.swebwp.oci.eu\/de\/startseite\/jugendliche\/praktikum\/praktikum-in-frankreich-ihre-rechte-und-pflichten\/vorbereitende-schritte\/\",\"name\":\"Vorbereitende Schritte - Frontaliers Grand Est\",\"isPartOf\":{\"@id\":\"https:\/\/fge.swebwp.oci.eu\/de\/#website\"},\"datePublished\":\"2021-05-19T13:58:22+00:00\",\"dateModified\":\"2023-04-25T10:38:48+00:00\",\"breadcrumb\":{\"@id\":\"https:\/\/fge.swebwp.oci.eu\/de\/startseite\/jugendliche\/praktikum\/praktikum-in-frankreich-ihre-rechte-und-pflichten\/vorbereitende-schritte\/#breadcrumb\"},\"inLanguage\":\"de\",\"potentialAction\":[{\"@type\":\"ReadAction\",\"target\":[\"https:\/\/fge.swebwp.oci.eu\/de\/startseite\/jugendliche\/praktikum\/praktikum-in-frankreich-ihre-rechte-und-pflichten\/vorbereitende-schritte\/\"]}]},{\"@type\":\"BreadcrumbList\",\"@id\":\"https:\/\/fge.swebwp.oci.eu\/de\/startseite\/jugendliche\/praktikum\/praktikum-in-frankreich-ihre-rechte-und-pflichten\/vorbereitende-schritte\/#breadcrumb\",\"itemListElement\":[{\"@type\":\"ListItem\",\"position\":1,\"name\":\"Startseite\",\"item\":\"https:\/\/fge.swebwp.oci.eu\/de\/\"},{\"@type\":\"ListItem\",\"position\":2,\"name\":\"Jugendliche\",\"item\":\"https:\/\/fge.swebwp.oci.eu\/de\/startseite\/jugendliche\/\"},{\"@type\":\"ListItem\",\"position\":3,\"name\":\"Praktikum\",\"item\":\"https:\/\/fge.swebwp.oci.eu\/de\/startseite\/jugendliche\/praktikum\/\"},{\"@type\":\"ListItem\",\"position\":4,\"name\":\"Praktikum in Frankreich : Ihre Rechte und Pflichten\",\"item\":\"https:\/\/fge.swebwp.oci.eu\/de\/startseite\/jugendliche\/praktikum\/praktikum-in-frankreich-ihre-rechte-und-pflichten\/\"},{\"@type\":\"ListItem\",\"position\":5,\"name\":\"Vorbereitende Schritte\"}]},{\"@type\":\"WebSite\",\"@id\":\"https:\/\/fge.swebwp.oci.eu\/de\/#website\",\"url\":\"https:\/\/fge.swebwp.oci.eu\/de\/\",\"name\":\"Frontaliers Grand Est\",\"description\":\"Le site ressource du travail frontalier\",\"potentialAction\":[{\"@type\":\"SearchAction\",\"target\":{\"@type\":\"EntryPoint\",\"urlTemplate\":\"https:\/\/fge.swebwp.oci.eu\/de\/?s={search_term_string}\"},\"query-input\":{\"@type\":\"PropertyValueSpecification\",\"valueRequired\":true,\"valueName\":\"search_term_string\"}}],\"inLanguage\":\"de\"}]}<\/script>\n<!-- \/ Yoast SEO plugin. -->","yoast_head_json":{"title":"Vorbereitende Schritte - Frontaliers Grand Est","robots":{"index":"noindex","follow":"follow","max-snippet":"max-snippet:-1","max-image-preview":"max-image-preview:large","max-video-preview":"max-video-preview:-1"},"og_locale":"de_DE","og_type":"article","og_title":"Vorbereitende Schritte - Frontaliers Grand Est","og_description":"Die PraktikumsvereinbarungF\u00fcr Berufspraktika, die Teil eines schulischen Lehrplans oder einer Studienordnung sind, wird eine Drei-Parteien-Vereinbarung zwischen dem Praktikanten, der aufnehmenden Einrichtung (Unternehmen, Beh\u00f6rde etc.) und der Bildungseinrichtung abgeschlossen. Die Praktikumsvereinbarung muss zwingend bestimmte Angaben enthalten, darunter vor allem:&#8211; die T\u00e4tigkeiten, die dem Praktikanten \u00fcbertragen werden,&#8211; die Daten, an denen das Praktikum beginnt bzw. endet,&#8211; die [&hellip;]","og_url":"https:\/\/fge.swebwp.oci.eu\/de\/startseite\/jugendliche\/praktikum\/praktikum-in-frankreich-ihre-rechte-und-pflichten\/vorbereitende-schritte\/","og_site_name":"Frontaliers Grand Est","article_modified_time":"2023-04-25T10:38:48+00:00","twitter_card":"summary_large_image","twitter_misc":{"Gesch\u00e4tzte Lesezeit":"1\u00a0Minute"},"schema":{"@context":"https:\/\/schema.org","@graph":[{"@type":"WebPage","@id":"https:\/\/fge.swebwp.oci.eu\/de\/startseite\/jugendliche\/praktikum\/praktikum-in-frankreich-ihre-rechte-und-pflichten\/vorbereitende-schritte\/","url":"https:\/\/fge.swebwp.oci.eu\/de\/startseite\/jugendliche\/praktikum\/praktikum-in-frankreich-ihre-rechte-und-pflichten\/vorbereitende-schritte\/","name":"Vorbereitende Schritte - Frontaliers Grand Est","isPartOf":{"@id":"https:\/\/fge.swebwp.oci.eu\/de\/#website"},"datePublished":"2021-05-19T13:58:22+00:00","dateModified":"2023-04-25T10:38:48+00:00","breadcrumb":{"@id":"https:\/\/fge.swebwp.oci.eu\/de\/startseite\/jugendliche\/praktikum\/praktikum-in-frankreich-ihre-rechte-und-pflichten\/vorbereitende-schritte\/#breadcrumb"},"inLanguage":"de","potentialAction":[{"@type":"ReadAction","target":["https:\/\/fge.swebwp.oci.eu\/de\/startseite\/jugendliche\/praktikum\/praktikum-in-frankreich-ihre-rechte-und-pflichten\/vorbereitende-schritte\/"]}]},{"@type":"BreadcrumbList","@id":"https:\/\/fge.swebwp.oci.eu\/de\/startseite\/jugendliche\/praktikum\/praktikum-in-frankreich-ihre-rechte-und-pflichten\/vorbereitende-schritte\/#breadcrumb","itemListElement":[{"@type":"ListItem","position":1,"name":"Startseite","item":"https:\/\/fge.swebwp.oci.eu\/de\/"},{"@type":"ListItem","position":2,"name":"Jugendliche","item":"https:\/\/fge.swebwp.oci.eu\/de\/startseite\/jugendliche\/"},{"@type":"ListItem","position":3,"name":"Praktikum","item":"https:\/\/fge.swebwp.oci.eu\/de\/startseite\/jugendliche\/praktikum\/"},{"@type":"ListItem","position":4,"name":"Praktikum in Frankreich : Ihre Rechte und Pflichten","item":"https:\/\/fge.swebwp.oci.eu\/de\/startseite\/jugendliche\/praktikum\/praktikum-in-frankreich-ihre-rechte-und-pflichten\/"},{"@type":"ListItem","position":5,"name":"Vorbereitende Schritte"}]},{"@type":"WebSite","@id":"https:\/\/fge.swebwp.oci.eu\/de\/#website","url":"https:\/\/fge.swebwp.oci.eu\/de\/","name":"Frontaliers Grand Est","description":"Le site ressource du travail frontalier","potentialAction":[{"@type":"SearchAction","target":{"@type":"EntryPoint","urlTemplate":"https:\/\/fge.swebwp.oci.eu\/de\/?s={search_term_string}"},"query-input":{"@type":"PropertyValueSpecification","valueRequired":true,"valueName":"search_term_string"}}],"inLanguage":"de"}]}},"_links":{"self":[{"href":"https:\/\/fge.swebwp.oci.eu\/de\/wp-json\/wp\/v2\/pages\/7737","targetHints":{"allow":["GET"]}}],"collection":[{"href":"https:\/\/fge.swebwp.oci.eu\/de\/wp-json\/wp\/v2\/pages"}],"about":[{"href":"https:\/\/fge.swebwp.oci.eu\/de\/wp-json\/wp\/v2\/types\/page"}],"author":[{"embeddable":true,"href":"https:\/\/fge.swebwp.oci.eu\/de\/wp-json\/wp\/v2\/users\/7"}],"replies":[{"embeddable":true,"href":"https:\/\/fge.swebwp.oci.eu\/de\/wp-json\/wp\/v2\/comments?post=7737"}],"version-history":[{"count":3,"href":"https:\/\/fge.swebwp.oci.eu\/de\/wp-json\/wp\/v2\/pages\/7737\/revisions"}],"predecessor-version":[{"id":24507,"href":"https:\/\/fge.swebwp.oci.eu\/de\/wp-json\/wp\/v2\/pages\/7737\/revisions\/24507"}],"up":[{"embeddable":true,"href":"https:\/\/fge.swebwp.oci.eu\/de\/wp-json\/wp\/v2\/pages\/7654"}],"wp:attachment":[{"href":"https:\/\/fge.swebwp.oci.eu\/de\/wp-json\/wp\/v2\/media?parent=7737"}],"wp:term":[{"taxonomy":"frge_profile","embeddable":true,"href":"https:\/\/fge.swebwp.oci.eu\/de\/wp-json\/wp\/v2\/frge_profile?post=7737"}],"curies":[{"name":"wp","href":"https:\/\/api.w.org\/{rel}","templated":true}]}}