{"id":7724,"date":"2021-05-19T15:47:19","date_gmt":"2021-05-19T13:47:19","guid":{"rendered":"https:\/\/fge.swebwp.oci.eu\/?page_id=7724"},"modified":"2023-04-25T12:27:56","modified_gmt":"2023-04-25T10:27:56","slug":"sozialversicherung","status":"publish","type":"page","link":"https:\/\/fge.swebwp.oci.eu\/de\/startseite\/jugendliche\/praktikum\/praktikum-in-belgien-ihre-rechte-und-pflichten\/sozialversicherung\/","title":{"rendered":"Sozialversicherung"},"content":{"rendered":"\n<h4 class=\"wp-block-heading\">In Frankreich ans\u00e4ssige Studenten, die in einer franz\u00f6sischen Bildungseinrichtung eingeschrieben sind<\/h4>\n\n\n\n<p><strong>Krankenversicherung<\/strong><br><strong>Studierende<\/strong>, die in Frankreich in der allgemeinen gesetzlichen <strong>Sozialversicherung<\/strong> pflichtversichert sind, behalten w\u00e4hrend des Praktikums im Ausland \u00fcber die <strong>Europ\u00e4ische Krankenversicherungskarte (EHIC = European Health Insurance Card)<\/strong> ihre studentische Krankenversicherung. Die Europ\u00e4ische Krankenversicherungskarte muss auf der Website https:\/\/www.ameli.fr (im pers\u00f6nlichen Bereich) beantragt werden. <strong>Die Praktikanten m\u00fcssen also nicht in Belgien sozialversichert sein.<br><\/strong><br>Mit der Europ\u00e4ischen Krankenversicherungskarte haben sie w\u00e4hrend ihres Aufenthalts in Belgien Zugang zur notwendigen medizinischen Versorgung. Vor Ort werden die Kosten f\u00fcr alle medizinischen Leistungen \u00fcbernommen, die von Dienstleistern im \u00f6ffentlichen Gesundheitssystem erbracht werden. Die EHIC gilt f\u00fcr ein Jahr.<br><br>Der Arbeitgeber ist nicht verpflichtet, das Landesamt f\u00fcr Soziale Sicherheit (LSS) mittels einer unmittelbaren Besch\u00e4ftigungsmeldung (DIMONA) zu informieren. Der belgische Praktikumsbetrieb muss keine Beitr\u00e4ge an die Krankenversicherung abf\u00fchren.&nbsp;<br><br><strong>Arbeitsunfallversicherung<\/strong><br><br>Der Versicherungsschutz f\u00fcr das Risiko \u201eArbeitsunfall\u201c wird w\u00e4hrend des Praktikums je nach H\u00f6he der Verg\u00fctung unterschiedlich gew\u00e4hrleistet:<br><br>\u2022 <strong>Bei einer Verg\u00fctung, die h\u00f6chstens 15 % der Beitragsbemessungsgrenze f\u00fcr die Sozialversicherung betr\u00e4gt (d. h. 4,05 \u20ac pro geleistete Arbeitsstunde, Stand: 1. Januar 2023)<br><\/strong>Der Versicherungsschutz der franz\u00f6sischen Sozialversicherung bei Arbeitsunf\u00e4llen kann f\u00fcr die Dauer des Praktikums aufrechterhalten werden. <strong>Die Beitr\u00e4ge werden bei der franz\u00f6sischen Bildungseinrichtung erhoben. <\/strong><br><\/p>\n\n\n\n<p>\u2022 <strong>Bei einer Verg\u00fctung, die \u00fcber 15 % der Beitragsbemessungsgrenze f\u00fcr die Sozialversicherung liegt (d. h. 4,05 \u20ac pro geleistete Arbeitsstunde, Stand: 1. Januar 2023)<br><\/strong>Die Praktikanten haben keinen Anspruch auf einen Versicherungsschutz durch den f\u00fcr Arbeitsunf\u00e4lle zust\u00e4ndigen Zweig des franz\u00f6sischen Sozialversicherungssystems (sie unterliegen dem belgischen System). Die franz\u00f6sische Bildungseinrichtung hat die Aufgabe zu \u00fcberpr\u00fcfen, ob es in dem Land, in dem das Praktikum absolviert wird, ein angemessenes Sozialversicherungssystem gibt, insbesondere zum Schutz gegen das Risiko von Arbeitsunf\u00e4llen. <strong>Der Praktikumsbetrieb<\/strong> muss die Studierenden w\u00e4hrend ihres Praktikums durch eine Arbeitsunfallversicherung absichern, und die erforderlichen Beitr\u00e4ge entrichten.<\/p>\n\n\n\n<p><\/p>\n\n\n\n<h4 class=\"wp-block-heading\">f\u00fcr drittstaatsangeh\u00f6rige<\/h4>\n\n\n\n<p>Praktikanten aus einem Land au\u00dferhalb der Europ\u00e4ischen Union m\u00fcssen zwingend krankenversichert sein. Sie m\u00fcssen sich bei ihrem Versicherungstr\u00e4ger im Herkunftsland erkundigen, ob er im Rahmen internationaler Abkommen seine Leistungen auch im Ausland erbringt. Ist dies nicht der Fall, sollte f\u00fcr den Aufenthalt in Belgien eine Krankenversicherung abgeschlossen werden.<br><\/p>\n\n\n\n<p><\/p>\n\n\n\n<h5 class=\"wp-block-heading\">Daran sollten Sie denken&nbsp;!<\/h5>\n\n\n\n<ul class=\"wp-block-list\">\n<li>Eine Unterkunft suchen (Miete eines Zimmers oder einer Wohnung, Unterbringung bei einer Gastfamilie, Jugendherberge, Wohngemeinschaft\u2026),<\/li>\n\n\n\n<li>\u00dcberpr\u00fcfen, ob Ihre Versicherungen alle m\u00f6glichen Risiken w\u00e4hrend Ihres Auslandsaufenthalts abdecken,<\/li>\n\n\n\n<li>Gemeinsam mit Ihrer Bank die M\u00f6glichkeit der Bargeldabhebung sicherstellen und die anwendbaren Zahlungsmittel kl\u00e4ren,<\/li>\n<\/ul>\n","protected":false},"excerpt":{"rendered":"<p>In Frankreich ans\u00e4ssige Studenten, die in einer franz\u00f6sischen Bildungseinrichtung eingeschrieben sind KrankenversicherungStudierende, die in Frankreich in der allgemeinen gesetzlichen Sozialversicherung pflichtversichert sind, behalten w\u00e4hrend des Praktikums im Ausland \u00fcber die Europ\u00e4ische Krankenversicherungskarte (EHIC = European Health Insurance Card) ihre studentische Krankenversicherung. Die Europ\u00e4ische Krankenversicherungskarte muss auf der Website https:\/\/www.ameli.fr (im pers\u00f6nlichen Bereich) beantragt werden. Die [&hellip;]<\/p>\n","protected":false},"author":7,"featured_media":0,"parent":7652,"menu_order":6,"comment_status":"closed","ping_status":"closed","template":"","meta":{"inline_featured_image":false,"footnotes":""},"frge_profile":[],"class_list":["post-7724","page","type-page","status-publish","hentry"],"yoast_head":"<!-- This site is optimized with the Yoast SEO plugin v25.0 - https:\/\/yoast.com\/wordpress\/plugins\/seo\/ -->\n<title>Sozialversicherung - Frontaliers Grand Est<\/title>\n<meta name=\"robots\" content=\"noindex, follow, max-snippet:-1, max-image-preview:large, max-video-preview:-1\" \/>\n<meta property=\"og:locale\" content=\"de_DE\" \/>\n<meta property=\"og:type\" content=\"article\" \/>\n<meta property=\"og:title\" content=\"Sozialversicherung - Frontaliers Grand Est\" \/>\n<meta property=\"og:description\" content=\"In Frankreich ans\u00e4ssige Studenten, die in einer franz\u00f6sischen Bildungseinrichtung eingeschrieben sind KrankenversicherungStudierende, die in Frankreich in der allgemeinen gesetzlichen Sozialversicherung pflichtversichert sind, behalten w\u00e4hrend des Praktikums im Ausland \u00fcber die Europ\u00e4ische Krankenversicherungskarte (EHIC = European Health Insurance Card) ihre studentische Krankenversicherung. Die Europ\u00e4ische Krankenversicherungskarte muss auf der Website https:\/\/www.ameli.fr (im pers\u00f6nlichen Bereich) beantragt werden. Die [&hellip;]\" \/>\n<meta property=\"og:url\" content=\"https:\/\/fge.swebwp.oci.eu\/de\/startseite\/jugendliche\/praktikum\/praktikum-in-belgien-ihre-rechte-und-pflichten\/sozialversicherung\/\" \/>\n<meta property=\"og:site_name\" content=\"Frontaliers Grand Est\" \/>\n<meta property=\"article:modified_time\" content=\"2023-04-25T10:27:56+00:00\" \/>\n<meta name=\"twitter:card\" content=\"summary_large_image\" \/>\n<meta name=\"twitter:label1\" content=\"Gesch\u00e4tzte Lesezeit\" \/>\n\t<meta name=\"twitter:data1\" content=\"2\u00a0Minuten\" \/>\n<script type=\"application\/ld+json\" class=\"yoast-schema-graph\">{\"@context\":\"https:\/\/schema.org\",\"@graph\":[{\"@type\":\"WebPage\",\"@id\":\"https:\/\/fge.swebwp.oci.eu\/de\/startseite\/jugendliche\/praktikum\/praktikum-in-belgien-ihre-rechte-und-pflichten\/sozialversicherung\/\",\"url\":\"https:\/\/fge.swebwp.oci.eu\/de\/startseite\/jugendliche\/praktikum\/praktikum-in-belgien-ihre-rechte-und-pflichten\/sozialversicherung\/\",\"name\":\"Sozialversicherung - Frontaliers Grand Est\",\"isPartOf\":{\"@id\":\"https:\/\/fge.swebwp.oci.eu\/de\/#website\"},\"datePublished\":\"2021-05-19T13:47:19+00:00\",\"dateModified\":\"2023-04-25T10:27:56+00:00\",\"breadcrumb\":{\"@id\":\"https:\/\/fge.swebwp.oci.eu\/de\/startseite\/jugendliche\/praktikum\/praktikum-in-belgien-ihre-rechte-und-pflichten\/sozialversicherung\/#breadcrumb\"},\"inLanguage\":\"de\",\"potentialAction\":[{\"@type\":\"ReadAction\",\"target\":[\"https:\/\/fge.swebwp.oci.eu\/de\/startseite\/jugendliche\/praktikum\/praktikum-in-belgien-ihre-rechte-und-pflichten\/sozialversicherung\/\"]}]},{\"@type\":\"BreadcrumbList\",\"@id\":\"https:\/\/fge.swebwp.oci.eu\/de\/startseite\/jugendliche\/praktikum\/praktikum-in-belgien-ihre-rechte-und-pflichten\/sozialversicherung\/#breadcrumb\",\"itemListElement\":[{\"@type\":\"ListItem\",\"position\":1,\"name\":\"Startseite\",\"item\":\"https:\/\/fge.swebwp.oci.eu\/de\/\"},{\"@type\":\"ListItem\",\"position\":2,\"name\":\"Jugendliche\",\"item\":\"https:\/\/fge.swebwp.oci.eu\/de\/startseite\/jugendliche\/\"},{\"@type\":\"ListItem\",\"position\":3,\"name\":\"Praktikum\",\"item\":\"https:\/\/fge.swebwp.oci.eu\/de\/startseite\/jugendliche\/praktikum\/\"},{\"@type\":\"ListItem\",\"position\":4,\"name\":\"Praktikum in Belgien : Ihre Rechte und Pflichten\",\"item\":\"https:\/\/fge.swebwp.oci.eu\/de\/startseite\/jugendliche\/praktikum\/praktikum-in-belgien-ihre-rechte-und-pflichten\/\"},{\"@type\":\"ListItem\",\"position\":5,\"name\":\"Sozialversicherung\"}]},{\"@type\":\"WebSite\",\"@id\":\"https:\/\/fge.swebwp.oci.eu\/de\/#website\",\"url\":\"https:\/\/fge.swebwp.oci.eu\/de\/\",\"name\":\"Frontaliers Grand Est\",\"description\":\"Le site ressource du travail frontalier\",\"potentialAction\":[{\"@type\":\"SearchAction\",\"target\":{\"@type\":\"EntryPoint\",\"urlTemplate\":\"https:\/\/fge.swebwp.oci.eu\/de\/?s={search_term_string}\"},\"query-input\":{\"@type\":\"PropertyValueSpecification\",\"valueRequired\":true,\"valueName\":\"search_term_string\"}}],\"inLanguage\":\"de\"}]}<\/script>\n<!-- \/ Yoast SEO plugin. -->","yoast_head_json":{"title":"Sozialversicherung - Frontaliers Grand Est","robots":{"index":"noindex","follow":"follow","max-snippet":"max-snippet:-1","max-image-preview":"max-image-preview:large","max-video-preview":"max-video-preview:-1"},"og_locale":"de_DE","og_type":"article","og_title":"Sozialversicherung - Frontaliers Grand Est","og_description":"In Frankreich ans\u00e4ssige Studenten, die in einer franz\u00f6sischen Bildungseinrichtung eingeschrieben sind KrankenversicherungStudierende, die in Frankreich in der allgemeinen gesetzlichen Sozialversicherung pflichtversichert sind, behalten w\u00e4hrend des Praktikums im Ausland \u00fcber die Europ\u00e4ische Krankenversicherungskarte (EHIC = European Health Insurance Card) ihre studentische Krankenversicherung. Die Europ\u00e4ische Krankenversicherungskarte muss auf der Website https:\/\/www.ameli.fr (im pers\u00f6nlichen Bereich) beantragt werden. Die [&hellip;]","og_url":"https:\/\/fge.swebwp.oci.eu\/de\/startseite\/jugendliche\/praktikum\/praktikum-in-belgien-ihre-rechte-und-pflichten\/sozialversicherung\/","og_site_name":"Frontaliers Grand Est","article_modified_time":"2023-04-25T10:27:56+00:00","twitter_card":"summary_large_image","twitter_misc":{"Gesch\u00e4tzte Lesezeit":"2\u00a0Minuten"},"schema":{"@context":"https:\/\/schema.org","@graph":[{"@type":"WebPage","@id":"https:\/\/fge.swebwp.oci.eu\/de\/startseite\/jugendliche\/praktikum\/praktikum-in-belgien-ihre-rechte-und-pflichten\/sozialversicherung\/","url":"https:\/\/fge.swebwp.oci.eu\/de\/startseite\/jugendliche\/praktikum\/praktikum-in-belgien-ihre-rechte-und-pflichten\/sozialversicherung\/","name":"Sozialversicherung - Frontaliers Grand Est","isPartOf":{"@id":"https:\/\/fge.swebwp.oci.eu\/de\/#website"},"datePublished":"2021-05-19T13:47:19+00:00","dateModified":"2023-04-25T10:27:56+00:00","breadcrumb":{"@id":"https:\/\/fge.swebwp.oci.eu\/de\/startseite\/jugendliche\/praktikum\/praktikum-in-belgien-ihre-rechte-und-pflichten\/sozialversicherung\/#breadcrumb"},"inLanguage":"de","potentialAction":[{"@type":"ReadAction","target":["https:\/\/fge.swebwp.oci.eu\/de\/startseite\/jugendliche\/praktikum\/praktikum-in-belgien-ihre-rechte-und-pflichten\/sozialversicherung\/"]}]},{"@type":"BreadcrumbList","@id":"https:\/\/fge.swebwp.oci.eu\/de\/startseite\/jugendliche\/praktikum\/praktikum-in-belgien-ihre-rechte-und-pflichten\/sozialversicherung\/#breadcrumb","itemListElement":[{"@type":"ListItem","position":1,"name":"Startseite","item":"https:\/\/fge.swebwp.oci.eu\/de\/"},{"@type":"ListItem","position":2,"name":"Jugendliche","item":"https:\/\/fge.swebwp.oci.eu\/de\/startseite\/jugendliche\/"},{"@type":"ListItem","position":3,"name":"Praktikum","item":"https:\/\/fge.swebwp.oci.eu\/de\/startseite\/jugendliche\/praktikum\/"},{"@type":"ListItem","position":4,"name":"Praktikum in Belgien : Ihre Rechte und Pflichten","item":"https:\/\/fge.swebwp.oci.eu\/de\/startseite\/jugendliche\/praktikum\/praktikum-in-belgien-ihre-rechte-und-pflichten\/"},{"@type":"ListItem","position":5,"name":"Sozialversicherung"}]},{"@type":"WebSite","@id":"https:\/\/fge.swebwp.oci.eu\/de\/#website","url":"https:\/\/fge.swebwp.oci.eu\/de\/","name":"Frontaliers Grand Est","description":"Le site ressource du travail frontalier","potentialAction":[{"@type":"SearchAction","target":{"@type":"EntryPoint","urlTemplate":"https:\/\/fge.swebwp.oci.eu\/de\/?s={search_term_string}"},"query-input":{"@type":"PropertyValueSpecification","valueRequired":true,"valueName":"search_term_string"}}],"inLanguage":"de"}]}},"_links":{"self":[{"href":"https:\/\/fge.swebwp.oci.eu\/de\/wp-json\/wp\/v2\/pages\/7724","targetHints":{"allow":["GET"]}}],"collection":[{"href":"https:\/\/fge.swebwp.oci.eu\/de\/wp-json\/wp\/v2\/pages"}],"about":[{"href":"https:\/\/fge.swebwp.oci.eu\/de\/wp-json\/wp\/v2\/types\/page"}],"author":[{"embeddable":true,"href":"https:\/\/fge.swebwp.oci.eu\/de\/wp-json\/wp\/v2\/users\/7"}],"replies":[{"embeddable":true,"href":"https:\/\/fge.swebwp.oci.eu\/de\/wp-json\/wp\/v2\/comments?post=7724"}],"version-history":[{"count":4,"href":"https:\/\/fge.swebwp.oci.eu\/de\/wp-json\/wp\/v2\/pages\/7724\/revisions"}],"predecessor-version":[{"id":24496,"href":"https:\/\/fge.swebwp.oci.eu\/de\/wp-json\/wp\/v2\/pages\/7724\/revisions\/24496"}],"up":[{"embeddable":true,"href":"https:\/\/fge.swebwp.oci.eu\/de\/wp-json\/wp\/v2\/pages\/7652"}],"wp:attachment":[{"href":"https:\/\/fge.swebwp.oci.eu\/de\/wp-json\/wp\/v2\/media?parent=7724"}],"wp:term":[{"taxonomy":"frge_profile","embeddable":true,"href":"https:\/\/fge.swebwp.oci.eu\/de\/wp-json\/wp\/v2\/frge_profile?post=7724"}],"curies":[{"name":"wp","href":"https:\/\/api.w.org\/{rel}","templated":true}]}}