{"id":7722,"date":"2021-05-19T15:42:11","date_gmt":"2021-05-19T13:42:11","guid":{"rendered":"https:\/\/fge.swebwp.oci.eu\/?page_id=7722"},"modified":"2024-07-25T11:35:25","modified_gmt":"2024-07-25T09:35:25","slug":"besteuerung","status":"publish","type":"page","link":"https:\/\/fge.swebwp.oci.eu\/de\/startseite\/jugendliche\/praktikum\/praktikum-in-belgien-ihre-rechte-und-pflichten\/besteuerung\/","title":{"rendered":"Besteuerung"},"content":{"rendered":"\n<p>Beim Praktikumsvertrag von Studierenden handelt es sich nicht um einen Arbeitsvertrag, und die Praktikanten erhalten f\u00fcr ihre Arbeit weder eine Verg\u00fctung noch eine Aufwandsentsch\u00e4digung.<\/p>\n\n\n\n<p>Jede Zahlung einer Geldsumme und jede Gew\u00e4hrung einer Sachleistung, die keine Entsch\u00e4digung f\u00fcr tats\u00e4chlich entstandene Kosten darstellt, kann als Arbeitsentgelt betrachtet werden, was eventuell zur Folge hat, dass das Vorliegen eines Arbeitsvertrags festgestellt wird und es auch zu steuerlichen Auswirkungen kommt.<\/p>\n\n\n\n<p>Wird ein Arbeitsentgelt gezahlt, ist das in Belgien erzielte Arbeitseinkommen des Studierenden steuerpflichtig. Der Arbeitgeber beh\u00e4lt bei jedem von ihm ausgezahlten Arbeitsentgelt Quellensteuer ein, die als \u201eLohnsteuerabzug\u201c bezeichnet wird.<\/p>\n\n\n\n<p><strong>Studierende, die in Belgien wohnhaft sind, m\u00fcssen ihr Erwerbseinkommen in einer eigenen Steuererkl\u00e4rung in Belgien angeben.<\/strong><\/p>\n\n\n\n<p>Wie f\u00fcr jede steuerpflichtige Person gilt auch f\u00fcr Studierende ein \u201eGrundfreibetrag\u201c. Das bedeutet, dass ein Teil ihres zu versteuernden Einkommens steuerfrei ist. F\u00fcr das Steuerjahr 2023 (Einkommen aus dem Jahr 2022) liegt der besagte Steuerfreibetrag bei 9.050 \u20ac. Liegt das zu versteuernde Einkommen von Studierenden unter diesem Freibetrag, m\u00fcssen sie keine Steuern bezahlen. Wenn das zu versteuernde Einkommen diesen steuerfreien Teil \u00fcbersteigt, ist der \u00fcber dem Freibetrag liegende Einkommensteil in der Regel zu versteuern.<br><br>Studierende, die ihren Wohnsitz nicht in dem Land haben, in dem das Praktikum absolviert wird, sollten sich bei der f\u00fcr sie zust\u00e4ndigen Steuerbeh\u00f6rde in ihrem Wohnsitzland nach den Erkl\u00e4rungspflichten und den f\u00fcr die Besteuerung geltenden Regelungen erkundigen<\/p>\n","protected":false},"excerpt":{"rendered":"<p>Beim Praktikumsvertrag von Studierenden handelt es sich nicht um einen Arbeitsvertrag, und die Praktikanten erhalten f\u00fcr ihre Arbeit weder eine Verg\u00fctung noch eine Aufwandsentsch\u00e4digung. Jede Zahlung einer Geldsumme und jede Gew\u00e4hrung einer Sachleistung, die keine Entsch\u00e4digung f\u00fcr tats\u00e4chlich entstandene Kosten darstellt, kann als Arbeitsentgelt betrachtet werden, was eventuell zur Folge hat, dass das Vorliegen eines [&hellip;]<\/p>\n","protected":false},"author":7,"featured_media":0,"parent":7652,"menu_order":5,"comment_status":"closed","ping_status":"closed","template":"","meta":{"inline_featured_image":false,"footnotes":""},"frge_profile":[],"class_list":["post-7722","page","type-page","status-publish","hentry"],"yoast_head":"<!-- This site is optimized with the Yoast SEO plugin v25.0 - https:\/\/yoast.com\/wordpress\/plugins\/seo\/ -->\n<title>Besteuerung von praktika in Belgien: regeln und freibetr\u00e4ge<\/title>\n<meta name=\"description\" content=\"Besteuerung von Praktikanten: Praktikumsverg\u00fctungen k\u00f6nnen steuerpflichtig sein. Studierende in Belgien m\u00fcssen Einkommen ab 9.050 \u20ac deklarieren\" \/>\n<meta name=\"robots\" content=\"noindex, follow, max-snippet:-1, max-image-preview:large, max-video-preview:-1\" \/>\n<meta property=\"og:locale\" content=\"de_DE\" \/>\n<meta property=\"og:type\" content=\"article\" \/>\n<meta property=\"og:title\" content=\"Besteuerung von praktika in Belgien: regeln und freibetr\u00e4ge\" \/>\n<meta property=\"og:description\" content=\"Besteuerung von Praktikanten: Praktikumsverg\u00fctungen k\u00f6nnen steuerpflichtig sein. Studierende in Belgien m\u00fcssen Einkommen ab 9.050 \u20ac deklarieren\" \/>\n<meta property=\"og:url\" content=\"https:\/\/fge.swebwp.oci.eu\/de\/startseite\/jugendliche\/praktikum\/praktikum-in-belgien-ihre-rechte-und-pflichten\/besteuerung\/\" \/>\n<meta property=\"og:site_name\" content=\"Frontaliers Grand Est\" \/>\n<meta property=\"article:modified_time\" content=\"2024-07-25T09:35:25+00:00\" \/>\n<meta name=\"twitter:card\" content=\"summary_large_image\" \/>\n<meta name=\"twitter:label1\" content=\"Gesch\u00e4tzte Lesezeit\" \/>\n\t<meta name=\"twitter:data1\" content=\"2\u00a0Minuten\" \/>\n<script type=\"application\/ld+json\" class=\"yoast-schema-graph\">{\"@context\":\"https:\/\/schema.org\",\"@graph\":[{\"@type\":\"WebPage\",\"@id\":\"https:\/\/fge.swebwp.oci.eu\/de\/startseite\/jugendliche\/praktikum\/praktikum-in-belgien-ihre-rechte-und-pflichten\/besteuerung\/\",\"url\":\"https:\/\/fge.swebwp.oci.eu\/de\/startseite\/jugendliche\/praktikum\/praktikum-in-belgien-ihre-rechte-und-pflichten\/besteuerung\/\",\"name\":\"Besteuerung von praktika in Belgien: regeln und freibetr\u00e4ge\",\"isPartOf\":{\"@id\":\"https:\/\/fge.swebwp.oci.eu\/de\/#website\"},\"datePublished\":\"2021-05-19T13:42:11+00:00\",\"dateModified\":\"2024-07-25T09:35:25+00:00\",\"description\":\"Besteuerung von Praktikanten: Praktikumsverg\u00fctungen k\u00f6nnen steuerpflichtig sein. Studierende in Belgien m\u00fcssen Einkommen ab 9.050 \u20ac deklarieren\",\"breadcrumb\":{\"@id\":\"https:\/\/fge.swebwp.oci.eu\/de\/startseite\/jugendliche\/praktikum\/praktikum-in-belgien-ihre-rechte-und-pflichten\/besteuerung\/#breadcrumb\"},\"inLanguage\":\"de\",\"potentialAction\":[{\"@type\":\"ReadAction\",\"target\":[\"https:\/\/fge.swebwp.oci.eu\/de\/startseite\/jugendliche\/praktikum\/praktikum-in-belgien-ihre-rechte-und-pflichten\/besteuerung\/\"]}]},{\"@type\":\"BreadcrumbList\",\"@id\":\"https:\/\/fge.swebwp.oci.eu\/de\/startseite\/jugendliche\/praktikum\/praktikum-in-belgien-ihre-rechte-und-pflichten\/besteuerung\/#breadcrumb\",\"itemListElement\":[{\"@type\":\"ListItem\",\"position\":1,\"name\":\"Startseite\",\"item\":\"https:\/\/fge.swebwp.oci.eu\/de\/\"},{\"@type\":\"ListItem\",\"position\":2,\"name\":\"Jugendliche\",\"item\":\"https:\/\/fge.swebwp.oci.eu\/de\/startseite\/jugendliche\/\"},{\"@type\":\"ListItem\",\"position\":3,\"name\":\"Praktikum\",\"item\":\"https:\/\/fge.swebwp.oci.eu\/de\/startseite\/jugendliche\/praktikum\/\"},{\"@type\":\"ListItem\",\"position\":4,\"name\":\"Praktikum in Belgien : Ihre Rechte und Pflichten\",\"item\":\"https:\/\/fge.swebwp.oci.eu\/de\/startseite\/jugendliche\/praktikum\/praktikum-in-belgien-ihre-rechte-und-pflichten\/\"},{\"@type\":\"ListItem\",\"position\":5,\"name\":\"Besteuerung\"}]},{\"@type\":\"WebSite\",\"@id\":\"https:\/\/fge.swebwp.oci.eu\/de\/#website\",\"url\":\"https:\/\/fge.swebwp.oci.eu\/de\/\",\"name\":\"Frontaliers Grand Est\",\"description\":\"Le site ressource du travail frontalier\",\"potentialAction\":[{\"@type\":\"SearchAction\",\"target\":{\"@type\":\"EntryPoint\",\"urlTemplate\":\"https:\/\/fge.swebwp.oci.eu\/de\/?s={search_term_string}\"},\"query-input\":{\"@type\":\"PropertyValueSpecification\",\"valueRequired\":true,\"valueName\":\"search_term_string\"}}],\"inLanguage\":\"de\"}]}<\/script>\n<!-- \/ Yoast SEO plugin. -->","yoast_head_json":{"title":"Besteuerung von praktika in Belgien: regeln und freibetr\u00e4ge","description":"Besteuerung von Praktikanten: Praktikumsverg\u00fctungen k\u00f6nnen steuerpflichtig sein. Studierende in Belgien m\u00fcssen Einkommen ab 9.050 \u20ac deklarieren","robots":{"index":"noindex","follow":"follow","max-snippet":"max-snippet:-1","max-image-preview":"max-image-preview:large","max-video-preview":"max-video-preview:-1"},"og_locale":"de_DE","og_type":"article","og_title":"Besteuerung von praktika in Belgien: regeln und freibetr\u00e4ge","og_description":"Besteuerung von Praktikanten: Praktikumsverg\u00fctungen k\u00f6nnen steuerpflichtig sein. Studierende in Belgien m\u00fcssen Einkommen ab 9.050 \u20ac deklarieren","og_url":"https:\/\/fge.swebwp.oci.eu\/de\/startseite\/jugendliche\/praktikum\/praktikum-in-belgien-ihre-rechte-und-pflichten\/besteuerung\/","og_site_name":"Frontaliers Grand Est","article_modified_time":"2024-07-25T09:35:25+00:00","twitter_card":"summary_large_image","twitter_misc":{"Gesch\u00e4tzte Lesezeit":"2\u00a0Minuten"},"schema":{"@context":"https:\/\/schema.org","@graph":[{"@type":"WebPage","@id":"https:\/\/fge.swebwp.oci.eu\/de\/startseite\/jugendliche\/praktikum\/praktikum-in-belgien-ihre-rechte-und-pflichten\/besteuerung\/","url":"https:\/\/fge.swebwp.oci.eu\/de\/startseite\/jugendliche\/praktikum\/praktikum-in-belgien-ihre-rechte-und-pflichten\/besteuerung\/","name":"Besteuerung von praktika in Belgien: regeln und freibetr\u00e4ge","isPartOf":{"@id":"https:\/\/fge.swebwp.oci.eu\/de\/#website"},"datePublished":"2021-05-19T13:42:11+00:00","dateModified":"2024-07-25T09:35:25+00:00","description":"Besteuerung von Praktikanten: Praktikumsverg\u00fctungen k\u00f6nnen steuerpflichtig sein. Studierende in Belgien m\u00fcssen Einkommen ab 9.050 \u20ac deklarieren","breadcrumb":{"@id":"https:\/\/fge.swebwp.oci.eu\/de\/startseite\/jugendliche\/praktikum\/praktikum-in-belgien-ihre-rechte-und-pflichten\/besteuerung\/#breadcrumb"},"inLanguage":"de","potentialAction":[{"@type":"ReadAction","target":["https:\/\/fge.swebwp.oci.eu\/de\/startseite\/jugendliche\/praktikum\/praktikum-in-belgien-ihre-rechte-und-pflichten\/besteuerung\/"]}]},{"@type":"BreadcrumbList","@id":"https:\/\/fge.swebwp.oci.eu\/de\/startseite\/jugendliche\/praktikum\/praktikum-in-belgien-ihre-rechte-und-pflichten\/besteuerung\/#breadcrumb","itemListElement":[{"@type":"ListItem","position":1,"name":"Startseite","item":"https:\/\/fge.swebwp.oci.eu\/de\/"},{"@type":"ListItem","position":2,"name":"Jugendliche","item":"https:\/\/fge.swebwp.oci.eu\/de\/startseite\/jugendliche\/"},{"@type":"ListItem","position":3,"name":"Praktikum","item":"https:\/\/fge.swebwp.oci.eu\/de\/startseite\/jugendliche\/praktikum\/"},{"@type":"ListItem","position":4,"name":"Praktikum in Belgien : Ihre Rechte und Pflichten","item":"https:\/\/fge.swebwp.oci.eu\/de\/startseite\/jugendliche\/praktikum\/praktikum-in-belgien-ihre-rechte-und-pflichten\/"},{"@type":"ListItem","position":5,"name":"Besteuerung"}]},{"@type":"WebSite","@id":"https:\/\/fge.swebwp.oci.eu\/de\/#website","url":"https:\/\/fge.swebwp.oci.eu\/de\/","name":"Frontaliers Grand Est","description":"Le site ressource du travail frontalier","potentialAction":[{"@type":"SearchAction","target":{"@type":"EntryPoint","urlTemplate":"https:\/\/fge.swebwp.oci.eu\/de\/?s={search_term_string}"},"query-input":{"@type":"PropertyValueSpecification","valueRequired":true,"valueName":"search_term_string"}}],"inLanguage":"de"}]}},"_links":{"self":[{"href":"https:\/\/fge.swebwp.oci.eu\/de\/wp-json\/wp\/v2\/pages\/7722","targetHints":{"allow":["GET"]}}],"collection":[{"href":"https:\/\/fge.swebwp.oci.eu\/de\/wp-json\/wp\/v2\/pages"}],"about":[{"href":"https:\/\/fge.swebwp.oci.eu\/de\/wp-json\/wp\/v2\/types\/page"}],"author":[{"embeddable":true,"href":"https:\/\/fge.swebwp.oci.eu\/de\/wp-json\/wp\/v2\/users\/7"}],"replies":[{"embeddable":true,"href":"https:\/\/fge.swebwp.oci.eu\/de\/wp-json\/wp\/v2\/comments?post=7722"}],"version-history":[{"count":3,"href":"https:\/\/fge.swebwp.oci.eu\/de\/wp-json\/wp\/v2\/pages\/7722\/revisions"}],"predecessor-version":[{"id":24492,"href":"https:\/\/fge.swebwp.oci.eu\/de\/wp-json\/wp\/v2\/pages\/7722\/revisions\/24492"}],"up":[{"embeddable":true,"href":"https:\/\/fge.swebwp.oci.eu\/de\/wp-json\/wp\/v2\/pages\/7652"}],"wp:attachment":[{"href":"https:\/\/fge.swebwp.oci.eu\/de\/wp-json\/wp\/v2\/media?parent=7722"}],"wp:term":[{"taxonomy":"frge_profile","embeddable":true,"href":"https:\/\/fge.swebwp.oci.eu\/de\/wp-json\/wp\/v2\/frge_profile?post=7722"}],"curies":[{"name":"wp","href":"https:\/\/api.w.org\/{rel}","templated":true}]}}