{"id":7716,"date":"2021-05-19T15:37:45","date_gmt":"2021-05-19T13:37:45","guid":{"rendered":"https:\/\/fge.swebwp.oci.eu\/?page_id=7716"},"modified":"2023-04-25T12:09:17","modified_gmt":"2023-04-25T10:09:17","slug":"die-rechte-des-praktikanten","status":"publish","type":"page","link":"https:\/\/fge.swebwp.oci.eu\/de\/startseite\/jugendliche\/praktikum\/praktikum-in-belgien-ihre-rechte-und-pflichten\/die-rechte-des-praktikanten\/","title":{"rendered":"Die Rechte des Praktikanten"},"content":{"rendered":"\n<p> <\/p>\n\n\n\n<p>Das Vertragsverh\u00e4ltnis beim Praktikum ist rechtlich kein Arbeitsverh\u00e4ltnis zwischen dem Studierenden und dem Arbeitgeber. Die Praktikumsvereinbarung als solche ist f\u00fcr die Parteien, die sie abgeschlossen haben, jedoch gleichwohl bindend.<br>F\u00fcr die Studierenden gilt die <strong>Betriebs- bzw. Hausordnung der aufnehmenden Einrichtung<\/strong>, vor allem im Hinblick auf die Arbeitszeiten, die Einhaltung der Vorgaben zum Gesundheits- und Arbeitsschutz sowie die \u00e4rztlichen Untersuchungen.<br><br>Die Arbeitszeit der Studierenden darf bei ihrem Praktikum 8 Stunden pro Tag und 40&nbsp;Stunden pro Woche nicht \u00fcberschreiten.<br><br><strong>Aufl\u00f6sung der Praktikumsvereinbarung<\/strong><br>Die K\u00fcndigungsbedingungen m\u00fcssen in der Praktikumsvereinbarung geregelt sein. Wenn diese Bedingungen nicht beachtet werden, k\u00f6nnen bei einem aus der vorzeitigen Beendigung des Praktikums resultierenden Schaden gegebenenfalls Schadensersatzanspr\u00fcche geltend gemacht werden.<\/p>\n\n\n\n<p>Bei einem Abbruch des Praktikums seitens des Praktikanten kann dieser f\u00fcr die Nichterf\u00fcllung der aus dem Vertrag resultierenden Pflichten haftbar gemacht werden. Gegebenenfalls wird der Praktikant verpflichtet, dem Praktikumsbetrieb Schadensersatz f\u00fcr den ihm entstandenen Schaden zu zahlen.<\/p>\n\n\n\n<p>Allerdings ist zu bedenken, dass der Schaden, der dem Unternehmen entstehen kann, begrenzt ist, da das Unternehmen die Anwesenheit des Praktikanten nicht zu seinem Vorteil ausnutzen darf. Die Bildungseinrichtung kann einrichtungsinterne Sanktionen in Erw\u00e4gung ziehen, wenn die Gr\u00fcnde f\u00fcr den Abbruch des Praktikums nicht gerechtfertigt und ernsthaft sind. Dar\u00fcber hinaus kann in dem Fall, dass Studierende im Rahmen ihres Auslandspraktikums ein Stipendium erhalten hatten, die Institution, die das Stipendium vergeben hat, die R\u00fcckzahlung des gesamten Betrags verlangen.<\/p>\n\n\n\n<p><strong>Verg\u00fctung<\/strong><br>Ein Praktikum im Rahmen eines Studiums wird unentgeltlich abgeleistet: Die Studierenden erhalten vom Praktikumsbetrieb weder eine Verg\u00fctung, noch Geld- oder Sachleistungen. Manche Unternehmen erstatten den Studierenden jedoch die Fahrtkosten (z. B. die Monatskarte f\u00fcr Bus oder Bahn) oder bieten ihnen Mahlzeiten kostenlos oder zu erm\u00e4\u00dfigten Preisen an. Solche Verg\u00fcnstigungen m\u00fcssen von den Studierenden ausgehandelt werden.<br><br>Ein Betriebspraktikum au\u00dferhalb des Studiums muss verg\u00fctet werden (wobei sich die H\u00f6he der Verg\u00fctung nach dem Alter richtet und auf der H\u00e4lfte des monatlichen Mindestlohns basiert).<br><\/p>\n\n\n\n<p><br><\/p>\n","protected":false},"excerpt":{"rendered":"<p>Das Vertragsverh\u00e4ltnis beim Praktikum ist rechtlich kein Arbeitsverh\u00e4ltnis zwischen dem Studierenden und dem Arbeitgeber. Die Praktikumsvereinbarung als solche ist f\u00fcr die Parteien, die sie abgeschlossen haben, jedoch gleichwohl bindend.F\u00fcr die Studierenden gilt die Betriebs- bzw. Hausordnung der aufnehmenden Einrichtung, vor allem im Hinblick auf die Arbeitszeiten, die Einhaltung der Vorgaben zum Gesundheits- und Arbeitsschutz sowie [&hellip;]<\/p>\n","protected":false},"author":7,"featured_media":0,"parent":7652,"menu_order":4,"comment_status":"closed","ping_status":"closed","template":"","meta":{"inline_featured_image":false,"footnotes":""},"frge_profile":[],"class_list":["post-7716","page","type-page","status-publish","hentry"],"yoast_head":"<!-- This site is optimized with the Yoast SEO plugin v25.0 - https:\/\/yoast.com\/wordpress\/plugins\/seo\/ -->\n<title>Die Rechte des Praktikanten - Frontaliers Grand Est<\/title>\n<meta name=\"robots\" content=\"noindex, follow, max-snippet:-1, max-image-preview:large, max-video-preview:-1\" \/>\n<meta property=\"og:locale\" content=\"de_DE\" \/>\n<meta property=\"og:type\" content=\"article\" \/>\n<meta property=\"og:title\" content=\"Die Rechte des Praktikanten - Frontaliers Grand Est\" \/>\n<meta property=\"og:description\" content=\"Das Vertragsverh\u00e4ltnis beim Praktikum ist rechtlich kein Arbeitsverh\u00e4ltnis zwischen dem Studierenden und dem Arbeitgeber. Die Praktikumsvereinbarung als solche ist f\u00fcr die Parteien, die sie abgeschlossen haben, jedoch gleichwohl bindend.F\u00fcr die Studierenden gilt die Betriebs- bzw. Hausordnung der aufnehmenden Einrichtung, vor allem im Hinblick auf die Arbeitszeiten, die Einhaltung der Vorgaben zum Gesundheits- und Arbeitsschutz sowie [&hellip;]\" \/>\n<meta property=\"og:url\" content=\"https:\/\/fge.swebwp.oci.eu\/de\/startseite\/jugendliche\/praktikum\/praktikum-in-belgien-ihre-rechte-und-pflichten\/die-rechte-des-praktikanten\/\" \/>\n<meta property=\"og:site_name\" content=\"Frontaliers Grand Est\" \/>\n<meta property=\"article:modified_time\" content=\"2023-04-25T10:09:17+00:00\" \/>\n<meta name=\"twitter:card\" content=\"summary_large_image\" \/>\n<meta name=\"twitter:label1\" content=\"Gesch\u00e4tzte Lesezeit\" \/>\n\t<meta name=\"twitter:data1\" content=\"2\u00a0Minuten\" \/>\n<script type=\"application\/ld+json\" class=\"yoast-schema-graph\">{\"@context\":\"https:\/\/schema.org\",\"@graph\":[{\"@type\":\"WebPage\",\"@id\":\"https:\/\/fge.swebwp.oci.eu\/de\/startseite\/jugendliche\/praktikum\/praktikum-in-belgien-ihre-rechte-und-pflichten\/die-rechte-des-praktikanten\/\",\"url\":\"https:\/\/fge.swebwp.oci.eu\/de\/startseite\/jugendliche\/praktikum\/praktikum-in-belgien-ihre-rechte-und-pflichten\/die-rechte-des-praktikanten\/\",\"name\":\"Die Rechte des Praktikanten - Frontaliers Grand Est\",\"isPartOf\":{\"@id\":\"https:\/\/fge.swebwp.oci.eu\/de\/#website\"},\"datePublished\":\"2021-05-19T13:37:45+00:00\",\"dateModified\":\"2023-04-25T10:09:17+00:00\",\"breadcrumb\":{\"@id\":\"https:\/\/fge.swebwp.oci.eu\/de\/startseite\/jugendliche\/praktikum\/praktikum-in-belgien-ihre-rechte-und-pflichten\/die-rechte-des-praktikanten\/#breadcrumb\"},\"inLanguage\":\"de\",\"potentialAction\":[{\"@type\":\"ReadAction\",\"target\":[\"https:\/\/fge.swebwp.oci.eu\/de\/startseite\/jugendliche\/praktikum\/praktikum-in-belgien-ihre-rechte-und-pflichten\/die-rechte-des-praktikanten\/\"]}]},{\"@type\":\"BreadcrumbList\",\"@id\":\"https:\/\/fge.swebwp.oci.eu\/de\/startseite\/jugendliche\/praktikum\/praktikum-in-belgien-ihre-rechte-und-pflichten\/die-rechte-des-praktikanten\/#breadcrumb\",\"itemListElement\":[{\"@type\":\"ListItem\",\"position\":1,\"name\":\"Startseite\",\"item\":\"https:\/\/fge.swebwp.oci.eu\/de\/\"},{\"@type\":\"ListItem\",\"position\":2,\"name\":\"Jugendliche\",\"item\":\"https:\/\/fge.swebwp.oci.eu\/de\/startseite\/jugendliche\/\"},{\"@type\":\"ListItem\",\"position\":3,\"name\":\"Praktikum\",\"item\":\"https:\/\/fge.swebwp.oci.eu\/de\/startseite\/jugendliche\/praktikum\/\"},{\"@type\":\"ListItem\",\"position\":4,\"name\":\"Praktikum in Belgien : Ihre Rechte und Pflichten\",\"item\":\"https:\/\/fge.swebwp.oci.eu\/de\/startseite\/jugendliche\/praktikum\/praktikum-in-belgien-ihre-rechte-und-pflichten\/\"},{\"@type\":\"ListItem\",\"position\":5,\"name\":\"Die Rechte des Praktikanten\"}]},{\"@type\":\"WebSite\",\"@id\":\"https:\/\/fge.swebwp.oci.eu\/de\/#website\",\"url\":\"https:\/\/fge.swebwp.oci.eu\/de\/\",\"name\":\"Frontaliers Grand Est\",\"description\":\"Le site ressource du travail frontalier\",\"potentialAction\":[{\"@type\":\"SearchAction\",\"target\":{\"@type\":\"EntryPoint\",\"urlTemplate\":\"https:\/\/fge.swebwp.oci.eu\/de\/?s={search_term_string}\"},\"query-input\":{\"@type\":\"PropertyValueSpecification\",\"valueRequired\":true,\"valueName\":\"search_term_string\"}}],\"inLanguage\":\"de\"}]}<\/script>\n<!-- \/ Yoast SEO plugin. -->","yoast_head_json":{"title":"Die Rechte des Praktikanten - Frontaliers Grand Est","robots":{"index":"noindex","follow":"follow","max-snippet":"max-snippet:-1","max-image-preview":"max-image-preview:large","max-video-preview":"max-video-preview:-1"},"og_locale":"de_DE","og_type":"article","og_title":"Die Rechte des Praktikanten - Frontaliers Grand Est","og_description":"Das Vertragsverh\u00e4ltnis beim Praktikum ist rechtlich kein Arbeitsverh\u00e4ltnis zwischen dem Studierenden und dem Arbeitgeber. Die Praktikumsvereinbarung als solche ist f\u00fcr die Parteien, die sie abgeschlossen haben, jedoch gleichwohl bindend.F\u00fcr die Studierenden gilt die Betriebs- bzw. Hausordnung der aufnehmenden Einrichtung, vor allem im Hinblick auf die Arbeitszeiten, die Einhaltung der Vorgaben zum Gesundheits- und Arbeitsschutz sowie [&hellip;]","og_url":"https:\/\/fge.swebwp.oci.eu\/de\/startseite\/jugendliche\/praktikum\/praktikum-in-belgien-ihre-rechte-und-pflichten\/die-rechte-des-praktikanten\/","og_site_name":"Frontaliers Grand Est","article_modified_time":"2023-04-25T10:09:17+00:00","twitter_card":"summary_large_image","twitter_misc":{"Gesch\u00e4tzte Lesezeit":"2\u00a0Minuten"},"schema":{"@context":"https:\/\/schema.org","@graph":[{"@type":"WebPage","@id":"https:\/\/fge.swebwp.oci.eu\/de\/startseite\/jugendliche\/praktikum\/praktikum-in-belgien-ihre-rechte-und-pflichten\/die-rechte-des-praktikanten\/","url":"https:\/\/fge.swebwp.oci.eu\/de\/startseite\/jugendliche\/praktikum\/praktikum-in-belgien-ihre-rechte-und-pflichten\/die-rechte-des-praktikanten\/","name":"Die Rechte des Praktikanten - Frontaliers Grand Est","isPartOf":{"@id":"https:\/\/fge.swebwp.oci.eu\/de\/#website"},"datePublished":"2021-05-19T13:37:45+00:00","dateModified":"2023-04-25T10:09:17+00:00","breadcrumb":{"@id":"https:\/\/fge.swebwp.oci.eu\/de\/startseite\/jugendliche\/praktikum\/praktikum-in-belgien-ihre-rechte-und-pflichten\/die-rechte-des-praktikanten\/#breadcrumb"},"inLanguage":"de","potentialAction":[{"@type":"ReadAction","target":["https:\/\/fge.swebwp.oci.eu\/de\/startseite\/jugendliche\/praktikum\/praktikum-in-belgien-ihre-rechte-und-pflichten\/die-rechte-des-praktikanten\/"]}]},{"@type":"BreadcrumbList","@id":"https:\/\/fge.swebwp.oci.eu\/de\/startseite\/jugendliche\/praktikum\/praktikum-in-belgien-ihre-rechte-und-pflichten\/die-rechte-des-praktikanten\/#breadcrumb","itemListElement":[{"@type":"ListItem","position":1,"name":"Startseite","item":"https:\/\/fge.swebwp.oci.eu\/de\/"},{"@type":"ListItem","position":2,"name":"Jugendliche","item":"https:\/\/fge.swebwp.oci.eu\/de\/startseite\/jugendliche\/"},{"@type":"ListItem","position":3,"name":"Praktikum","item":"https:\/\/fge.swebwp.oci.eu\/de\/startseite\/jugendliche\/praktikum\/"},{"@type":"ListItem","position":4,"name":"Praktikum in Belgien : Ihre Rechte und Pflichten","item":"https:\/\/fge.swebwp.oci.eu\/de\/startseite\/jugendliche\/praktikum\/praktikum-in-belgien-ihre-rechte-und-pflichten\/"},{"@type":"ListItem","position":5,"name":"Die Rechte des Praktikanten"}]},{"@type":"WebSite","@id":"https:\/\/fge.swebwp.oci.eu\/de\/#website","url":"https:\/\/fge.swebwp.oci.eu\/de\/","name":"Frontaliers Grand Est","description":"Le site ressource du travail frontalier","potentialAction":[{"@type":"SearchAction","target":{"@type":"EntryPoint","urlTemplate":"https:\/\/fge.swebwp.oci.eu\/de\/?s={search_term_string}"},"query-input":{"@type":"PropertyValueSpecification","valueRequired":true,"valueName":"search_term_string"}}],"inLanguage":"de"}]}},"_links":{"self":[{"href":"https:\/\/fge.swebwp.oci.eu\/de\/wp-json\/wp\/v2\/pages\/7716","targetHints":{"allow":["GET"]}}],"collection":[{"href":"https:\/\/fge.swebwp.oci.eu\/de\/wp-json\/wp\/v2\/pages"}],"about":[{"href":"https:\/\/fge.swebwp.oci.eu\/de\/wp-json\/wp\/v2\/types\/page"}],"author":[{"embeddable":true,"href":"https:\/\/fge.swebwp.oci.eu\/de\/wp-json\/wp\/v2\/users\/7"}],"replies":[{"embeddable":true,"href":"https:\/\/fge.swebwp.oci.eu\/de\/wp-json\/wp\/v2\/comments?post=7716"}],"version-history":[{"count":4,"href":"https:\/\/fge.swebwp.oci.eu\/de\/wp-json\/wp\/v2\/pages\/7716\/revisions"}],"predecessor-version":[{"id":24488,"href":"https:\/\/fge.swebwp.oci.eu\/de\/wp-json\/wp\/v2\/pages\/7716\/revisions\/24488"}],"up":[{"embeddable":true,"href":"https:\/\/fge.swebwp.oci.eu\/de\/wp-json\/wp\/v2\/pages\/7652"}],"wp:attachment":[{"href":"https:\/\/fge.swebwp.oci.eu\/de\/wp-json\/wp\/v2\/media?parent=7716"}],"wp:term":[{"taxonomy":"frge_profile","embeddable":true,"href":"https:\/\/fge.swebwp.oci.eu\/de\/wp-json\/wp\/v2\/frge_profile?post=7716"}],"curies":[{"name":"wp","href":"https:\/\/api.w.org\/{rel}","templated":true}]}}