{"id":7709,"date":"2021-05-19T15:30:00","date_gmt":"2021-05-19T13:30:00","guid":{"rendered":"https:\/\/fge.swebwp.oci.eu\/?page_id=7709"},"modified":"2023-04-25T12:10:02","modified_gmt":"2023-04-25T10:10:02","slug":"als-auslander-ein-praktikum-in-belgien-machen","status":"publish","type":"page","link":"https:\/\/fge.swebwp.oci.eu\/de\/startseite\/jugendliche\/praktikum\/praktikum-in-belgien-ihre-rechte-und-pflichten\/als-auslander-ein-praktikum-in-belgien-machen\/","title":{"rendered":"Als \u201cAusl\u00e4nder\u201d ein Praktikum in Belgien machen"},"content":{"rendered":"\n<h3 class=\"wp-block-heading\"><strong>EU-B\u00fcrger, die w\u00e4hrend ihres Praktikums nicht in Belgien wohnen m\u00f6chte<\/strong>n<\/h3>\n\n\n\n<p>Praktikanten, die Staatsangeh\u00f6rige eines Mitgliedstaats der Europ\u00e4ischen Union sind, m\u00fcssen keine besonderen Formalit\u00e4ten erledigen (abgesehen vom Abschluss einer Praktikumsvereinbarung). Um nach Belgien einreisen zu d\u00fcrfen, m\u00fcssen sie jedoch einen Identit\u00e4tsnachweis besitzen, d. h. einen Reisepass oder Personalausweis. Eine Praktikumserlaubnis wird nicht ben\u00f6tigt.<br><\/p>\n\n\n\n<h3 class=\"wp-block-heading\"><strong>EU-B\u00fcrger, die w\u00e4hrend ihres Praktikums in Belgien wohnen m\u00f6chte<\/strong>n<\/h3>\n\n\n\n<h4 class=\"wp-block-heading\">Einreise und Aufenthaltsdauer von weniger als 3 Monaten<\/h4>\n\n\n\n<p>Praktikanten, die Staatsangeh\u00f6rige eines Mitgliedstaats der Europ\u00e4ischen Union sind, ben\u00f6tigen keine Praktikumserlaubnis.<br><br>EU-B\u00fcrger m\u00fcssen <strong>ihre Anwesenheit innerhalb von 10 Tagen<\/strong> nach ihrer Einreise in Belgien bei der Gemeindeverwaltung ihres Wohnortes anmelden. Dabei wird ihnen eine <strong>Anwesenheitsbescheinigung (d\u00e9claration de pr\u00e9sence)<\/strong> ausgestellt.<\/p>\n\n\n\n<p>Die Gemeindeverwaltung kann von den Studierenden einen Nachweis daf\u00fcr verlangen, dass sie an einer Bildungseinrichtung eingeschrieben sind, sowie eine Bescheinigung dar\u00fcber, dass das Praktikum im Rahmen ihres Studiums stattfindet.<\/p>\n\n\n\n<p>Erfolgt die besagte Anmeldung bei der Gemeindeverwaltung des Wohnortes nicht innerhalb von 10 Tagen, droht ein Bu\u00dfgeld in H\u00f6he von 200 \u20ac.<\/p>\n\n\n\n<h4 class=\"wp-block-heading\">Aufenthaltsdauer von mehr als 3 Monaten<\/h4>\n\n\n\n<p>Praktikanten, die Staatsangeh\u00f6rige eines Mitgliedstaats der Europ\u00e4ischen Union sind, ben\u00f6tigen keine Praktikumserlaubnis.<br><br>EU-B\u00fcrger, die sich l\u00e4nger als 3 Monate in Belgien aufhalten m\u00f6chten, m\u00fcssen innerhalb von 3 Monaten nach ihrer Einreise eine <strong>Anmeldebescheinigung (attestation d\u2019enregistrement)<\/strong> beantragen \u2013 andernfalls kann ein Bu\u00dfgeld in H\u00f6he von 200 \u20ac gegen sie verh\u00e4ngt werden.<\/p>\n\n\n\n<p>F\u00fcr die Beantragung der Anmeldebescheinigung bei der Gemeindeverwaltung des Wohnortes m\u00fcssen folgende Unterlagen vorgelegt werden:<\/p>\n\n\n\n<p>\u2022 ein Personalausweis oder ein Reisepass,<\/p>\n\n\n\n<p>\u2022 ein von der Bildungseinrichtung ausgestelltes Dokument, aus dem hervorgeht, dass das Praktikum im Rahmen der Erstausbildung absolviert wird (diesem Dokument kann eine Einverst\u00e4ndniserkl\u00e4rung des Unternehmens beigef\u00fcgt werden).<\/p>\n\n\n\n<p>Die Anmeldebescheinigung gilt f\u00fcr maximal 5 Jahre. Wenn Studierende planen, sich weniger als 5 Jahre in Belgien aufzuhalten, wird die G\u00fcltigkeitsdauer der elektronischen Anmeldebescheinigung auf die von ihnen angegebene Dauer begrenzt.<br><\/p>\n\n\n\n<h3 class=\"wp-block-heading\"><strong>Drittstaatsangeh\u00f6riger, die sich w\u00e4hrend ihres Praktikums in Belgien aufhalten m\u00f6chte<\/strong>n<\/h3>\n\n\n\n<p>Studierende aus Drittl\u00e4ndern d\u00fcrfen sich f\u00fcr ein Praktikum in Belgien aufhalten, wenn sie zwischen <strong>18 und 30 Jahre<\/strong> alt sind. Es muss sich um ein Vollzeitpraktikum handeln, das in Fortf\u00fchrung einer zuvor begonnenen Ausbildung absolviert wird. <strong>Die zul\u00e4ssige H\u00f6chstdauer betr\u00e4gt 12 Monate.<\/strong><\/p>\n\n\n\n<h4 class=\"wp-block-heading\">Aufenthaltsdauer von weniger als 3 Monaten<\/h4>\n\n\n\n<p>\u2192 <strong>Beantragung einer Besch\u00e4ftigungserlaubnis durch den Arbeitgeber bei der in Belgien zust\u00e4ndigen Beh\u00f6rde<\/strong><br>Um einen Praktikanten einzustellen, der kein Unionsb\u00fcrger ist und in einem Drittstaat (Nicht-EU-Land) studiert, muss der Arbeitgeber eine <strong>Besch\u00e4ftigungsgenehmigung<\/strong> (Praktikumserlaubnis) beantragen.<br><br>\u25b2 <strong>Einige Studierende ben\u00f6tigen keine Praktikumserlaubnis<\/strong>:<\/p>\n\n\n\n<p>\u2022 Studierende, die im Rahmen ihres Studiums <strong>in Belgien<\/strong> ein Pflichtpraktikum absolvieren;<\/p>\n\n\n\n<p>\u2022 Praktikanten, die von einer belgischen Beh\u00f6rde besch\u00e4ftigt werden; \u2022 Praktikanten, die entweder von einer internationalen Organisation \u00f6ffentlichen Rechts besch\u00e4ftigt werden, die in Belgien ans\u00e4ssig ist und deren Status durch ein geltendes Abkommen geregelt ist, oder im Rahmen eines von einer solchen Organisation genehmigten Programms.<br><br>F\u00fcr die Beantragung einer Besch\u00e4ftigungsgenehmigung muss der Arbeitgeber insbesondere folgende Dokumente vorlegen (wobei die nachstehende Auflistung keinen Anspruch auf Vollst\u00e4ndigkeit erhebt):<br>&#8211; ein Antragsformular f\u00fcr eine Praktikumserlaubnis,<br>&#8211; eine Kopie des Reisepasses,<br>&#8211; den von beiden Parteien unterzeichneten Praktikumsvertrag.<br><br>\u2192 <strong>Beantragung einer befristeten Aufenthaltsgenehmigung durch den Praktikanten (Kurzzeitvisum der Kategorie C)<\/strong><br><br><strong>Nachdem der Praktikant die Praktikumserlaubnis erhalten hat, muss er vor der Einreise nach Belgien eine befristete Aufenthaltsgenehmigung beantragen<\/strong>, und zwar bei der am gew\u00f6hnlichen Wohnsitz im Ausland zust\u00e4ndigen diplomatischen oder konsularischen Vertretung Belgiens.<\/p>\n\n\n\n<p>F\u00fcr die Beantragung einer befristeten Aufenthaltsgenehmigung muss der Praktikant insbesondere folgende Dokumente vorlegen (wobei die nachstehende Auflistung keinen Anspruch auf Vollst\u00e4ndigkeit erhebt):<br><br>\u2022 <strong>eine Bescheinigung der Bildungseinrichtung<\/strong>, aus der hervorgeht, dass das Praktikum im Rahmen einer Erstausbildung absolviert wird,<\/p>\n\n\n\n<p>\u2022 <strong>einen Nachweis \u00fcber ausreichende finanzielle Mittel<\/strong>, um die Kosten f\u00fcr den Aufenthalt, die medizinische Versorgung und die R\u00fcckkehr ins Herkunftsland abzudecken (z. B. durch den Nachweis eines Stipendiums oder eines Darlehens, eine Verpflichtungserkl\u00e4rung einer nat\u00fcrlichen oder juristischen Person zur \u00dcbernahme aller Kosten f\u00fcr den Lebensunterhalt). Der Mindestbetrag, \u00fcber den Studierende monatlich verf\u00fcgen k\u00f6nnen m\u00fcssen, wurde f\u00fcr das Studienjahr 2021\/2022 auf 679 \u20ac festgelegt.<\/p>\n\n\n\n<p>Die Aufenthaltsgenehmigung wird durch das Einf\u00fcgen eines Visums in den Reisepass des Antragsstellers bescheinigt. Das Kurzzeitvisum (Kategorie C) gilt f\u00fcr h\u00f6chstens 3 Monate.<br><br>\u2192 <strong>Beantragung einer Bescheinigung \u00fcber die Eintragung ins Ausl\u00e4nderregister<\/strong> (CIRE: Certificat d\u2019Inscription au Registre des Etrangers)<br>Bei der Ankunft in Belgien m\u00fcssen sich Praktikanten innerhalb von 8 Werktagen nach ihrer Einreise in das Land beim B\u00fcrgeramt oder Ausl\u00e4nderamt an ihrem Wohnort melden. Nach der Feststellung des Wohnsitzes stellt die Gemeinde den ausl\u00e4ndischen Staatsangeh\u00f6rigen eine <strong>Bescheinigung \u00fcber die Eintragung ins Ausl\u00e4nderregister (CIRE)<\/strong> aus, die 1 Jahr g\u00fcltig ist und verl\u00e4ngert werden kann. Mit diesem Dokument kann das Recht auf Freiz\u00fcgigkeit in den Mitgliedstaaten des Schengener Abkommens ausge\u00fcbt werden.<br><br><\/p>\n\n\n\n<h4 class=\"wp-block-heading\">Aufenthaltsdauer von mehr als 3 Monaten<\/h4>\n\n\n\n<p>\u2192 <strong>Beantragung einer Besch\u00e4ftigungserlaubnis durch den Arbeitgeber bei der in Belgien zust\u00e4ndigen Beh\u00f6rde<\/strong><br>Um einen Praktikanten einzustellen, der kein Unionsb\u00fcrger ist und in einem Drittstaat (Nicht-EU-Land) studiert, muss der Arbeitgeber bei der zust\u00e4ndigen regionalen Beh\u00f6rde eine <strong>Besch\u00e4ftigungsgenehmigung<\/strong> (Praktikumserlaubnis) beantragen. Dem Antrag sind dieselben Unterlagen beizuf\u00fcgen wie im Falle von Studierenden aus einem Drittstaat, die sich f\u00fcr ihr Praktikum h\u00f6chstens 3 Monate in Belgien aufhalten wollen.<\/p>\n\n\n\n<p>\u2192 <strong>Beantragung einer befristeten Aufenthaltsgenehmigung durch den Praktikanten (Langzeitvisum der Kategorie D)<\/strong><br><br>Nachdem ein Praktikant aus einem Drittstaat die Praktikumserlaubnis erhalten hat, muss er vor der Einreise nach Belgien <strong>bei der zust\u00e4ndigen belgischen Botschaft bzw. beim zust\u00e4ndigen belgischen Konsulat<\/strong> eine befristete Aufenthaltsgenehmigung (ASP: autorisation de s\u00e9jour provisoire) beantragen.Die Aufenthaltsgenehmigung wird durch das Einf\u00fcgen eines Visums in den Reisepass bescheinigt. Es handelt sich um ein Visum der Kategorie D.Die f\u00fcr das Erteilen einer befristeten Aufenthaltsgenehmigung erforderlichen Dokumente sind dieselben wie im Falle von Drittstaatsangeh\u00f6rigen, die sich f\u00fcr h\u00f6chstens 3 Monate in Belgien aufhalten wollen.<\/p>\n\n\n\n<p><br>\u2192 <strong>Beantragung einer Bescheinigung \u00fcber die Eintragung ins Ausl\u00e4nderregister (CIRE: Certificat d\u2019Inscription au Registre des Etrangers)<\/strong><br><br>Bei der Ankunft in Belgien m\u00fcssen sich ausl\u00e4ndische Staatsangeh\u00f6rige innerhalb von 8 Tagen nach ihrer Einreise beim B\u00fcrgeramt oder Ausl\u00e4nderamt an ihrem Wohnort melden.<\/p>\n\n\n\n<p>Nach der Feststellung des Wohnsitzes stellt die Gemeinde den ausl\u00e4ndischen Staatsangeh\u00f6rigen eine <strong>Bescheinigung \u00fcber die Eintragung ins Ausl\u00e4nderregister (CIRE)<\/strong> aus, die 1 Jahr g\u00fcltig ist und verl\u00e4ngert werden kann. Mit diesem Dokument kann das Recht auf Freiz\u00fcgigkeit in den Mitgliedstaaten des Schengener Abkommens ausge\u00fcbt werden.<br><br><\/p>\n\n\n\n<h3 class=\"wp-block-heading\"><strong>Drittstaatsangeh\u00f6rige, die sich w\u00e4hrend ihres Praktikums nicht in Belgien aufhalten m\u00f6chte<\/strong>n<\/h3>\n\n\n\n<p>Vor der Einreise nach Belgien muss bei der im Herkunftsland zust\u00e4ndigen diplomatischen oder konsularischen Vertretung Belgiens <strong>ein Visum<\/strong> beantragt werden.<\/p>\n\n\n\n<p>Um in Belgien als Praktikant besch\u00e4ftigt werden zu k\u00f6nnen, m\u00fcssen ausl\u00e4ndische Staatsangeh\u00f6rige grunds\u00e4tzlich \u00fcber eine <strong>g\u00fcltige Arbeitserlaubnis<\/strong> verf\u00fcgen. Ein Arbeitgeber, der einen Praktikanten besch\u00e4ftigen m\u00f6chte, muss bei der zust\u00e4ndigen regionalen Beh\u00f6rde eine <strong>Besch\u00e4ftigungsgenehmigung<\/strong> beantragen. Dem hierf\u00fcr erforderlichen Antrag sind dieselben Unterlagen beizuf\u00fcgen wie im Falle von Drittstaatsangeh\u00f6rigen, die sich f\u00fcr ihr Praktikum weniger als 3 Monate in Belgien aufhalten wollen.<br><br>Studierende aus einem Nicht-EU-Land, die ihr Studium in Belgien ODER in einem anderen Mitgliedstaat des EWR oder in der Schweiz fortsetzen bzw. fortsetzen werden und in Belgien ein Pflichtpraktikum absolvieren m\u00f6chten, ben\u00f6tigen keine Praktikumserlaubnis.<\/p>\n","protected":false},"excerpt":{"rendered":"<p>EU-B\u00fcrger, die w\u00e4hrend ihres Praktikums nicht in Belgien wohnen m\u00f6chten Praktikanten, die Staatsangeh\u00f6rige eines Mitgliedstaats der Europ\u00e4ischen Union sind, m\u00fcssen keine besonderen Formalit\u00e4ten erledigen (abgesehen vom Abschluss einer Praktikumsvereinbarung). Um nach Belgien einreisen zu d\u00fcrfen, m\u00fcssen sie jedoch einen Identit\u00e4tsnachweis besitzen, d. h. einen Reisepass oder Personalausweis. Eine Praktikumserlaubnis wird nicht ben\u00f6tigt. EU-B\u00fcrger, die w\u00e4hrend [&hellip;]<\/p>\n","protected":false},"author":7,"featured_media":0,"parent":7652,"menu_order":2,"comment_status":"closed","ping_status":"closed","template":"","meta":{"inline_featured_image":false,"footnotes":""},"frge_profile":[],"class_list":["post-7709","page","type-page","status-publish","hentry"],"yoast_head":"<!-- This site is optimized with the Yoast SEO plugin v25.0 - https:\/\/yoast.com\/wordpress\/plugins\/seo\/ -->\n<title>Als \u201cAusl\u00e4nder\u201d ein Praktikum in Belgien machen - Frontaliers Grand Est<\/title>\n<meta name=\"robots\" content=\"noindex, follow, max-snippet:-1, max-image-preview:large, max-video-preview:-1\" \/>\n<meta property=\"og:locale\" content=\"de_DE\" \/>\n<meta property=\"og:type\" content=\"article\" \/>\n<meta property=\"og:title\" content=\"Als \u201cAusl\u00e4nder\u201d ein Praktikum in Belgien machen - Frontaliers Grand Est\" \/>\n<meta property=\"og:description\" content=\"EU-B\u00fcrger, die w\u00e4hrend ihres Praktikums nicht in Belgien wohnen m\u00f6chten Praktikanten, die Staatsangeh\u00f6rige eines Mitgliedstaats der Europ\u00e4ischen Union sind, m\u00fcssen keine besonderen Formalit\u00e4ten erledigen (abgesehen vom Abschluss einer Praktikumsvereinbarung). Um nach Belgien einreisen zu d\u00fcrfen, m\u00fcssen sie jedoch einen Identit\u00e4tsnachweis besitzen, d. h. einen Reisepass oder Personalausweis. Eine Praktikumserlaubnis wird nicht ben\u00f6tigt. EU-B\u00fcrger, die w\u00e4hrend [&hellip;]\" \/>\n<meta property=\"og:url\" content=\"https:\/\/fge.swebwp.oci.eu\/de\/startseite\/jugendliche\/praktikum\/praktikum-in-belgien-ihre-rechte-und-pflichten\/als-auslander-ein-praktikum-in-belgien-machen\/\" \/>\n<meta property=\"og:site_name\" content=\"Frontaliers Grand Est\" \/>\n<meta property=\"article:modified_time\" content=\"2023-04-25T10:10:02+00:00\" \/>\n<meta name=\"twitter:card\" content=\"summary_large_image\" \/>\n<meta name=\"twitter:label1\" content=\"Gesch\u00e4tzte Lesezeit\" \/>\n\t<meta name=\"twitter:data1\" content=\"6\u00a0Minuten\" \/>\n<script type=\"application\/ld+json\" class=\"yoast-schema-graph\">{\"@context\":\"https:\/\/schema.org\",\"@graph\":[{\"@type\":\"WebPage\",\"@id\":\"https:\/\/fge.swebwp.oci.eu\/de\/startseite\/jugendliche\/praktikum\/praktikum-in-belgien-ihre-rechte-und-pflichten\/als-auslander-ein-praktikum-in-belgien-machen\/\",\"url\":\"https:\/\/fge.swebwp.oci.eu\/de\/startseite\/jugendliche\/praktikum\/praktikum-in-belgien-ihre-rechte-und-pflichten\/als-auslander-ein-praktikum-in-belgien-machen\/\",\"name\":\"Als \u201cAusl\u00e4nder\u201d ein Praktikum in Belgien machen - Frontaliers Grand Est\",\"isPartOf\":{\"@id\":\"https:\/\/fge.swebwp.oci.eu\/de\/#website\"},\"datePublished\":\"2021-05-19T13:30:00+00:00\",\"dateModified\":\"2023-04-25T10:10:02+00:00\",\"breadcrumb\":{\"@id\":\"https:\/\/fge.swebwp.oci.eu\/de\/startseite\/jugendliche\/praktikum\/praktikum-in-belgien-ihre-rechte-und-pflichten\/als-auslander-ein-praktikum-in-belgien-machen\/#breadcrumb\"},\"inLanguage\":\"de\",\"potentialAction\":[{\"@type\":\"ReadAction\",\"target\":[\"https:\/\/fge.swebwp.oci.eu\/de\/startseite\/jugendliche\/praktikum\/praktikum-in-belgien-ihre-rechte-und-pflichten\/als-auslander-ein-praktikum-in-belgien-machen\/\"]}]},{\"@type\":\"BreadcrumbList\",\"@id\":\"https:\/\/fge.swebwp.oci.eu\/de\/startseite\/jugendliche\/praktikum\/praktikum-in-belgien-ihre-rechte-und-pflichten\/als-auslander-ein-praktikum-in-belgien-machen\/#breadcrumb\",\"itemListElement\":[{\"@type\":\"ListItem\",\"position\":1,\"name\":\"Startseite\",\"item\":\"https:\/\/fge.swebwp.oci.eu\/de\/\"},{\"@type\":\"ListItem\",\"position\":2,\"name\":\"Jugendliche\",\"item\":\"https:\/\/fge.swebwp.oci.eu\/de\/startseite\/jugendliche\/\"},{\"@type\":\"ListItem\",\"position\":3,\"name\":\"Praktikum\",\"item\":\"https:\/\/fge.swebwp.oci.eu\/de\/startseite\/jugendliche\/praktikum\/\"},{\"@type\":\"ListItem\",\"position\":4,\"name\":\"Praktikum in Belgien : Ihre Rechte und Pflichten\",\"item\":\"https:\/\/fge.swebwp.oci.eu\/de\/startseite\/jugendliche\/praktikum\/praktikum-in-belgien-ihre-rechte-und-pflichten\/\"},{\"@type\":\"ListItem\",\"position\":5,\"name\":\"Als \u201cAusl\u00e4nder\u201d ein Praktikum in Belgien machen\"}]},{\"@type\":\"WebSite\",\"@id\":\"https:\/\/fge.swebwp.oci.eu\/de\/#website\",\"url\":\"https:\/\/fge.swebwp.oci.eu\/de\/\",\"name\":\"Frontaliers Grand Est\",\"description\":\"Le site ressource du travail frontalier\",\"potentialAction\":[{\"@type\":\"SearchAction\",\"target\":{\"@type\":\"EntryPoint\",\"urlTemplate\":\"https:\/\/fge.swebwp.oci.eu\/de\/?s={search_term_string}\"},\"query-input\":{\"@type\":\"PropertyValueSpecification\",\"valueRequired\":true,\"valueName\":\"search_term_string\"}}],\"inLanguage\":\"de\"}]}<\/script>\n<!-- \/ Yoast SEO plugin. -->","yoast_head_json":{"title":"Als \u201cAusl\u00e4nder\u201d ein Praktikum in Belgien machen - Frontaliers Grand Est","robots":{"index":"noindex","follow":"follow","max-snippet":"max-snippet:-1","max-image-preview":"max-image-preview:large","max-video-preview":"max-video-preview:-1"},"og_locale":"de_DE","og_type":"article","og_title":"Als \u201cAusl\u00e4nder\u201d ein Praktikum in Belgien machen - Frontaliers Grand Est","og_description":"EU-B\u00fcrger, die w\u00e4hrend ihres Praktikums nicht in Belgien wohnen m\u00f6chten Praktikanten, die Staatsangeh\u00f6rige eines Mitgliedstaats der Europ\u00e4ischen Union sind, m\u00fcssen keine besonderen Formalit\u00e4ten erledigen (abgesehen vom Abschluss einer Praktikumsvereinbarung). Um nach Belgien einreisen zu d\u00fcrfen, m\u00fcssen sie jedoch einen Identit\u00e4tsnachweis besitzen, d. h. einen Reisepass oder Personalausweis. Eine Praktikumserlaubnis wird nicht ben\u00f6tigt. EU-B\u00fcrger, die w\u00e4hrend [&hellip;]","og_url":"https:\/\/fge.swebwp.oci.eu\/de\/startseite\/jugendliche\/praktikum\/praktikum-in-belgien-ihre-rechte-und-pflichten\/als-auslander-ein-praktikum-in-belgien-machen\/","og_site_name":"Frontaliers Grand Est","article_modified_time":"2023-04-25T10:10:02+00:00","twitter_card":"summary_large_image","twitter_misc":{"Gesch\u00e4tzte Lesezeit":"6\u00a0Minuten"},"schema":{"@context":"https:\/\/schema.org","@graph":[{"@type":"WebPage","@id":"https:\/\/fge.swebwp.oci.eu\/de\/startseite\/jugendliche\/praktikum\/praktikum-in-belgien-ihre-rechte-und-pflichten\/als-auslander-ein-praktikum-in-belgien-machen\/","url":"https:\/\/fge.swebwp.oci.eu\/de\/startseite\/jugendliche\/praktikum\/praktikum-in-belgien-ihre-rechte-und-pflichten\/als-auslander-ein-praktikum-in-belgien-machen\/","name":"Als \u201cAusl\u00e4nder\u201d ein Praktikum in Belgien machen - Frontaliers Grand Est","isPartOf":{"@id":"https:\/\/fge.swebwp.oci.eu\/de\/#website"},"datePublished":"2021-05-19T13:30:00+00:00","dateModified":"2023-04-25T10:10:02+00:00","breadcrumb":{"@id":"https:\/\/fge.swebwp.oci.eu\/de\/startseite\/jugendliche\/praktikum\/praktikum-in-belgien-ihre-rechte-und-pflichten\/als-auslander-ein-praktikum-in-belgien-machen\/#breadcrumb"},"inLanguage":"de","potentialAction":[{"@type":"ReadAction","target":["https:\/\/fge.swebwp.oci.eu\/de\/startseite\/jugendliche\/praktikum\/praktikum-in-belgien-ihre-rechte-und-pflichten\/als-auslander-ein-praktikum-in-belgien-machen\/"]}]},{"@type":"BreadcrumbList","@id":"https:\/\/fge.swebwp.oci.eu\/de\/startseite\/jugendliche\/praktikum\/praktikum-in-belgien-ihre-rechte-und-pflichten\/als-auslander-ein-praktikum-in-belgien-machen\/#breadcrumb","itemListElement":[{"@type":"ListItem","position":1,"name":"Startseite","item":"https:\/\/fge.swebwp.oci.eu\/de\/"},{"@type":"ListItem","position":2,"name":"Jugendliche","item":"https:\/\/fge.swebwp.oci.eu\/de\/startseite\/jugendliche\/"},{"@type":"ListItem","position":3,"name":"Praktikum","item":"https:\/\/fge.swebwp.oci.eu\/de\/startseite\/jugendliche\/praktikum\/"},{"@type":"ListItem","position":4,"name":"Praktikum in Belgien : Ihre Rechte und Pflichten","item":"https:\/\/fge.swebwp.oci.eu\/de\/startseite\/jugendliche\/praktikum\/praktikum-in-belgien-ihre-rechte-und-pflichten\/"},{"@type":"ListItem","position":5,"name":"Als \u201cAusl\u00e4nder\u201d ein Praktikum in Belgien machen"}]},{"@type":"WebSite","@id":"https:\/\/fge.swebwp.oci.eu\/de\/#website","url":"https:\/\/fge.swebwp.oci.eu\/de\/","name":"Frontaliers Grand Est","description":"Le site ressource du travail frontalier","potentialAction":[{"@type":"SearchAction","target":{"@type":"EntryPoint","urlTemplate":"https:\/\/fge.swebwp.oci.eu\/de\/?s={search_term_string}"},"query-input":{"@type":"PropertyValueSpecification","valueRequired":true,"valueName":"search_term_string"}}],"inLanguage":"de"}]}},"_links":{"self":[{"href":"https:\/\/fge.swebwp.oci.eu\/de\/wp-json\/wp\/v2\/pages\/7709","targetHints":{"allow":["GET"]}}],"collection":[{"href":"https:\/\/fge.swebwp.oci.eu\/de\/wp-json\/wp\/v2\/pages"}],"about":[{"href":"https:\/\/fge.swebwp.oci.eu\/de\/wp-json\/wp\/v2\/types\/page"}],"author":[{"embeddable":true,"href":"https:\/\/fge.swebwp.oci.eu\/de\/wp-json\/wp\/v2\/users\/7"}],"replies":[{"embeddable":true,"href":"https:\/\/fge.swebwp.oci.eu\/de\/wp-json\/wp\/v2\/comments?post=7709"}],"version-history":[{"count":6,"href":"https:\/\/fge.swebwp.oci.eu\/de\/wp-json\/wp\/v2\/pages\/7709\/revisions"}],"predecessor-version":[{"id":24489,"href":"https:\/\/fge.swebwp.oci.eu\/de\/wp-json\/wp\/v2\/pages\/7709\/revisions\/24489"}],"up":[{"embeddable":true,"href":"https:\/\/fge.swebwp.oci.eu\/de\/wp-json\/wp\/v2\/pages\/7652"}],"wp:attachment":[{"href":"https:\/\/fge.swebwp.oci.eu\/de\/wp-json\/wp\/v2\/media?parent=7709"}],"wp:term":[{"taxonomy":"frge_profile","embeddable":true,"href":"https:\/\/fge.swebwp.oci.eu\/de\/wp-json\/wp\/v2\/frge_profile?post=7709"}],"curies":[{"name":"wp","href":"https:\/\/api.w.org\/{rel}","templated":true}]}}