{"id":7707,"date":"2021-05-19T15:23:36","date_gmt":"2021-05-19T13:23:36","guid":{"rendered":"https:\/\/fge.swebwp.oci.eu\/?page_id=7707"},"modified":"2023-04-25T11:45:36","modified_gmt":"2023-04-25T09:45:36","slug":"vorbereitende-schritte","status":"publish","type":"page","link":"https:\/\/fge.swebwp.oci.eu\/de\/startseite\/jugendliche\/praktikum\/praktikum-in-belgien-ihre-rechte-und-pflichten\/vorbereitende-schritte\/","title":{"rendered":"Vorbereitende Schritte"},"content":{"rendered":"\n<p><strong><u>Die Praktikumsvereinbarung<\/u><br><\/strong>Vor dem Beginn des Praktikums muss<strong> eine Vereinbarung zwischen drei Parteien<\/strong> (Bildungseinrichtung\/Studierender\/Unternehmen) abgeschlossen werden. Diese Vereinbarung muss Folgendes enthalten: Angaben zum Praktikumsbetrieb und zum Praktikanten sowie dazu, an welchen Tagen und zu welchen Uhrzeiten das Praktikum stattfindet, eine Beschreibung der \u00fcbertragenen Aufgaben bzw. Funktionen, die Urlaubsregelung, die Pflichten des Praktikanten und die Bedingungen f\u00fcr den Abbruch des Praktikums.<br><br>Der Arbeitgeber muss dar\u00fcber hinaus eine Risikoanalyse f\u00fcr die dem Studierenden \u00fcbertragene Funktion erstellen und sie der Bildungseinrichtung vorlegen. Der Vereinbarung muss ein \u00dcbersichtsblatt zu der durchgef\u00fchrten Risikoanalyse beigef\u00fcgt werden.<\/p>\n\n\n\n<p>Die Studierenden, die im Rahmen ihres Studiums ein Pflichtpraktikum absolvieren, sind von der LIMOSA-Meldepflicht f\u00fcr ausl\u00e4ndische Arbeitnehmer befreit. Des Weiteren ist f\u00fcr sie auch keine unmittelbare Besch\u00e4ftigungsmeldung (DIMONA) erforderlich, vorausgesetzt, dass ihre Besch\u00e4ftigungsdauer beim Praktikumsbetrieb 60 Tage nicht \u00fcberschreitet. Andernfalls muss der Praktikant in dem vom Praktikumsbetrieb gef\u00fchrten Verzeichnis der Besch\u00e4ftigten eingetragen werden.<br><\/p>\n","protected":false},"excerpt":{"rendered":"<p>Die PraktikumsvereinbarungVor dem Beginn des Praktikums muss eine Vereinbarung zwischen drei Parteien (Bildungseinrichtung\/Studierender\/Unternehmen) abgeschlossen werden. Diese Vereinbarung muss Folgendes enthalten: Angaben zum Praktikumsbetrieb und zum Praktikanten sowie dazu, an welchen Tagen und zu welchen Uhrzeiten das Praktikum stattfindet, eine Beschreibung der \u00fcbertragenen Aufgaben bzw. Funktionen, die Urlaubsregelung, die Pflichten des Praktikanten und die Bedingungen f\u00fcr [&hellip;]<\/p>\n","protected":false},"author":7,"featured_media":0,"parent":7652,"menu_order":1,"comment_status":"closed","ping_status":"closed","template":"","meta":{"inline_featured_image":false,"footnotes":""},"frge_profile":[],"class_list":["post-7707","page","type-page","status-publish","hentry"],"yoast_head":"<!-- This site is optimized with the Yoast SEO plugin v25.0 - https:\/\/yoast.com\/wordpress\/plugins\/seo\/ -->\n<title>Vorbereitende Schritte - Frontaliers Grand Est<\/title>\n<meta name=\"robots\" content=\"noindex, follow, max-snippet:-1, max-image-preview:large, max-video-preview:-1\" \/>\n<meta property=\"og:locale\" content=\"de_DE\" \/>\n<meta property=\"og:type\" content=\"article\" \/>\n<meta property=\"og:title\" content=\"Vorbereitende Schritte - Frontaliers Grand Est\" \/>\n<meta property=\"og:description\" content=\"Die PraktikumsvereinbarungVor dem Beginn des Praktikums muss eine Vereinbarung zwischen drei Parteien (Bildungseinrichtung\/Studierender\/Unternehmen) abgeschlossen werden. Diese Vereinbarung muss Folgendes enthalten: Angaben zum Praktikumsbetrieb und zum Praktikanten sowie dazu, an welchen Tagen und zu welchen Uhrzeiten das Praktikum stattfindet, eine Beschreibung der \u00fcbertragenen Aufgaben bzw. Funktionen, die Urlaubsregelung, die Pflichten des Praktikanten und die Bedingungen f\u00fcr [&hellip;]\" \/>\n<meta property=\"og:url\" content=\"https:\/\/fge.swebwp.oci.eu\/de\/startseite\/jugendliche\/praktikum\/praktikum-in-belgien-ihre-rechte-und-pflichten\/vorbereitende-schritte\/\" \/>\n<meta property=\"og:site_name\" content=\"Frontaliers Grand Est\" \/>\n<meta property=\"article:modified_time\" content=\"2023-04-25T09:45:36+00:00\" \/>\n<meta name=\"twitter:card\" content=\"summary_large_image\" \/>\n<meta name=\"twitter:label1\" content=\"Gesch\u00e4tzte Lesezeit\" \/>\n\t<meta name=\"twitter:data1\" content=\"1\u00a0Minute\" \/>\n<script type=\"application\/ld+json\" class=\"yoast-schema-graph\">{\"@context\":\"https:\/\/schema.org\",\"@graph\":[{\"@type\":\"WebPage\",\"@id\":\"https:\/\/fge.swebwp.oci.eu\/de\/startseite\/jugendliche\/praktikum\/praktikum-in-belgien-ihre-rechte-und-pflichten\/vorbereitende-schritte\/\",\"url\":\"https:\/\/fge.swebwp.oci.eu\/de\/startseite\/jugendliche\/praktikum\/praktikum-in-belgien-ihre-rechte-und-pflichten\/vorbereitende-schritte\/\",\"name\":\"Vorbereitende Schritte - Frontaliers Grand Est\",\"isPartOf\":{\"@id\":\"https:\/\/fge.swebwp.oci.eu\/de\/#website\"},\"datePublished\":\"2021-05-19T13:23:36+00:00\",\"dateModified\":\"2023-04-25T09:45:36+00:00\",\"breadcrumb\":{\"@id\":\"https:\/\/fge.swebwp.oci.eu\/de\/startseite\/jugendliche\/praktikum\/praktikum-in-belgien-ihre-rechte-und-pflichten\/vorbereitende-schritte\/#breadcrumb\"},\"inLanguage\":\"de\",\"potentialAction\":[{\"@type\":\"ReadAction\",\"target\":[\"https:\/\/fge.swebwp.oci.eu\/de\/startseite\/jugendliche\/praktikum\/praktikum-in-belgien-ihre-rechte-und-pflichten\/vorbereitende-schritte\/\"]}]},{\"@type\":\"BreadcrumbList\",\"@id\":\"https:\/\/fge.swebwp.oci.eu\/de\/startseite\/jugendliche\/praktikum\/praktikum-in-belgien-ihre-rechte-und-pflichten\/vorbereitende-schritte\/#breadcrumb\",\"itemListElement\":[{\"@type\":\"ListItem\",\"position\":1,\"name\":\"Startseite\",\"item\":\"https:\/\/fge.swebwp.oci.eu\/de\/\"},{\"@type\":\"ListItem\",\"position\":2,\"name\":\"Jugendliche\",\"item\":\"https:\/\/fge.swebwp.oci.eu\/de\/startseite\/jugendliche\/\"},{\"@type\":\"ListItem\",\"position\":3,\"name\":\"Praktikum\",\"item\":\"https:\/\/fge.swebwp.oci.eu\/de\/startseite\/jugendliche\/praktikum\/\"},{\"@type\":\"ListItem\",\"position\":4,\"name\":\"Praktikum in Belgien : Ihre Rechte und Pflichten\",\"item\":\"https:\/\/fge.swebwp.oci.eu\/de\/startseite\/jugendliche\/praktikum\/praktikum-in-belgien-ihre-rechte-und-pflichten\/\"},{\"@type\":\"ListItem\",\"position\":5,\"name\":\"Vorbereitende Schritte\"}]},{\"@type\":\"WebSite\",\"@id\":\"https:\/\/fge.swebwp.oci.eu\/de\/#website\",\"url\":\"https:\/\/fge.swebwp.oci.eu\/de\/\",\"name\":\"Frontaliers Grand Est\",\"description\":\"Le site ressource du travail frontalier\",\"potentialAction\":[{\"@type\":\"SearchAction\",\"target\":{\"@type\":\"EntryPoint\",\"urlTemplate\":\"https:\/\/fge.swebwp.oci.eu\/de\/?s={search_term_string}\"},\"query-input\":{\"@type\":\"PropertyValueSpecification\",\"valueRequired\":true,\"valueName\":\"search_term_string\"}}],\"inLanguage\":\"de\"}]}<\/script>\n<!-- \/ Yoast SEO plugin. -->","yoast_head_json":{"title":"Vorbereitende Schritte - Frontaliers Grand Est","robots":{"index":"noindex","follow":"follow","max-snippet":"max-snippet:-1","max-image-preview":"max-image-preview:large","max-video-preview":"max-video-preview:-1"},"og_locale":"de_DE","og_type":"article","og_title":"Vorbereitende Schritte - Frontaliers Grand Est","og_description":"Die PraktikumsvereinbarungVor dem Beginn des Praktikums muss eine Vereinbarung zwischen drei Parteien (Bildungseinrichtung\/Studierender\/Unternehmen) abgeschlossen werden. Diese Vereinbarung muss Folgendes enthalten: Angaben zum Praktikumsbetrieb und zum Praktikanten sowie dazu, an welchen Tagen und zu welchen Uhrzeiten das Praktikum stattfindet, eine Beschreibung der \u00fcbertragenen Aufgaben bzw. Funktionen, die Urlaubsregelung, die Pflichten des Praktikanten und die Bedingungen f\u00fcr [&hellip;]","og_url":"https:\/\/fge.swebwp.oci.eu\/de\/startseite\/jugendliche\/praktikum\/praktikum-in-belgien-ihre-rechte-und-pflichten\/vorbereitende-schritte\/","og_site_name":"Frontaliers Grand Est","article_modified_time":"2023-04-25T09:45:36+00:00","twitter_card":"summary_large_image","twitter_misc":{"Gesch\u00e4tzte Lesezeit":"1\u00a0Minute"},"schema":{"@context":"https:\/\/schema.org","@graph":[{"@type":"WebPage","@id":"https:\/\/fge.swebwp.oci.eu\/de\/startseite\/jugendliche\/praktikum\/praktikum-in-belgien-ihre-rechte-und-pflichten\/vorbereitende-schritte\/","url":"https:\/\/fge.swebwp.oci.eu\/de\/startseite\/jugendliche\/praktikum\/praktikum-in-belgien-ihre-rechte-und-pflichten\/vorbereitende-schritte\/","name":"Vorbereitende Schritte - Frontaliers Grand Est","isPartOf":{"@id":"https:\/\/fge.swebwp.oci.eu\/de\/#website"},"datePublished":"2021-05-19T13:23:36+00:00","dateModified":"2023-04-25T09:45:36+00:00","breadcrumb":{"@id":"https:\/\/fge.swebwp.oci.eu\/de\/startseite\/jugendliche\/praktikum\/praktikum-in-belgien-ihre-rechte-und-pflichten\/vorbereitende-schritte\/#breadcrumb"},"inLanguage":"de","potentialAction":[{"@type":"ReadAction","target":["https:\/\/fge.swebwp.oci.eu\/de\/startseite\/jugendliche\/praktikum\/praktikum-in-belgien-ihre-rechte-und-pflichten\/vorbereitende-schritte\/"]}]},{"@type":"BreadcrumbList","@id":"https:\/\/fge.swebwp.oci.eu\/de\/startseite\/jugendliche\/praktikum\/praktikum-in-belgien-ihre-rechte-und-pflichten\/vorbereitende-schritte\/#breadcrumb","itemListElement":[{"@type":"ListItem","position":1,"name":"Startseite","item":"https:\/\/fge.swebwp.oci.eu\/de\/"},{"@type":"ListItem","position":2,"name":"Jugendliche","item":"https:\/\/fge.swebwp.oci.eu\/de\/startseite\/jugendliche\/"},{"@type":"ListItem","position":3,"name":"Praktikum","item":"https:\/\/fge.swebwp.oci.eu\/de\/startseite\/jugendliche\/praktikum\/"},{"@type":"ListItem","position":4,"name":"Praktikum in Belgien : Ihre Rechte und Pflichten","item":"https:\/\/fge.swebwp.oci.eu\/de\/startseite\/jugendliche\/praktikum\/praktikum-in-belgien-ihre-rechte-und-pflichten\/"},{"@type":"ListItem","position":5,"name":"Vorbereitende Schritte"}]},{"@type":"WebSite","@id":"https:\/\/fge.swebwp.oci.eu\/de\/#website","url":"https:\/\/fge.swebwp.oci.eu\/de\/","name":"Frontaliers Grand Est","description":"Le site ressource du travail frontalier","potentialAction":[{"@type":"SearchAction","target":{"@type":"EntryPoint","urlTemplate":"https:\/\/fge.swebwp.oci.eu\/de\/?s={search_term_string}"},"query-input":{"@type":"PropertyValueSpecification","valueRequired":true,"valueName":"search_term_string"}}],"inLanguage":"de"}]}},"_links":{"self":[{"href":"https:\/\/fge.swebwp.oci.eu\/de\/wp-json\/wp\/v2\/pages\/7707","targetHints":{"allow":["GET"]}}],"collection":[{"href":"https:\/\/fge.swebwp.oci.eu\/de\/wp-json\/wp\/v2\/pages"}],"about":[{"href":"https:\/\/fge.swebwp.oci.eu\/de\/wp-json\/wp\/v2\/types\/page"}],"author":[{"embeddable":true,"href":"https:\/\/fge.swebwp.oci.eu\/de\/wp-json\/wp\/v2\/users\/7"}],"replies":[{"embeddable":true,"href":"https:\/\/fge.swebwp.oci.eu\/de\/wp-json\/wp\/v2\/comments?post=7707"}],"version-history":[{"count":2,"href":"https:\/\/fge.swebwp.oci.eu\/de\/wp-json\/wp\/v2\/pages\/7707\/revisions"}],"predecessor-version":[{"id":24465,"href":"https:\/\/fge.swebwp.oci.eu\/de\/wp-json\/wp\/v2\/pages\/7707\/revisions\/24465"}],"up":[{"embeddable":true,"href":"https:\/\/fge.swebwp.oci.eu\/de\/wp-json\/wp\/v2\/pages\/7652"}],"wp:attachment":[{"href":"https:\/\/fge.swebwp.oci.eu\/de\/wp-json\/wp\/v2\/media?parent=7707"}],"wp:term":[{"taxonomy":"frge_profile","embeddable":true,"href":"https:\/\/fge.swebwp.oci.eu\/de\/wp-json\/wp\/v2\/frge_profile?post=7707"}],"curies":[{"name":"wp","href":"https:\/\/api.w.org\/{rel}","templated":true}]}}