{"id":7705,"date":"2021-05-19T15:21:19","date_gmt":"2021-05-19T13:21:19","guid":{"rendered":"https:\/\/fge.swebwp.oci.eu\/?page_id=7705"},"modified":"2023-04-25T11:42:49","modified_gmt":"2023-04-25T09:42:49","slug":"werr-kann-ein-praktikum-machen","status":"publish","type":"page","link":"https:\/\/fge.swebwp.oci.eu\/de\/startseite\/jugendliche\/praktikum\/praktikum-in-belgien-ihre-rechte-und-pflichten\/werr-kann-ein-praktikum-machen\/","title":{"rendered":"Wer kann ein Praktikum machen?"},"content":{"rendered":"\n<p>Die landesweit geltenden Regelungen f\u00fcr Praktika sind im K\u00f6niglichen Erlass vom 21. September 2004 festgelegt: \u201eUnter einem Praktikanten ist jeder Sch\u00fcler oder Studierende zu verstehen, der im Rahmen des Lehrprogramms einer Bildungseinrichtung zur Erlangung von Berufserfahrung eine T\u00e4tigkeit bei einem Arbeitgeber aus\u00fcbt, und zwar unter \u00e4hnlichen Bedingungen wie die Besch\u00e4ftigten dieses Arbeitgebers.\u201c Studierende, die ein Praktikum absolvieren, m\u00fcssen mindestens 18 Jahre alt sein.<br>Ein Praktikum muss als Lernzeit gelten. Es ist nicht zul\u00e4ssig, einen Praktikumsvertrag zu nutzen, um eine Arbeit ausf\u00fchren zu lassen, ohne dabei auf die Ausbildung des Praktikanten zu achten.<br><br><\/p>\n","protected":false},"excerpt":{"rendered":"<p>Die landesweit geltenden Regelungen f\u00fcr Praktika sind im K\u00f6niglichen Erlass vom 21. September 2004 festgelegt: \u201eUnter einem Praktikanten ist jeder Sch\u00fcler oder Studierende zu verstehen, der im Rahmen des Lehrprogramms einer Bildungseinrichtung zur Erlangung von Berufserfahrung eine T\u00e4tigkeit bei einem Arbeitgeber aus\u00fcbt, und zwar unter \u00e4hnlichen Bedingungen wie die Besch\u00e4ftigten dieses Arbeitgebers.\u201c Studierende, die ein [&hellip;]<\/p>\n","protected":false},"author":7,"featured_media":0,"parent":7652,"menu_order":0,"comment_status":"closed","ping_status":"closed","template":"","meta":{"inline_featured_image":false,"footnotes":""},"frge_profile":[],"class_list":["post-7705","page","type-page","status-publish","hentry"],"yoast_head":"<!-- This site is optimized with the Yoast SEO plugin v25.0 - https:\/\/yoast.com\/wordpress\/plugins\/seo\/ -->\n<title>Wer kann ein Praktikum machen? - Frontaliers Grand Est<\/title>\n<meta name=\"robots\" content=\"noindex, follow, max-snippet:-1, max-image-preview:large, max-video-preview:-1\" \/>\n<meta property=\"og:locale\" content=\"de_DE\" \/>\n<meta property=\"og:type\" content=\"article\" \/>\n<meta property=\"og:title\" content=\"Wer kann ein Praktikum machen? - Frontaliers Grand Est\" \/>\n<meta property=\"og:description\" content=\"Die landesweit geltenden Regelungen f\u00fcr Praktika sind im K\u00f6niglichen Erlass vom 21. September 2004 festgelegt: \u201eUnter einem Praktikanten ist jeder Sch\u00fcler oder Studierende zu verstehen, der im Rahmen des Lehrprogramms einer Bildungseinrichtung zur Erlangung von Berufserfahrung eine T\u00e4tigkeit bei einem Arbeitgeber aus\u00fcbt, und zwar unter \u00e4hnlichen Bedingungen wie die Besch\u00e4ftigten dieses Arbeitgebers.\u201c Studierende, die ein [&hellip;]\" \/>\n<meta property=\"og:url\" content=\"https:\/\/fge.swebwp.oci.eu\/de\/startseite\/jugendliche\/praktikum\/praktikum-in-belgien-ihre-rechte-und-pflichten\/werr-kann-ein-praktikum-machen\/\" \/>\n<meta property=\"og:site_name\" content=\"Frontaliers Grand Est\" \/>\n<meta property=\"article:modified_time\" content=\"2023-04-25T09:42:49+00:00\" \/>\n<meta name=\"twitter:card\" content=\"summary_large_image\" \/>\n<meta name=\"twitter:label1\" content=\"Gesch\u00e4tzte Lesezeit\" \/>\n\t<meta name=\"twitter:data1\" content=\"1\u00a0Minute\" \/>\n<script type=\"application\/ld+json\" class=\"yoast-schema-graph\">{\"@context\":\"https:\/\/schema.org\",\"@graph\":[{\"@type\":\"WebPage\",\"@id\":\"https:\/\/fge.swebwp.oci.eu\/de\/startseite\/jugendliche\/praktikum\/praktikum-in-belgien-ihre-rechte-und-pflichten\/werr-kann-ein-praktikum-machen\/\",\"url\":\"https:\/\/fge.swebwp.oci.eu\/de\/startseite\/jugendliche\/praktikum\/praktikum-in-belgien-ihre-rechte-und-pflichten\/werr-kann-ein-praktikum-machen\/\",\"name\":\"Wer kann ein Praktikum machen? - Frontaliers Grand Est\",\"isPartOf\":{\"@id\":\"https:\/\/fge.swebwp.oci.eu\/de\/#website\"},\"datePublished\":\"2021-05-19T13:21:19+00:00\",\"dateModified\":\"2023-04-25T09:42:49+00:00\",\"breadcrumb\":{\"@id\":\"https:\/\/fge.swebwp.oci.eu\/de\/startseite\/jugendliche\/praktikum\/praktikum-in-belgien-ihre-rechte-und-pflichten\/werr-kann-ein-praktikum-machen\/#breadcrumb\"},\"inLanguage\":\"de\",\"potentialAction\":[{\"@type\":\"ReadAction\",\"target\":[\"https:\/\/fge.swebwp.oci.eu\/de\/startseite\/jugendliche\/praktikum\/praktikum-in-belgien-ihre-rechte-und-pflichten\/werr-kann-ein-praktikum-machen\/\"]}]},{\"@type\":\"BreadcrumbList\",\"@id\":\"https:\/\/fge.swebwp.oci.eu\/de\/startseite\/jugendliche\/praktikum\/praktikum-in-belgien-ihre-rechte-und-pflichten\/werr-kann-ein-praktikum-machen\/#breadcrumb\",\"itemListElement\":[{\"@type\":\"ListItem\",\"position\":1,\"name\":\"Startseite\",\"item\":\"https:\/\/fge.swebwp.oci.eu\/de\/\"},{\"@type\":\"ListItem\",\"position\":2,\"name\":\"Jugendliche\",\"item\":\"https:\/\/fge.swebwp.oci.eu\/de\/startseite\/jugendliche\/\"},{\"@type\":\"ListItem\",\"position\":3,\"name\":\"Praktikum\",\"item\":\"https:\/\/fge.swebwp.oci.eu\/de\/startseite\/jugendliche\/praktikum\/\"},{\"@type\":\"ListItem\",\"position\":4,\"name\":\"Praktikum in Belgien : Ihre Rechte und Pflichten\",\"item\":\"https:\/\/fge.swebwp.oci.eu\/de\/startseite\/jugendliche\/praktikum\/praktikum-in-belgien-ihre-rechte-und-pflichten\/\"},{\"@type\":\"ListItem\",\"position\":5,\"name\":\"Wer kann ein Praktikum machen?\"}]},{\"@type\":\"WebSite\",\"@id\":\"https:\/\/fge.swebwp.oci.eu\/de\/#website\",\"url\":\"https:\/\/fge.swebwp.oci.eu\/de\/\",\"name\":\"Frontaliers Grand Est\",\"description\":\"Le site ressource du travail frontalier\",\"potentialAction\":[{\"@type\":\"SearchAction\",\"target\":{\"@type\":\"EntryPoint\",\"urlTemplate\":\"https:\/\/fge.swebwp.oci.eu\/de\/?s={search_term_string}\"},\"query-input\":{\"@type\":\"PropertyValueSpecification\",\"valueRequired\":true,\"valueName\":\"search_term_string\"}}],\"inLanguage\":\"de\"}]}<\/script>\n<!-- \/ Yoast SEO plugin. -->","yoast_head_json":{"title":"Wer kann ein Praktikum machen? - Frontaliers Grand Est","robots":{"index":"noindex","follow":"follow","max-snippet":"max-snippet:-1","max-image-preview":"max-image-preview:large","max-video-preview":"max-video-preview:-1"},"og_locale":"de_DE","og_type":"article","og_title":"Wer kann ein Praktikum machen? - Frontaliers Grand Est","og_description":"Die landesweit geltenden Regelungen f\u00fcr Praktika sind im K\u00f6niglichen Erlass vom 21. September 2004 festgelegt: \u201eUnter einem Praktikanten ist jeder Sch\u00fcler oder Studierende zu verstehen, der im Rahmen des Lehrprogramms einer Bildungseinrichtung zur Erlangung von Berufserfahrung eine T\u00e4tigkeit bei einem Arbeitgeber aus\u00fcbt, und zwar unter \u00e4hnlichen Bedingungen wie die Besch\u00e4ftigten dieses Arbeitgebers.\u201c Studierende, die ein [&hellip;]","og_url":"https:\/\/fge.swebwp.oci.eu\/de\/startseite\/jugendliche\/praktikum\/praktikum-in-belgien-ihre-rechte-und-pflichten\/werr-kann-ein-praktikum-machen\/","og_site_name":"Frontaliers Grand Est","article_modified_time":"2023-04-25T09:42:49+00:00","twitter_card":"summary_large_image","twitter_misc":{"Gesch\u00e4tzte Lesezeit":"1\u00a0Minute"},"schema":{"@context":"https:\/\/schema.org","@graph":[{"@type":"WebPage","@id":"https:\/\/fge.swebwp.oci.eu\/de\/startseite\/jugendliche\/praktikum\/praktikum-in-belgien-ihre-rechte-und-pflichten\/werr-kann-ein-praktikum-machen\/","url":"https:\/\/fge.swebwp.oci.eu\/de\/startseite\/jugendliche\/praktikum\/praktikum-in-belgien-ihre-rechte-und-pflichten\/werr-kann-ein-praktikum-machen\/","name":"Wer kann ein Praktikum machen? - Frontaliers Grand Est","isPartOf":{"@id":"https:\/\/fge.swebwp.oci.eu\/de\/#website"},"datePublished":"2021-05-19T13:21:19+00:00","dateModified":"2023-04-25T09:42:49+00:00","breadcrumb":{"@id":"https:\/\/fge.swebwp.oci.eu\/de\/startseite\/jugendliche\/praktikum\/praktikum-in-belgien-ihre-rechte-und-pflichten\/werr-kann-ein-praktikum-machen\/#breadcrumb"},"inLanguage":"de","potentialAction":[{"@type":"ReadAction","target":["https:\/\/fge.swebwp.oci.eu\/de\/startseite\/jugendliche\/praktikum\/praktikum-in-belgien-ihre-rechte-und-pflichten\/werr-kann-ein-praktikum-machen\/"]}]},{"@type":"BreadcrumbList","@id":"https:\/\/fge.swebwp.oci.eu\/de\/startseite\/jugendliche\/praktikum\/praktikum-in-belgien-ihre-rechte-und-pflichten\/werr-kann-ein-praktikum-machen\/#breadcrumb","itemListElement":[{"@type":"ListItem","position":1,"name":"Startseite","item":"https:\/\/fge.swebwp.oci.eu\/de\/"},{"@type":"ListItem","position":2,"name":"Jugendliche","item":"https:\/\/fge.swebwp.oci.eu\/de\/startseite\/jugendliche\/"},{"@type":"ListItem","position":3,"name":"Praktikum","item":"https:\/\/fge.swebwp.oci.eu\/de\/startseite\/jugendliche\/praktikum\/"},{"@type":"ListItem","position":4,"name":"Praktikum in Belgien : Ihre Rechte und Pflichten","item":"https:\/\/fge.swebwp.oci.eu\/de\/startseite\/jugendliche\/praktikum\/praktikum-in-belgien-ihre-rechte-und-pflichten\/"},{"@type":"ListItem","position":5,"name":"Wer kann ein Praktikum machen?"}]},{"@type":"WebSite","@id":"https:\/\/fge.swebwp.oci.eu\/de\/#website","url":"https:\/\/fge.swebwp.oci.eu\/de\/","name":"Frontaliers Grand Est","description":"Le site ressource du travail frontalier","potentialAction":[{"@type":"SearchAction","target":{"@type":"EntryPoint","urlTemplate":"https:\/\/fge.swebwp.oci.eu\/de\/?s={search_term_string}"},"query-input":{"@type":"PropertyValueSpecification","valueRequired":true,"valueName":"search_term_string"}}],"inLanguage":"de"}]}},"_links":{"self":[{"href":"https:\/\/fge.swebwp.oci.eu\/de\/wp-json\/wp\/v2\/pages\/7705","targetHints":{"allow":["GET"]}}],"collection":[{"href":"https:\/\/fge.swebwp.oci.eu\/de\/wp-json\/wp\/v2\/pages"}],"about":[{"href":"https:\/\/fge.swebwp.oci.eu\/de\/wp-json\/wp\/v2\/types\/page"}],"author":[{"embeddable":true,"href":"https:\/\/fge.swebwp.oci.eu\/de\/wp-json\/wp\/v2\/users\/7"}],"replies":[{"embeddable":true,"href":"https:\/\/fge.swebwp.oci.eu\/de\/wp-json\/wp\/v2\/comments?post=7705"}],"version-history":[{"count":2,"href":"https:\/\/fge.swebwp.oci.eu\/de\/wp-json\/wp\/v2\/pages\/7705\/revisions"}],"predecessor-version":[{"id":24462,"href":"https:\/\/fge.swebwp.oci.eu\/de\/wp-json\/wp\/v2\/pages\/7705\/revisions\/24462"}],"up":[{"embeddable":true,"href":"https:\/\/fge.swebwp.oci.eu\/de\/wp-json\/wp\/v2\/pages\/7652"}],"wp:attachment":[{"href":"https:\/\/fge.swebwp.oci.eu\/de\/wp-json\/wp\/v2\/media?parent=7705"}],"wp:term":[{"taxonomy":"frge_profile","embeddable":true,"href":"https:\/\/fge.swebwp.oci.eu\/de\/wp-json\/wp\/v2\/frge_profile?post=7705"}],"curies":[{"name":"wp","href":"https:\/\/api.w.org\/{rel}","templated":true}]}}