{"id":7694,"date":"2021-05-19T15:15:23","date_gmt":"2021-05-19T13:15:23","guid":{"rendered":"https:\/\/fge.swebwp.oci.eu\/?page_id=7694"},"modified":"2024-07-09T17:27:36","modified_gmt":"2024-07-09T15:27:36","slug":"besteuerung","status":"publish","type":"page","link":"https:\/\/fge.swebwp.oci.eu\/de\/startseite\/jugendliche\/praktikum\/praktikum-in-deutschland-ihre-rechte-und-pflichten\/besteuerung\/","title":{"rendered":"Besteuerung"},"content":{"rendered":"\n<h5 class=\"wp-block-heading\"><strong>Besteuerung von Einkommen f\u00fcr einen franz\u00f6sischen Studenten, der ein Praktikum in Deutschland absolviert hat<\/strong><\/h5>\n\n\n\n<p>F\u00fcr Studierende und Praktikanten, die weniger als 183 Tage innerhalb eines Kalenderjahres (also weniger als 6 Monate) in einem Unternehmen besch\u00e4ftigt sind, das in einem Partnerstaat (z. B. Deutschland) ans\u00e4ssig ist, in dem die betreffende Person nicht ihren Wohnsitz hat, gilt folgende rechtliche Regelung: Bei jedem von einem Studierenden absolvierten Praktikum werden die Eink\u00fcnfte nur in dem Land besteuert, in dem der Studierende wohnhaft ist.<br><br>Um jedweden Abzug von Quellensteuer in Deutschland zu vermeiden, k\u00f6nnen sich die Praktikanten an das Finanzamt vor Ort wenden, um eine Bescheinigung \u00fcber eine Steuerbefreiung zu beantragen, indem sie auf Artikel 17 des Doppelbesteuerungsabkommens zwischen Deutschland und Frankreich Bezug nehmen.<br><br>Franz\u00f6sische Studierende unterliegen damit den in Frankreich f\u00fcr Praktika geltenden steuerrechtlichen Regelungen.<\/p>\n\n\n\n<p>Die Verg\u00fctungen, die im Rahmen eines Praktikumsvertrags mit einer Dauer von mehr als 2 Monaten gezahlt werden, sind bis zur H\u00f6he des in Frankreich geltenden gesetzlichen j\u00e4hrlichen Mindestlohns SMIC (20.964 \u20ac brutto, Stand: 1. Mai 2023) steuerfrei. Dies gilt altersunabh\u00e4ngig und unabh\u00e4ngig davon, ob der Praktikant zusammen mit dem steuerpflichtigen elterlichen Haushalt veranlagt wird oder nicht. Liegt die Verg\u00fctung \u00fcber diesem Betrag, ist der Teil, der die H\u00f6chstgrenze \u00fcbersteigt, einkommensteuerpflichtig.<\/p>\n","protected":false},"excerpt":{"rendered":"<p>Besteuerung von Einkommen f\u00fcr einen franz\u00f6sischen Studenten, der ein Praktikum in Deutschland absolviert hat F\u00fcr Studierende und Praktikanten, die weniger als 183 Tage innerhalb eines Kalenderjahres (also weniger als 6 Monate) in einem Unternehmen besch\u00e4ftigt sind, das in einem Partnerstaat (z. B. Deutschland) ans\u00e4ssig ist, in dem die betreffende Person nicht ihren Wohnsitz hat, gilt [&hellip;]<\/p>\n","protected":false},"author":7,"featured_media":0,"parent":7650,"menu_order":7,"comment_status":"closed","ping_status":"closed","template":"","meta":{"inline_featured_image":false,"footnotes":""},"frge_profile":[],"class_list":["post-7694","page","type-page","status-publish","hentry"],"yoast_head":"<!-- This site is optimized with the Yoast SEO plugin v25.0 - https:\/\/yoast.com\/wordpress\/plugins\/seo\/ -->\n<title>Besteuerung von einkommen f\u00fcr Franz\u00f6sische praktikanten in Deutschland<\/title>\n<meta name=\"description\" content=\"Steuerregeln f\u00fcr franz\u00f6sische Studenten bei Praktika in Deutschland: Besteuerung im Wohnsitzland, Steuerbefreiung m\u00f6glich.\" \/>\n<meta name=\"robots\" content=\"noindex, follow, max-snippet:-1, max-image-preview:large, max-video-preview:-1\" \/>\n<meta property=\"og:locale\" content=\"de_DE\" \/>\n<meta property=\"og:type\" content=\"article\" \/>\n<meta property=\"og:title\" content=\"Besteuerung von einkommen f\u00fcr Franz\u00f6sische praktikanten in Deutschland\" \/>\n<meta property=\"og:description\" content=\"Steuerregeln f\u00fcr franz\u00f6sische Studenten bei Praktika in Deutschland: Besteuerung im Wohnsitzland, Steuerbefreiung m\u00f6glich.\" \/>\n<meta property=\"og:url\" content=\"https:\/\/fge.swebwp.oci.eu\/de\/startseite\/jugendliche\/praktikum\/praktikum-in-deutschland-ihre-rechte-und-pflichten\/besteuerung\/\" \/>\n<meta property=\"og:site_name\" content=\"Frontaliers Grand Est\" \/>\n<meta property=\"article:modified_time\" content=\"2024-07-09T15:27:36+00:00\" \/>\n<meta name=\"twitter:card\" content=\"summary_large_image\" \/>\n<meta name=\"twitter:label1\" content=\"Gesch\u00e4tzte Lesezeit\" \/>\n\t<meta name=\"twitter:data1\" content=\"2\u00a0Minuten\" \/>\n<script type=\"application\/ld+json\" class=\"yoast-schema-graph\">{\"@context\":\"https:\/\/schema.org\",\"@graph\":[{\"@type\":\"WebPage\",\"@id\":\"https:\/\/fge.swebwp.oci.eu\/de\/startseite\/jugendliche\/praktikum\/praktikum-in-deutschland-ihre-rechte-und-pflichten\/besteuerung\/\",\"url\":\"https:\/\/fge.swebwp.oci.eu\/de\/startseite\/jugendliche\/praktikum\/praktikum-in-deutschland-ihre-rechte-und-pflichten\/besteuerung\/\",\"name\":\"Besteuerung von einkommen f\u00fcr Franz\u00f6sische praktikanten in Deutschland\",\"isPartOf\":{\"@id\":\"https:\/\/fge.swebwp.oci.eu\/de\/#website\"},\"datePublished\":\"2021-05-19T13:15:23+00:00\",\"dateModified\":\"2024-07-09T15:27:36+00:00\",\"description\":\"Steuerregeln f\u00fcr franz\u00f6sische Studenten bei Praktika in Deutschland: Besteuerung im Wohnsitzland, Steuerbefreiung m\u00f6glich.\",\"breadcrumb\":{\"@id\":\"https:\/\/fge.swebwp.oci.eu\/de\/startseite\/jugendliche\/praktikum\/praktikum-in-deutschland-ihre-rechte-und-pflichten\/besteuerung\/#breadcrumb\"},\"inLanguage\":\"de\",\"potentialAction\":[{\"@type\":\"ReadAction\",\"target\":[\"https:\/\/fge.swebwp.oci.eu\/de\/startseite\/jugendliche\/praktikum\/praktikum-in-deutschland-ihre-rechte-und-pflichten\/besteuerung\/\"]}]},{\"@type\":\"BreadcrumbList\",\"@id\":\"https:\/\/fge.swebwp.oci.eu\/de\/startseite\/jugendliche\/praktikum\/praktikum-in-deutschland-ihre-rechte-und-pflichten\/besteuerung\/#breadcrumb\",\"itemListElement\":[{\"@type\":\"ListItem\",\"position\":1,\"name\":\"Startseite\",\"item\":\"https:\/\/fge.swebwp.oci.eu\/de\/\"},{\"@type\":\"ListItem\",\"position\":2,\"name\":\"Jugendliche\",\"item\":\"https:\/\/fge.swebwp.oci.eu\/de\/startseite\/jugendliche\/\"},{\"@type\":\"ListItem\",\"position\":3,\"name\":\"Praktikum\",\"item\":\"https:\/\/fge.swebwp.oci.eu\/de\/startseite\/jugendliche\/praktikum\/\"},{\"@type\":\"ListItem\",\"position\":4,\"name\":\"Praktikum in Deutschland : Ihre Rechte und Pflichten\",\"item\":\"https:\/\/fge.swebwp.oci.eu\/de\/startseite\/jugendliche\/praktikum\/praktikum-in-deutschland-ihre-rechte-und-pflichten\/\"},{\"@type\":\"ListItem\",\"position\":5,\"name\":\"Besteuerung\"}]},{\"@type\":\"WebSite\",\"@id\":\"https:\/\/fge.swebwp.oci.eu\/de\/#website\",\"url\":\"https:\/\/fge.swebwp.oci.eu\/de\/\",\"name\":\"Frontaliers Grand Est\",\"description\":\"Le site ressource du travail frontalier\",\"potentialAction\":[{\"@type\":\"SearchAction\",\"target\":{\"@type\":\"EntryPoint\",\"urlTemplate\":\"https:\/\/fge.swebwp.oci.eu\/de\/?s={search_term_string}\"},\"query-input\":{\"@type\":\"PropertyValueSpecification\",\"valueRequired\":true,\"valueName\":\"search_term_string\"}}],\"inLanguage\":\"de\"}]}<\/script>\n<!-- \/ Yoast SEO plugin. -->","yoast_head_json":{"title":"Besteuerung von einkommen f\u00fcr Franz\u00f6sische praktikanten in Deutschland","description":"Steuerregeln f\u00fcr franz\u00f6sische Studenten bei Praktika in Deutschland: Besteuerung im Wohnsitzland, Steuerbefreiung m\u00f6glich.","robots":{"index":"noindex","follow":"follow","max-snippet":"max-snippet:-1","max-image-preview":"max-image-preview:large","max-video-preview":"max-video-preview:-1"},"og_locale":"de_DE","og_type":"article","og_title":"Besteuerung von einkommen f\u00fcr Franz\u00f6sische praktikanten in Deutschland","og_description":"Steuerregeln f\u00fcr franz\u00f6sische Studenten bei Praktika in Deutschland: Besteuerung im Wohnsitzland, Steuerbefreiung m\u00f6glich.","og_url":"https:\/\/fge.swebwp.oci.eu\/de\/startseite\/jugendliche\/praktikum\/praktikum-in-deutschland-ihre-rechte-und-pflichten\/besteuerung\/","og_site_name":"Frontaliers Grand Est","article_modified_time":"2024-07-09T15:27:36+00:00","twitter_card":"summary_large_image","twitter_misc":{"Gesch\u00e4tzte Lesezeit":"2\u00a0Minuten"},"schema":{"@context":"https:\/\/schema.org","@graph":[{"@type":"WebPage","@id":"https:\/\/fge.swebwp.oci.eu\/de\/startseite\/jugendliche\/praktikum\/praktikum-in-deutschland-ihre-rechte-und-pflichten\/besteuerung\/","url":"https:\/\/fge.swebwp.oci.eu\/de\/startseite\/jugendliche\/praktikum\/praktikum-in-deutschland-ihre-rechte-und-pflichten\/besteuerung\/","name":"Besteuerung von einkommen f\u00fcr Franz\u00f6sische praktikanten in Deutschland","isPartOf":{"@id":"https:\/\/fge.swebwp.oci.eu\/de\/#website"},"datePublished":"2021-05-19T13:15:23+00:00","dateModified":"2024-07-09T15:27:36+00:00","description":"Steuerregeln f\u00fcr franz\u00f6sische Studenten bei Praktika in Deutschland: Besteuerung im Wohnsitzland, Steuerbefreiung m\u00f6glich.","breadcrumb":{"@id":"https:\/\/fge.swebwp.oci.eu\/de\/startseite\/jugendliche\/praktikum\/praktikum-in-deutschland-ihre-rechte-und-pflichten\/besteuerung\/#breadcrumb"},"inLanguage":"de","potentialAction":[{"@type":"ReadAction","target":["https:\/\/fge.swebwp.oci.eu\/de\/startseite\/jugendliche\/praktikum\/praktikum-in-deutschland-ihre-rechte-und-pflichten\/besteuerung\/"]}]},{"@type":"BreadcrumbList","@id":"https:\/\/fge.swebwp.oci.eu\/de\/startseite\/jugendliche\/praktikum\/praktikum-in-deutschland-ihre-rechte-und-pflichten\/besteuerung\/#breadcrumb","itemListElement":[{"@type":"ListItem","position":1,"name":"Startseite","item":"https:\/\/fge.swebwp.oci.eu\/de\/"},{"@type":"ListItem","position":2,"name":"Jugendliche","item":"https:\/\/fge.swebwp.oci.eu\/de\/startseite\/jugendliche\/"},{"@type":"ListItem","position":3,"name":"Praktikum","item":"https:\/\/fge.swebwp.oci.eu\/de\/startseite\/jugendliche\/praktikum\/"},{"@type":"ListItem","position":4,"name":"Praktikum in Deutschland : Ihre Rechte und Pflichten","item":"https:\/\/fge.swebwp.oci.eu\/de\/startseite\/jugendliche\/praktikum\/praktikum-in-deutschland-ihre-rechte-und-pflichten\/"},{"@type":"ListItem","position":5,"name":"Besteuerung"}]},{"@type":"WebSite","@id":"https:\/\/fge.swebwp.oci.eu\/de\/#website","url":"https:\/\/fge.swebwp.oci.eu\/de\/","name":"Frontaliers Grand Est","description":"Le site ressource du travail frontalier","potentialAction":[{"@type":"SearchAction","target":{"@type":"EntryPoint","urlTemplate":"https:\/\/fge.swebwp.oci.eu\/de\/?s={search_term_string}"},"query-input":{"@type":"PropertyValueSpecification","valueRequired":true,"valueName":"search_term_string"}}],"inLanguage":"de"}]}},"_links":{"self":[{"href":"https:\/\/fge.swebwp.oci.eu\/de\/wp-json\/wp\/v2\/pages\/7694","targetHints":{"allow":["GET"]}}],"collection":[{"href":"https:\/\/fge.swebwp.oci.eu\/de\/wp-json\/wp\/v2\/pages"}],"about":[{"href":"https:\/\/fge.swebwp.oci.eu\/de\/wp-json\/wp\/v2\/types\/page"}],"author":[{"embeddable":true,"href":"https:\/\/fge.swebwp.oci.eu\/de\/wp-json\/wp\/v2\/users\/7"}],"replies":[{"embeddable":true,"href":"https:\/\/fge.swebwp.oci.eu\/de\/wp-json\/wp\/v2\/comments?post=7694"}],"version-history":[{"count":4,"href":"https:\/\/fge.swebwp.oci.eu\/de\/wp-json\/wp\/v2\/pages\/7694\/revisions"}],"predecessor-version":[{"id":24432,"href":"https:\/\/fge.swebwp.oci.eu\/de\/wp-json\/wp\/v2\/pages\/7694\/revisions\/24432"}],"up":[{"embeddable":true,"href":"https:\/\/fge.swebwp.oci.eu\/de\/wp-json\/wp\/v2\/pages\/7650"}],"wp:attachment":[{"href":"https:\/\/fge.swebwp.oci.eu\/de\/wp-json\/wp\/v2\/media?parent=7694"}],"wp:term":[{"taxonomy":"frge_profile","embeddable":true,"href":"https:\/\/fge.swebwp.oci.eu\/de\/wp-json\/wp\/v2\/frge_profile?post=7694"}],"curies":[{"name":"wp","href":"https:\/\/api.w.org\/{rel}","templated":true}]}}