{"id":7684,"date":"2021-05-19T14:55:03","date_gmt":"2021-05-19T12:55:03","guid":{"rendered":"https:\/\/fge.swebwp.oci.eu\/?page_id=7684"},"modified":"2024-10-24T12:16:29","modified_gmt":"2024-10-24T10:16:29","slug":"als-auslander-ein-praktikum-in-deutschland-machen","status":"publish","type":"page","link":"https:\/\/fge.swebwp.oci.eu\/de\/startseite\/jugendliche\/praktikum\/praktikum-in-deutschland-ihre-rechte-und-pflichten\/als-auslander-ein-praktikum-in-deutschland-machen\/","title":{"rendered":"Als &#8222;Ausl\u00e4nder&#8220; ein Praktikum in Deutschland machen"},"content":{"rendered":"\n<h3 class=\"wp-block-heading\">im vorfeld zu erledigende formalit\u00e4ten <\/h3>\n\n\n\n<p><strong><u>F\u00fcr Studierende aus der Europ\u00e4ischen Union<\/u><\/strong><br>Staatsangeh\u00f6rige eines Mitgliedstaats der Europ\u00e4ischen Union m\u00fcssen keine besonderen Formalit\u00e4ten erledigen (abgesehen vom Abschluss eines Praktikumsvertrags bzw. einer Praktikumsvereinbarung). Einen Personalausweis muss die betreffende Person allerdings besitzen.<br><\/p>\n\n\n\n<p><strong>F\u00fcr Studierende aus Nicht-EU-L\u00e4ndern<\/strong><br><br>\u2192 <strong>Beantragung eines Visums vor der Reise<\/strong><br>Nicht-EU-B\u00fcrger m\u00fcssen f\u00fcr die Einreise nach Deutschland bei der deutschen Botschaft oder beim deutschen Konsulat in ihrem Heimatland ein Visum beantragen. Das sogenannte Studentenvisum gilt f\u00fcr ein Jahr. Ein Praktikum in Deutschland d\u00fcrfen internationale Studierende nur dann machen, wenn sie mindestens 4 Studiensemester in ihrer Bildungseinrichtung absolviert haben. Das Praktikum muss im Rahmen des Studiums vorgeschrieben sein und einen direkten Bezug zum Studium haben.<br><\/p>\n\n\n\n<p><strong>F\u00fcr die Beantragung des Visums<\/strong> m\u00fcssen die Studierenden einen Termin bei der deutschen Botschaft in ihrem Heimatland vereinbaren.<br>Vorzulegen sind dabei folgende Dokumente, wobei die nachstehende Auflistung je nach Land eventuell erg\u00e4nzt werden muss:<br>&#8211; das Antragsformular,<br>&#8211; ein g\u00fcltiger Reisepass und Passbilder,<br>&#8211; die Immatrikulationsbescheinigung der Hochschuleinrichtung und eine Bescheinigung dar\u00fcber, dass das Praktikum Teil des Studiengangs ist,<br>&#8211; eine Bescheinigung \u00fcber eine w\u00e4hrend der gesamten Dauer des Praktikums in Deutschland geltende Krankenversicherung (Original + 2 Kopien),<br>&#8211; Nachweis \u00fcber ausreichende finanzielle Mittel oder \u00fcber ein Stipendium,<br>&#8211; die Zustimmung der Bundesagentur f\u00fcr Arbeit, die als Arbeitserlaubnis gilt. Diese Formalit\u00e4ten sind nicht erforderlich bei Praktika im Rahmen europ\u00e4ischer Austauschprogramme (Erasmus, Tempus, Leonardo etc.) sowie im Falle von Praktika bei deutschen staatlichen Stellen und europ\u00e4ischen Einrichtungen.<br>Auch Drittstaatsangeh\u00f6rige, die mit einem Aufenthaltstitel in einem Mitgliedstaat der EU studieren, m\u00fcssen ein Visum f\u00fcr Deutschland beantragen.<br><br>\u2192 <strong>Ausnahme von der Visumpflicht f\u00fcr Staatsangeh\u00f6rige bestimmter L\u00e4nder<\/strong><br>Staatsangeh\u00f6rige aus Australien, Kanada, S\u00fcdkorea, Israel, Japan, Neuseeland und den USA ben\u00f6tigen f\u00fcr einen Aufenthalt, der <strong>nicht l\u00e4nger als drei Monate dauert<\/strong>, kein Visum. Bei l\u00e4ngeren Aufenthalten m\u00fcssen auch Personen aus diesen L\u00e4ndern bei der deutschen Botschaft oder beim deutschen Konsulat ein Visum beantragen.<br><br>\u2192 <strong>Beantragung eines Aufenthaltstitels<\/strong><br>Der Aufenthaltstitel f\u00fcr ein Hochschulpraktikum muss bei der Ausl\u00e4nderbeh\u00f6rde beantragt werden.<br><br><strong>Freiwillige Praktika<\/strong><br>Ein freiwilliges Praktikum kann unter denselben Bedingungen absolviert werden, vorausgesetzt, dass das Ende des Studiums noch nicht l\u00e4nger als 18 Monate zur\u00fcckliegt und <strong>das Praktikum einen direkten Bezug zum Studium hat.<\/strong> Drittstaatsangeh\u00f6rige m\u00fcssen dieselben Formalit\u00e4ten erledigen wie bei einem Pflichtpraktikum.<br><br>Informationen zu den Regelungen und Formalit\u00e4ten: <a href=\"https:\/\/www.germany-visa.org\/de\/\" target=\"_blank\" rel=\"noreferrer noopener\">Visum f\u00fcr Deutschland &#8211; Einreise und Aufenthalt in Deutschland<\/a><br><br><\/p>\n","protected":false},"excerpt":{"rendered":"<p>im vorfeld zu erledigende formalit\u00e4ten F\u00fcr Studierende aus der Europ\u00e4ischen UnionStaatsangeh\u00f6rige eines Mitgliedstaats der Europ\u00e4ischen Union m\u00fcssen keine besonderen Formalit\u00e4ten erledigen (abgesehen vom Abschluss eines Praktikumsvertrags bzw. einer Praktikumsvereinbarung). Einen Personalausweis muss die betreffende Person allerdings besitzen. F\u00fcr Studierende aus Nicht-EU-L\u00e4ndern \u2192 Beantragung eines Visums vor der ReiseNicht-EU-B\u00fcrger m\u00fcssen f\u00fcr die Einreise nach Deutschland bei [&hellip;]<\/p>\n","protected":false},"author":7,"featured_media":0,"parent":7650,"menu_order":3,"comment_status":"closed","ping_status":"closed","template":"","meta":{"inline_featured_image":false,"footnotes":""},"frge_profile":[],"class_list":["post-7684","page","type-page","status-publish","hentry"],"yoast_head":"<!-- This site is optimized with the Yoast SEO plugin v25.0 - https:\/\/yoast.com\/wordpress\/plugins\/seo\/ -->\n<title>Als &quot;Ausl\u00e4nder&quot; ein Praktikum in Deutschland machen - Frontaliers Grand Est<\/title>\n<meta name=\"robots\" content=\"noindex, follow, max-snippet:-1, max-image-preview:large, max-video-preview:-1\" \/>\n<meta property=\"og:locale\" content=\"de_DE\" \/>\n<meta property=\"og:type\" content=\"article\" \/>\n<meta property=\"og:title\" content=\"Als &quot;Ausl\u00e4nder&quot; ein Praktikum in Deutschland machen - Frontaliers Grand Est\" \/>\n<meta property=\"og:description\" content=\"im vorfeld zu erledigende formalit\u00e4ten F\u00fcr Studierende aus der Europ\u00e4ischen UnionStaatsangeh\u00f6rige eines Mitgliedstaats der Europ\u00e4ischen Union m\u00fcssen keine besonderen Formalit\u00e4ten erledigen (abgesehen vom Abschluss eines Praktikumsvertrags bzw. einer Praktikumsvereinbarung). Einen Personalausweis muss die betreffende Person allerdings besitzen. F\u00fcr Studierende aus Nicht-EU-L\u00e4ndern \u2192 Beantragung eines Visums vor der ReiseNicht-EU-B\u00fcrger m\u00fcssen f\u00fcr die Einreise nach Deutschland bei [&hellip;]\" \/>\n<meta property=\"og:url\" content=\"https:\/\/fge.swebwp.oci.eu\/de\/startseite\/jugendliche\/praktikum\/praktikum-in-deutschland-ihre-rechte-und-pflichten\/als-auslander-ein-praktikum-in-deutschland-machen\/\" \/>\n<meta property=\"og:site_name\" content=\"Frontaliers Grand Est\" \/>\n<meta property=\"article:modified_time\" content=\"2024-10-24T10:16:29+00:00\" \/>\n<meta name=\"twitter:card\" content=\"summary_large_image\" \/>\n<meta name=\"twitter:label1\" content=\"Gesch\u00e4tzte Lesezeit\" \/>\n\t<meta name=\"twitter:data1\" content=\"2\u00a0Minuten\" \/>\n<script type=\"application\/ld+json\" class=\"yoast-schema-graph\">{\"@context\":\"https:\/\/schema.org\",\"@graph\":[{\"@type\":\"WebPage\",\"@id\":\"https:\/\/fge.swebwp.oci.eu\/de\/startseite\/jugendliche\/praktikum\/praktikum-in-deutschland-ihre-rechte-und-pflichten\/als-auslander-ein-praktikum-in-deutschland-machen\/\",\"url\":\"https:\/\/fge.swebwp.oci.eu\/de\/startseite\/jugendliche\/praktikum\/praktikum-in-deutschland-ihre-rechte-und-pflichten\/als-auslander-ein-praktikum-in-deutschland-machen\/\",\"name\":\"Als \\\"Ausl\u00e4nder\\\" ein Praktikum in Deutschland machen - Frontaliers Grand Est\",\"isPartOf\":{\"@id\":\"https:\/\/fge.swebwp.oci.eu\/de\/#website\"},\"datePublished\":\"2021-05-19T12:55:03+00:00\",\"dateModified\":\"2024-10-24T10:16:29+00:00\",\"breadcrumb\":{\"@id\":\"https:\/\/fge.swebwp.oci.eu\/de\/startseite\/jugendliche\/praktikum\/praktikum-in-deutschland-ihre-rechte-und-pflichten\/als-auslander-ein-praktikum-in-deutschland-machen\/#breadcrumb\"},\"inLanguage\":\"de\",\"potentialAction\":[{\"@type\":\"ReadAction\",\"target\":[\"https:\/\/fge.swebwp.oci.eu\/de\/startseite\/jugendliche\/praktikum\/praktikum-in-deutschland-ihre-rechte-und-pflichten\/als-auslander-ein-praktikum-in-deutschland-machen\/\"]}]},{\"@type\":\"BreadcrumbList\",\"@id\":\"https:\/\/fge.swebwp.oci.eu\/de\/startseite\/jugendliche\/praktikum\/praktikum-in-deutschland-ihre-rechte-und-pflichten\/als-auslander-ein-praktikum-in-deutschland-machen\/#breadcrumb\",\"itemListElement\":[{\"@type\":\"ListItem\",\"position\":1,\"name\":\"Startseite\",\"item\":\"https:\/\/fge.swebwp.oci.eu\/de\/\"},{\"@type\":\"ListItem\",\"position\":2,\"name\":\"Jugendliche\",\"item\":\"https:\/\/fge.swebwp.oci.eu\/de\/startseite\/jugendliche\/\"},{\"@type\":\"ListItem\",\"position\":3,\"name\":\"Praktikum\",\"item\":\"https:\/\/fge.swebwp.oci.eu\/de\/startseite\/jugendliche\/praktikum\/\"},{\"@type\":\"ListItem\",\"position\":4,\"name\":\"Praktikum in Deutschland : Ihre Rechte und Pflichten\",\"item\":\"https:\/\/fge.swebwp.oci.eu\/de\/startseite\/jugendliche\/praktikum\/praktikum-in-deutschland-ihre-rechte-und-pflichten\/\"},{\"@type\":\"ListItem\",\"position\":5,\"name\":\"Als &#8220;Ausl\u00e4nder&#8221; ein Praktikum in Deutschland machen\"}]},{\"@type\":\"WebSite\",\"@id\":\"https:\/\/fge.swebwp.oci.eu\/de\/#website\",\"url\":\"https:\/\/fge.swebwp.oci.eu\/de\/\",\"name\":\"Frontaliers Grand Est\",\"description\":\"Le site ressource du travail frontalier\",\"potentialAction\":[{\"@type\":\"SearchAction\",\"target\":{\"@type\":\"EntryPoint\",\"urlTemplate\":\"https:\/\/fge.swebwp.oci.eu\/de\/?s={search_term_string}\"},\"query-input\":{\"@type\":\"PropertyValueSpecification\",\"valueRequired\":true,\"valueName\":\"search_term_string\"}}],\"inLanguage\":\"de\"}]}<\/script>\n<!-- \/ Yoast SEO plugin. -->","yoast_head_json":{"title":"Als \"Ausl\u00e4nder\" ein Praktikum in Deutschland machen - Frontaliers Grand Est","robots":{"index":"noindex","follow":"follow","max-snippet":"max-snippet:-1","max-image-preview":"max-image-preview:large","max-video-preview":"max-video-preview:-1"},"og_locale":"de_DE","og_type":"article","og_title":"Als \"Ausl\u00e4nder\" ein Praktikum in Deutschland machen - Frontaliers Grand Est","og_description":"im vorfeld zu erledigende formalit\u00e4ten F\u00fcr Studierende aus der Europ\u00e4ischen UnionStaatsangeh\u00f6rige eines Mitgliedstaats der Europ\u00e4ischen Union m\u00fcssen keine besonderen Formalit\u00e4ten erledigen (abgesehen vom Abschluss eines Praktikumsvertrags bzw. einer Praktikumsvereinbarung). Einen Personalausweis muss die betreffende Person allerdings besitzen. F\u00fcr Studierende aus Nicht-EU-L\u00e4ndern \u2192 Beantragung eines Visums vor der ReiseNicht-EU-B\u00fcrger m\u00fcssen f\u00fcr die Einreise nach Deutschland bei [&hellip;]","og_url":"https:\/\/fge.swebwp.oci.eu\/de\/startseite\/jugendliche\/praktikum\/praktikum-in-deutschland-ihre-rechte-und-pflichten\/als-auslander-ein-praktikum-in-deutschland-machen\/","og_site_name":"Frontaliers Grand Est","article_modified_time":"2024-10-24T10:16:29+00:00","twitter_card":"summary_large_image","twitter_misc":{"Gesch\u00e4tzte Lesezeit":"2\u00a0Minuten"},"schema":{"@context":"https:\/\/schema.org","@graph":[{"@type":"WebPage","@id":"https:\/\/fge.swebwp.oci.eu\/de\/startseite\/jugendliche\/praktikum\/praktikum-in-deutschland-ihre-rechte-und-pflichten\/als-auslander-ein-praktikum-in-deutschland-machen\/","url":"https:\/\/fge.swebwp.oci.eu\/de\/startseite\/jugendliche\/praktikum\/praktikum-in-deutschland-ihre-rechte-und-pflichten\/als-auslander-ein-praktikum-in-deutschland-machen\/","name":"Als \"Ausl\u00e4nder\" ein Praktikum in Deutschland machen - Frontaliers Grand Est","isPartOf":{"@id":"https:\/\/fge.swebwp.oci.eu\/de\/#website"},"datePublished":"2021-05-19T12:55:03+00:00","dateModified":"2024-10-24T10:16:29+00:00","breadcrumb":{"@id":"https:\/\/fge.swebwp.oci.eu\/de\/startseite\/jugendliche\/praktikum\/praktikum-in-deutschland-ihre-rechte-und-pflichten\/als-auslander-ein-praktikum-in-deutschland-machen\/#breadcrumb"},"inLanguage":"de","potentialAction":[{"@type":"ReadAction","target":["https:\/\/fge.swebwp.oci.eu\/de\/startseite\/jugendliche\/praktikum\/praktikum-in-deutschland-ihre-rechte-und-pflichten\/als-auslander-ein-praktikum-in-deutschland-machen\/"]}]},{"@type":"BreadcrumbList","@id":"https:\/\/fge.swebwp.oci.eu\/de\/startseite\/jugendliche\/praktikum\/praktikum-in-deutschland-ihre-rechte-und-pflichten\/als-auslander-ein-praktikum-in-deutschland-machen\/#breadcrumb","itemListElement":[{"@type":"ListItem","position":1,"name":"Startseite","item":"https:\/\/fge.swebwp.oci.eu\/de\/"},{"@type":"ListItem","position":2,"name":"Jugendliche","item":"https:\/\/fge.swebwp.oci.eu\/de\/startseite\/jugendliche\/"},{"@type":"ListItem","position":3,"name":"Praktikum","item":"https:\/\/fge.swebwp.oci.eu\/de\/startseite\/jugendliche\/praktikum\/"},{"@type":"ListItem","position":4,"name":"Praktikum in Deutschland : Ihre Rechte und Pflichten","item":"https:\/\/fge.swebwp.oci.eu\/de\/startseite\/jugendliche\/praktikum\/praktikum-in-deutschland-ihre-rechte-und-pflichten\/"},{"@type":"ListItem","position":5,"name":"Als &#8220;Ausl\u00e4nder&#8221; ein Praktikum in Deutschland machen"}]},{"@type":"WebSite","@id":"https:\/\/fge.swebwp.oci.eu\/de\/#website","url":"https:\/\/fge.swebwp.oci.eu\/de\/","name":"Frontaliers Grand Est","description":"Le site ressource du travail frontalier","potentialAction":[{"@type":"SearchAction","target":{"@type":"EntryPoint","urlTemplate":"https:\/\/fge.swebwp.oci.eu\/de\/?s={search_term_string}"},"query-input":{"@type":"PropertyValueSpecification","valueRequired":true,"valueName":"search_term_string"}}],"inLanguage":"de"}]}},"_links":{"self":[{"href":"https:\/\/fge.swebwp.oci.eu\/de\/wp-json\/wp\/v2\/pages\/7684","targetHints":{"allow":["GET"]}}],"collection":[{"href":"https:\/\/fge.swebwp.oci.eu\/de\/wp-json\/wp\/v2\/pages"}],"about":[{"href":"https:\/\/fge.swebwp.oci.eu\/de\/wp-json\/wp\/v2\/types\/page"}],"author":[{"embeddable":true,"href":"https:\/\/fge.swebwp.oci.eu\/de\/wp-json\/wp\/v2\/users\/7"}],"replies":[{"embeddable":true,"href":"https:\/\/fge.swebwp.oci.eu\/de\/wp-json\/wp\/v2\/comments?post=7684"}],"version-history":[{"count":5,"href":"https:\/\/fge.swebwp.oci.eu\/de\/wp-json\/wp\/v2\/pages\/7684\/revisions"}],"predecessor-version":[{"id":43230,"href":"https:\/\/fge.swebwp.oci.eu\/de\/wp-json\/wp\/v2\/pages\/7684\/revisions\/43230"}],"up":[{"embeddable":true,"href":"https:\/\/fge.swebwp.oci.eu\/de\/wp-json\/wp\/v2\/pages\/7650"}],"wp:attachment":[{"href":"https:\/\/fge.swebwp.oci.eu\/de\/wp-json\/wp\/v2\/media?parent=7684"}],"wp:term":[{"taxonomy":"frge_profile","embeddable":true,"href":"https:\/\/fge.swebwp.oci.eu\/de\/wp-json\/wp\/v2\/frge_profile?post=7684"}],"curies":[{"name":"wp","href":"https:\/\/api.w.org\/{rel}","templated":true}]}}