{"id":7682,"date":"2021-05-19T14:49:42","date_gmt":"2021-05-19T12:49:42","guid":{"rendered":"https:\/\/fge.swebwp.oci.eu\/?page_id=7682"},"modified":"2023-04-25T10:12:01","modified_gmt":"2023-04-25T08:12:01","slug":"verschieden-praktikumsarten","status":"publish","type":"page","link":"https:\/\/fge.swebwp.oci.eu\/de\/startseite\/jugendliche\/praktikum\/praktikum-in-deutschland-ihre-rechte-und-pflichten\/verschieden-praktikumsarten\/","title":{"rendered":"Die verschiedenen Arten von Praktika"},"content":{"rendered":"\n<p>Die Art des Praktikums h\u00e4ngt mit der pers\u00f6nlichen Situation des Einzelnen und den jeweils geltenden gesetzlichen Regelungen zusammen.<br><br>Unterschieden wird im Wesentlichen zwischen folgenden Praktika: <strong><em>Pflichtpraktika<\/em>, <em>freiwillige Praktika<\/em>, <em>Ausbildungspraktika<\/em><a id=\"_ftnref1\" href=\"#_ftn1\">[1]<\/a>, <em>studienfachbezogene Praktika<\/em> und in der Medizin und Pharmazie <em>Famulaturen<\/em><\/strong>. Im vorliegenden Leitfaden werden nur das Pflichtpraktikum und das freiwillige Praktikum vorgestellt.<br><br><strong>Das Pflichtpraktikum im Studium<\/strong><br>Diese Praktikumsart betrifft Studierende, die im Rahmen ihrer Ausbildung (an einer Hochschule, Universit\u00e4t etc.) ein Pflichtpraktikum absolvieren m\u00fcssen. Das Pflichtpraktikum hat zum Ziel, erste Einblicke in die Arbeitswelt zu bieten und die M\u00f6glichkeit zu er\u00f6ffnen, das erworbene Wissen praktisch anzuwenden. Abzugrenzen ist es vom Vorpraktikum vor dem Studium und vom Nachpraktikum, das man nach einem Studium machen kann.<br><br>Nur das <strong><em>Zwischenpraktikum<\/em><\/strong>, das w\u00e4hrend des Studiums stattfindet, ist ein \u201eechter\u201c Bestandteil des Studiums.<br><br><strong><br>Das freiwillige Praktikum<\/strong><br>Diese Praktikumsart kann f\u00fcr alle Studierenden relevant sein, die auf eigene Initiative ein Praktikum absolvieren m\u00f6chten, um Berufserfahrung zu sammeln. Ein solches Praktikum ist nicht Teil eines Studiengangs, sondern wird h\u00e4ufig w\u00e4hrend der Semesterferien absolviert<\/p>\n\n\n\n<hr class=\"wp-block-separator has-alpha-channel-opacity\"\/>\n\n\n\n<p><a href=\"#_ftnref1\" id=\"_ftn1\">[1]<\/a> Im Rahmen einer je nach Bereich zwei bis dreieinhalb Jahre dauernden Berufsausbildung kann ein Praktikum absolviert werden, um gezielt bestimmte praktische Kenntnisse zu erwerben oder bereits vorhandene Kompetenzen zu vertiefen. In einem solchen Fall gelten die Regelungen des Berufsbildungsgesetzes.<\/p>\n","protected":false},"excerpt":{"rendered":"<p>Die Art des Praktikums h\u00e4ngt mit der pers\u00f6nlichen Situation des Einzelnen und den jeweils geltenden gesetzlichen Regelungen zusammen. Unterschieden wird im Wesentlichen zwischen folgenden Praktika: Pflichtpraktika, freiwillige Praktika, Ausbildungspraktika[1], studienfachbezogene Praktika und in der Medizin und Pharmazie Famulaturen. Im vorliegenden Leitfaden werden nur das Pflichtpraktikum und das freiwillige Praktikum vorgestellt. Das Pflichtpraktikum im StudiumDiese Praktikumsart [&hellip;]<\/p>\n","protected":false},"author":7,"featured_media":0,"parent":7650,"menu_order":2,"comment_status":"closed","ping_status":"closed","template":"","meta":{"inline_featured_image":false,"footnotes":""},"frge_profile":[],"class_list":["post-7682","page","type-page","status-publish","hentry"],"yoast_head":"<!-- This site is optimized with the Yoast SEO plugin v25.0 - https:\/\/yoast.com\/wordpress\/plugins\/seo\/ -->\n<title>Die verschiedenen Arten von Praktika - Frontaliers Grand Est<\/title>\n<meta name=\"robots\" content=\"noindex, follow, max-snippet:-1, max-image-preview:large, max-video-preview:-1\" \/>\n<meta property=\"og:locale\" content=\"de_DE\" \/>\n<meta property=\"og:type\" content=\"article\" \/>\n<meta property=\"og:title\" content=\"Die verschiedenen Arten von Praktika - Frontaliers Grand Est\" \/>\n<meta property=\"og:description\" content=\"Die Art des Praktikums h\u00e4ngt mit der pers\u00f6nlichen Situation des Einzelnen und den jeweils geltenden gesetzlichen Regelungen zusammen. Unterschieden wird im Wesentlichen zwischen folgenden Praktika: Pflichtpraktika, freiwillige Praktika, Ausbildungspraktika[1], studienfachbezogene Praktika und in der Medizin und Pharmazie Famulaturen. Im vorliegenden Leitfaden werden nur das Pflichtpraktikum und das freiwillige Praktikum vorgestellt. Das Pflichtpraktikum im StudiumDiese Praktikumsart [&hellip;]\" \/>\n<meta property=\"og:url\" content=\"https:\/\/fge.swebwp.oci.eu\/de\/startseite\/jugendliche\/praktikum\/praktikum-in-deutschland-ihre-rechte-und-pflichten\/verschieden-praktikumsarten\/\" \/>\n<meta property=\"og:site_name\" content=\"Frontaliers Grand Est\" \/>\n<meta property=\"article:modified_time\" content=\"2023-04-25T08:12:01+00:00\" \/>\n<meta name=\"twitter:card\" content=\"summary_large_image\" \/>\n<meta name=\"twitter:label1\" content=\"Gesch\u00e4tzte Lesezeit\" \/>\n\t<meta name=\"twitter:data1\" content=\"2\u00a0Minuten\" \/>\n<script type=\"application\/ld+json\" class=\"yoast-schema-graph\">{\"@context\":\"https:\/\/schema.org\",\"@graph\":[{\"@type\":\"WebPage\",\"@id\":\"https:\/\/fge.swebwp.oci.eu\/de\/startseite\/jugendliche\/praktikum\/praktikum-in-deutschland-ihre-rechte-und-pflichten\/verschieden-praktikumsarten\/\",\"url\":\"https:\/\/fge.swebwp.oci.eu\/de\/startseite\/jugendliche\/praktikum\/praktikum-in-deutschland-ihre-rechte-und-pflichten\/verschieden-praktikumsarten\/\",\"name\":\"Die verschiedenen Arten von Praktika - Frontaliers Grand Est\",\"isPartOf\":{\"@id\":\"https:\/\/fge.swebwp.oci.eu\/de\/#website\"},\"datePublished\":\"2021-05-19T12:49:42+00:00\",\"dateModified\":\"2023-04-25T08:12:01+00:00\",\"breadcrumb\":{\"@id\":\"https:\/\/fge.swebwp.oci.eu\/de\/startseite\/jugendliche\/praktikum\/praktikum-in-deutschland-ihre-rechte-und-pflichten\/verschieden-praktikumsarten\/#breadcrumb\"},\"inLanguage\":\"de\",\"potentialAction\":[{\"@type\":\"ReadAction\",\"target\":[\"https:\/\/fge.swebwp.oci.eu\/de\/startseite\/jugendliche\/praktikum\/praktikum-in-deutschland-ihre-rechte-und-pflichten\/verschieden-praktikumsarten\/\"]}]},{\"@type\":\"BreadcrumbList\",\"@id\":\"https:\/\/fge.swebwp.oci.eu\/de\/startseite\/jugendliche\/praktikum\/praktikum-in-deutschland-ihre-rechte-und-pflichten\/verschieden-praktikumsarten\/#breadcrumb\",\"itemListElement\":[{\"@type\":\"ListItem\",\"position\":1,\"name\":\"Startseite\",\"item\":\"https:\/\/fge.swebwp.oci.eu\/de\/\"},{\"@type\":\"ListItem\",\"position\":2,\"name\":\"Jugendliche\",\"item\":\"https:\/\/fge.swebwp.oci.eu\/de\/startseite\/jugendliche\/\"},{\"@type\":\"ListItem\",\"position\":3,\"name\":\"Praktikum\",\"item\":\"https:\/\/fge.swebwp.oci.eu\/de\/startseite\/jugendliche\/praktikum\/\"},{\"@type\":\"ListItem\",\"position\":4,\"name\":\"Praktikum in Deutschland : Ihre Rechte und Pflichten\",\"item\":\"https:\/\/fge.swebwp.oci.eu\/de\/startseite\/jugendliche\/praktikum\/praktikum-in-deutschland-ihre-rechte-und-pflichten\/\"},{\"@type\":\"ListItem\",\"position\":5,\"name\":\"Die verschiedenen Arten von Praktika\"}]},{\"@type\":\"WebSite\",\"@id\":\"https:\/\/fge.swebwp.oci.eu\/de\/#website\",\"url\":\"https:\/\/fge.swebwp.oci.eu\/de\/\",\"name\":\"Frontaliers Grand Est\",\"description\":\"Le site ressource du travail frontalier\",\"potentialAction\":[{\"@type\":\"SearchAction\",\"target\":{\"@type\":\"EntryPoint\",\"urlTemplate\":\"https:\/\/fge.swebwp.oci.eu\/de\/?s={search_term_string}\"},\"query-input\":{\"@type\":\"PropertyValueSpecification\",\"valueRequired\":true,\"valueName\":\"search_term_string\"}}],\"inLanguage\":\"de\"}]}<\/script>\n<!-- \/ Yoast SEO plugin. -->","yoast_head_json":{"title":"Die verschiedenen Arten von Praktika - Frontaliers Grand Est","robots":{"index":"noindex","follow":"follow","max-snippet":"max-snippet:-1","max-image-preview":"max-image-preview:large","max-video-preview":"max-video-preview:-1"},"og_locale":"de_DE","og_type":"article","og_title":"Die verschiedenen Arten von Praktika - Frontaliers Grand Est","og_description":"Die Art des Praktikums h\u00e4ngt mit der pers\u00f6nlichen Situation des Einzelnen und den jeweils geltenden gesetzlichen Regelungen zusammen. Unterschieden wird im Wesentlichen zwischen folgenden Praktika: Pflichtpraktika, freiwillige Praktika, Ausbildungspraktika[1], studienfachbezogene Praktika und in der Medizin und Pharmazie Famulaturen. Im vorliegenden Leitfaden werden nur das Pflichtpraktikum und das freiwillige Praktikum vorgestellt. Das Pflichtpraktikum im StudiumDiese Praktikumsart [&hellip;]","og_url":"https:\/\/fge.swebwp.oci.eu\/de\/startseite\/jugendliche\/praktikum\/praktikum-in-deutschland-ihre-rechte-und-pflichten\/verschieden-praktikumsarten\/","og_site_name":"Frontaliers Grand Est","article_modified_time":"2023-04-25T08:12:01+00:00","twitter_card":"summary_large_image","twitter_misc":{"Gesch\u00e4tzte Lesezeit":"2\u00a0Minuten"},"schema":{"@context":"https:\/\/schema.org","@graph":[{"@type":"WebPage","@id":"https:\/\/fge.swebwp.oci.eu\/de\/startseite\/jugendliche\/praktikum\/praktikum-in-deutschland-ihre-rechte-und-pflichten\/verschieden-praktikumsarten\/","url":"https:\/\/fge.swebwp.oci.eu\/de\/startseite\/jugendliche\/praktikum\/praktikum-in-deutschland-ihre-rechte-und-pflichten\/verschieden-praktikumsarten\/","name":"Die verschiedenen Arten von Praktika - Frontaliers Grand Est","isPartOf":{"@id":"https:\/\/fge.swebwp.oci.eu\/de\/#website"},"datePublished":"2021-05-19T12:49:42+00:00","dateModified":"2023-04-25T08:12:01+00:00","breadcrumb":{"@id":"https:\/\/fge.swebwp.oci.eu\/de\/startseite\/jugendliche\/praktikum\/praktikum-in-deutschland-ihre-rechte-und-pflichten\/verschieden-praktikumsarten\/#breadcrumb"},"inLanguage":"de","potentialAction":[{"@type":"ReadAction","target":["https:\/\/fge.swebwp.oci.eu\/de\/startseite\/jugendliche\/praktikum\/praktikum-in-deutschland-ihre-rechte-und-pflichten\/verschieden-praktikumsarten\/"]}]},{"@type":"BreadcrumbList","@id":"https:\/\/fge.swebwp.oci.eu\/de\/startseite\/jugendliche\/praktikum\/praktikum-in-deutschland-ihre-rechte-und-pflichten\/verschieden-praktikumsarten\/#breadcrumb","itemListElement":[{"@type":"ListItem","position":1,"name":"Startseite","item":"https:\/\/fge.swebwp.oci.eu\/de\/"},{"@type":"ListItem","position":2,"name":"Jugendliche","item":"https:\/\/fge.swebwp.oci.eu\/de\/startseite\/jugendliche\/"},{"@type":"ListItem","position":3,"name":"Praktikum","item":"https:\/\/fge.swebwp.oci.eu\/de\/startseite\/jugendliche\/praktikum\/"},{"@type":"ListItem","position":4,"name":"Praktikum in Deutschland : Ihre Rechte und Pflichten","item":"https:\/\/fge.swebwp.oci.eu\/de\/startseite\/jugendliche\/praktikum\/praktikum-in-deutschland-ihre-rechte-und-pflichten\/"},{"@type":"ListItem","position":5,"name":"Die verschiedenen Arten von Praktika"}]},{"@type":"WebSite","@id":"https:\/\/fge.swebwp.oci.eu\/de\/#website","url":"https:\/\/fge.swebwp.oci.eu\/de\/","name":"Frontaliers Grand Est","description":"Le site ressource du travail frontalier","potentialAction":[{"@type":"SearchAction","target":{"@type":"EntryPoint","urlTemplate":"https:\/\/fge.swebwp.oci.eu\/de\/?s={search_term_string}"},"query-input":{"@type":"PropertyValueSpecification","valueRequired":true,"valueName":"search_term_string"}}],"inLanguage":"de"}]}},"_links":{"self":[{"href":"https:\/\/fge.swebwp.oci.eu\/de\/wp-json\/wp\/v2\/pages\/7682","targetHints":{"allow":["GET"]}}],"collection":[{"href":"https:\/\/fge.swebwp.oci.eu\/de\/wp-json\/wp\/v2\/pages"}],"about":[{"href":"https:\/\/fge.swebwp.oci.eu\/de\/wp-json\/wp\/v2\/types\/page"}],"author":[{"embeddable":true,"href":"https:\/\/fge.swebwp.oci.eu\/de\/wp-json\/wp\/v2\/users\/7"}],"replies":[{"embeddable":true,"href":"https:\/\/fge.swebwp.oci.eu\/de\/wp-json\/wp\/v2\/comments?post=7682"}],"version-history":[{"count":3,"href":"https:\/\/fge.swebwp.oci.eu\/de\/wp-json\/wp\/v2\/pages\/7682\/revisions"}],"predecessor-version":[{"id":24404,"href":"https:\/\/fge.swebwp.oci.eu\/de\/wp-json\/wp\/v2\/pages\/7682\/revisions\/24404"}],"up":[{"embeddable":true,"href":"https:\/\/fge.swebwp.oci.eu\/de\/wp-json\/wp\/v2\/pages\/7650"}],"wp:attachment":[{"href":"https:\/\/fge.swebwp.oci.eu\/de\/wp-json\/wp\/v2\/media?parent=7682"}],"wp:term":[{"taxonomy":"frge_profile","embeddable":true,"href":"https:\/\/fge.swebwp.oci.eu\/de\/wp-json\/wp\/v2\/frge_profile?post=7682"}],"curies":[{"name":"wp","href":"https:\/\/api.w.org\/{rel}","templated":true}]}}