{"id":7680,"date":"2021-05-19T14:47:48","date_gmt":"2021-05-19T12:47:48","guid":{"rendered":"https:\/\/fge.swebwp.oci.eu\/?page_id=7680"},"modified":"2023-04-25T10:16:44","modified_gmt":"2023-04-25T08:16:44","slug":"vorbereitende-schritte","status":"publish","type":"page","link":"https:\/\/fge.swebwp.oci.eu\/de\/startseite\/jugendliche\/praktikum\/praktikum-in-deutschland-ihre-rechte-und-pflichten\/vorbereitende-schritte\/","title":{"rendered":"Vorbereitende Schritte"},"content":{"rendered":"\n<p><strong>Der Praktikumsvertrag<br><\/strong><br><strong>Zwischenpraktikum im Studium<\/strong><br>Ein Praktikumsvertrag ist nicht zwingend erforderlich. Allerdings ist es sehr empfehlenswert, einen Praktikumsvertrag zwischen dem Praktikanten, der Bildungseinrichtung (Hochschule bzw. Universit\u00e4t) und dem Unternehmen abzuschlie\u00dfen. Wird ein solcher Vertrag abgeschlossen, muss er zwingend von allen drei Parteien unterzeichnet werden, um g\u00fcltig und f\u00fcr die Parteien rechtsverbindlich zu sein. Ein Praktikumsvertrag erm\u00f6glicht es in erster Linie, die Arbeitsbedingungen (Urlaub, Arbeitszeiten), die Praktikumsdauer und die H\u00f6he der Verg\u00fctung festzulegen. Dar\u00fcber hinaus m\u00fcssen in ihm auch die Aufgaben genannt sein, die dem Praktikanten \u00fcbertragen werden.<br><br><strong>Freiwilliges Praktikum<\/strong><br>Ein Praktikumsvertrag ist nicht zwingend erforderlich. Doch ebenso wie beim Zwischenpraktikum ist es sehr ratsam, einen solchen Vertrag abzuschlie\u00dfen. In dem Vertrag, der zwischen dem Praktikanten und dem Unternehmen abgeschlossen wird, werden die Arbeitsbedingungen geregelt: Praktikumsdauer, H\u00f6he der Verg\u00fctung, Dauer der Probezeit, Urlaub, K\u00fcndigungsfrist, Informationen zur Betriebsordnung.<br><br><\/p>\n","protected":false},"excerpt":{"rendered":"<p>Der PraktikumsvertragZwischenpraktikum im StudiumEin Praktikumsvertrag ist nicht zwingend erforderlich. Allerdings ist es sehr empfehlenswert, einen Praktikumsvertrag zwischen dem Praktikanten, der Bildungseinrichtung (Hochschule bzw. Universit\u00e4t) und dem Unternehmen abzuschlie\u00dfen. Wird ein solcher Vertrag abgeschlossen, muss er zwingend von allen drei Parteien unterzeichnet werden, um g\u00fcltig und f\u00fcr die Parteien rechtsverbindlich zu sein. Ein Praktikumsvertrag erm\u00f6glicht es [&hellip;]<\/p>\n","protected":false},"author":7,"featured_media":0,"parent":7650,"menu_order":1,"comment_status":"closed","ping_status":"closed","template":"","meta":{"inline_featured_image":false,"footnotes":""},"frge_profile":[],"class_list":["post-7680","page","type-page","status-publish","hentry"],"yoast_head":"<!-- This site is optimized with the Yoast SEO plugin v25.0 - https:\/\/yoast.com\/wordpress\/plugins\/seo\/ -->\n<title>Vorbereitende Schritte - Frontaliers Grand Est<\/title>\n<meta name=\"robots\" content=\"noindex, follow, max-snippet:-1, max-image-preview:large, max-video-preview:-1\" \/>\n<meta property=\"og:locale\" content=\"de_DE\" \/>\n<meta property=\"og:type\" content=\"article\" \/>\n<meta property=\"og:title\" content=\"Vorbereitende Schritte - Frontaliers Grand Est\" \/>\n<meta property=\"og:description\" content=\"Der PraktikumsvertragZwischenpraktikum im StudiumEin Praktikumsvertrag ist nicht zwingend erforderlich. Allerdings ist es sehr empfehlenswert, einen Praktikumsvertrag zwischen dem Praktikanten, der Bildungseinrichtung (Hochschule bzw. Universit\u00e4t) und dem Unternehmen abzuschlie\u00dfen. Wird ein solcher Vertrag abgeschlossen, muss er zwingend von allen drei Parteien unterzeichnet werden, um g\u00fcltig und f\u00fcr die Parteien rechtsverbindlich zu sein. Ein Praktikumsvertrag erm\u00f6glicht es [&hellip;]\" \/>\n<meta property=\"og:url\" content=\"https:\/\/fge.swebwp.oci.eu\/de\/startseite\/jugendliche\/praktikum\/praktikum-in-deutschland-ihre-rechte-und-pflichten\/vorbereitende-schritte\/\" \/>\n<meta property=\"og:site_name\" content=\"Frontaliers Grand Est\" \/>\n<meta property=\"article:modified_time\" content=\"2023-04-25T08:16:44+00:00\" \/>\n<meta name=\"twitter:card\" content=\"summary_large_image\" \/>\n<meta name=\"twitter:label1\" content=\"Gesch\u00e4tzte Lesezeit\" \/>\n\t<meta name=\"twitter:data1\" content=\"1\u00a0Minute\" \/>\n<script type=\"application\/ld+json\" class=\"yoast-schema-graph\">{\"@context\":\"https:\/\/schema.org\",\"@graph\":[{\"@type\":\"WebPage\",\"@id\":\"https:\/\/fge.swebwp.oci.eu\/de\/startseite\/jugendliche\/praktikum\/praktikum-in-deutschland-ihre-rechte-und-pflichten\/vorbereitende-schritte\/\",\"url\":\"https:\/\/fge.swebwp.oci.eu\/de\/startseite\/jugendliche\/praktikum\/praktikum-in-deutschland-ihre-rechte-und-pflichten\/vorbereitende-schritte\/\",\"name\":\"Vorbereitende Schritte - Frontaliers Grand Est\",\"isPartOf\":{\"@id\":\"https:\/\/fge.swebwp.oci.eu\/de\/#website\"},\"datePublished\":\"2021-05-19T12:47:48+00:00\",\"dateModified\":\"2023-04-25T08:16:44+00:00\",\"breadcrumb\":{\"@id\":\"https:\/\/fge.swebwp.oci.eu\/de\/startseite\/jugendliche\/praktikum\/praktikum-in-deutschland-ihre-rechte-und-pflichten\/vorbereitende-schritte\/#breadcrumb\"},\"inLanguage\":\"de\",\"potentialAction\":[{\"@type\":\"ReadAction\",\"target\":[\"https:\/\/fge.swebwp.oci.eu\/de\/startseite\/jugendliche\/praktikum\/praktikum-in-deutschland-ihre-rechte-und-pflichten\/vorbereitende-schritte\/\"]}]},{\"@type\":\"BreadcrumbList\",\"@id\":\"https:\/\/fge.swebwp.oci.eu\/de\/startseite\/jugendliche\/praktikum\/praktikum-in-deutschland-ihre-rechte-und-pflichten\/vorbereitende-schritte\/#breadcrumb\",\"itemListElement\":[{\"@type\":\"ListItem\",\"position\":1,\"name\":\"Startseite\",\"item\":\"https:\/\/fge.swebwp.oci.eu\/de\/\"},{\"@type\":\"ListItem\",\"position\":2,\"name\":\"Jugendliche\",\"item\":\"https:\/\/fge.swebwp.oci.eu\/de\/startseite\/jugendliche\/\"},{\"@type\":\"ListItem\",\"position\":3,\"name\":\"Praktikum\",\"item\":\"https:\/\/fge.swebwp.oci.eu\/de\/startseite\/jugendliche\/praktikum\/\"},{\"@type\":\"ListItem\",\"position\":4,\"name\":\"Praktikum in Deutschland : Ihre Rechte und Pflichten\",\"item\":\"https:\/\/fge.swebwp.oci.eu\/de\/startseite\/jugendliche\/praktikum\/praktikum-in-deutschland-ihre-rechte-und-pflichten\/\"},{\"@type\":\"ListItem\",\"position\":5,\"name\":\"Vorbereitende Schritte\"}]},{\"@type\":\"WebSite\",\"@id\":\"https:\/\/fge.swebwp.oci.eu\/de\/#website\",\"url\":\"https:\/\/fge.swebwp.oci.eu\/de\/\",\"name\":\"Frontaliers Grand Est\",\"description\":\"Le site ressource du travail frontalier\",\"potentialAction\":[{\"@type\":\"SearchAction\",\"target\":{\"@type\":\"EntryPoint\",\"urlTemplate\":\"https:\/\/fge.swebwp.oci.eu\/de\/?s={search_term_string}\"},\"query-input\":{\"@type\":\"PropertyValueSpecification\",\"valueRequired\":true,\"valueName\":\"search_term_string\"}}],\"inLanguage\":\"de\"}]}<\/script>\n<!-- \/ Yoast SEO plugin. -->","yoast_head_json":{"title":"Vorbereitende Schritte - Frontaliers Grand Est","robots":{"index":"noindex","follow":"follow","max-snippet":"max-snippet:-1","max-image-preview":"max-image-preview:large","max-video-preview":"max-video-preview:-1"},"og_locale":"de_DE","og_type":"article","og_title":"Vorbereitende Schritte - Frontaliers Grand Est","og_description":"Der PraktikumsvertragZwischenpraktikum im StudiumEin Praktikumsvertrag ist nicht zwingend erforderlich. Allerdings ist es sehr empfehlenswert, einen Praktikumsvertrag zwischen dem Praktikanten, der Bildungseinrichtung (Hochschule bzw. Universit\u00e4t) und dem Unternehmen abzuschlie\u00dfen. Wird ein solcher Vertrag abgeschlossen, muss er zwingend von allen drei Parteien unterzeichnet werden, um g\u00fcltig und f\u00fcr die Parteien rechtsverbindlich zu sein. Ein Praktikumsvertrag erm\u00f6glicht es [&hellip;]","og_url":"https:\/\/fge.swebwp.oci.eu\/de\/startseite\/jugendliche\/praktikum\/praktikum-in-deutschland-ihre-rechte-und-pflichten\/vorbereitende-schritte\/","og_site_name":"Frontaliers Grand Est","article_modified_time":"2023-04-25T08:16:44+00:00","twitter_card":"summary_large_image","twitter_misc":{"Gesch\u00e4tzte Lesezeit":"1\u00a0Minute"},"schema":{"@context":"https:\/\/schema.org","@graph":[{"@type":"WebPage","@id":"https:\/\/fge.swebwp.oci.eu\/de\/startseite\/jugendliche\/praktikum\/praktikum-in-deutschland-ihre-rechte-und-pflichten\/vorbereitende-schritte\/","url":"https:\/\/fge.swebwp.oci.eu\/de\/startseite\/jugendliche\/praktikum\/praktikum-in-deutschland-ihre-rechte-und-pflichten\/vorbereitende-schritte\/","name":"Vorbereitende Schritte - Frontaliers Grand Est","isPartOf":{"@id":"https:\/\/fge.swebwp.oci.eu\/de\/#website"},"datePublished":"2021-05-19T12:47:48+00:00","dateModified":"2023-04-25T08:16:44+00:00","breadcrumb":{"@id":"https:\/\/fge.swebwp.oci.eu\/de\/startseite\/jugendliche\/praktikum\/praktikum-in-deutschland-ihre-rechte-und-pflichten\/vorbereitende-schritte\/#breadcrumb"},"inLanguage":"de","potentialAction":[{"@type":"ReadAction","target":["https:\/\/fge.swebwp.oci.eu\/de\/startseite\/jugendliche\/praktikum\/praktikum-in-deutschland-ihre-rechte-und-pflichten\/vorbereitende-schritte\/"]}]},{"@type":"BreadcrumbList","@id":"https:\/\/fge.swebwp.oci.eu\/de\/startseite\/jugendliche\/praktikum\/praktikum-in-deutschland-ihre-rechte-und-pflichten\/vorbereitende-schritte\/#breadcrumb","itemListElement":[{"@type":"ListItem","position":1,"name":"Startseite","item":"https:\/\/fge.swebwp.oci.eu\/de\/"},{"@type":"ListItem","position":2,"name":"Jugendliche","item":"https:\/\/fge.swebwp.oci.eu\/de\/startseite\/jugendliche\/"},{"@type":"ListItem","position":3,"name":"Praktikum","item":"https:\/\/fge.swebwp.oci.eu\/de\/startseite\/jugendliche\/praktikum\/"},{"@type":"ListItem","position":4,"name":"Praktikum in Deutschland : Ihre Rechte und Pflichten","item":"https:\/\/fge.swebwp.oci.eu\/de\/startseite\/jugendliche\/praktikum\/praktikum-in-deutschland-ihre-rechte-und-pflichten\/"},{"@type":"ListItem","position":5,"name":"Vorbereitende Schritte"}]},{"@type":"WebSite","@id":"https:\/\/fge.swebwp.oci.eu\/de\/#website","url":"https:\/\/fge.swebwp.oci.eu\/de\/","name":"Frontaliers Grand Est","description":"Le site ressource du travail frontalier","potentialAction":[{"@type":"SearchAction","target":{"@type":"EntryPoint","urlTemplate":"https:\/\/fge.swebwp.oci.eu\/de\/?s={search_term_string}"},"query-input":{"@type":"PropertyValueSpecification","valueRequired":true,"valueName":"search_term_string"}}],"inLanguage":"de"}]}},"_links":{"self":[{"href":"https:\/\/fge.swebwp.oci.eu\/de\/wp-json\/wp\/v2\/pages\/7680","targetHints":{"allow":["GET"]}}],"collection":[{"href":"https:\/\/fge.swebwp.oci.eu\/de\/wp-json\/wp\/v2\/pages"}],"about":[{"href":"https:\/\/fge.swebwp.oci.eu\/de\/wp-json\/wp\/v2\/types\/page"}],"author":[{"embeddable":true,"href":"https:\/\/fge.swebwp.oci.eu\/de\/wp-json\/wp\/v2\/users\/7"}],"replies":[{"embeddable":true,"href":"https:\/\/fge.swebwp.oci.eu\/de\/wp-json\/wp\/v2\/comments?post=7680"}],"version-history":[{"count":3,"href":"https:\/\/fge.swebwp.oci.eu\/de\/wp-json\/wp\/v2\/pages\/7680\/revisions"}],"predecessor-version":[{"id":24411,"href":"https:\/\/fge.swebwp.oci.eu\/de\/wp-json\/wp\/v2\/pages\/7680\/revisions\/24411"}],"up":[{"embeddable":true,"href":"https:\/\/fge.swebwp.oci.eu\/de\/wp-json\/wp\/v2\/pages\/7650"}],"wp:attachment":[{"href":"https:\/\/fge.swebwp.oci.eu\/de\/wp-json\/wp\/v2\/media?parent=7680"}],"wp:term":[{"taxonomy":"frge_profile","embeddable":true,"href":"https:\/\/fge.swebwp.oci.eu\/de\/wp-json\/wp\/v2\/frge_profile?post=7680"}],"curies":[{"name":"wp","href":"https:\/\/api.w.org\/{rel}","templated":true}]}}