{"id":7477,"date":"2021-05-18T12:09:03","date_gmt":"2021-05-18T10:09:03","guid":{"rendered":"https:\/\/fge.swebwp.oci.eu\/?page_id=7477"},"modified":"2021-05-18T12:09:04","modified_gmt":"2021-05-18T10:09:04","slug":"die-vorteile-der-grenzuberschreitenden-ausbildung","status":"publish","type":"page","link":"https:\/\/fge.swebwp.oci.eu\/de\/startseite\/jugendliche\/grenzubergreifende-berufsausbildung\/die-grenzuberschreitende-ausbildung-in-luxemburg\/die-vorteile-der-grenzuberschreitenden-ausbildung\/","title":{"rendered":"Die Vorteile der grenz\u00fcberschreitenden Ausbildung"},"content":{"rendered":"\n<h5 class=\"wp-block-heading\">Die grenz\u00fcberschreitende Ausbildung verschreibt sich in Luxemburg zwei Zielen:<\/h5>\n\n\n\n<ul class=\"wp-block-list\"><li>Sie erm\u00f6glicht es Jugendlichen aus den Nachbarl\u00e4ndern (Deutschland, Belgien, Frankreich), auf die Ausbildungsangebote der luxemburgischen Unternehmen zuzugreifen und ihre Ausbildung gleichzeitig in beiden L\u00e4ndern zu absolvieren.<\/li><li>Sie erm\u00f6glicht es jungen Luxemburgern, die den Wunsch haben, eine nicht in Luxemburg angebotene Ausbildung zu absolvieren, Zugang zu einer Berufsschule in einem Nachbarland zu haben.<\/li><\/ul>\n\n\n\n<p>F\u00fcr die luxemburgischen Unternehmen ist dies eine Gelegenheit, Jugendliche auszubilden, die in der Folge eine qualifizierte Arbeitskraft werden. Dank der grenz\u00fcberschreitenden Ausbildung k\u00f6nnen die Jugendlichen ihre Chancen auf dem luxemburgischen Arbeitsmarkt verbessern.<\/p>\n","protected":false},"excerpt":{"rendered":"<p>Die grenz\u00fcberschreitende Ausbildung verschreibt sich in Luxemburg zwei Zielen: Sie erm\u00f6glicht es Jugendlichen aus den Nachbarl\u00e4ndern (Deutschland, Belgien, Frankreich), auf die Ausbildungsangebote der luxemburgischen Unternehmen zuzugreifen und ihre Ausbildung gleichzeitig in beiden L\u00e4ndern zu absolvieren. Sie erm\u00f6glicht es jungen Luxemburgern, die den Wunsch haben, eine nicht in Luxemburg angebotene Ausbildung zu absolvieren, Zugang zu einer [&hellip;]<\/p>\n","protected":false},"author":7,"featured_media":0,"parent":7472,"menu_order":1,"comment_status":"closed","ping_status":"closed","template":"","meta":{"inline_featured_image":false,"footnotes":""},"frge_profile":[],"class_list":["post-7477","page","type-page","status-publish","hentry"],"yoast_head":"<!-- This site is optimized with the Yoast SEO plugin v25.0 - https:\/\/yoast.com\/wordpress\/plugins\/seo\/ -->\n<title>Die Vorteile der grenz\u00fcberschreitenden Ausbildung - Frontaliers Grand Est<\/title>\n<meta name=\"robots\" content=\"noindex, follow, max-snippet:-1, max-image-preview:large, max-video-preview:-1\" \/>\n<meta property=\"og:locale\" content=\"de_DE\" \/>\n<meta property=\"og:type\" content=\"article\" \/>\n<meta property=\"og:title\" content=\"Die Vorteile der grenz\u00fcberschreitenden Ausbildung - Frontaliers Grand Est\" \/>\n<meta property=\"og:description\" content=\"Die grenz\u00fcberschreitende Ausbildung verschreibt sich in Luxemburg zwei Zielen: Sie erm\u00f6glicht es Jugendlichen aus den Nachbarl\u00e4ndern (Deutschland, Belgien, Frankreich), auf die Ausbildungsangebote der luxemburgischen Unternehmen zuzugreifen und ihre Ausbildung gleichzeitig in beiden L\u00e4ndern zu absolvieren. Sie erm\u00f6glicht es jungen Luxemburgern, die den Wunsch haben, eine nicht in Luxemburg angebotene Ausbildung zu absolvieren, Zugang zu einer [&hellip;]\" \/>\n<meta property=\"og:url\" content=\"https:\/\/fge.swebwp.oci.eu\/de\/startseite\/jugendliche\/grenzubergreifende-berufsausbildung\/die-grenzuberschreitende-ausbildung-in-luxemburg\/die-vorteile-der-grenzuberschreitenden-ausbildung\/\" \/>\n<meta property=\"og:site_name\" content=\"Frontaliers Grand Est\" \/>\n<meta property=\"article:modified_time\" content=\"2021-05-18T10:09:04+00:00\" \/>\n<meta name=\"twitter:card\" content=\"summary_large_image\" \/>\n<meta name=\"twitter:label1\" content=\"Gesch\u00e4tzte Lesezeit\" \/>\n\t<meta name=\"twitter:data1\" content=\"1\u00a0Minute\" \/>\n<script type=\"application\/ld+json\" class=\"yoast-schema-graph\">{\"@context\":\"https:\/\/schema.org\",\"@graph\":[{\"@type\":\"WebPage\",\"@id\":\"https:\/\/fge.swebwp.oci.eu\/de\/startseite\/jugendliche\/grenzubergreifende-berufsausbildung\/die-grenzuberschreitende-ausbildung-in-luxemburg\/die-vorteile-der-grenzuberschreitenden-ausbildung\/\",\"url\":\"https:\/\/fge.swebwp.oci.eu\/de\/startseite\/jugendliche\/grenzubergreifende-berufsausbildung\/die-grenzuberschreitende-ausbildung-in-luxemburg\/die-vorteile-der-grenzuberschreitenden-ausbildung\/\",\"name\":\"Die Vorteile der grenz\u00fcberschreitenden Ausbildung - Frontaliers Grand Est\",\"isPartOf\":{\"@id\":\"https:\/\/fge.swebwp.oci.eu\/de\/#website\"},\"datePublished\":\"2021-05-18T10:09:03+00:00\",\"dateModified\":\"2021-05-18T10:09:04+00:00\",\"breadcrumb\":{\"@id\":\"https:\/\/fge.swebwp.oci.eu\/de\/startseite\/jugendliche\/grenzubergreifende-berufsausbildung\/die-grenzuberschreitende-ausbildung-in-luxemburg\/die-vorteile-der-grenzuberschreitenden-ausbildung\/#breadcrumb\"},\"inLanguage\":\"de\",\"potentialAction\":[{\"@type\":\"ReadAction\",\"target\":[\"https:\/\/fge.swebwp.oci.eu\/de\/startseite\/jugendliche\/grenzubergreifende-berufsausbildung\/die-grenzuberschreitende-ausbildung-in-luxemburg\/die-vorteile-der-grenzuberschreitenden-ausbildung\/\"]}]},{\"@type\":\"BreadcrumbList\",\"@id\":\"https:\/\/fge.swebwp.oci.eu\/de\/startseite\/jugendliche\/grenzubergreifende-berufsausbildung\/die-grenzuberschreitende-ausbildung-in-luxemburg\/die-vorteile-der-grenzuberschreitenden-ausbildung\/#breadcrumb\",\"itemListElement\":[{\"@type\":\"ListItem\",\"position\":1,\"name\":\"Startseite\",\"item\":\"https:\/\/fge.swebwp.oci.eu\/de\/\"},{\"@type\":\"ListItem\",\"position\":2,\"name\":\"Jugendliche\",\"item\":\"https:\/\/fge.swebwp.oci.eu\/de\/startseite\/jugendliche\/\"},{\"@type\":\"ListItem\",\"position\":3,\"name\":\"Grenz\u00fcbergreifende Berufsausbildung\",\"item\":\"https:\/\/fge.swebwp.oci.eu\/de\/startseite\/jugendliche\/grenzubergreifende-berufsausbildung\/\"},{\"@type\":\"ListItem\",\"position\":4,\"name\":\"Die Grenz\u00fcberschreitende Ausbildung in Luxemburg\",\"item\":\"https:\/\/fge.swebwp.oci.eu\/de\/startseite\/jugendliche\/grenzubergreifende-berufsausbildung\/die-grenzuberschreitende-ausbildung-in-luxemburg\/\"},{\"@type\":\"ListItem\",\"position\":5,\"name\":\"Die Vorteile der grenz\u00fcberschreitenden Ausbildung\"}]},{\"@type\":\"WebSite\",\"@id\":\"https:\/\/fge.swebwp.oci.eu\/de\/#website\",\"url\":\"https:\/\/fge.swebwp.oci.eu\/de\/\",\"name\":\"Frontaliers Grand Est\",\"description\":\"Le site ressource du travail frontalier\",\"potentialAction\":[{\"@type\":\"SearchAction\",\"target\":{\"@type\":\"EntryPoint\",\"urlTemplate\":\"https:\/\/fge.swebwp.oci.eu\/de\/?s={search_term_string}\"},\"query-input\":{\"@type\":\"PropertyValueSpecification\",\"valueRequired\":true,\"valueName\":\"search_term_string\"}}],\"inLanguage\":\"de\"}]}<\/script>\n<!-- \/ Yoast SEO plugin. -->","yoast_head_json":{"title":"Die Vorteile der grenz\u00fcberschreitenden Ausbildung - Frontaliers Grand Est","robots":{"index":"noindex","follow":"follow","max-snippet":"max-snippet:-1","max-image-preview":"max-image-preview:large","max-video-preview":"max-video-preview:-1"},"og_locale":"de_DE","og_type":"article","og_title":"Die Vorteile der grenz\u00fcberschreitenden Ausbildung - Frontaliers Grand Est","og_description":"Die grenz\u00fcberschreitende Ausbildung verschreibt sich in Luxemburg zwei Zielen: Sie erm\u00f6glicht es Jugendlichen aus den Nachbarl\u00e4ndern (Deutschland, Belgien, Frankreich), auf die Ausbildungsangebote der luxemburgischen Unternehmen zuzugreifen und ihre Ausbildung gleichzeitig in beiden L\u00e4ndern zu absolvieren. Sie erm\u00f6glicht es jungen Luxemburgern, die den Wunsch haben, eine nicht in Luxemburg angebotene Ausbildung zu absolvieren, Zugang zu einer [&hellip;]","og_url":"https:\/\/fge.swebwp.oci.eu\/de\/startseite\/jugendliche\/grenzubergreifende-berufsausbildung\/die-grenzuberschreitende-ausbildung-in-luxemburg\/die-vorteile-der-grenzuberschreitenden-ausbildung\/","og_site_name":"Frontaliers Grand Est","article_modified_time":"2021-05-18T10:09:04+00:00","twitter_card":"summary_large_image","twitter_misc":{"Gesch\u00e4tzte Lesezeit":"1\u00a0Minute"},"schema":{"@context":"https:\/\/schema.org","@graph":[{"@type":"WebPage","@id":"https:\/\/fge.swebwp.oci.eu\/de\/startseite\/jugendliche\/grenzubergreifende-berufsausbildung\/die-grenzuberschreitende-ausbildung-in-luxemburg\/die-vorteile-der-grenzuberschreitenden-ausbildung\/","url":"https:\/\/fge.swebwp.oci.eu\/de\/startseite\/jugendliche\/grenzubergreifende-berufsausbildung\/die-grenzuberschreitende-ausbildung-in-luxemburg\/die-vorteile-der-grenzuberschreitenden-ausbildung\/","name":"Die Vorteile der grenz\u00fcberschreitenden Ausbildung - Frontaliers Grand Est","isPartOf":{"@id":"https:\/\/fge.swebwp.oci.eu\/de\/#website"},"datePublished":"2021-05-18T10:09:03+00:00","dateModified":"2021-05-18T10:09:04+00:00","breadcrumb":{"@id":"https:\/\/fge.swebwp.oci.eu\/de\/startseite\/jugendliche\/grenzubergreifende-berufsausbildung\/die-grenzuberschreitende-ausbildung-in-luxemburg\/die-vorteile-der-grenzuberschreitenden-ausbildung\/#breadcrumb"},"inLanguage":"de","potentialAction":[{"@type":"ReadAction","target":["https:\/\/fge.swebwp.oci.eu\/de\/startseite\/jugendliche\/grenzubergreifende-berufsausbildung\/die-grenzuberschreitende-ausbildung-in-luxemburg\/die-vorteile-der-grenzuberschreitenden-ausbildung\/"]}]},{"@type":"BreadcrumbList","@id":"https:\/\/fge.swebwp.oci.eu\/de\/startseite\/jugendliche\/grenzubergreifende-berufsausbildung\/die-grenzuberschreitende-ausbildung-in-luxemburg\/die-vorteile-der-grenzuberschreitenden-ausbildung\/#breadcrumb","itemListElement":[{"@type":"ListItem","position":1,"name":"Startseite","item":"https:\/\/fge.swebwp.oci.eu\/de\/"},{"@type":"ListItem","position":2,"name":"Jugendliche","item":"https:\/\/fge.swebwp.oci.eu\/de\/startseite\/jugendliche\/"},{"@type":"ListItem","position":3,"name":"Grenz\u00fcbergreifende Berufsausbildung","item":"https:\/\/fge.swebwp.oci.eu\/de\/startseite\/jugendliche\/grenzubergreifende-berufsausbildung\/"},{"@type":"ListItem","position":4,"name":"Die Grenz\u00fcberschreitende Ausbildung in Luxemburg","item":"https:\/\/fge.swebwp.oci.eu\/de\/startseite\/jugendliche\/grenzubergreifende-berufsausbildung\/die-grenzuberschreitende-ausbildung-in-luxemburg\/"},{"@type":"ListItem","position":5,"name":"Die Vorteile der grenz\u00fcberschreitenden Ausbildung"}]},{"@type":"WebSite","@id":"https:\/\/fge.swebwp.oci.eu\/de\/#website","url":"https:\/\/fge.swebwp.oci.eu\/de\/","name":"Frontaliers Grand Est","description":"Le site ressource du travail frontalier","potentialAction":[{"@type":"SearchAction","target":{"@type":"EntryPoint","urlTemplate":"https:\/\/fge.swebwp.oci.eu\/de\/?s={search_term_string}"},"query-input":{"@type":"PropertyValueSpecification","valueRequired":true,"valueName":"search_term_string"}}],"inLanguage":"de"}]}},"_links":{"self":[{"href":"https:\/\/fge.swebwp.oci.eu\/de\/wp-json\/wp\/v2\/pages\/7477","targetHints":{"allow":["GET"]}}],"collection":[{"href":"https:\/\/fge.swebwp.oci.eu\/de\/wp-json\/wp\/v2\/pages"}],"about":[{"href":"https:\/\/fge.swebwp.oci.eu\/de\/wp-json\/wp\/v2\/types\/page"}],"author":[{"embeddable":true,"href":"https:\/\/fge.swebwp.oci.eu\/de\/wp-json\/wp\/v2\/users\/7"}],"replies":[{"embeddable":true,"href":"https:\/\/fge.swebwp.oci.eu\/de\/wp-json\/wp\/v2\/comments?post=7477"}],"version-history":[{"count":1,"href":"https:\/\/fge.swebwp.oci.eu\/de\/wp-json\/wp\/v2\/pages\/7477\/revisions"}],"predecessor-version":[{"id":7478,"href":"https:\/\/fge.swebwp.oci.eu\/de\/wp-json\/wp\/v2\/pages\/7477\/revisions\/7478"}],"up":[{"embeddable":true,"href":"https:\/\/fge.swebwp.oci.eu\/de\/wp-json\/wp\/v2\/pages\/7472"}],"wp:attachment":[{"href":"https:\/\/fge.swebwp.oci.eu\/de\/wp-json\/wp\/v2\/media?parent=7477"}],"wp:term":[{"taxonomy":"frge_profile","embeddable":true,"href":"https:\/\/fge.swebwp.oci.eu\/de\/wp-json\/wp\/v2\/frge_profile?post=7477"}],"curies":[{"name":"wp","href":"https:\/\/api.w.org\/{rel}","templated":true}]}}