{"id":7435,"date":"2021-05-18T10:36:20","date_gmt":"2021-05-18T08:36:20","guid":{"rendered":"https:\/\/fge.swebwp.oci.eu\/?page_id=7435"},"modified":"2021-05-18T10:36:52","modified_gmt":"2021-05-18T08:36:52","slug":"die-grenzubergreifende-berufsausbildung-im-saarland","status":"publish","type":"page","link":"https:\/\/fge.swebwp.oci.eu\/de\/startseite\/jugendliche\/grenzubergreifende-berufsausbildung\/die-grenzubergreifende-berufsausbildung-im-saarland\/","title":{"rendered":"Die Grenz\u00fcbergreifende Berufsausbildung im Saarland"},"content":{"rendered":"\n<p>In den Jahren 2013 und 2014 unterzeichneten der Elsass[1] und Lothringen[2] jeweils mit den benachbarten deutschen L\u00e4ndern Rahmenvereinbarungen, um die Zusammenarbeit im Bereich der beruflichen Aus- und Weiterbildung und insbesondere die Bedingungen f\u00fcr die grenz\u00fcbergreifende Berufsausbildung zu entwickeln.<\/p>\n\n\n\n<p>Die Region Grand Est verschreibt sich weiterhin ihrer Politik der Zusammenarbeit auf dem Gebiet der Berufsausbildung. Auf der Seite des Oberrhein f\u00f6rdert das Projekt&nbsp;\u201eErfolg ohne Grenze\u201c im Rahmen eines Interreg-Projekts[3] die grenz\u00fcberschreitende Mobilit\u00e4t der Auszubildenden zwischen dem Elsass und &#8211; in Deutschland \u2013 Rheinland-Pfalz und Baden-W\u00fcrttemberg. Auf lothringischer Seite wird eine Partnerschaft von der Region Grand-Est und der Bundesagentur f\u00fcr Arbeit im Interesse der Einrichtung einer grenz\u00fcberschreitenden Berufsausbildung zwischen dem Saarland und Lothringen finanziert.<\/p>\n\n\n\n<p>F\u00fcr die Region Grand Est besteht das Ziel in der F\u00f6rderung der Integration der Arbeitsm\u00e4rkte in die Grenzgebiete. Dabei geht es darum, die Ausbildung im Dualsystem zu f\u00f6rdern und im gleichen Zuge Besch\u00e4ftigungsm\u00f6glichkeiten auf der anderen Seite der Grenze f\u00fcr Jugendliche in Ausbildung zu schaffen. Arbeitskr\u00e4ftebedarf gibt es auf beiden Seiten der Grenze in vielen Bereichen des Handwerks (Elektrotechnik, Metallurgie) oder auch des Tourismus.<\/p>\n\n\n\n<p>Die grenz\u00fcberschreitende Berufsausbildung wird zwischen Lothringen und dem Saarland aber auch in umgekehrter Richtung absolviert. Dieser Teil richtet sich insbesondere an lothringische Jugendliche, die sich im Rahmen ihrer Berufsausbildung ins Saarland begeben m\u00f6chten.<\/p>\n","protected":false},"excerpt":{"rendered":"<p>In den Jahren 2013 und 2014 unterzeichneten der Elsass[1] und Lothringen[2] jeweils mit den benachbarten deutschen L\u00e4ndern Rahmenvereinbarungen, um die Zusammenarbeit im Bereich der beruflichen Aus- und Weiterbildung und insbesondere die Bedingungen f\u00fcr die grenz\u00fcbergreifende Berufsausbildung zu entwickeln. Die Region Grand Est verschreibt sich weiterhin ihrer Politik der Zusammenarbeit auf dem Gebiet der Berufsausbildung. Auf [&hellip;]<\/p>\n","protected":false},"author":7,"featured_media":0,"parent":7428,"menu_order":0,"comment_status":"closed","ping_status":"closed","template":"","meta":{"inline_featured_image":false,"footnotes":""},"frge_profile":[],"class_list":["post-7435","page","type-page","status-publish","hentry"],"yoast_head":"<!-- This site is optimized with the Yoast SEO plugin v25.0 - https:\/\/yoast.com\/wordpress\/plugins\/seo\/ -->\n<title>Die Grenz\u00fcbergreifende Berufsausbildung im Saarland - Frontaliers Grand Est<\/title>\n<meta name=\"robots\" content=\"noindex, follow, max-snippet:-1, max-image-preview:large, max-video-preview:-1\" \/>\n<meta property=\"og:locale\" content=\"de_DE\" \/>\n<meta property=\"og:type\" content=\"article\" \/>\n<meta property=\"og:title\" content=\"Die Grenz\u00fcbergreifende Berufsausbildung im Saarland - Frontaliers Grand Est\" \/>\n<meta property=\"og:description\" content=\"In den Jahren 2013 und 2014 unterzeichneten der Elsass[1] und Lothringen[2] jeweils mit den benachbarten deutschen L\u00e4ndern Rahmenvereinbarungen, um die Zusammenarbeit im Bereich der beruflichen Aus- und Weiterbildung und insbesondere die Bedingungen f\u00fcr die grenz\u00fcbergreifende Berufsausbildung zu entwickeln. Die Region Grand Est verschreibt sich weiterhin ihrer Politik der Zusammenarbeit auf dem Gebiet der Berufsausbildung. Auf [&hellip;]\" \/>\n<meta property=\"og:url\" content=\"https:\/\/fge.swebwp.oci.eu\/de\/startseite\/jugendliche\/grenzubergreifende-berufsausbildung\/die-grenzubergreifende-berufsausbildung-im-saarland\/\" \/>\n<meta property=\"og:site_name\" content=\"Frontaliers Grand Est\" \/>\n<meta property=\"article:modified_time\" content=\"2021-05-18T08:36:52+00:00\" \/>\n<meta name=\"twitter:card\" content=\"summary_large_image\" \/>\n<meta name=\"twitter:label1\" content=\"Gesch\u00e4tzte Lesezeit\" \/>\n\t<meta name=\"twitter:data1\" content=\"1\u00a0Minute\" \/>\n<script type=\"application\/ld+json\" class=\"yoast-schema-graph\">{\"@context\":\"https:\/\/schema.org\",\"@graph\":[{\"@type\":\"WebPage\",\"@id\":\"https:\/\/fge.swebwp.oci.eu\/de\/startseite\/jugendliche\/grenzubergreifende-berufsausbildung\/die-grenzubergreifende-berufsausbildung-im-saarland\/\",\"url\":\"https:\/\/fge.swebwp.oci.eu\/de\/startseite\/jugendliche\/grenzubergreifende-berufsausbildung\/die-grenzubergreifende-berufsausbildung-im-saarland\/\",\"name\":\"Die Grenz\u00fcbergreifende Berufsausbildung im Saarland - Frontaliers Grand Est\",\"isPartOf\":{\"@id\":\"https:\/\/fge.swebwp.oci.eu\/de\/#website\"},\"datePublished\":\"2021-05-18T08:36:20+00:00\",\"dateModified\":\"2021-05-18T08:36:52+00:00\",\"breadcrumb\":{\"@id\":\"https:\/\/fge.swebwp.oci.eu\/de\/startseite\/jugendliche\/grenzubergreifende-berufsausbildung\/die-grenzubergreifende-berufsausbildung-im-saarland\/#breadcrumb\"},\"inLanguage\":\"de\",\"potentialAction\":[{\"@type\":\"ReadAction\",\"target\":[\"https:\/\/fge.swebwp.oci.eu\/de\/startseite\/jugendliche\/grenzubergreifende-berufsausbildung\/die-grenzubergreifende-berufsausbildung-im-saarland\/\"]}]},{\"@type\":\"BreadcrumbList\",\"@id\":\"https:\/\/fge.swebwp.oci.eu\/de\/startseite\/jugendliche\/grenzubergreifende-berufsausbildung\/die-grenzubergreifende-berufsausbildung-im-saarland\/#breadcrumb\",\"itemListElement\":[{\"@type\":\"ListItem\",\"position\":1,\"name\":\"Startseite\",\"item\":\"https:\/\/fge.swebwp.oci.eu\/de\/\"},{\"@type\":\"ListItem\",\"position\":2,\"name\":\"Jugendliche\",\"item\":\"https:\/\/fge.swebwp.oci.eu\/de\/startseite\/jugendliche\/\"},{\"@type\":\"ListItem\",\"position\":3,\"name\":\"Grenz\u00fcbergreifende Berufsausbildung\",\"item\":\"https:\/\/fge.swebwp.oci.eu\/de\/startseite\/jugendliche\/grenzubergreifende-berufsausbildung\/\"},{\"@type\":\"ListItem\",\"position\":4,\"name\":\"Die Grenz\u00fcbergreifende Berufsausbildung im Saarland\"}]},{\"@type\":\"WebSite\",\"@id\":\"https:\/\/fge.swebwp.oci.eu\/de\/#website\",\"url\":\"https:\/\/fge.swebwp.oci.eu\/de\/\",\"name\":\"Frontaliers Grand Est\",\"description\":\"Le site ressource du travail frontalier\",\"potentialAction\":[{\"@type\":\"SearchAction\",\"target\":{\"@type\":\"EntryPoint\",\"urlTemplate\":\"https:\/\/fge.swebwp.oci.eu\/de\/?s={search_term_string}\"},\"query-input\":{\"@type\":\"PropertyValueSpecification\",\"valueRequired\":true,\"valueName\":\"search_term_string\"}}],\"inLanguage\":\"de\"}]}<\/script>\n<!-- \/ Yoast SEO plugin. -->","yoast_head_json":{"title":"Die Grenz\u00fcbergreifende Berufsausbildung im Saarland - Frontaliers Grand Est","robots":{"index":"noindex","follow":"follow","max-snippet":"max-snippet:-1","max-image-preview":"max-image-preview:large","max-video-preview":"max-video-preview:-1"},"og_locale":"de_DE","og_type":"article","og_title":"Die Grenz\u00fcbergreifende Berufsausbildung im Saarland - Frontaliers Grand Est","og_description":"In den Jahren 2013 und 2014 unterzeichneten der Elsass[1] und Lothringen[2] jeweils mit den benachbarten deutschen L\u00e4ndern Rahmenvereinbarungen, um die Zusammenarbeit im Bereich der beruflichen Aus- und Weiterbildung und insbesondere die Bedingungen f\u00fcr die grenz\u00fcbergreifende Berufsausbildung zu entwickeln. Die Region Grand Est verschreibt sich weiterhin ihrer Politik der Zusammenarbeit auf dem Gebiet der Berufsausbildung. Auf [&hellip;]","og_url":"https:\/\/fge.swebwp.oci.eu\/de\/startseite\/jugendliche\/grenzubergreifende-berufsausbildung\/die-grenzubergreifende-berufsausbildung-im-saarland\/","og_site_name":"Frontaliers Grand Est","article_modified_time":"2021-05-18T08:36:52+00:00","twitter_card":"summary_large_image","twitter_misc":{"Gesch\u00e4tzte Lesezeit":"1\u00a0Minute"},"schema":{"@context":"https:\/\/schema.org","@graph":[{"@type":"WebPage","@id":"https:\/\/fge.swebwp.oci.eu\/de\/startseite\/jugendliche\/grenzubergreifende-berufsausbildung\/die-grenzubergreifende-berufsausbildung-im-saarland\/","url":"https:\/\/fge.swebwp.oci.eu\/de\/startseite\/jugendliche\/grenzubergreifende-berufsausbildung\/die-grenzubergreifende-berufsausbildung-im-saarland\/","name":"Die Grenz\u00fcbergreifende Berufsausbildung im Saarland - Frontaliers Grand Est","isPartOf":{"@id":"https:\/\/fge.swebwp.oci.eu\/de\/#website"},"datePublished":"2021-05-18T08:36:20+00:00","dateModified":"2021-05-18T08:36:52+00:00","breadcrumb":{"@id":"https:\/\/fge.swebwp.oci.eu\/de\/startseite\/jugendliche\/grenzubergreifende-berufsausbildung\/die-grenzubergreifende-berufsausbildung-im-saarland\/#breadcrumb"},"inLanguage":"de","potentialAction":[{"@type":"ReadAction","target":["https:\/\/fge.swebwp.oci.eu\/de\/startseite\/jugendliche\/grenzubergreifende-berufsausbildung\/die-grenzubergreifende-berufsausbildung-im-saarland\/"]}]},{"@type":"BreadcrumbList","@id":"https:\/\/fge.swebwp.oci.eu\/de\/startseite\/jugendliche\/grenzubergreifende-berufsausbildung\/die-grenzubergreifende-berufsausbildung-im-saarland\/#breadcrumb","itemListElement":[{"@type":"ListItem","position":1,"name":"Startseite","item":"https:\/\/fge.swebwp.oci.eu\/de\/"},{"@type":"ListItem","position":2,"name":"Jugendliche","item":"https:\/\/fge.swebwp.oci.eu\/de\/startseite\/jugendliche\/"},{"@type":"ListItem","position":3,"name":"Grenz\u00fcbergreifende Berufsausbildung","item":"https:\/\/fge.swebwp.oci.eu\/de\/startseite\/jugendliche\/grenzubergreifende-berufsausbildung\/"},{"@type":"ListItem","position":4,"name":"Die Grenz\u00fcbergreifende Berufsausbildung im Saarland"}]},{"@type":"WebSite","@id":"https:\/\/fge.swebwp.oci.eu\/de\/#website","url":"https:\/\/fge.swebwp.oci.eu\/de\/","name":"Frontaliers Grand Est","description":"Le site ressource du travail frontalier","potentialAction":[{"@type":"SearchAction","target":{"@type":"EntryPoint","urlTemplate":"https:\/\/fge.swebwp.oci.eu\/de\/?s={search_term_string}"},"query-input":{"@type":"PropertyValueSpecification","valueRequired":true,"valueName":"search_term_string"}}],"inLanguage":"de"}]}},"_links":{"self":[{"href":"https:\/\/fge.swebwp.oci.eu\/de\/wp-json\/wp\/v2\/pages\/7435","targetHints":{"allow":["GET"]}}],"collection":[{"href":"https:\/\/fge.swebwp.oci.eu\/de\/wp-json\/wp\/v2\/pages"}],"about":[{"href":"https:\/\/fge.swebwp.oci.eu\/de\/wp-json\/wp\/v2\/types\/page"}],"author":[{"embeddable":true,"href":"https:\/\/fge.swebwp.oci.eu\/de\/wp-json\/wp\/v2\/users\/7"}],"replies":[{"embeddable":true,"href":"https:\/\/fge.swebwp.oci.eu\/de\/wp-json\/wp\/v2\/comments?post=7435"}],"version-history":[{"count":2,"href":"https:\/\/fge.swebwp.oci.eu\/de\/wp-json\/wp\/v2\/pages\/7435\/revisions"}],"predecessor-version":[{"id":7437,"href":"https:\/\/fge.swebwp.oci.eu\/de\/wp-json\/wp\/v2\/pages\/7435\/revisions\/7437"}],"up":[{"embeddable":true,"href":"https:\/\/fge.swebwp.oci.eu\/de\/wp-json\/wp\/v2\/pages\/7428"}],"wp:attachment":[{"href":"https:\/\/fge.swebwp.oci.eu\/de\/wp-json\/wp\/v2\/media?parent=7435"}],"wp:term":[{"taxonomy":"frge_profile","embeddable":true,"href":"https:\/\/fge.swebwp.oci.eu\/de\/wp-json\/wp\/v2\/frge_profile?post=7435"}],"curies":[{"name":"wp","href":"https:\/\/api.w.org\/{rel}","templated":true}]}}