{"id":7372,"date":"2021-05-07T15:06:03","date_gmt":"2021-05-07T13:06:03","guid":{"rendered":"https:\/\/fge.swebwp.oci.eu\/?page_id=7372"},"modified":"2021-05-07T15:06:04","modified_gmt":"2021-05-07T13:06:04","slug":"gut-zu-wissen","status":"publish","type":"page","link":"https:\/\/fge.swebwp.oci.eu\/de\/startseite\/arbeitsuchende\/finden-einen-job-in-belgien\/gut-zu-wissen\/","title":{"rendered":"Gut Zu Wissen."},"content":{"rendered":"\n<p>EURES (<a href=\"http:\/\/ec.europa.eu\/eures\/page\/index\" target=\"_blank\" rel=\"noreferrer noopener\">http:\/\/ec.europa.eu\/eures\/page\/index<\/a>) hat die Aufgabe, den Arbeitnehmern und Arbeitgebern Informationen, Beratungen und Dienstleistungen im Bereich Arbeitsvermittlung anzubieten. EURES\u00a0 Gro\u00dfregion bem\u00fcht sich in Zusammenarbeit mit den \u00f6ffentlichen Arbeitsvermittlungen, die Mobilit\u00e4t der Arbeitnehmer zwischen Frankreich und Belgien zu f\u00f6rdern.<\/p>\n\n\n\n<h4 class=\"wp-block-heading\"><strong>EURES GRO\u00dfREGION (FR-BE-LUX-DE)<\/strong><\/h4>\n\n\n\n<p>Mit mehr als 213&nbsp;400 Pendlern jeden Tag ist die grenz\u00fcberschreitende Region Lothringen-Belgien-Luxemburg-Deutschland&nbsp; die Region, die die gr\u00f6\u00dfte Anzahl von Grenzg\u00e4ngern in der europ\u00e4ischen Union z\u00e4hlt.<\/p>\n","protected":false},"excerpt":{"rendered":"<p>EURES (http:\/\/ec.europa.eu\/eures\/page\/index) hat die Aufgabe, den Arbeitnehmern und Arbeitgebern Informationen, Beratungen und Dienstleistungen im Bereich Arbeitsvermittlung anzubieten. EURES\u00a0 Gro\u00dfregion bem\u00fcht sich in Zusammenarbeit mit den \u00f6ffentlichen Arbeitsvermittlungen, die Mobilit\u00e4t der Arbeitnehmer zwischen Frankreich und Belgien zu f\u00f6rdern. EURES GRO\u00dfREGION (FR-BE-LUX-DE) Mit mehr als 213&nbsp;400 Pendlern jeden Tag ist die grenz\u00fcberschreitende Region Lothringen-Belgien-Luxemburg-Deutschland&nbsp; die Region, die [&hellip;]<\/p>\n","protected":false},"author":7,"featured_media":0,"parent":7370,"menu_order":0,"comment_status":"closed","ping_status":"closed","template":"","meta":{"inline_featured_image":false,"footnotes":""},"frge_profile":[],"class_list":["post-7372","page","type-page","status-publish","hentry"],"yoast_head":"<!-- This site is optimized with the Yoast SEO plugin v25.0 - https:\/\/yoast.com\/wordpress\/plugins\/seo\/ -->\n<title>Gut Zu Wissen. - Frontaliers Grand Est<\/title>\n<meta name=\"robots\" content=\"noindex, follow, max-snippet:-1, max-image-preview:large, max-video-preview:-1\" \/>\n<meta property=\"og:locale\" content=\"de_DE\" \/>\n<meta property=\"og:type\" content=\"article\" \/>\n<meta property=\"og:title\" content=\"Gut Zu Wissen. - Frontaliers Grand Est\" \/>\n<meta property=\"og:description\" content=\"EURES (http:\/\/ec.europa.eu\/eures\/page\/index) hat die Aufgabe, den Arbeitnehmern und Arbeitgebern Informationen, Beratungen und Dienstleistungen im Bereich Arbeitsvermittlung anzubieten. EURES\u00a0 Gro\u00dfregion bem\u00fcht sich in Zusammenarbeit mit den \u00f6ffentlichen Arbeitsvermittlungen, die Mobilit\u00e4t der Arbeitnehmer zwischen Frankreich und Belgien zu f\u00f6rdern. EURES GRO\u00dfREGION (FR-BE-LUX-DE) Mit mehr als 213&nbsp;400 Pendlern jeden Tag ist die grenz\u00fcberschreitende Region Lothringen-Belgien-Luxemburg-Deutschland&nbsp; die Region, die [&hellip;]\" \/>\n<meta property=\"og:url\" content=\"https:\/\/fge.swebwp.oci.eu\/de\/startseite\/arbeitsuchende\/finden-einen-job-in-belgien\/gut-zu-wissen\/\" \/>\n<meta property=\"og:site_name\" content=\"Frontaliers Grand Est\" \/>\n<meta property=\"article:modified_time\" content=\"2021-05-07T13:06:04+00:00\" \/>\n<meta name=\"twitter:card\" content=\"summary_large_image\" \/>\n<meta name=\"twitter:label1\" content=\"Gesch\u00e4tzte Lesezeit\" \/>\n\t<meta name=\"twitter:data1\" content=\"1\u00a0Minute\" \/>\n<script type=\"application\/ld+json\" class=\"yoast-schema-graph\">{\"@context\":\"https:\/\/schema.org\",\"@graph\":[{\"@type\":\"WebPage\",\"@id\":\"https:\/\/fge.swebwp.oci.eu\/de\/startseite\/arbeitsuchende\/finden-einen-job-in-belgien\/gut-zu-wissen\/\",\"url\":\"https:\/\/fge.swebwp.oci.eu\/de\/startseite\/arbeitsuchende\/finden-einen-job-in-belgien\/gut-zu-wissen\/\",\"name\":\"Gut Zu Wissen. - Frontaliers Grand Est\",\"isPartOf\":{\"@id\":\"https:\/\/fge.swebwp.oci.eu\/de\/#website\"},\"datePublished\":\"2021-05-07T13:06:03+00:00\",\"dateModified\":\"2021-05-07T13:06:04+00:00\",\"breadcrumb\":{\"@id\":\"https:\/\/fge.swebwp.oci.eu\/de\/startseite\/arbeitsuchende\/finden-einen-job-in-belgien\/gut-zu-wissen\/#breadcrumb\"},\"inLanguage\":\"de\",\"potentialAction\":[{\"@type\":\"ReadAction\",\"target\":[\"https:\/\/fge.swebwp.oci.eu\/de\/startseite\/arbeitsuchende\/finden-einen-job-in-belgien\/gut-zu-wissen\/\"]}]},{\"@type\":\"BreadcrumbList\",\"@id\":\"https:\/\/fge.swebwp.oci.eu\/de\/startseite\/arbeitsuchende\/finden-einen-job-in-belgien\/gut-zu-wissen\/#breadcrumb\",\"itemListElement\":[{\"@type\":\"ListItem\",\"position\":1,\"name\":\"Startseite\",\"item\":\"https:\/\/fge.swebwp.oci.eu\/de\/\"},{\"@type\":\"ListItem\",\"position\":2,\"name\":\"Arbeitsuchende\",\"item\":\"https:\/\/fge.swebwp.oci.eu\/de\/startseite\/arbeitsuchende\/\"},{\"@type\":\"ListItem\",\"position\":3,\"name\":\"Finden einen Job in Belgien\",\"item\":\"https:\/\/fge.swebwp.oci.eu\/de\/startseite\/arbeitsuchende\/finden-einen-job-in-belgien\/\"},{\"@type\":\"ListItem\",\"position\":4,\"name\":\"Gut Zu Wissen.\"}]},{\"@type\":\"WebSite\",\"@id\":\"https:\/\/fge.swebwp.oci.eu\/de\/#website\",\"url\":\"https:\/\/fge.swebwp.oci.eu\/de\/\",\"name\":\"Frontaliers Grand Est\",\"description\":\"Le site ressource du travail frontalier\",\"potentialAction\":[{\"@type\":\"SearchAction\",\"target\":{\"@type\":\"EntryPoint\",\"urlTemplate\":\"https:\/\/fge.swebwp.oci.eu\/de\/?s={search_term_string}\"},\"query-input\":{\"@type\":\"PropertyValueSpecification\",\"valueRequired\":true,\"valueName\":\"search_term_string\"}}],\"inLanguage\":\"de\"}]}<\/script>\n<!-- \/ Yoast SEO plugin. -->","yoast_head_json":{"title":"Gut Zu Wissen. - Frontaliers Grand Est","robots":{"index":"noindex","follow":"follow","max-snippet":"max-snippet:-1","max-image-preview":"max-image-preview:large","max-video-preview":"max-video-preview:-1"},"og_locale":"de_DE","og_type":"article","og_title":"Gut Zu Wissen. - Frontaliers Grand Est","og_description":"EURES (http:\/\/ec.europa.eu\/eures\/page\/index) hat die Aufgabe, den Arbeitnehmern und Arbeitgebern Informationen, Beratungen und Dienstleistungen im Bereich Arbeitsvermittlung anzubieten. EURES\u00a0 Gro\u00dfregion bem\u00fcht sich in Zusammenarbeit mit den \u00f6ffentlichen Arbeitsvermittlungen, die Mobilit\u00e4t der Arbeitnehmer zwischen Frankreich und Belgien zu f\u00f6rdern. EURES GRO\u00dfREGION (FR-BE-LUX-DE) Mit mehr als 213&nbsp;400 Pendlern jeden Tag ist die grenz\u00fcberschreitende Region Lothringen-Belgien-Luxemburg-Deutschland&nbsp; die Region, die [&hellip;]","og_url":"https:\/\/fge.swebwp.oci.eu\/de\/startseite\/arbeitsuchende\/finden-einen-job-in-belgien\/gut-zu-wissen\/","og_site_name":"Frontaliers Grand Est","article_modified_time":"2021-05-07T13:06:04+00:00","twitter_card":"summary_large_image","twitter_misc":{"Gesch\u00e4tzte Lesezeit":"1\u00a0Minute"},"schema":{"@context":"https:\/\/schema.org","@graph":[{"@type":"WebPage","@id":"https:\/\/fge.swebwp.oci.eu\/de\/startseite\/arbeitsuchende\/finden-einen-job-in-belgien\/gut-zu-wissen\/","url":"https:\/\/fge.swebwp.oci.eu\/de\/startseite\/arbeitsuchende\/finden-einen-job-in-belgien\/gut-zu-wissen\/","name":"Gut Zu Wissen. - Frontaliers Grand Est","isPartOf":{"@id":"https:\/\/fge.swebwp.oci.eu\/de\/#website"},"datePublished":"2021-05-07T13:06:03+00:00","dateModified":"2021-05-07T13:06:04+00:00","breadcrumb":{"@id":"https:\/\/fge.swebwp.oci.eu\/de\/startseite\/arbeitsuchende\/finden-einen-job-in-belgien\/gut-zu-wissen\/#breadcrumb"},"inLanguage":"de","potentialAction":[{"@type":"ReadAction","target":["https:\/\/fge.swebwp.oci.eu\/de\/startseite\/arbeitsuchende\/finden-einen-job-in-belgien\/gut-zu-wissen\/"]}]},{"@type":"BreadcrumbList","@id":"https:\/\/fge.swebwp.oci.eu\/de\/startseite\/arbeitsuchende\/finden-einen-job-in-belgien\/gut-zu-wissen\/#breadcrumb","itemListElement":[{"@type":"ListItem","position":1,"name":"Startseite","item":"https:\/\/fge.swebwp.oci.eu\/de\/"},{"@type":"ListItem","position":2,"name":"Arbeitsuchende","item":"https:\/\/fge.swebwp.oci.eu\/de\/startseite\/arbeitsuchende\/"},{"@type":"ListItem","position":3,"name":"Finden einen Job in Belgien","item":"https:\/\/fge.swebwp.oci.eu\/de\/startseite\/arbeitsuchende\/finden-einen-job-in-belgien\/"},{"@type":"ListItem","position":4,"name":"Gut Zu Wissen."}]},{"@type":"WebSite","@id":"https:\/\/fge.swebwp.oci.eu\/de\/#website","url":"https:\/\/fge.swebwp.oci.eu\/de\/","name":"Frontaliers Grand Est","description":"Le site ressource du travail frontalier","potentialAction":[{"@type":"SearchAction","target":{"@type":"EntryPoint","urlTemplate":"https:\/\/fge.swebwp.oci.eu\/de\/?s={search_term_string}"},"query-input":{"@type":"PropertyValueSpecification","valueRequired":true,"valueName":"search_term_string"}}],"inLanguage":"de"}]}},"_links":{"self":[{"href":"https:\/\/fge.swebwp.oci.eu\/de\/wp-json\/wp\/v2\/pages\/7372","targetHints":{"allow":["GET"]}}],"collection":[{"href":"https:\/\/fge.swebwp.oci.eu\/de\/wp-json\/wp\/v2\/pages"}],"about":[{"href":"https:\/\/fge.swebwp.oci.eu\/de\/wp-json\/wp\/v2\/types\/page"}],"author":[{"embeddable":true,"href":"https:\/\/fge.swebwp.oci.eu\/de\/wp-json\/wp\/v2\/users\/7"}],"replies":[{"embeddable":true,"href":"https:\/\/fge.swebwp.oci.eu\/de\/wp-json\/wp\/v2\/comments?post=7372"}],"version-history":[{"count":1,"href":"https:\/\/fge.swebwp.oci.eu\/de\/wp-json\/wp\/v2\/pages\/7372\/revisions"}],"predecessor-version":[{"id":7373,"href":"https:\/\/fge.swebwp.oci.eu\/de\/wp-json\/wp\/v2\/pages\/7372\/revisions\/7373"}],"up":[{"embeddable":true,"href":"https:\/\/fge.swebwp.oci.eu\/de\/wp-json\/wp\/v2\/pages\/7370"}],"wp:attachment":[{"href":"https:\/\/fge.swebwp.oci.eu\/de\/wp-json\/wp\/v2\/media?parent=7372"}],"wp:term":[{"taxonomy":"frge_profile","embeddable":true,"href":"https:\/\/fge.swebwp.oci.eu\/de\/wp-json\/wp\/v2\/frge_profile?post=7372"}],"curies":[{"name":"wp","href":"https:\/\/api.w.org\/{rel}","templated":true}]}}