{"id":7355,"date":"2021-05-07T14:49:42","date_gmt":"2021-05-07T12:49:42","guid":{"rendered":"https:\/\/fge.swebwp.oci.eu\/?page_id=7355"},"modified":"2021-05-07T14:49:44","modified_gmt":"2021-05-07T12:49:44","slug":"nutzliche-informationen-uber-den-grenzgangerstatus","status":"publish","type":"page","link":"https:\/\/fge.swebwp.oci.eu\/de\/startseite\/arbeitsuchende\/finden-einen-job-in-deutschland\/gut-zu-wissen\/nutzliche-informationen-uber-den-grenzgangerstatus\/","title":{"rendered":"N\u00fctzliche Informationen \u00fcber den Grenzg\u00e4ngerstatus"},"content":{"rendered":"","protected":false},"excerpt":{"rendered":"","protected":false},"author":7,"featured_media":0,"parent":7346,"menu_order":3,"comment_status":"closed","ping_status":"closed","template":"","meta":{"inline_featured_image":false,"footnotes":""},"frge_profile":[],"class_list":["post-7355","page","type-page","status-publish","hentry"],"yoast_head":"<!-- This site is optimized with the Yoast SEO plugin v25.0 - https:\/\/yoast.com\/wordpress\/plugins\/seo\/ -->\n<title>N\u00fctzliche Informationen \u00fcber den Grenzg\u00e4ngerstatus - Frontaliers Grand Est<\/title>\n<meta name=\"robots\" content=\"noindex, follow, max-snippet:-1, max-image-preview:large, max-video-preview:-1\" \/>\n<meta property=\"og:locale\" content=\"de_DE\" \/>\n<meta property=\"og:type\" content=\"article\" \/>\n<meta property=\"og:title\" content=\"N\u00fctzliche Informationen \u00fcber den Grenzg\u00e4ngerstatus - Frontaliers Grand Est\" \/>\n<meta property=\"og:url\" content=\"https:\/\/fge.swebwp.oci.eu\/de\/startseite\/arbeitsuchende\/finden-einen-job-in-deutschland\/gut-zu-wissen\/nutzliche-informationen-uber-den-grenzgangerstatus\/\" \/>\n<meta property=\"og:site_name\" content=\"Frontaliers Grand Est\" \/>\n<meta property=\"article:modified_time\" content=\"2021-05-07T12:49:44+00:00\" \/>\n<meta name=\"twitter:card\" content=\"summary_large_image\" \/>\n<script type=\"application\/ld+json\" class=\"yoast-schema-graph\">{\"@context\":\"https:\/\/schema.org\",\"@graph\":[{\"@type\":\"WebPage\",\"@id\":\"https:\/\/fge.swebwp.oci.eu\/de\/startseite\/arbeitsuchende\/finden-einen-job-in-deutschland\/gut-zu-wissen\/nutzliche-informationen-uber-den-grenzgangerstatus\/\",\"url\":\"https:\/\/fge.swebwp.oci.eu\/de\/startseite\/arbeitsuchende\/finden-einen-job-in-deutschland\/gut-zu-wissen\/nutzliche-informationen-uber-den-grenzgangerstatus\/\",\"name\":\"N\u00fctzliche Informationen \u00fcber den Grenzg\u00e4ngerstatus - Frontaliers Grand Est\",\"isPartOf\":{\"@id\":\"https:\/\/fge.swebwp.oci.eu\/de\/#website\"},\"datePublished\":\"2021-05-07T12:49:42+00:00\",\"dateModified\":\"2021-05-07T12:49:44+00:00\",\"breadcrumb\":{\"@id\":\"https:\/\/fge.swebwp.oci.eu\/de\/startseite\/arbeitsuchende\/finden-einen-job-in-deutschland\/gut-zu-wissen\/nutzliche-informationen-uber-den-grenzgangerstatus\/#breadcrumb\"},\"inLanguage\":\"de\",\"potentialAction\":[{\"@type\":\"ReadAction\",\"target\":[\"https:\/\/fge.swebwp.oci.eu\/de\/startseite\/arbeitsuchende\/finden-einen-job-in-deutschland\/gut-zu-wissen\/nutzliche-informationen-uber-den-grenzgangerstatus\/\"]}]},{\"@type\":\"BreadcrumbList\",\"@id\":\"https:\/\/fge.swebwp.oci.eu\/de\/startseite\/arbeitsuchende\/finden-einen-job-in-deutschland\/gut-zu-wissen\/nutzliche-informationen-uber-den-grenzgangerstatus\/#breadcrumb\",\"itemListElement\":[{\"@type\":\"ListItem\",\"position\":1,\"name\":\"Startseite\",\"item\":\"https:\/\/fge.swebwp.oci.eu\/de\/\"},{\"@type\":\"ListItem\",\"position\":2,\"name\":\"Arbeitsuchende\",\"item\":\"https:\/\/fge.swebwp.oci.eu\/de\/startseite\/arbeitsuchende\/\"},{\"@type\":\"ListItem\",\"position\":3,\"name\":\"Finden einen Job in Deutschland\",\"item\":\"https:\/\/fge.swebwp.oci.eu\/de\/startseite\/arbeitsuchende\/finden-einen-job-in-deutschland\/\"},{\"@type\":\"ListItem\",\"position\":4,\"name\":\"Gut Zu Wissen\",\"item\":\"https:\/\/fge.swebwp.oci.eu\/de\/startseite\/arbeitsuchende\/finden-einen-job-in-deutschland\/gut-zu-wissen\/\"},{\"@type\":\"ListItem\",\"position\":5,\"name\":\"N\u00fctzliche Informationen \u00fcber den Grenzg\u00e4ngerstatus\"}]},{\"@type\":\"WebSite\",\"@id\":\"https:\/\/fge.swebwp.oci.eu\/de\/#website\",\"url\":\"https:\/\/fge.swebwp.oci.eu\/de\/\",\"name\":\"Frontaliers Grand Est\",\"description\":\"Le site ressource du travail frontalier\",\"potentialAction\":[{\"@type\":\"SearchAction\",\"target\":{\"@type\":\"EntryPoint\",\"urlTemplate\":\"https:\/\/fge.swebwp.oci.eu\/de\/?s={search_term_string}\"},\"query-input\":{\"@type\":\"PropertyValueSpecification\",\"valueRequired\":true,\"valueName\":\"search_term_string\"}}],\"inLanguage\":\"de\"}]}<\/script>\n<!-- \/ Yoast SEO plugin. -->","yoast_head_json":{"title":"N\u00fctzliche Informationen \u00fcber den Grenzg\u00e4ngerstatus - Frontaliers Grand Est","robots":{"index":"noindex","follow":"follow","max-snippet":"max-snippet:-1","max-image-preview":"max-image-preview:large","max-video-preview":"max-video-preview:-1"},"og_locale":"de_DE","og_type":"article","og_title":"N\u00fctzliche Informationen \u00fcber den Grenzg\u00e4ngerstatus - Frontaliers Grand Est","og_url":"https:\/\/fge.swebwp.oci.eu\/de\/startseite\/arbeitsuchende\/finden-einen-job-in-deutschland\/gut-zu-wissen\/nutzliche-informationen-uber-den-grenzgangerstatus\/","og_site_name":"Frontaliers Grand Est","article_modified_time":"2021-05-07T12:49:44+00:00","twitter_card":"summary_large_image","schema":{"@context":"https:\/\/schema.org","@graph":[{"@type":"WebPage","@id":"https:\/\/fge.swebwp.oci.eu\/de\/startseite\/arbeitsuchende\/finden-einen-job-in-deutschland\/gut-zu-wissen\/nutzliche-informationen-uber-den-grenzgangerstatus\/","url":"https:\/\/fge.swebwp.oci.eu\/de\/startseite\/arbeitsuchende\/finden-einen-job-in-deutschland\/gut-zu-wissen\/nutzliche-informationen-uber-den-grenzgangerstatus\/","name":"N\u00fctzliche Informationen \u00fcber den Grenzg\u00e4ngerstatus - Frontaliers Grand Est","isPartOf":{"@id":"https:\/\/fge.swebwp.oci.eu\/de\/#website"},"datePublished":"2021-05-07T12:49:42+00:00","dateModified":"2021-05-07T12:49:44+00:00","breadcrumb":{"@id":"https:\/\/fge.swebwp.oci.eu\/de\/startseite\/arbeitsuchende\/finden-einen-job-in-deutschland\/gut-zu-wissen\/nutzliche-informationen-uber-den-grenzgangerstatus\/#breadcrumb"},"inLanguage":"de","potentialAction":[{"@type":"ReadAction","target":["https:\/\/fge.swebwp.oci.eu\/de\/startseite\/arbeitsuchende\/finden-einen-job-in-deutschland\/gut-zu-wissen\/nutzliche-informationen-uber-den-grenzgangerstatus\/"]}]},{"@type":"BreadcrumbList","@id":"https:\/\/fge.swebwp.oci.eu\/de\/startseite\/arbeitsuchende\/finden-einen-job-in-deutschland\/gut-zu-wissen\/nutzliche-informationen-uber-den-grenzgangerstatus\/#breadcrumb","itemListElement":[{"@type":"ListItem","position":1,"name":"Startseite","item":"https:\/\/fge.swebwp.oci.eu\/de\/"},{"@type":"ListItem","position":2,"name":"Arbeitsuchende","item":"https:\/\/fge.swebwp.oci.eu\/de\/startseite\/arbeitsuchende\/"},{"@type":"ListItem","position":3,"name":"Finden einen Job in Deutschland","item":"https:\/\/fge.swebwp.oci.eu\/de\/startseite\/arbeitsuchende\/finden-einen-job-in-deutschland\/"},{"@type":"ListItem","position":4,"name":"Gut Zu Wissen","item":"https:\/\/fge.swebwp.oci.eu\/de\/startseite\/arbeitsuchende\/finden-einen-job-in-deutschland\/gut-zu-wissen\/"},{"@type":"ListItem","position":5,"name":"N\u00fctzliche Informationen \u00fcber den Grenzg\u00e4ngerstatus"}]},{"@type":"WebSite","@id":"https:\/\/fge.swebwp.oci.eu\/de\/#website","url":"https:\/\/fge.swebwp.oci.eu\/de\/","name":"Frontaliers Grand Est","description":"Le site ressource du travail frontalier","potentialAction":[{"@type":"SearchAction","target":{"@type":"EntryPoint","urlTemplate":"https:\/\/fge.swebwp.oci.eu\/de\/?s={search_term_string}"},"query-input":{"@type":"PropertyValueSpecification","valueRequired":true,"valueName":"search_term_string"}}],"inLanguage":"de"}]}},"_links":{"self":[{"href":"https:\/\/fge.swebwp.oci.eu\/de\/wp-json\/wp\/v2\/pages\/7355","targetHints":{"allow":["GET"]}}],"collection":[{"href":"https:\/\/fge.swebwp.oci.eu\/de\/wp-json\/wp\/v2\/pages"}],"about":[{"href":"https:\/\/fge.swebwp.oci.eu\/de\/wp-json\/wp\/v2\/types\/page"}],"author":[{"embeddable":true,"href":"https:\/\/fge.swebwp.oci.eu\/de\/wp-json\/wp\/v2\/users\/7"}],"replies":[{"embeddable":true,"href":"https:\/\/fge.swebwp.oci.eu\/de\/wp-json\/wp\/v2\/comments?post=7355"}],"version-history":[{"count":1,"href":"https:\/\/fge.swebwp.oci.eu\/de\/wp-json\/wp\/v2\/pages\/7355\/revisions"}],"predecessor-version":[{"id":7356,"href":"https:\/\/fge.swebwp.oci.eu\/de\/wp-json\/wp\/v2\/pages\/7355\/revisions\/7356"}],"up":[{"embeddable":true,"href":"https:\/\/fge.swebwp.oci.eu\/de\/wp-json\/wp\/v2\/pages\/7346"}],"wp:attachment":[{"href":"https:\/\/fge.swebwp.oci.eu\/de\/wp-json\/wp\/v2\/media?parent=7355"}],"wp:term":[{"taxonomy":"frge_profile","embeddable":true,"href":"https:\/\/fge.swebwp.oci.eu\/de\/wp-json\/wp\/v2\/frge_profile?post=7355"}],"curies":[{"name":"wp","href":"https:\/\/api.w.org\/{rel}","templated":true}]}}