{"id":7308,"date":"2021-05-07T10:23:13","date_gmt":"2021-05-07T08:23:13","guid":{"rendered":"https:\/\/fge.swebwp.oci.eu\/?page_id=7308"},"modified":"2024-06-24T16:39:39","modified_gmt":"2024-06-24T14:39:39","slug":"der-beruf-des-krankenpflegers","status":"publish","type":"page","link":"https:\/\/fge.swebwp.oci.eu\/de\/startseite\/arbeitsuchende\/finden-einen-job-in-luxembourg\/einen-beruf-entdecken\/der-beruf-des-krankenpflegers\/","title":{"rendered":"Der Beruf des Krankenpflegers"},"content":{"rendered":"\n<p>In den luxemburgischen Krankenh\u00e4usern stellen die Grenzg\u00e4nger somit die H\u00e4lfte der besch\u00e4ftigten Krankenpfleger dar. Die Franzosen sind mehrheitlich (26% der Grenzg\u00e4nger). Ihnen folgen zu gleichen Anteilen deutsche (14 %) und belgische (13 %) Krankenpfleger.<\/p>\n\n\n\n<p>Der Beruf des f\u00fcr die allgemeine Pflege verantwortlichen Krankenpflegers geh\u00f6rt in Ansehung der Europ\u00e4ischen Richtlinie 2013\/55 EU<a href=\"https:\/\/fge.swebwp.oci.eu\/accueil\/demandeurs-demploi\/emploi-au-luxembourg\/decouvrez-un-metier\/infirmier\/responsable-des-soins-generaux\/\">[1]<\/a>\u00a0zu den reglementierten Berufen mit sektoriellen Regelungen, was der automatischen Anerkennung entspricht. Die Bewegungsfreiheit der Krankenpfleger wird damit in Europa erleichtert.<\/p>\n","protected":false},"excerpt":{"rendered":"<p>In den luxemburgischen Krankenh\u00e4usern stellen die Grenzg\u00e4nger somit die H\u00e4lfte der besch\u00e4ftigten Krankenpfleger dar. Die Franzosen sind mehrheitlich (26% der Grenzg\u00e4nger). Ihnen folgen zu gleichen Anteilen deutsche (14 %) und belgische (13 %) Krankenpfleger. Der Beruf des f\u00fcr die allgemeine Pflege verantwortlichen Krankenpflegers geh\u00f6rt in Ansehung der Europ\u00e4ischen Richtlinie 2013\/55 EU[1]\u00a0zu den reglementierten Berufen mit [&hellip;]<\/p>\n","protected":false},"author":7,"featured_media":0,"parent":7306,"menu_order":0,"comment_status":"closed","ping_status":"closed","template":"","meta":{"inline_featured_image":false,"footnotes":""},"frge_profile":[],"class_list":["post-7308","page","type-page","status-publish","hentry"],"yoast_head":"<!-- This site is optimized with the Yoast SEO plugin v25.0 - https:\/\/yoast.com\/wordpress\/plugins\/seo\/ -->\n<title>Der Beruf des Krankenpflegers - Frontaliers Grand Est<\/title>\n<meta name=\"robots\" content=\"noindex, follow, max-snippet:-1, max-image-preview:large, max-video-preview:-1\" \/>\n<meta property=\"og:locale\" content=\"de_DE\" \/>\n<meta property=\"og:type\" content=\"article\" \/>\n<meta property=\"og:title\" content=\"Der Beruf des Krankenpflegers - Frontaliers Grand Est\" \/>\n<meta property=\"og:description\" content=\"In den luxemburgischen Krankenh\u00e4usern stellen die Grenzg\u00e4nger somit die H\u00e4lfte der besch\u00e4ftigten Krankenpfleger dar. Die Franzosen sind mehrheitlich (26% der Grenzg\u00e4nger). Ihnen folgen zu gleichen Anteilen deutsche (14 %) und belgische (13 %) Krankenpfleger. Der Beruf des f\u00fcr die allgemeine Pflege verantwortlichen Krankenpflegers geh\u00f6rt in Ansehung der Europ\u00e4ischen Richtlinie 2013\/55 EU[1]\u00a0zu den reglementierten Berufen mit [&hellip;]\" \/>\n<meta property=\"og:url\" content=\"https:\/\/fge.swebwp.oci.eu\/de\/startseite\/arbeitsuchende\/finden-einen-job-in-luxembourg\/einen-beruf-entdecken\/der-beruf-des-krankenpflegers\/\" \/>\n<meta property=\"og:site_name\" content=\"Frontaliers Grand Est\" \/>\n<meta property=\"article:modified_time\" content=\"2024-06-24T14:39:39+00:00\" \/>\n<meta name=\"twitter:card\" content=\"summary_large_image\" \/>\n<meta name=\"twitter:label1\" content=\"Gesch\u00e4tzte Lesezeit\" \/>\n\t<meta name=\"twitter:data1\" content=\"1\u00a0Minute\" \/>\n<script type=\"application\/ld+json\" class=\"yoast-schema-graph\">{\"@context\":\"https:\/\/schema.org\",\"@graph\":[{\"@type\":\"WebPage\",\"@id\":\"https:\/\/fge.swebwp.oci.eu\/de\/startseite\/arbeitsuchende\/finden-einen-job-in-luxembourg\/einen-beruf-entdecken\/der-beruf-des-krankenpflegers\/\",\"url\":\"https:\/\/fge.swebwp.oci.eu\/de\/startseite\/arbeitsuchende\/finden-einen-job-in-luxembourg\/einen-beruf-entdecken\/der-beruf-des-krankenpflegers\/\",\"name\":\"Der Beruf des Krankenpflegers - Frontaliers Grand Est\",\"isPartOf\":{\"@id\":\"https:\/\/fge.swebwp.oci.eu\/de\/#website\"},\"datePublished\":\"2021-05-07T08:23:13+00:00\",\"dateModified\":\"2024-06-24T14:39:39+00:00\",\"breadcrumb\":{\"@id\":\"https:\/\/fge.swebwp.oci.eu\/de\/startseite\/arbeitsuchende\/finden-einen-job-in-luxembourg\/einen-beruf-entdecken\/der-beruf-des-krankenpflegers\/#breadcrumb\"},\"inLanguage\":\"de\",\"potentialAction\":[{\"@type\":\"ReadAction\",\"target\":[\"https:\/\/fge.swebwp.oci.eu\/de\/startseite\/arbeitsuchende\/finden-einen-job-in-luxembourg\/einen-beruf-entdecken\/der-beruf-des-krankenpflegers\/\"]}]},{\"@type\":\"BreadcrumbList\",\"@id\":\"https:\/\/fge.swebwp.oci.eu\/de\/startseite\/arbeitsuchende\/finden-einen-job-in-luxembourg\/einen-beruf-entdecken\/der-beruf-des-krankenpflegers\/#breadcrumb\",\"itemListElement\":[{\"@type\":\"ListItem\",\"position\":1,\"name\":\"Startseite\",\"item\":\"https:\/\/fge.swebwp.oci.eu\/de\/\"},{\"@type\":\"ListItem\",\"position\":2,\"name\":\"Arbeitsuchende\",\"item\":\"https:\/\/fge.swebwp.oci.eu\/de\/startseite\/arbeitsuchende\/\"},{\"@type\":\"ListItem\",\"position\":3,\"name\":\"Finden einen Job in Luxembourg\",\"item\":\"https:\/\/fge.swebwp.oci.eu\/de\/startseite\/arbeitsuchende\/finden-einen-job-in-luxembourg\/\"},{\"@type\":\"ListItem\",\"position\":4,\"name\":\"Einen Beruf Entdecken\",\"item\":\"https:\/\/fge.swebwp.oci.eu\/de\/startseite\/arbeitsuchende\/finden-einen-job-in-luxembourg\/einen-beruf-entdecken\/\"},{\"@type\":\"ListItem\",\"position\":5,\"name\":\"Der Beruf des Krankenpflegers\"}]},{\"@type\":\"WebSite\",\"@id\":\"https:\/\/fge.swebwp.oci.eu\/de\/#website\",\"url\":\"https:\/\/fge.swebwp.oci.eu\/de\/\",\"name\":\"Frontaliers Grand Est\",\"description\":\"Le site ressource du travail frontalier\",\"potentialAction\":[{\"@type\":\"SearchAction\",\"target\":{\"@type\":\"EntryPoint\",\"urlTemplate\":\"https:\/\/fge.swebwp.oci.eu\/de\/?s={search_term_string}\"},\"query-input\":{\"@type\":\"PropertyValueSpecification\",\"valueRequired\":true,\"valueName\":\"search_term_string\"}}],\"inLanguage\":\"de\"}]}<\/script>\n<!-- \/ Yoast SEO plugin. -->","yoast_head_json":{"title":"Der Beruf des Krankenpflegers - Frontaliers Grand Est","robots":{"index":"noindex","follow":"follow","max-snippet":"max-snippet:-1","max-image-preview":"max-image-preview:large","max-video-preview":"max-video-preview:-1"},"og_locale":"de_DE","og_type":"article","og_title":"Der Beruf des Krankenpflegers - Frontaliers Grand Est","og_description":"In den luxemburgischen Krankenh\u00e4usern stellen die Grenzg\u00e4nger somit die H\u00e4lfte der besch\u00e4ftigten Krankenpfleger dar. Die Franzosen sind mehrheitlich (26% der Grenzg\u00e4nger). Ihnen folgen zu gleichen Anteilen deutsche (14 %) und belgische (13 %) Krankenpfleger. Der Beruf des f\u00fcr die allgemeine Pflege verantwortlichen Krankenpflegers geh\u00f6rt in Ansehung der Europ\u00e4ischen Richtlinie 2013\/55 EU[1]\u00a0zu den reglementierten Berufen mit [&hellip;]","og_url":"https:\/\/fge.swebwp.oci.eu\/de\/startseite\/arbeitsuchende\/finden-einen-job-in-luxembourg\/einen-beruf-entdecken\/der-beruf-des-krankenpflegers\/","og_site_name":"Frontaliers Grand Est","article_modified_time":"2024-06-24T14:39:39+00:00","twitter_card":"summary_large_image","twitter_misc":{"Gesch\u00e4tzte Lesezeit":"1\u00a0Minute"},"schema":{"@context":"https:\/\/schema.org","@graph":[{"@type":"WebPage","@id":"https:\/\/fge.swebwp.oci.eu\/de\/startseite\/arbeitsuchende\/finden-einen-job-in-luxembourg\/einen-beruf-entdecken\/der-beruf-des-krankenpflegers\/","url":"https:\/\/fge.swebwp.oci.eu\/de\/startseite\/arbeitsuchende\/finden-einen-job-in-luxembourg\/einen-beruf-entdecken\/der-beruf-des-krankenpflegers\/","name":"Der Beruf des Krankenpflegers - Frontaliers Grand Est","isPartOf":{"@id":"https:\/\/fge.swebwp.oci.eu\/de\/#website"},"datePublished":"2021-05-07T08:23:13+00:00","dateModified":"2024-06-24T14:39:39+00:00","breadcrumb":{"@id":"https:\/\/fge.swebwp.oci.eu\/de\/startseite\/arbeitsuchende\/finden-einen-job-in-luxembourg\/einen-beruf-entdecken\/der-beruf-des-krankenpflegers\/#breadcrumb"},"inLanguage":"de","potentialAction":[{"@type":"ReadAction","target":["https:\/\/fge.swebwp.oci.eu\/de\/startseite\/arbeitsuchende\/finden-einen-job-in-luxembourg\/einen-beruf-entdecken\/der-beruf-des-krankenpflegers\/"]}]},{"@type":"BreadcrumbList","@id":"https:\/\/fge.swebwp.oci.eu\/de\/startseite\/arbeitsuchende\/finden-einen-job-in-luxembourg\/einen-beruf-entdecken\/der-beruf-des-krankenpflegers\/#breadcrumb","itemListElement":[{"@type":"ListItem","position":1,"name":"Startseite","item":"https:\/\/fge.swebwp.oci.eu\/de\/"},{"@type":"ListItem","position":2,"name":"Arbeitsuchende","item":"https:\/\/fge.swebwp.oci.eu\/de\/startseite\/arbeitsuchende\/"},{"@type":"ListItem","position":3,"name":"Finden einen Job in Luxembourg","item":"https:\/\/fge.swebwp.oci.eu\/de\/startseite\/arbeitsuchende\/finden-einen-job-in-luxembourg\/"},{"@type":"ListItem","position":4,"name":"Einen Beruf Entdecken","item":"https:\/\/fge.swebwp.oci.eu\/de\/startseite\/arbeitsuchende\/finden-einen-job-in-luxembourg\/einen-beruf-entdecken\/"},{"@type":"ListItem","position":5,"name":"Der Beruf des Krankenpflegers"}]},{"@type":"WebSite","@id":"https:\/\/fge.swebwp.oci.eu\/de\/#website","url":"https:\/\/fge.swebwp.oci.eu\/de\/","name":"Frontaliers Grand Est","description":"Le site ressource du travail frontalier","potentialAction":[{"@type":"SearchAction","target":{"@type":"EntryPoint","urlTemplate":"https:\/\/fge.swebwp.oci.eu\/de\/?s={search_term_string}"},"query-input":{"@type":"PropertyValueSpecification","valueRequired":true,"valueName":"search_term_string"}}],"inLanguage":"de"}]}},"_links":{"self":[{"href":"https:\/\/fge.swebwp.oci.eu\/de\/wp-json\/wp\/v2\/pages\/7308","targetHints":{"allow":["GET"]}}],"collection":[{"href":"https:\/\/fge.swebwp.oci.eu\/de\/wp-json\/wp\/v2\/pages"}],"about":[{"href":"https:\/\/fge.swebwp.oci.eu\/de\/wp-json\/wp\/v2\/types\/page"}],"author":[{"embeddable":true,"href":"https:\/\/fge.swebwp.oci.eu\/de\/wp-json\/wp\/v2\/users\/7"}],"replies":[{"embeddable":true,"href":"https:\/\/fge.swebwp.oci.eu\/de\/wp-json\/wp\/v2\/comments?post=7308"}],"version-history":[{"count":2,"href":"https:\/\/fge.swebwp.oci.eu\/de\/wp-json\/wp\/v2\/pages\/7308\/revisions"}],"predecessor-version":[{"id":39337,"href":"https:\/\/fge.swebwp.oci.eu\/de\/wp-json\/wp\/v2\/pages\/7308\/revisions\/39337"}],"up":[{"embeddable":true,"href":"https:\/\/fge.swebwp.oci.eu\/de\/wp-json\/wp\/v2\/pages\/7306"}],"wp:attachment":[{"href":"https:\/\/fge.swebwp.oci.eu\/de\/wp-json\/wp\/v2\/media?parent=7308"}],"wp:term":[{"taxonomy":"frge_profile","embeddable":true,"href":"https:\/\/fge.swebwp.oci.eu\/de\/wp-json\/wp\/v2\/frge_profile?post=7308"}],"curies":[{"name":"wp","href":"https:\/\/api.w.org\/{rel}","templated":true}]}}