{"id":6705,"date":"2021-04-26T16:59:58","date_gmt":"2021-04-26T14:59:58","guid":{"rendered":"https:\/\/fge.swebwp.oci.eu\/?page_id=6705"},"modified":"2021-05-04T11:47:34","modified_gmt":"2021-05-04T09:47:34","slug":"steuertoleranzen","status":"publish","type":"page","link":"https:\/\/fge.swebwp.oci.eu\/de\/startseite\/arbeitgeber\/die-telearbeit-in-der-grosregion\/in-belgien\/steuertoleranzen\/","title":{"rendered":"Steuertoleranzen"},"content":{"rendered":"\n<p>Die&nbsp;Doppelbestzeuerungsabkommen&nbsp;zwischen den verschiedenen Staaten darunter die der Gro\u00dfregion,&nbsp;beruhen auf folgendem Prinzip&nbsp;: die Geh\u00e4lter, Verg\u00fctungen und andere \u00e4nhliche Entlohnungen sind einzig und allein in dem Staat zu versteuern, in dem die dem Einkommen zugrundeliegende T\u00e4tigkeit ausge\u00fcbt wird.&nbsp;<\/p>\n\n\n\n<p>Dennoch haben die Steuerverwaltungen Vereinbarungen ausgehandelt, die manchmal eine&nbsp;Toleranzschwelle&nbsp;festlegen, unter der der Arbeitnehmer im Besch\u00e4ftigungsstaat weiterhin besteuert werden kann.<\/p>\n\n\n\n<p>Zum Beispiel&nbsp;:&nbsp;<strong>Luxemburg- Belgien<\/strong>&nbsp;: 24 Tage-Schwelle.&nbsp;Ein belgischer Grenzg\u00e4nger, der in Luxemburg arbeitet, kann 24 Tage au\u00dferhalb der luxemburgischen Grenze arbeiten und in Luxemburg steuerpflichtig bleiben.<\/p>\n\n\n\n<p><strong>Zwischen Belgien und Frankreich<\/strong>&nbsp;gibt es eine Toleranz von einem Tag por Woche. Ein franz\u00f6sischer Grenzg\u00e4nger der in Frankreich wohnt und der&nbsp;in Frankreich maximal einen Tag pro Woche Telearbeit leistet, bleibt im Besch\u00e4ftigungsland (Belgien) steuerpflichtig.&nbsp;<\/p>\n","protected":false},"excerpt":{"rendered":"<p>Die&nbsp;Doppelbestzeuerungsabkommen&nbsp;zwischen den verschiedenen Staaten darunter die der Gro\u00dfregion,&nbsp;beruhen auf folgendem Prinzip&nbsp;: die Geh\u00e4lter, Verg\u00fctungen und andere \u00e4nhliche Entlohnungen sind einzig und allein in dem Staat zu versteuern, in dem die dem Einkommen zugrundeliegende T\u00e4tigkeit ausge\u00fcbt wird.&nbsp; Dennoch haben die Steuerverwaltungen Vereinbarungen ausgehandelt, die manchmal eine&nbsp;Toleranzschwelle&nbsp;festlegen, unter der der Arbeitnehmer im Besch\u00e4ftigungsstaat weiterhin besteuert werden kann. [&hellip;]<\/p>\n","protected":false},"author":7,"featured_media":0,"parent":6697,"menu_order":3,"comment_status":"closed","ping_status":"closed","template":"","meta":{"inline_featured_image":false,"footnotes":""},"frge_profile":[],"class_list":["post-6705","page","type-page","status-publish","hentry"],"yoast_head":"<!-- This site is optimized with the Yoast SEO plugin v25.0 - https:\/\/yoast.com\/wordpress\/plugins\/seo\/ -->\n<title>Steuertoleranzen - Frontaliers Grand Est<\/title>\n<meta name=\"robots\" content=\"noindex, follow, max-snippet:-1, max-image-preview:large, max-video-preview:-1\" \/>\n<meta property=\"og:locale\" content=\"de_DE\" \/>\n<meta property=\"og:type\" content=\"article\" \/>\n<meta property=\"og:title\" content=\"Steuertoleranzen - Frontaliers Grand Est\" \/>\n<meta property=\"og:description\" content=\"Die&nbsp;Doppelbestzeuerungsabkommen&nbsp;zwischen den verschiedenen Staaten darunter die der Gro\u00dfregion,&nbsp;beruhen auf folgendem Prinzip&nbsp;: die Geh\u00e4lter, Verg\u00fctungen und andere \u00e4nhliche Entlohnungen sind einzig und allein in dem Staat zu versteuern, in dem die dem Einkommen zugrundeliegende T\u00e4tigkeit ausge\u00fcbt wird.&nbsp; Dennoch haben die Steuerverwaltungen Vereinbarungen ausgehandelt, die manchmal eine&nbsp;Toleranzschwelle&nbsp;festlegen, unter der der Arbeitnehmer im Besch\u00e4ftigungsstaat weiterhin besteuert werden kann. [&hellip;]\" \/>\n<meta property=\"og:url\" content=\"https:\/\/fge.swebwp.oci.eu\/de\/startseite\/arbeitgeber\/die-telearbeit-in-der-grosregion\/in-belgien\/steuertoleranzen\/\" \/>\n<meta property=\"og:site_name\" content=\"Frontaliers Grand Est\" \/>\n<meta property=\"article:modified_time\" content=\"2021-05-04T09:47:34+00:00\" \/>\n<meta name=\"twitter:card\" content=\"summary_large_image\" \/>\n<meta name=\"twitter:label1\" content=\"Gesch\u00e4tzte Lesezeit\" \/>\n\t<meta name=\"twitter:data1\" content=\"1\u00a0Minute\" \/>\n<script type=\"application\/ld+json\" class=\"yoast-schema-graph\">{\"@context\":\"https:\/\/schema.org\",\"@graph\":[{\"@type\":\"WebPage\",\"@id\":\"https:\/\/fge.swebwp.oci.eu\/de\/startseite\/arbeitgeber\/die-telearbeit-in-der-grosregion\/in-belgien\/steuertoleranzen\/\",\"url\":\"https:\/\/fge.swebwp.oci.eu\/de\/startseite\/arbeitgeber\/die-telearbeit-in-der-grosregion\/in-belgien\/steuertoleranzen\/\",\"name\":\"Steuertoleranzen - Frontaliers Grand Est\",\"isPartOf\":{\"@id\":\"https:\/\/fge.swebwp.oci.eu\/de\/#website\"},\"datePublished\":\"2021-04-26T14:59:58+00:00\",\"dateModified\":\"2021-05-04T09:47:34+00:00\",\"breadcrumb\":{\"@id\":\"https:\/\/fge.swebwp.oci.eu\/de\/startseite\/arbeitgeber\/die-telearbeit-in-der-grosregion\/in-belgien\/steuertoleranzen\/#breadcrumb\"},\"inLanguage\":\"de\",\"potentialAction\":[{\"@type\":\"ReadAction\",\"target\":[\"https:\/\/fge.swebwp.oci.eu\/de\/startseite\/arbeitgeber\/die-telearbeit-in-der-grosregion\/in-belgien\/steuertoleranzen\/\"]}]},{\"@type\":\"BreadcrumbList\",\"@id\":\"https:\/\/fge.swebwp.oci.eu\/de\/startseite\/arbeitgeber\/die-telearbeit-in-der-grosregion\/in-belgien\/steuertoleranzen\/#breadcrumb\",\"itemListElement\":[{\"@type\":\"ListItem\",\"position\":1,\"name\":\"Startseite\",\"item\":\"https:\/\/fge.swebwp.oci.eu\/de\/\"},{\"@type\":\"ListItem\",\"position\":2,\"name\":\"Arbeitgeber\",\"item\":\"https:\/\/fge.swebwp.oci.eu\/de\/startseite\/arbeitgeber\/\"},{\"@type\":\"ListItem\",\"position\":3,\"name\":\"Die Telearbeit in der Grossregion\",\"item\":\"https:\/\/fge.swebwp.oci.eu\/de\/startseite\/arbeitgeber\/die-telearbeit-in-der-grosregion\/\"},{\"@type\":\"ListItem\",\"position\":4,\"name\":\"In Belgien\",\"item\":\"https:\/\/fge.swebwp.oci.eu\/de\/startseite\/arbeitgeber\/die-telearbeit-in-der-grosregion\/in-belgien\/\"},{\"@type\":\"ListItem\",\"position\":5,\"name\":\"Steuertoleranzen\"}]},{\"@type\":\"WebSite\",\"@id\":\"https:\/\/fge.swebwp.oci.eu\/de\/#website\",\"url\":\"https:\/\/fge.swebwp.oci.eu\/de\/\",\"name\":\"Frontaliers Grand Est\",\"description\":\"Le site ressource du travail frontalier\",\"potentialAction\":[{\"@type\":\"SearchAction\",\"target\":{\"@type\":\"EntryPoint\",\"urlTemplate\":\"https:\/\/fge.swebwp.oci.eu\/de\/?s={search_term_string}\"},\"query-input\":{\"@type\":\"PropertyValueSpecification\",\"valueRequired\":true,\"valueName\":\"search_term_string\"}}],\"inLanguage\":\"de\"}]}<\/script>\n<!-- \/ Yoast SEO plugin. -->","yoast_head_json":{"title":"Steuertoleranzen - Frontaliers Grand Est","robots":{"index":"noindex","follow":"follow","max-snippet":"max-snippet:-1","max-image-preview":"max-image-preview:large","max-video-preview":"max-video-preview:-1"},"og_locale":"de_DE","og_type":"article","og_title":"Steuertoleranzen - Frontaliers Grand Est","og_description":"Die&nbsp;Doppelbestzeuerungsabkommen&nbsp;zwischen den verschiedenen Staaten darunter die der Gro\u00dfregion,&nbsp;beruhen auf folgendem Prinzip&nbsp;: die Geh\u00e4lter, Verg\u00fctungen und andere \u00e4nhliche Entlohnungen sind einzig und allein in dem Staat zu versteuern, in dem die dem Einkommen zugrundeliegende T\u00e4tigkeit ausge\u00fcbt wird.&nbsp; Dennoch haben die Steuerverwaltungen Vereinbarungen ausgehandelt, die manchmal eine&nbsp;Toleranzschwelle&nbsp;festlegen, unter der der Arbeitnehmer im Besch\u00e4ftigungsstaat weiterhin besteuert werden kann. [&hellip;]","og_url":"https:\/\/fge.swebwp.oci.eu\/de\/startseite\/arbeitgeber\/die-telearbeit-in-der-grosregion\/in-belgien\/steuertoleranzen\/","og_site_name":"Frontaliers Grand Est","article_modified_time":"2021-05-04T09:47:34+00:00","twitter_card":"summary_large_image","twitter_misc":{"Gesch\u00e4tzte Lesezeit":"1\u00a0Minute"},"schema":{"@context":"https:\/\/schema.org","@graph":[{"@type":"WebPage","@id":"https:\/\/fge.swebwp.oci.eu\/de\/startseite\/arbeitgeber\/die-telearbeit-in-der-grosregion\/in-belgien\/steuertoleranzen\/","url":"https:\/\/fge.swebwp.oci.eu\/de\/startseite\/arbeitgeber\/die-telearbeit-in-der-grosregion\/in-belgien\/steuertoleranzen\/","name":"Steuertoleranzen - Frontaliers Grand Est","isPartOf":{"@id":"https:\/\/fge.swebwp.oci.eu\/de\/#website"},"datePublished":"2021-04-26T14:59:58+00:00","dateModified":"2021-05-04T09:47:34+00:00","breadcrumb":{"@id":"https:\/\/fge.swebwp.oci.eu\/de\/startseite\/arbeitgeber\/die-telearbeit-in-der-grosregion\/in-belgien\/steuertoleranzen\/#breadcrumb"},"inLanguage":"de","potentialAction":[{"@type":"ReadAction","target":["https:\/\/fge.swebwp.oci.eu\/de\/startseite\/arbeitgeber\/die-telearbeit-in-der-grosregion\/in-belgien\/steuertoleranzen\/"]}]},{"@type":"BreadcrumbList","@id":"https:\/\/fge.swebwp.oci.eu\/de\/startseite\/arbeitgeber\/die-telearbeit-in-der-grosregion\/in-belgien\/steuertoleranzen\/#breadcrumb","itemListElement":[{"@type":"ListItem","position":1,"name":"Startseite","item":"https:\/\/fge.swebwp.oci.eu\/de\/"},{"@type":"ListItem","position":2,"name":"Arbeitgeber","item":"https:\/\/fge.swebwp.oci.eu\/de\/startseite\/arbeitgeber\/"},{"@type":"ListItem","position":3,"name":"Die Telearbeit in der Grossregion","item":"https:\/\/fge.swebwp.oci.eu\/de\/startseite\/arbeitgeber\/die-telearbeit-in-der-grosregion\/"},{"@type":"ListItem","position":4,"name":"In Belgien","item":"https:\/\/fge.swebwp.oci.eu\/de\/startseite\/arbeitgeber\/die-telearbeit-in-der-grosregion\/in-belgien\/"},{"@type":"ListItem","position":5,"name":"Steuertoleranzen"}]},{"@type":"WebSite","@id":"https:\/\/fge.swebwp.oci.eu\/de\/#website","url":"https:\/\/fge.swebwp.oci.eu\/de\/","name":"Frontaliers Grand Est","description":"Le site ressource du travail frontalier","potentialAction":[{"@type":"SearchAction","target":{"@type":"EntryPoint","urlTemplate":"https:\/\/fge.swebwp.oci.eu\/de\/?s={search_term_string}"},"query-input":{"@type":"PropertyValueSpecification","valueRequired":true,"valueName":"search_term_string"}}],"inLanguage":"de"}]}},"_links":{"self":[{"href":"https:\/\/fge.swebwp.oci.eu\/de\/wp-json\/wp\/v2\/pages\/6705","targetHints":{"allow":["GET"]}}],"collection":[{"href":"https:\/\/fge.swebwp.oci.eu\/de\/wp-json\/wp\/v2\/pages"}],"about":[{"href":"https:\/\/fge.swebwp.oci.eu\/de\/wp-json\/wp\/v2\/types\/page"}],"author":[{"embeddable":true,"href":"https:\/\/fge.swebwp.oci.eu\/de\/wp-json\/wp\/v2\/users\/7"}],"replies":[{"embeddable":true,"href":"https:\/\/fge.swebwp.oci.eu\/de\/wp-json\/wp\/v2\/comments?post=6705"}],"version-history":[{"count":1,"href":"https:\/\/fge.swebwp.oci.eu\/de\/wp-json\/wp\/v2\/pages\/6705\/revisions"}],"predecessor-version":[{"id":6706,"href":"https:\/\/fge.swebwp.oci.eu\/de\/wp-json\/wp\/v2\/pages\/6705\/revisions\/6706"}],"up":[{"embeddable":true,"href":"https:\/\/fge.swebwp.oci.eu\/de\/wp-json\/wp\/v2\/pages\/6697"}],"wp:attachment":[{"href":"https:\/\/fge.swebwp.oci.eu\/de\/wp-json\/wp\/v2\/media?parent=6705"}],"wp:term":[{"taxonomy":"frge_profile","embeddable":true,"href":"https:\/\/fge.swebwp.oci.eu\/de\/wp-json\/wp\/v2\/frge_profile?post=6705"}],"curies":[{"name":"wp","href":"https:\/\/api.w.org\/{rel}","templated":true}]}}